{"id":539,"date":"2025-11-25T10:34:00","date_gmt":"2025-11-25T09:34:00","guid":{"rendered":"https:\/\/seubert-fruechte.de\/?post_type=product&#038;p=539"},"modified":"2025-11-25T10:36:05","modified_gmt":"2025-11-25T09:36:05","slug":"clementinen-netz","status":"publish","type":"product","link":"https:\/\/seubert-fruechte.de\/index.php\/produkt\/clementinen-netz\/","title":{"rendered":"Clementinen Netz"},"content":{"rendered":"<p data-start=\"112\" data-end=\"290\">Unsere <strong data-start=\"68\" data-end=\"83\">Clementinen<\/strong> stehen f\u00fcr herausragende Frische, ausgezeichnete S\u00fc\u00dfe und eine besonders saftige Fruchtqualit\u00e4t. Sie zeichnen sich durch ihre d\u00fcnne, leicht zu l\u00f6sende Schale und nahezu kernlose Segmente aus \u2013 ideal f\u00fcr den anspruchsvollen Handel und die Gastronomie.<\/p>\n<p data-start=\"112\" data-end=\"290\"><strong data-start=\"585\" data-end=\"600\">Verpackung:<\/strong>\u00a0 1 kg je Netz<\/p>\n<p data-start=\"136\" data-end=\"366\"><strong>Hinweis zur Menge:\u00a0<\/strong><\/p>\n<p data-start=\"136\" data-end=\"366\">Menge 1 entspricht einem Netz<\/p>\n","protected":false},"excerpt":{"rendered":"<p>Unsere Clementinen stehen f\u00fcr herausragende Frische, ausgezeichnete S\u00fc\u00dfe und eine besonders saftige Fruchtqualit\u00e4t. Sie zeichnen sich durch ihre d\u00fcnne, leicht zu l\u00f6sende Schale und nahezu kernlose Segmente aus \u2013 ideal f\u00fcr den anspruchsvollen Handel und die Gastronomie. Verpackung:\u00a0 1 kg je Netz Hinweis zur Menge:\u00a0 Menge 1 entspricht einem Netz<\/p>\n","protected":false},"featured_media":538,"comment_status":"closed","ping_status":"closed","template":"","meta":[],"product_brand":[],"product_cat":[17],"product_tag":[],"class_list":{"0":"post-539","1":"product","2":"type-product","3":"status-publish","4":"has-post-thumbnail","6":"product_cat-fruechte","8":"first","9":"instock","10":"shipping-taxable","11":"product-type-simple"},"yoast_head":"<!-- This site is optimized with the Yoast SEO plugin v26.1.1 - https:\/\/yoast.com\/wordpress\/plugins\/seo\/ -->\n<title>Clementinen Netz - Seubert Fr\u00fcchte<\/title>\n<meta name=\"robots\" content=\"index, follow, max-snippet:-1, max-image-preview:large, max-video-preview:-1\" \/>\n<link rel=\"canonical\" href=\"https:\/\/seubert-fruechte.de\/index.php\/produkt\/clementinen-netz\/\" \/>\n<meta property=\"og:locale\" content=\"de_DE\" \/>\n<meta property=\"og:type\" content=\"article\" \/>\n<meta property=\"og:title\" content=\"Clementinen Netz - Seubert Fr\u00fcchte\" \/>\n<meta property=\"og:description\" content=\"Unsere Clementinen stehen f\u00fcr herausragende Frische, ausgezeichnete S\u00fc\u00dfe und eine besonders saftige Fruchtqualit\u00e4t. Sie zeichnen sich durch ihre d\u00fcnne, leicht zu l\u00f6sende Schale und nahezu kernlose Segmente aus \u2013 ideal f\u00fcr den anspruchsvollen Handel und die Gastronomie. Verpackung:\u00a0 1 kg je Netz Hinweis zur Menge:\u00a0 Menge 1 entspricht einem Netz\" \/>\n<meta property=\"og:url\" content=\"https:\/\/seubert-fruechte.de\/index.php\/produkt\/clementinen-netz\/\" \/>\n<meta property=\"og:site_name\" content=\"Seubert Fr\u00fcchte\" \/>\n<meta property=\"article:modified_time\" content=\"2025-11-25T09:36:05+00:00\" \/>\n<meta property=\"og:image\" content=\"https:\/\/seubert-fruechte.de\/wp-content\/uploads\/2025\/11\/Clementinen.jpg\" \/>\n\t<meta property=\"og:image:width\" content=\"1280\" \/>\n\t<meta property=\"og:image:height\" content=\"875\" \/>\n\t<meta property=\"og:image:type\" content=\"image\/jpeg\" \/>\n<meta name=\"twitter:card\" content=\"summary_large_image\" \/>\n<meta name=\"twitter:label1\" content=\"Gesch\u00e4tzte Lesezeit\" \/>\n\t<meta name=\"twitter:data1\" content=\"1\u00a0Minute\" \/>\n<script type=\"application\/ld+json\" class=\"yoast-schema-graph\">{\"@context\":\"https:\/\/schema.org\",\"@graph\":[{\"@type\":\"WebPage\",\"@id\":\"https:\/\/seubert-fruechte.de\/index.php\/produkt\/clementinen-netz\/\",\"url\":\"https:\/\/seubert-fruechte.de\/index.php\/produkt\/clementinen-netz\/\",\"name\":\"Clementinen Netz - Seubert Fr\u00fcchte\",\"isPartOf\":{\"@id\":\"https:\/\/seubert-fruechte.de\/#website\"},\"primaryImageOfPage\":{\"@id\":\"https:\/\/seubert-fruechte.de\/index.php\/produkt\/clementinen-netz\/#primaryimage\"},\"image\":{\"@id\":\"https:\/\/seubert-fruechte.de\/index.php\/produkt\/clementinen-netz\/#primaryimage\"},\"thumbnailUrl\":\"https:\/\/seubert-fruechte.de\/wp-content\/uploads\/2025\/11\/Clementinen.jpg\",\"datePublished\":\"2025-11-25T09:34:00+00:00\",\"dateModified\":\"2025-11-25T09:36:05+00:00\",\"breadcrumb\":{\"@id\":\"https:\/\/seubert-fruechte.de\/index.php\/produkt\/clementinen-netz\/#breadcrumb\"},\"inLanguage\":\"de\",\"potentialAction\":[{\"@type\":\"ReadAction\",\"target\":[\"https:\/\/seubert-fruechte.de\/index.php\/produkt\/clementinen-netz\/\"]}]},{\"@type\":\"ImageObject\",\"inLanguage\":\"de\",\"@id\":\"https:\/\/seubert-fruechte.de\/index.php\/produkt\/clementinen-netz\/#primaryimage\",\"url\":\"https:\/\/seubert-fruechte.de\/wp-content\/uploads\/2025\/11\/Clementinen.jpg\",\"contentUrl\":\"https:\/\/seubert-fruechte.de\/wp-content\/uploads\/2025\/11\/Clementinen.jpg\",\"width\":1280,\"height\":875},{\"@type\":\"BreadcrumbList\",\"@id\":\"https:\/\/seubert-fruechte.de\/index.php\/produkt\/clementinen-netz\/#breadcrumb\",\"itemListElement\":[{\"@type\":\"ListItem\",\"position\":1,\"name\":\"Startseite\",\"item\":\"https:\/\/seubert-fruechte.de\/\"},{\"@type\":\"ListItem\",\"position\":2,\"name\":\"Shop\",\"item\":\"https:\/\/seubert-fruechte.de\/index.php\/shop\/\"},{\"@type\":\"ListItem\",\"position\":3,\"name\":\"Clementinen Netz\"}]},{\"@type\":\"WebSite\",\"@id\":\"https:\/\/seubert-fruechte.de\/#website\",\"url\":\"https:\/\/seubert-fruechte.de\/\",\"name\":\"Seubert Fr\u00fcchte\",\"description\":\"\",\"potentialAction\":[{\"@type\":\"SearchAction\",\"target\":{\"@type\":\"EntryPoint\",\"urlTemplate\":\"https:\/\/seubert-fruechte.de\/?s={search_term_string}\"},\"query-input\":{\"@type\":\"PropertyValueSpecification\",\"valueRequired\":true,\"valueName\":\"search_term_string\"}}],\"inLanguage\":\"de\"}]}<\/script>\n<!-- \/ Yoast SEO plugin. -->","yoast_head_json":{"title":"Clementinen Netz - Seubert Fr\u00fcchte","robots":{"index":"index","follow":"follow","max-snippet":"max-snippet:-1","max-image-preview":"max-image-preview:large","max-video-preview":"max-video-preview:-1"},"canonical":"https:\/\/seubert-fruechte.de\/index.php\/produkt\/clementinen-netz\/","og_locale":"de_DE","og_type":"article","og_title":"Clementinen Netz - Seubert Fr\u00fcchte","og_description":"Unsere Clementinen stehen f\u00fcr herausragende Frische, ausgezeichnete S\u00fc\u00dfe und eine besonders saftige Fruchtqualit\u00e4t. Sie zeichnen sich durch ihre d\u00fcnne, leicht zu l\u00f6sende Schale und nahezu kernlose Segmente aus \u2013 ideal f\u00fcr den anspruchsvollen Handel und die Gastronomie. Verpackung:\u00a0 1 kg je Netz Hinweis zur Menge:\u00a0 Menge 1 entspricht einem Netz","og_url":"https:\/\/seubert-fruechte.de\/index.php\/produkt\/clementinen-netz\/","og_site_name":"Seubert Fr\u00fcchte","article_modified_time":"2025-11-25T09:36:05+00:00","og_image":[{"width":1280,"height":875,"url":"https:\/\/seubert-fruechte.de\/wp-content\/uploads\/2025\/11\/Clementinen.jpg","type":"image\/jpeg"}],"twitter_card":"summary_large_image","twitter_misc":{"Gesch\u00e4tzte Lesezeit":"1\u00a0Minute"},"schema":{"@context":"https:\/\/schema.org","@graph":[{"@type":"WebPage","@id":"https:\/\/seubert-fruechte.de\/index.php\/produkt\/clementinen-netz\/","url":"https:\/\/seubert-fruechte.de\/index.php\/produkt\/clementinen-netz\/","name":"Clementinen Netz - Seubert Fr\u00fcchte","isPartOf":{"@id":"https:\/\/seubert-fruechte.de\/#website"},"primaryImageOfPage":{"@id":"https:\/\/seubert-fruechte.de\/index.php\/produkt\/clementinen-netz\/#primaryimage"},"image":{"@id":"https:\/\/seubert-fruechte.de\/index.php\/produkt\/clementinen-netz\/#primaryimage"},"thumbnailUrl":"https:\/\/seubert-fruechte.de\/wp-content\/uploads\/2025\/11\/Clementinen.jpg","datePublished":"2025-11-25T09:34:00+00:00","dateModified":"2025-11-25T09:36:05+00:00","breadcrumb":{"@id":"https:\/\/seubert-fruechte.de\/index.php\/produkt\/clementinen-netz\/#breadcrumb"},"inLanguage":"de","potentialAction":[{"@type":"ReadAction","target":["https:\/\/seubert-fruechte.de\/index.php\/produkt\/clementinen-netz\/"]}]},{"@type":"ImageObject","inLanguage":"de","@id":"https:\/\/seubert-fruechte.de\/index.php\/produkt\/clementinen-netz\/#primaryimage","url":"https:\/\/seubert-fruechte.de\/wp-content\/uploads\/2025\/11\/Clementinen.jpg","contentUrl":"https:\/\/seubert-fruechte.de\/wp-content\/uploads\/2025\/11\/Clementinen.jpg","width":1280,"height":875},{"@type":"BreadcrumbList","@id":"https:\/\/seubert-fruechte.de\/index.php\/produkt\/clementinen-netz\/#breadcrumb","itemListElement":[{"@type":"ListItem","position":1,"name":"Startseite","item":"https:\/\/seubert-fruechte.de\/"},{"@type":"ListItem","position":2,"name":"Shop","item":"https:\/\/seubert-fruechte.de\/index.php\/shop\/"},{"@type":"ListItem","position":3,"name":"Clementinen Netz"}]},{"@type":"WebSite","@id":"https:\/\/seubert-fruechte.de\/#website","url":"https:\/\/seubert-fruechte.de\/","name":"Seubert Fr\u00fcchte","description":"","potentialAction":[{"@type":"SearchAction","target":{"@type":"EntryPoint","urlTemplate":"https:\/\/seubert-fruechte.de\/?s={search_term_string}"},"query-input":{"@type":"PropertyValueSpecification","valueRequired":true,"valueName":"search_term_string"}}],"inLanguage":"de"}]}},"_links":{"self":[{"href":"https:\/\/seubert-fruechte.de\/index.php\/wp-json\/wp\/v2\/product\/539","targetHints":{"allow":["GET"]}}],"collection":[{"href":"https:\/\/seubert-fruechte.de\/index.php\/wp-json\/wp\/v2\/product"}],"about":[{"href":"https:\/\/seubert-fruechte.de\/index.php\/wp-json\/wp\/v2\/types\/product"}],"replies":[{"embeddable":true,"href":"https:\/\/seubert-fruechte.de\/index.php\/wp-json\/wp\/v2\/comments?post=539"}],"wp:featuredmedia":[{"embeddable":true,"href":"https:\/\/seubert-fruechte.de\/index.php\/wp-json\/wp\/v2\/media\/538"}],"wp:attachment":[{"href":"https:\/\/seubert-fruechte.de\/index.php\/wp-json\/wp\/v2\/media?parent=539"}],"wp:term":[{"taxonomy":"product_brand","embeddable":true,"href":"https:\/\/seubert-fruechte.de\/index.php\/wp-json\/wp\/v2\/product_brand?post=539"},{"taxonomy":"product_cat","embeddable":true,"href":"https:\/\/seubert-fruechte.de\/index.php\/wp-json\/wp\/v2\/product_cat?post=539"},{"taxonomy":"product_tag","embeddable":true,"href":"https:\/\/seubert-fruechte.de\/index.php\/wp-json\/wp\/v2\/product_tag?post=539"}],"curies":[{"name":"wp","href":"https:\/\/api.w.org\/{rel}","templated":true}]}}