{"id":534,"date":"2025-11-25T10:03:35","date_gmt":"2025-11-25T09:03:35","guid":{"rendered":"https:\/\/seubert-fruechte.de\/?post_type=product&#038;p=534"},"modified":"2025-11-25T10:10:59","modified_gmt":"2025-11-25T09:10:59","slug":"bunte-tomaten-kiste","status":"publish","type":"product","link":"https:\/\/seubert-fruechte.de\/index.php\/produkt\/bunte-tomaten-kiste\/","title":{"rendered":"Bunte Tomaten Kiste"},"content":{"rendered":"<p data-start=\"169\" data-end=\"611\">Unsere <strong data-start=\"70\" data-end=\"88\">bunten Tomaten<\/strong> \u00fcberzeugen durch h\u00f6chste Frische, intensives Aroma und ein attraktives Farbspiel, das jedes Verkaufsregal und jede K\u00fcche bereichert. Die Mischung besteht aus verschiedenen Tomatensorten in unterschiedlichen Gr\u00f6\u00dfen und Farben \u2013 darunter Gelb, Orange, Rot und gelegentlich auch dunklere Varianten wie Violett oder Braun.<\/p>\n<p data-start=\"112\" data-end=\"290\"><strong data-start=\"585\" data-end=\"600\">Verpackung:<\/strong>\u00a0 je Kiste 2kg<\/p>\n<p data-start=\"112\" data-end=\"290\"><strong>Hinweis zur Menge:<\/strong><\/p>\n<p data-start=\"112\" data-end=\"290\">Menge 1 entspricht einer Kiste<\/p>\n","protected":false},"excerpt":{"rendered":"<p>Unsere bunten Tomaten \u00fcberzeugen durch h\u00f6chste Frische, intensives Aroma und ein attraktives Farbspiel, das jedes Verkaufsregal und jede K\u00fcche bereichert. Die Mischung besteht aus verschiedenen Tomatensorten in unterschiedlichen Gr\u00f6\u00dfen und Farben \u2013 darunter Gelb, Orange, Rot und gelegentlich auch dunklere Varianten wie Violett oder Braun. Verpackung:\u00a0 je Kiste 2kg Hinweis zur Menge: Menge 1 entspricht [&hellip;]<\/p>\n","protected":false},"featured_media":535,"comment_status":"closed","ping_status":"closed","template":"","meta":[],"product_brand":[],"product_cat":[18],"product_tag":[],"class_list":{"0":"post-534","1":"product","2":"type-product","3":"status-publish","4":"has-post-thumbnail","6":"product_cat-gemuese","8":"first","9":"instock","10":"shipping-taxable","11":"product-type-simple"},"yoast_head":"<!-- This site is optimized with the Yoast SEO plugin v26.1.1 - https:\/\/yoast.com\/wordpress\/plugins\/seo\/ -->\n<title>Bunte Tomaten Kiste - Seubert Fr\u00fcchte<\/title>\n<meta name=\"robots\" content=\"index, follow, max-snippet:-1, max-image-preview:large, max-video-preview:-1\" \/>\n<link rel=\"canonical\" href=\"https:\/\/seubert-fruechte.de\/index.php\/produkt\/bunte-tomaten-kiste\/\" \/>\n<meta property=\"og:locale\" content=\"de_DE\" \/>\n<meta property=\"og:type\" content=\"article\" \/>\n<meta property=\"og:title\" content=\"Bunte Tomaten Kiste - Seubert Fr\u00fcchte\" \/>\n<meta property=\"og:description\" content=\"Unsere bunten Tomaten \u00fcberzeugen durch h\u00f6chste Frische, intensives Aroma und ein attraktives Farbspiel, das jedes Verkaufsregal und jede K\u00fcche bereichert. Die Mischung besteht aus verschiedenen Tomatensorten in unterschiedlichen Gr\u00f6\u00dfen und Farben \u2013 darunter Gelb, Orange, Rot und gelegentlich auch dunklere Varianten wie Violett oder Braun. Verpackung:\u00a0 je Kiste 2kg Hinweis zur Menge: Menge 1 entspricht [&hellip;]\" \/>\n<meta property=\"og:url\" content=\"https:\/\/seubert-fruechte.de\/index.php\/produkt\/bunte-tomaten-kiste\/\" \/>\n<meta property=\"og:site_name\" content=\"Seubert Fr\u00fcchte\" \/>\n<meta property=\"article:modified_time\" content=\"2025-11-25T09:10:59+00:00\" \/>\n<meta property=\"og:image\" content=\"https:\/\/seubert-fruechte.de\/wp-content\/uploads\/2025\/11\/WhatsApp-Image-2025-11-25-at-10.01.27.jpeg\" \/>\n\t<meta property=\"og:image:width\" content=\"1600\" \/>\n\t<meta property=\"og:image:height\" content=\"1200\" \/>\n\t<meta property=\"og:image:type\" content=\"image\/jpeg\" \/>\n<meta name=\"twitter:card\" content=\"summary_large_image\" \/>\n<meta name=\"twitter:label1\" content=\"Gesch\u00e4tzte Lesezeit\" \/>\n\t<meta name=\"twitter:data1\" content=\"1\u00a0Minute\" \/>\n<script type=\"application\/ld+json\" class=\"yoast-schema-graph\">{\"@context\":\"https:\/\/schema.org\",\"@graph\":[{\"@type\":\"WebPage\",\"@id\":\"https:\/\/seubert-fruechte.de\/index.php\/produkt\/bunte-tomaten-kiste\/\",\"url\":\"https:\/\/seubert-fruechte.de\/index.php\/produkt\/bunte-tomaten-kiste\/\",\"name\":\"Bunte Tomaten Kiste - Seubert Fr\u00fcchte\",\"isPartOf\":{\"@id\":\"https:\/\/seubert-fruechte.de\/#website\"},\"primaryImageOfPage\":{\"@id\":\"https:\/\/seubert-fruechte.de\/index.php\/produkt\/bunte-tomaten-kiste\/#primaryimage\"},\"image\":{\"@id\":\"https:\/\/seubert-fruechte.de\/index.php\/produkt\/bunte-tomaten-kiste\/#primaryimage\"},\"thumbnailUrl\":\"https:\/\/seubert-fruechte.de\/wp-content\/uploads\/2025\/11\/WhatsApp-Image-2025-11-25-at-10.01.27.jpeg\",\"datePublished\":\"2025-11-25T09:03:35+00:00\",\"dateModified\":\"2025-11-25T09:10:59+00:00\",\"breadcrumb\":{\"@id\":\"https:\/\/seubert-fruechte.de\/index.php\/produkt\/bunte-tomaten-kiste\/#breadcrumb\"},\"inLanguage\":\"de\",\"potentialAction\":[{\"@type\":\"ReadAction\",\"target\":[\"https:\/\/seubert-fruechte.de\/index.php\/produkt\/bunte-tomaten-kiste\/\"]}]},{\"@type\":\"ImageObject\",\"inLanguage\":\"de\",\"@id\":\"https:\/\/seubert-fruechte.de\/index.php\/produkt\/bunte-tomaten-kiste\/#primaryimage\",\"url\":\"https:\/\/seubert-fruechte.de\/wp-content\/uploads\/2025\/11\/WhatsApp-Image-2025-11-25-at-10.01.27.jpeg\",\"contentUrl\":\"https:\/\/seubert-fruechte.de\/wp-content\/uploads\/2025\/11\/WhatsApp-Image-2025-11-25-at-10.01.27.jpeg\",\"width\":1600,\"height\":1200},{\"@type\":\"BreadcrumbList\",\"@id\":\"https:\/\/seubert-fruechte.de\/index.php\/produkt\/bunte-tomaten-kiste\/#breadcrumb\",\"itemListElement\":[{\"@type\":\"ListItem\",\"position\":1,\"name\":\"Startseite\",\"item\":\"https:\/\/seubert-fruechte.de\/\"},{\"@type\":\"ListItem\",\"position\":2,\"name\":\"Shop\",\"item\":\"https:\/\/seubert-fruechte.de\/index.php\/shop\/\"},{\"@type\":\"ListItem\",\"position\":3,\"name\":\"Bunte Tomaten Kiste\"}]},{\"@type\":\"WebSite\",\"@id\":\"https:\/\/seubert-fruechte.de\/#website\",\"url\":\"https:\/\/seubert-fruechte.de\/\",\"name\":\"Seubert Fr\u00fcchte\",\"description\":\"\",\"potentialAction\":[{\"@type\":\"SearchAction\",\"target\":{\"@type\":\"EntryPoint\",\"urlTemplate\":\"https:\/\/seubert-fruechte.de\/?s={search_term_string}\"},\"query-input\":{\"@type\":\"PropertyValueSpecification\",\"valueRequired\":true,\"valueName\":\"search_term_string\"}}],\"inLanguage\":\"de\"}]}<\/script>\n<!-- \/ Yoast SEO plugin. -->","yoast_head_json":{"title":"Bunte Tomaten Kiste - Seubert Fr\u00fcchte","robots":{"index":"index","follow":"follow","max-snippet":"max-snippet:-1","max-image-preview":"max-image-preview:large","max-video-preview":"max-video-preview:-1"},"canonical":"https:\/\/seubert-fruechte.de\/index.php\/produkt\/bunte-tomaten-kiste\/","og_locale":"de_DE","og_type":"article","og_title":"Bunte Tomaten Kiste - Seubert Fr\u00fcchte","og_description":"Unsere bunten Tomaten \u00fcberzeugen durch h\u00f6chste Frische, intensives Aroma und ein attraktives Farbspiel, das jedes Verkaufsregal und jede K\u00fcche bereichert. Die Mischung besteht aus verschiedenen Tomatensorten in unterschiedlichen Gr\u00f6\u00dfen und Farben \u2013 darunter Gelb, Orange, Rot und gelegentlich auch dunklere Varianten wie Violett oder Braun. Verpackung:\u00a0 je Kiste 2kg Hinweis zur Menge: Menge 1 entspricht [&hellip;]","og_url":"https:\/\/seubert-fruechte.de\/index.php\/produkt\/bunte-tomaten-kiste\/","og_site_name":"Seubert Fr\u00fcchte","article_modified_time":"2025-11-25T09:10:59+00:00","og_image":[{"width":1600,"height":1200,"url":"https:\/\/seubert-fruechte.de\/wp-content\/uploads\/2025\/11\/WhatsApp-Image-2025-11-25-at-10.01.27.jpeg","type":"image\/jpeg"}],"twitter_card":"summary_large_image","twitter_misc":{"Gesch\u00e4tzte Lesezeit":"1\u00a0Minute"},"schema":{"@context":"https:\/\/schema.org","@graph":[{"@type":"WebPage","@id":"https:\/\/seubert-fruechte.de\/index.php\/produkt\/bunte-tomaten-kiste\/","url":"https:\/\/seubert-fruechte.de\/index.php\/produkt\/bunte-tomaten-kiste\/","name":"Bunte Tomaten Kiste - Seubert Fr\u00fcchte","isPartOf":{"@id":"https:\/\/seubert-fruechte.de\/#website"},"primaryImageOfPage":{"@id":"https:\/\/seubert-fruechte.de\/index.php\/produkt\/bunte-tomaten-kiste\/#primaryimage"},"image":{"@id":"https:\/\/seubert-fruechte.de\/index.php\/produkt\/bunte-tomaten-kiste\/#primaryimage"},"thumbnailUrl":"https:\/\/seubert-fruechte.de\/wp-content\/uploads\/2025\/11\/WhatsApp-Image-2025-11-25-at-10.01.27.jpeg","datePublished":"2025-11-25T09:03:35+00:00","dateModified":"2025-11-25T09:10:59+00:00","breadcrumb":{"@id":"https:\/\/seubert-fruechte.de\/index.php\/produkt\/bunte-tomaten-kiste\/#breadcrumb"},"inLanguage":"de","potentialAction":[{"@type":"ReadAction","target":["https:\/\/seubert-fruechte.de\/index.php\/produkt\/bunte-tomaten-kiste\/"]}]},{"@type":"ImageObject","inLanguage":"de","@id":"https:\/\/seubert-fruechte.de\/index.php\/produkt\/bunte-tomaten-kiste\/#primaryimage","url":"https:\/\/seubert-fruechte.de\/wp-content\/uploads\/2025\/11\/WhatsApp-Image-2025-11-25-at-10.01.27.jpeg","contentUrl":"https:\/\/seubert-fruechte.de\/wp-content\/uploads\/2025\/11\/WhatsApp-Image-2025-11-25-at-10.01.27.jpeg","width":1600,"height":1200},{"@type":"BreadcrumbList","@id":"https:\/\/seubert-fruechte.de\/index.php\/produkt\/bunte-tomaten-kiste\/#breadcrumb","itemListElement":[{"@type":"ListItem","position":1,"name":"Startseite","item":"https:\/\/seubert-fruechte.de\/"},{"@type":"ListItem","position":2,"name":"Shop","item":"https:\/\/seubert-fruechte.de\/index.php\/shop\/"},{"@type":"ListItem","position":3,"name":"Bunte Tomaten Kiste"}]},{"@type":"WebSite","@id":"https:\/\/seubert-fruechte.de\/#website","url":"https:\/\/seubert-fruechte.de\/","name":"Seubert Fr\u00fcchte","description":"","potentialAction":[{"@type":"SearchAction","target":{"@type":"EntryPoint","urlTemplate":"https:\/\/seubert-fruechte.de\/?s={search_term_string}"},"query-input":{"@type":"PropertyValueSpecification","valueRequired":true,"valueName":"search_term_string"}}],"inLanguage":"de"}]}},"_links":{"self":[{"href":"https:\/\/seubert-fruechte.de\/index.php\/wp-json\/wp\/v2\/product\/534","targetHints":{"allow":["GET"]}}],"collection":[{"href":"https:\/\/seubert-fruechte.de\/index.php\/wp-json\/wp\/v2\/product"}],"about":[{"href":"https:\/\/seubert-fruechte.de\/index.php\/wp-json\/wp\/v2\/types\/product"}],"replies":[{"embeddable":true,"href":"https:\/\/seubert-fruechte.de\/index.php\/wp-json\/wp\/v2\/comments?post=534"}],"wp:featuredmedia":[{"embeddable":true,"href":"https:\/\/seubert-fruechte.de\/index.php\/wp-json\/wp\/v2\/media\/535"}],"wp:attachment":[{"href":"https:\/\/seubert-fruechte.de\/index.php\/wp-json\/wp\/v2\/media?parent=534"}],"wp:term":[{"taxonomy":"product_brand","embeddable":true,"href":"https:\/\/seubert-fruechte.de\/index.php\/wp-json\/wp\/v2\/product_brand?post=534"},{"taxonomy":"product_cat","embeddable":true,"href":"https:\/\/seubert-fruechte.de\/index.php\/wp-json\/wp\/v2\/product_cat?post=534"},{"taxonomy":"product_tag","embeddable":true,"href":"https:\/\/seubert-fruechte.de\/index.php\/wp-json\/wp\/v2\/product_tag?post=534"}],"curies":[{"name":"wp","href":"https:\/\/api.w.org\/{rel}","templated":true}]}}