{"id":502,"date":"2025-09-30T11:39:07","date_gmt":"2025-09-30T09:39:07","guid":{"rendered":"https:\/\/seubert-fruechte.de\/?post_type=product&#038;p=502"},"modified":"2025-09-30T11:41:35","modified_gmt":"2025-09-30T09:41:35","slug":"radieschenstifte-kuechenfertig-25kg","status":"publish","type":"product","link":"https:\/\/seubert-fruechte.de\/index.php\/produkt\/radieschenstifte-kuechenfertig-25kg\/","title":{"rendered":"Radieschenstifte k\u00fcchenfertig 2,5kg"},"content":{"rendered":"<p>Unsere <strong data-start=\"217\" data-end=\"252\">k\u00fcchenfertigen Radieschenstifte<\/strong> (2mm) werden aus frischen Radieschen hergestellt, sorgf\u00e4ltig gewaschen, geputzt und in gleichm\u00e4\u00dfige Stifte geschnitten. Mit ihrer leuchtend roten Schale, dem knackig-wei\u00dfen Inneren und dem angenehm pikanten Geschmack bringen sie Frische und Farbe in jede K\u00fcche. Fertig verpackt und sofort einsatzbereit sparen sie wertvolle Zeit und eignen sich perfekt f\u00fcr Salate, Sandwiches, Buffets oder als Garnitur.<\/p>\n<p data-start=\"136\" data-end=\"366\"><strong>Hinweis zur Menge:\u00a0<\/strong><\/p>\n<p data-start=\"136\" data-end=\"366\">Menge 1 entspricht einen Beutel a 2,5kg<\/p>\n","protected":false},"excerpt":{"rendered":"<p>Unsere k\u00fcchenfertigen Radieschenstifte (2mm) werden aus frischen Radieschen hergestellt, sorgf\u00e4ltig gewaschen, geputzt und in gleichm\u00e4\u00dfige Stifte geschnitten. Mit ihrer leuchtend roten Schale, dem knackig-wei\u00dfen Inneren und dem angenehm pikanten Geschmack bringen sie Frische und Farbe in jede K\u00fcche. Fertig verpackt und sofort einsatzbereit sparen sie wertvolle Zeit und eignen sich perfekt f\u00fcr Salate, Sandwiches, Buffets [&hellip;]<\/p>\n","protected":false},"featured_media":329,"comment_status":"closed","ping_status":"closed","template":"","meta":[],"product_brand":[],"product_cat":[20],"product_tag":[],"class_list":{"0":"post-502","1":"product","2":"type-product","3":"status-publish","4":"has-post-thumbnail","6":"product_cat-schnittware","8":"first","9":"instock","10":"shipping-taxable","11":"product-type-simple"},"yoast_head":"<!-- This site is optimized with the Yoast SEO plugin v26.1.1 - https:\/\/yoast.com\/wordpress\/plugins\/seo\/ -->\n<title>Radieschenstifte k\u00fcchenfertig 2,5kg - Seubert Fr\u00fcchte<\/title>\n<meta name=\"robots\" content=\"index, follow, max-snippet:-1, max-image-preview:large, max-video-preview:-1\" \/>\n<link rel=\"canonical\" href=\"https:\/\/seubert-fruechte.de\/index.php\/produkt\/radieschenstifte-kuechenfertig-25kg\/\" \/>\n<meta property=\"og:locale\" content=\"de_DE\" \/>\n<meta property=\"og:type\" content=\"article\" \/>\n<meta property=\"og:title\" content=\"Radieschenstifte k\u00fcchenfertig 2,5kg - Seubert Fr\u00fcchte\" \/>\n<meta property=\"og:description\" content=\"Unsere k\u00fcchenfertigen Radieschenstifte (2mm) werden aus frischen Radieschen hergestellt, sorgf\u00e4ltig gewaschen, geputzt und in gleichm\u00e4\u00dfige Stifte geschnitten. Mit ihrer leuchtend roten Schale, dem knackig-wei\u00dfen Inneren und dem angenehm pikanten Geschmack bringen sie Frische und Farbe in jede K\u00fcche. Fertig verpackt und sofort einsatzbereit sparen sie wertvolle Zeit und eignen sich perfekt f\u00fcr Salate, Sandwiches, Buffets [&hellip;]\" \/>\n<meta property=\"og:url\" content=\"https:\/\/seubert-fruechte.de\/index.php\/produkt\/radieschenstifte-kuechenfertig-25kg\/\" \/>\n<meta property=\"og:site_name\" content=\"Seubert Fr\u00fcchte\" \/>\n<meta property=\"article:modified_time\" content=\"2025-09-30T09:41:35+00:00\" \/>\n<meta property=\"og:image\" content=\"https:\/\/seubert-fruechte.de\/wp-content\/uploads\/2025\/09\/Seubert-Logo.jpeg\" \/>\n\t<meta property=\"og:image:width\" content=\"1600\" \/>\n\t<meta property=\"og:image:height\" content=\"795\" \/>\n\t<meta property=\"og:image:type\" content=\"image\/jpeg\" \/>\n<meta name=\"twitter:card\" content=\"summary_large_image\" \/>\n<meta name=\"twitter:label1\" content=\"Gesch\u00e4tzte Lesezeit\" \/>\n\t<meta name=\"twitter:data1\" content=\"1\u00a0Minute\" \/>\n<script type=\"application\/ld+json\" class=\"yoast-schema-graph\">{\"@context\":\"https:\/\/schema.org\",\"@graph\":[{\"@type\":\"WebPage\",\"@id\":\"https:\/\/seubert-fruechte.de\/index.php\/produkt\/radieschenstifte-kuechenfertig-25kg\/\",\"url\":\"https:\/\/seubert-fruechte.de\/index.php\/produkt\/radieschenstifte-kuechenfertig-25kg\/\",\"name\":\"Radieschenstifte k\u00fcchenfertig 2,5kg - Seubert Fr\u00fcchte\",\"isPartOf\":{\"@id\":\"https:\/\/seubert-fruechte.de\/#website\"},\"primaryImageOfPage\":{\"@id\":\"https:\/\/seubert-fruechte.de\/index.php\/produkt\/radieschenstifte-kuechenfertig-25kg\/#primaryimage\"},\"image\":{\"@id\":\"https:\/\/seubert-fruechte.de\/index.php\/produkt\/radieschenstifte-kuechenfertig-25kg\/#primaryimage\"},\"thumbnailUrl\":\"https:\/\/seubert-fruechte.de\/wp-content\/uploads\/2025\/09\/Seubert-Logo.jpeg\",\"datePublished\":\"2025-09-30T09:39:07+00:00\",\"dateModified\":\"2025-09-30T09:41:35+00:00\",\"breadcrumb\":{\"@id\":\"https:\/\/seubert-fruechte.de\/index.php\/produkt\/radieschenstifte-kuechenfertig-25kg\/#breadcrumb\"},\"inLanguage\":\"de\",\"potentialAction\":[{\"@type\":\"ReadAction\",\"target\":[\"https:\/\/seubert-fruechte.de\/index.php\/produkt\/radieschenstifte-kuechenfertig-25kg\/\"]}]},{\"@type\":\"ImageObject\",\"inLanguage\":\"de\",\"@id\":\"https:\/\/seubert-fruechte.de\/index.php\/produkt\/radieschenstifte-kuechenfertig-25kg\/#primaryimage\",\"url\":\"https:\/\/seubert-fruechte.de\/wp-content\/uploads\/2025\/09\/Seubert-Logo.jpeg\",\"contentUrl\":\"https:\/\/seubert-fruechte.de\/wp-content\/uploads\/2025\/09\/Seubert-Logo.jpeg\",\"width\":1600,\"height\":795},{\"@type\":\"BreadcrumbList\",\"@id\":\"https:\/\/seubert-fruechte.de\/index.php\/produkt\/radieschenstifte-kuechenfertig-25kg\/#breadcrumb\",\"itemListElement\":[{\"@type\":\"ListItem\",\"position\":1,\"name\":\"Startseite\",\"item\":\"https:\/\/seubert-fruechte.de\/\"},{\"@type\":\"ListItem\",\"position\":2,\"name\":\"Shop\",\"item\":\"https:\/\/seubert-fruechte.de\/index.php\/shop\/\"},{\"@type\":\"ListItem\",\"position\":3,\"name\":\"Radieschenstifte k\u00fcchenfertig 2,5kg\"}]},{\"@type\":\"WebSite\",\"@id\":\"https:\/\/seubert-fruechte.de\/#website\",\"url\":\"https:\/\/seubert-fruechte.de\/\",\"name\":\"Seubert Fr\u00fcchte\",\"description\":\"\",\"potentialAction\":[{\"@type\":\"SearchAction\",\"target\":{\"@type\":\"EntryPoint\",\"urlTemplate\":\"https:\/\/seubert-fruechte.de\/?s={search_term_string}\"},\"query-input\":{\"@type\":\"PropertyValueSpecification\",\"valueRequired\":true,\"valueName\":\"search_term_string\"}}],\"inLanguage\":\"de\"}]}<\/script>\n<!-- \/ Yoast SEO plugin. -->","yoast_head_json":{"title":"Radieschenstifte k\u00fcchenfertig 2,5kg - Seubert Fr\u00fcchte","robots":{"index":"index","follow":"follow","max-snippet":"max-snippet:-1","max-image-preview":"max-image-preview:large","max-video-preview":"max-video-preview:-1"},"canonical":"https:\/\/seubert-fruechte.de\/index.php\/produkt\/radieschenstifte-kuechenfertig-25kg\/","og_locale":"de_DE","og_type":"article","og_title":"Radieschenstifte k\u00fcchenfertig 2,5kg - Seubert Fr\u00fcchte","og_description":"Unsere k\u00fcchenfertigen Radieschenstifte (2mm) werden aus frischen Radieschen hergestellt, sorgf\u00e4ltig gewaschen, geputzt und in gleichm\u00e4\u00dfige Stifte geschnitten. Mit ihrer leuchtend roten Schale, dem knackig-wei\u00dfen Inneren und dem angenehm pikanten Geschmack bringen sie Frische und Farbe in jede K\u00fcche. Fertig verpackt und sofort einsatzbereit sparen sie wertvolle Zeit und eignen sich perfekt f\u00fcr Salate, Sandwiches, Buffets [&hellip;]","og_url":"https:\/\/seubert-fruechte.de\/index.php\/produkt\/radieschenstifte-kuechenfertig-25kg\/","og_site_name":"Seubert Fr\u00fcchte","article_modified_time":"2025-09-30T09:41:35+00:00","og_image":[{"width":1600,"height":795,"url":"https:\/\/seubert-fruechte.de\/wp-content\/uploads\/2025\/09\/Seubert-Logo.jpeg","type":"image\/jpeg"}],"twitter_card":"summary_large_image","twitter_misc":{"Gesch\u00e4tzte Lesezeit":"1\u00a0Minute"},"schema":{"@context":"https:\/\/schema.org","@graph":[{"@type":"WebPage","@id":"https:\/\/seubert-fruechte.de\/index.php\/produkt\/radieschenstifte-kuechenfertig-25kg\/","url":"https:\/\/seubert-fruechte.de\/index.php\/produkt\/radieschenstifte-kuechenfertig-25kg\/","name":"Radieschenstifte k\u00fcchenfertig 2,5kg - Seubert Fr\u00fcchte","isPartOf":{"@id":"https:\/\/seubert-fruechte.de\/#website"},"primaryImageOfPage":{"@id":"https:\/\/seubert-fruechte.de\/index.php\/produkt\/radieschenstifte-kuechenfertig-25kg\/#primaryimage"},"image":{"@id":"https:\/\/seubert-fruechte.de\/index.php\/produkt\/radieschenstifte-kuechenfertig-25kg\/#primaryimage"},"thumbnailUrl":"https:\/\/seubert-fruechte.de\/wp-content\/uploads\/2025\/09\/Seubert-Logo.jpeg","datePublished":"2025-09-30T09:39:07+00:00","dateModified":"2025-09-30T09:41:35+00:00","breadcrumb":{"@id":"https:\/\/seubert-fruechte.de\/index.php\/produkt\/radieschenstifte-kuechenfertig-25kg\/#breadcrumb"},"inLanguage":"de","potentialAction":[{"@type":"ReadAction","target":["https:\/\/seubert-fruechte.de\/index.php\/produkt\/radieschenstifte-kuechenfertig-25kg\/"]}]},{"@type":"ImageObject","inLanguage":"de","@id":"https:\/\/seubert-fruechte.de\/index.php\/produkt\/radieschenstifte-kuechenfertig-25kg\/#primaryimage","url":"https:\/\/seubert-fruechte.de\/wp-content\/uploads\/2025\/09\/Seubert-Logo.jpeg","contentUrl":"https:\/\/seubert-fruechte.de\/wp-content\/uploads\/2025\/09\/Seubert-Logo.jpeg","width":1600,"height":795},{"@type":"BreadcrumbList","@id":"https:\/\/seubert-fruechte.de\/index.php\/produkt\/radieschenstifte-kuechenfertig-25kg\/#breadcrumb","itemListElement":[{"@type":"ListItem","position":1,"name":"Startseite","item":"https:\/\/seubert-fruechte.de\/"},{"@type":"ListItem","position":2,"name":"Shop","item":"https:\/\/seubert-fruechte.de\/index.php\/shop\/"},{"@type":"ListItem","position":3,"name":"Radieschenstifte k\u00fcchenfertig 2,5kg"}]},{"@type":"WebSite","@id":"https:\/\/seubert-fruechte.de\/#website","url":"https:\/\/seubert-fruechte.de\/","name":"Seubert Fr\u00fcchte","description":"","potentialAction":[{"@type":"SearchAction","target":{"@type":"EntryPoint","urlTemplate":"https:\/\/seubert-fruechte.de\/?s={search_term_string}"},"query-input":{"@type":"PropertyValueSpecification","valueRequired":true,"valueName":"search_term_string"}}],"inLanguage":"de"}]}},"_links":{"self":[{"href":"https:\/\/seubert-fruechte.de\/index.php\/wp-json\/wp\/v2\/product\/502","targetHints":{"allow":["GET"]}}],"collection":[{"href":"https:\/\/seubert-fruechte.de\/index.php\/wp-json\/wp\/v2\/product"}],"about":[{"href":"https:\/\/seubert-fruechte.de\/index.php\/wp-json\/wp\/v2\/types\/product"}],"replies":[{"embeddable":true,"href":"https:\/\/seubert-fruechte.de\/index.php\/wp-json\/wp\/v2\/comments?post=502"}],"wp:featuredmedia":[{"embeddable":true,"href":"https:\/\/seubert-fruechte.de\/index.php\/wp-json\/wp\/v2\/media\/329"}],"wp:attachment":[{"href":"https:\/\/seubert-fruechte.de\/index.php\/wp-json\/wp\/v2\/media?parent=502"}],"wp:term":[{"taxonomy":"product_brand","embeddable":true,"href":"https:\/\/seubert-fruechte.de\/index.php\/wp-json\/wp\/v2\/product_brand?post=502"},{"taxonomy":"product_cat","embeddable":true,"href":"https:\/\/seubert-fruechte.de\/index.php\/wp-json\/wp\/v2\/product_cat?post=502"},{"taxonomy":"product_tag","embeddable":true,"href":"https:\/\/seubert-fruechte.de\/index.php\/wp-json\/wp\/v2\/product_tag?post=502"}],"curies":[{"name":"wp","href":"https:\/\/api.w.org\/{rel}","templated":true}]}}