{"id":497,"date":"2025-09-30T10:54:06","date_gmt":"2025-09-30T08:54:06","guid":{"rendered":"https:\/\/seubert-fruechte.de\/?post_type=product&#038;p=497"},"modified":"2025-09-30T10:55:01","modified_gmt":"2025-09-30T08:55:01","slug":"karottenstifte-kuechenfertig-fein-1kg","status":"publish","type":"product","link":"https:\/\/seubert-fruechte.de\/index.php\/produkt\/karottenstifte-kuechenfertig-fein-1kg\/","title":{"rendered":"Karottenstifte k\u00fcchenfertig fein 1kg"},"content":{"rendered":"<p>Unsere <strong data-start=\"236\" data-end=\"279\">feinen, k\u00fcchenfertigen Karottenstreifen<\/strong> werden aus frischen Karotten hergestellt, sorgf\u00e4ltig gewaschen, gesch\u00e4lt und in gleichm\u00e4\u00dfige Streifen geschnitten. Sie \u00fcberzeugen mit ihrem kr\u00e4ftig-orangen Farbton, dem s\u00fc\u00dflich-milden Geschmack und ihrer knackigen Frische. K\u00fcchenfertig verpackt, sparen sie wertvolle Zeit in der Zubereitung und eignen sich hervorragend f\u00fcr Salate, asiatische Wok-Gerichte, Suppen oder als dekorative Beilage.<\/p>\n<p data-start=\"136\" data-end=\"366\"><strong>Hinweis zur Menge:\u00a0<\/strong><\/p>\n<p data-start=\"136\" data-end=\"366\">Menge 1 entspricht einen Beutel a 1kg<\/p>\n","protected":false},"excerpt":{"rendered":"<p>Unsere feinen, k\u00fcchenfertigen Karottenstreifen werden aus frischen Karotten hergestellt, sorgf\u00e4ltig gewaschen, gesch\u00e4lt und in gleichm\u00e4\u00dfige Streifen geschnitten. Sie \u00fcberzeugen mit ihrem kr\u00e4ftig-orangen Farbton, dem s\u00fc\u00dflich-milden Geschmack und ihrer knackigen Frische. K\u00fcchenfertig verpackt, sparen sie wertvolle Zeit in der Zubereitung und eignen sich hervorragend f\u00fcr Salate, asiatische Wok-Gerichte, Suppen oder als dekorative Beilage. Hinweis zur Menge:\u00a0 [&hellip;]<\/p>\n","protected":false},"featured_media":329,"comment_status":"closed","ping_status":"closed","template":"","meta":[],"product_brand":[],"product_cat":[20],"product_tag":[],"class_list":{"0":"post-497","1":"product","2":"type-product","3":"status-publish","4":"has-post-thumbnail","6":"product_cat-schnittware","8":"first","9":"instock","10":"shipping-taxable","11":"product-type-simple"},"yoast_head":"<!-- This site is optimized with the Yoast SEO plugin v26.1.1 - https:\/\/yoast.com\/wordpress\/plugins\/seo\/ -->\n<title>Karottenstifte k\u00fcchenfertig fein 1kg - Seubert Fr\u00fcchte<\/title>\n<meta name=\"robots\" content=\"index, follow, max-snippet:-1, max-image-preview:large, max-video-preview:-1\" \/>\n<link rel=\"canonical\" href=\"https:\/\/seubert-fruechte.de\/index.php\/produkt\/karottenstifte-kuechenfertig-fein-1kg\/\" \/>\n<meta property=\"og:locale\" content=\"de_DE\" \/>\n<meta property=\"og:type\" content=\"article\" \/>\n<meta property=\"og:title\" content=\"Karottenstifte k\u00fcchenfertig fein 1kg - Seubert Fr\u00fcchte\" \/>\n<meta property=\"og:description\" content=\"Unsere feinen, k\u00fcchenfertigen Karottenstreifen werden aus frischen Karotten hergestellt, sorgf\u00e4ltig gewaschen, gesch\u00e4lt und in gleichm\u00e4\u00dfige Streifen geschnitten. Sie \u00fcberzeugen mit ihrem kr\u00e4ftig-orangen Farbton, dem s\u00fc\u00dflich-milden Geschmack und ihrer knackigen Frische. K\u00fcchenfertig verpackt, sparen sie wertvolle Zeit in der Zubereitung und eignen sich hervorragend f\u00fcr Salate, asiatische Wok-Gerichte, Suppen oder als dekorative Beilage. Hinweis zur Menge:\u00a0 [&hellip;]\" \/>\n<meta property=\"og:url\" content=\"https:\/\/seubert-fruechte.de\/index.php\/produkt\/karottenstifte-kuechenfertig-fein-1kg\/\" \/>\n<meta property=\"og:site_name\" content=\"Seubert Fr\u00fcchte\" \/>\n<meta property=\"article:modified_time\" content=\"2025-09-30T08:55:01+00:00\" \/>\n<meta property=\"og:image\" content=\"https:\/\/seubert-fruechte.de\/wp-content\/uploads\/2025\/09\/Seubert-Logo.jpeg\" \/>\n\t<meta property=\"og:image:width\" content=\"1600\" \/>\n\t<meta property=\"og:image:height\" content=\"795\" \/>\n\t<meta property=\"og:image:type\" content=\"image\/jpeg\" \/>\n<meta name=\"twitter:card\" content=\"summary_large_image\" \/>\n<meta name=\"twitter:label1\" content=\"Gesch\u00e4tzte Lesezeit\" \/>\n\t<meta name=\"twitter:data1\" content=\"1\u00a0Minute\" \/>\n<script type=\"application\/ld+json\" class=\"yoast-schema-graph\">{\"@context\":\"https:\/\/schema.org\",\"@graph\":[{\"@type\":\"WebPage\",\"@id\":\"https:\/\/seubert-fruechte.de\/index.php\/produkt\/karottenstifte-kuechenfertig-fein-1kg\/\",\"url\":\"https:\/\/seubert-fruechte.de\/index.php\/produkt\/karottenstifte-kuechenfertig-fein-1kg\/\",\"name\":\"Karottenstifte k\u00fcchenfertig fein 1kg - Seubert Fr\u00fcchte\",\"isPartOf\":{\"@id\":\"https:\/\/seubert-fruechte.de\/#website\"},\"primaryImageOfPage\":{\"@id\":\"https:\/\/seubert-fruechte.de\/index.php\/produkt\/karottenstifte-kuechenfertig-fein-1kg\/#primaryimage\"},\"image\":{\"@id\":\"https:\/\/seubert-fruechte.de\/index.php\/produkt\/karottenstifte-kuechenfertig-fein-1kg\/#primaryimage\"},\"thumbnailUrl\":\"https:\/\/seubert-fruechte.de\/wp-content\/uploads\/2025\/09\/Seubert-Logo.jpeg\",\"datePublished\":\"2025-09-30T08:54:06+00:00\",\"dateModified\":\"2025-09-30T08:55:01+00:00\",\"breadcrumb\":{\"@id\":\"https:\/\/seubert-fruechte.de\/index.php\/produkt\/karottenstifte-kuechenfertig-fein-1kg\/#breadcrumb\"},\"inLanguage\":\"de\",\"potentialAction\":[{\"@type\":\"ReadAction\",\"target\":[\"https:\/\/seubert-fruechte.de\/index.php\/produkt\/karottenstifte-kuechenfertig-fein-1kg\/\"]}]},{\"@type\":\"ImageObject\",\"inLanguage\":\"de\",\"@id\":\"https:\/\/seubert-fruechte.de\/index.php\/produkt\/karottenstifte-kuechenfertig-fein-1kg\/#primaryimage\",\"url\":\"https:\/\/seubert-fruechte.de\/wp-content\/uploads\/2025\/09\/Seubert-Logo.jpeg\",\"contentUrl\":\"https:\/\/seubert-fruechte.de\/wp-content\/uploads\/2025\/09\/Seubert-Logo.jpeg\",\"width\":1600,\"height\":795},{\"@type\":\"BreadcrumbList\",\"@id\":\"https:\/\/seubert-fruechte.de\/index.php\/produkt\/karottenstifte-kuechenfertig-fein-1kg\/#breadcrumb\",\"itemListElement\":[{\"@type\":\"ListItem\",\"position\":1,\"name\":\"Startseite\",\"item\":\"https:\/\/seubert-fruechte.de\/\"},{\"@type\":\"ListItem\",\"position\":2,\"name\":\"Shop\",\"item\":\"https:\/\/seubert-fruechte.de\/index.php\/shop\/\"},{\"@type\":\"ListItem\",\"position\":3,\"name\":\"Karottenstifte k\u00fcchenfertig fein 1kg\"}]},{\"@type\":\"WebSite\",\"@id\":\"https:\/\/seubert-fruechte.de\/#website\",\"url\":\"https:\/\/seubert-fruechte.de\/\",\"name\":\"Seubert Fr\u00fcchte\",\"description\":\"\",\"potentialAction\":[{\"@type\":\"SearchAction\",\"target\":{\"@type\":\"EntryPoint\",\"urlTemplate\":\"https:\/\/seubert-fruechte.de\/?s={search_term_string}\"},\"query-input\":{\"@type\":\"PropertyValueSpecification\",\"valueRequired\":true,\"valueName\":\"search_term_string\"}}],\"inLanguage\":\"de\"}]}<\/script>\n<!-- \/ Yoast SEO plugin. -->","yoast_head_json":{"title":"Karottenstifte k\u00fcchenfertig fein 1kg - Seubert Fr\u00fcchte","robots":{"index":"index","follow":"follow","max-snippet":"max-snippet:-1","max-image-preview":"max-image-preview:large","max-video-preview":"max-video-preview:-1"},"canonical":"https:\/\/seubert-fruechte.de\/index.php\/produkt\/karottenstifte-kuechenfertig-fein-1kg\/","og_locale":"de_DE","og_type":"article","og_title":"Karottenstifte k\u00fcchenfertig fein 1kg - Seubert Fr\u00fcchte","og_description":"Unsere feinen, k\u00fcchenfertigen Karottenstreifen werden aus frischen Karotten hergestellt, sorgf\u00e4ltig gewaschen, gesch\u00e4lt und in gleichm\u00e4\u00dfige Streifen geschnitten. Sie \u00fcberzeugen mit ihrem kr\u00e4ftig-orangen Farbton, dem s\u00fc\u00dflich-milden Geschmack und ihrer knackigen Frische. K\u00fcchenfertig verpackt, sparen sie wertvolle Zeit in der Zubereitung und eignen sich hervorragend f\u00fcr Salate, asiatische Wok-Gerichte, Suppen oder als dekorative Beilage. Hinweis zur Menge:\u00a0 [&hellip;]","og_url":"https:\/\/seubert-fruechte.de\/index.php\/produkt\/karottenstifte-kuechenfertig-fein-1kg\/","og_site_name":"Seubert Fr\u00fcchte","article_modified_time":"2025-09-30T08:55:01+00:00","og_image":[{"width":1600,"height":795,"url":"https:\/\/seubert-fruechte.de\/wp-content\/uploads\/2025\/09\/Seubert-Logo.jpeg","type":"image\/jpeg"}],"twitter_card":"summary_large_image","twitter_misc":{"Gesch\u00e4tzte Lesezeit":"1\u00a0Minute"},"schema":{"@context":"https:\/\/schema.org","@graph":[{"@type":"WebPage","@id":"https:\/\/seubert-fruechte.de\/index.php\/produkt\/karottenstifte-kuechenfertig-fein-1kg\/","url":"https:\/\/seubert-fruechte.de\/index.php\/produkt\/karottenstifte-kuechenfertig-fein-1kg\/","name":"Karottenstifte k\u00fcchenfertig fein 1kg - Seubert Fr\u00fcchte","isPartOf":{"@id":"https:\/\/seubert-fruechte.de\/#website"},"primaryImageOfPage":{"@id":"https:\/\/seubert-fruechte.de\/index.php\/produkt\/karottenstifte-kuechenfertig-fein-1kg\/#primaryimage"},"image":{"@id":"https:\/\/seubert-fruechte.de\/index.php\/produkt\/karottenstifte-kuechenfertig-fein-1kg\/#primaryimage"},"thumbnailUrl":"https:\/\/seubert-fruechte.de\/wp-content\/uploads\/2025\/09\/Seubert-Logo.jpeg","datePublished":"2025-09-30T08:54:06+00:00","dateModified":"2025-09-30T08:55:01+00:00","breadcrumb":{"@id":"https:\/\/seubert-fruechte.de\/index.php\/produkt\/karottenstifte-kuechenfertig-fein-1kg\/#breadcrumb"},"inLanguage":"de","potentialAction":[{"@type":"ReadAction","target":["https:\/\/seubert-fruechte.de\/index.php\/produkt\/karottenstifte-kuechenfertig-fein-1kg\/"]}]},{"@type":"ImageObject","inLanguage":"de","@id":"https:\/\/seubert-fruechte.de\/index.php\/produkt\/karottenstifte-kuechenfertig-fein-1kg\/#primaryimage","url":"https:\/\/seubert-fruechte.de\/wp-content\/uploads\/2025\/09\/Seubert-Logo.jpeg","contentUrl":"https:\/\/seubert-fruechte.de\/wp-content\/uploads\/2025\/09\/Seubert-Logo.jpeg","width":1600,"height":795},{"@type":"BreadcrumbList","@id":"https:\/\/seubert-fruechte.de\/index.php\/produkt\/karottenstifte-kuechenfertig-fein-1kg\/#breadcrumb","itemListElement":[{"@type":"ListItem","position":1,"name":"Startseite","item":"https:\/\/seubert-fruechte.de\/"},{"@type":"ListItem","position":2,"name":"Shop","item":"https:\/\/seubert-fruechte.de\/index.php\/shop\/"},{"@type":"ListItem","position":3,"name":"Karottenstifte k\u00fcchenfertig fein 1kg"}]},{"@type":"WebSite","@id":"https:\/\/seubert-fruechte.de\/#website","url":"https:\/\/seubert-fruechte.de\/","name":"Seubert Fr\u00fcchte","description":"","potentialAction":[{"@type":"SearchAction","target":{"@type":"EntryPoint","urlTemplate":"https:\/\/seubert-fruechte.de\/?s={search_term_string}"},"query-input":{"@type":"PropertyValueSpecification","valueRequired":true,"valueName":"search_term_string"}}],"inLanguage":"de"}]}},"_links":{"self":[{"href":"https:\/\/seubert-fruechte.de\/index.php\/wp-json\/wp\/v2\/product\/497","targetHints":{"allow":["GET"]}}],"collection":[{"href":"https:\/\/seubert-fruechte.de\/index.php\/wp-json\/wp\/v2\/product"}],"about":[{"href":"https:\/\/seubert-fruechte.de\/index.php\/wp-json\/wp\/v2\/types\/product"}],"replies":[{"embeddable":true,"href":"https:\/\/seubert-fruechte.de\/index.php\/wp-json\/wp\/v2\/comments?post=497"}],"wp:featuredmedia":[{"embeddable":true,"href":"https:\/\/seubert-fruechte.de\/index.php\/wp-json\/wp\/v2\/media\/329"}],"wp:attachment":[{"href":"https:\/\/seubert-fruechte.de\/index.php\/wp-json\/wp\/v2\/media?parent=497"}],"wp:term":[{"taxonomy":"product_brand","embeddable":true,"href":"https:\/\/seubert-fruechte.de\/index.php\/wp-json\/wp\/v2\/product_brand?post=497"},{"taxonomy":"product_cat","embeddable":true,"href":"https:\/\/seubert-fruechte.de\/index.php\/wp-json\/wp\/v2\/product_cat?post=497"},{"taxonomy":"product_tag","embeddable":true,"href":"https:\/\/seubert-fruechte.de\/index.php\/wp-json\/wp\/v2\/product_tag?post=497"}],"curies":[{"name":"wp","href":"https:\/\/api.w.org\/{rel}","templated":true}]}}