{"id":487,"date":"2025-09-25T15:55:49","date_gmt":"2025-09-25T13:55:49","guid":{"rendered":"https:\/\/seubert-fruechte.de\/?post_type=product&#038;p=487"},"modified":"2025-09-25T15:55:49","modified_gmt":"2025-09-25T13:55:49","slug":"manhattan-salat-kuechenfertig-1kg","status":"publish","type":"product","link":"https:\/\/seubert-fruechte.de\/index.php\/produkt\/manhattan-salat-kuechenfertig-1kg\/","title":{"rendered":"Manhattan Salat k\u00fcchenfertig 1kg"},"content":{"rendered":"<p data-start=\"224\" data-end=\"624\">Unser\u00a0<strong data-start=\"230\" data-end=\"276\">geschnittener, k\u00fcchenfertiger Manhattan Salat<\/strong> \u00fcberzeugt durch seine zarten, hellgr\u00fcnen Bl\u00e4tter, den milden Geschmack und seine knackig-frische Konsistenz. Bereits gewaschen, geschnitten und verzehrfertig verpackt, spart er Zeit in der K\u00fcche und ist sofort einsatzbereit. Mit seiner feinen Struktur eignet sich der Manhattan Salat ideal f\u00fcr frische Salatkreationen, als Beilage oder f\u00fcr Buffets.<\/p>\n<p><strong>Inhalt:<\/strong><\/p>\n<ul>\n<li>Lollo Rosso 40mm<\/li>\n<li>Frisee 40mm<\/li>\n<li>Lollo Biondo 38mm<\/li>\n<li>Radicchio 13mm<\/li>\n<\/ul>\n<p data-start=\"136\" data-end=\"366\"><strong>Hinweis zur Menge:\u00a0<\/strong><\/p>\n<p data-start=\"136\" data-end=\"366\">Menge 1 entspricht einen Beutel a 1kg<\/p>\n","protected":false},"excerpt":{"rendered":"<p>Unser\u00a0geschnittener, k\u00fcchenfertiger Manhattan Salat \u00fcberzeugt durch seine zarten, hellgr\u00fcnen Bl\u00e4tter, den milden Geschmack und seine knackig-frische Konsistenz. Bereits gewaschen, geschnitten und verzehrfertig verpackt, spart er Zeit in der K\u00fcche und ist sofort einsatzbereit. Mit seiner feinen Struktur eignet sich der Manhattan Salat ideal f\u00fcr frische Salatkreationen, als Beilage oder f\u00fcr Buffets. Inhalt: Lollo Rosso 40mm [&hellip;]<\/p>\n","protected":false},"featured_media":329,"comment_status":"closed","ping_status":"closed","template":"","meta":[],"product_brand":[],"product_cat":[20],"product_tag":[],"class_list":{"0":"post-487","1":"product","2":"type-product","3":"status-publish","4":"has-post-thumbnail","6":"product_cat-schnittware","8":"first","9":"instock","10":"shipping-taxable","11":"product-type-simple"},"yoast_head":"<!-- This site is optimized with the Yoast SEO plugin v26.1.1 - https:\/\/yoast.com\/wordpress\/plugins\/seo\/ -->\n<title>Manhattan Salat k\u00fcchenfertig 1kg - Seubert Fr\u00fcchte<\/title>\n<meta name=\"robots\" content=\"index, follow, max-snippet:-1, max-image-preview:large, max-video-preview:-1\" \/>\n<link rel=\"canonical\" href=\"https:\/\/seubert-fruechte.de\/index.php\/produkt\/manhattan-salat-kuechenfertig-1kg\/\" \/>\n<meta property=\"og:locale\" content=\"de_DE\" \/>\n<meta property=\"og:type\" content=\"article\" \/>\n<meta property=\"og:title\" content=\"Manhattan Salat k\u00fcchenfertig 1kg - Seubert Fr\u00fcchte\" \/>\n<meta property=\"og:description\" content=\"Unser\u00a0geschnittener, k\u00fcchenfertiger Manhattan Salat \u00fcberzeugt durch seine zarten, hellgr\u00fcnen Bl\u00e4tter, den milden Geschmack und seine knackig-frische Konsistenz. Bereits gewaschen, geschnitten und verzehrfertig verpackt, spart er Zeit in der K\u00fcche und ist sofort einsatzbereit. Mit seiner feinen Struktur eignet sich der Manhattan Salat ideal f\u00fcr frische Salatkreationen, als Beilage oder f\u00fcr Buffets. Inhalt: Lollo Rosso 40mm [&hellip;]\" \/>\n<meta property=\"og:url\" content=\"https:\/\/seubert-fruechte.de\/index.php\/produkt\/manhattan-salat-kuechenfertig-1kg\/\" \/>\n<meta property=\"og:site_name\" content=\"Seubert Fr\u00fcchte\" \/>\n<meta property=\"og:image\" content=\"https:\/\/seubert-fruechte.de\/wp-content\/uploads\/2025\/09\/Seubert-Logo.jpeg\" \/>\n\t<meta property=\"og:image:width\" content=\"1600\" \/>\n\t<meta property=\"og:image:height\" content=\"795\" \/>\n\t<meta property=\"og:image:type\" content=\"image\/jpeg\" \/>\n<meta name=\"twitter:card\" content=\"summary_large_image\" \/>\n<meta name=\"twitter:label1\" content=\"Gesch\u00e4tzte Lesezeit\" \/>\n\t<meta name=\"twitter:data1\" content=\"1\u00a0Minute\" \/>\n<script type=\"application\/ld+json\" class=\"yoast-schema-graph\">{\"@context\":\"https:\/\/schema.org\",\"@graph\":[{\"@type\":\"WebPage\",\"@id\":\"https:\/\/seubert-fruechte.de\/index.php\/produkt\/manhattan-salat-kuechenfertig-1kg\/\",\"url\":\"https:\/\/seubert-fruechte.de\/index.php\/produkt\/manhattan-salat-kuechenfertig-1kg\/\",\"name\":\"Manhattan Salat k\u00fcchenfertig 1kg - Seubert Fr\u00fcchte\",\"isPartOf\":{\"@id\":\"https:\/\/seubert-fruechte.de\/#website\"},\"primaryImageOfPage\":{\"@id\":\"https:\/\/seubert-fruechte.de\/index.php\/produkt\/manhattan-salat-kuechenfertig-1kg\/#primaryimage\"},\"image\":{\"@id\":\"https:\/\/seubert-fruechte.de\/index.php\/produkt\/manhattan-salat-kuechenfertig-1kg\/#primaryimage\"},\"thumbnailUrl\":\"https:\/\/seubert-fruechte.de\/wp-content\/uploads\/2025\/09\/Seubert-Logo.jpeg\",\"datePublished\":\"2025-09-25T13:55:49+00:00\",\"breadcrumb\":{\"@id\":\"https:\/\/seubert-fruechte.de\/index.php\/produkt\/manhattan-salat-kuechenfertig-1kg\/#breadcrumb\"},\"inLanguage\":\"de\",\"potentialAction\":[{\"@type\":\"ReadAction\",\"target\":[\"https:\/\/seubert-fruechte.de\/index.php\/produkt\/manhattan-salat-kuechenfertig-1kg\/\"]}]},{\"@type\":\"ImageObject\",\"inLanguage\":\"de\",\"@id\":\"https:\/\/seubert-fruechte.de\/index.php\/produkt\/manhattan-salat-kuechenfertig-1kg\/#primaryimage\",\"url\":\"https:\/\/seubert-fruechte.de\/wp-content\/uploads\/2025\/09\/Seubert-Logo.jpeg\",\"contentUrl\":\"https:\/\/seubert-fruechte.de\/wp-content\/uploads\/2025\/09\/Seubert-Logo.jpeg\",\"width\":1600,\"height\":795},{\"@type\":\"BreadcrumbList\",\"@id\":\"https:\/\/seubert-fruechte.de\/index.php\/produkt\/manhattan-salat-kuechenfertig-1kg\/#breadcrumb\",\"itemListElement\":[{\"@type\":\"ListItem\",\"position\":1,\"name\":\"Startseite\",\"item\":\"https:\/\/seubert-fruechte.de\/\"},{\"@type\":\"ListItem\",\"position\":2,\"name\":\"Shop\",\"item\":\"https:\/\/seubert-fruechte.de\/index.php\/shop\/\"},{\"@type\":\"ListItem\",\"position\":3,\"name\":\"Manhattan Salat k\u00fcchenfertig 1kg\"}]},{\"@type\":\"WebSite\",\"@id\":\"https:\/\/seubert-fruechte.de\/#website\",\"url\":\"https:\/\/seubert-fruechte.de\/\",\"name\":\"Seubert Fr\u00fcchte\",\"description\":\"\",\"potentialAction\":[{\"@type\":\"SearchAction\",\"target\":{\"@type\":\"EntryPoint\",\"urlTemplate\":\"https:\/\/seubert-fruechte.de\/?s={search_term_string}\"},\"query-input\":{\"@type\":\"PropertyValueSpecification\",\"valueRequired\":true,\"valueName\":\"search_term_string\"}}],\"inLanguage\":\"de\"}]}<\/script>\n<!-- \/ Yoast SEO plugin. -->","yoast_head_json":{"title":"Manhattan Salat k\u00fcchenfertig 1kg - Seubert Fr\u00fcchte","robots":{"index":"index","follow":"follow","max-snippet":"max-snippet:-1","max-image-preview":"max-image-preview:large","max-video-preview":"max-video-preview:-1"},"canonical":"https:\/\/seubert-fruechte.de\/index.php\/produkt\/manhattan-salat-kuechenfertig-1kg\/","og_locale":"de_DE","og_type":"article","og_title":"Manhattan Salat k\u00fcchenfertig 1kg - Seubert Fr\u00fcchte","og_description":"Unser\u00a0geschnittener, k\u00fcchenfertiger Manhattan Salat \u00fcberzeugt durch seine zarten, hellgr\u00fcnen Bl\u00e4tter, den milden Geschmack und seine knackig-frische Konsistenz. Bereits gewaschen, geschnitten und verzehrfertig verpackt, spart er Zeit in der K\u00fcche und ist sofort einsatzbereit. Mit seiner feinen Struktur eignet sich der Manhattan Salat ideal f\u00fcr frische Salatkreationen, als Beilage oder f\u00fcr Buffets. Inhalt: Lollo Rosso 40mm [&hellip;]","og_url":"https:\/\/seubert-fruechte.de\/index.php\/produkt\/manhattan-salat-kuechenfertig-1kg\/","og_site_name":"Seubert Fr\u00fcchte","og_image":[{"width":1600,"height":795,"url":"https:\/\/seubert-fruechte.de\/wp-content\/uploads\/2025\/09\/Seubert-Logo.jpeg","type":"image\/jpeg"}],"twitter_card":"summary_large_image","twitter_misc":{"Gesch\u00e4tzte Lesezeit":"1\u00a0Minute"},"schema":{"@context":"https:\/\/schema.org","@graph":[{"@type":"WebPage","@id":"https:\/\/seubert-fruechte.de\/index.php\/produkt\/manhattan-salat-kuechenfertig-1kg\/","url":"https:\/\/seubert-fruechte.de\/index.php\/produkt\/manhattan-salat-kuechenfertig-1kg\/","name":"Manhattan Salat k\u00fcchenfertig 1kg - Seubert Fr\u00fcchte","isPartOf":{"@id":"https:\/\/seubert-fruechte.de\/#website"},"primaryImageOfPage":{"@id":"https:\/\/seubert-fruechte.de\/index.php\/produkt\/manhattan-salat-kuechenfertig-1kg\/#primaryimage"},"image":{"@id":"https:\/\/seubert-fruechte.de\/index.php\/produkt\/manhattan-salat-kuechenfertig-1kg\/#primaryimage"},"thumbnailUrl":"https:\/\/seubert-fruechte.de\/wp-content\/uploads\/2025\/09\/Seubert-Logo.jpeg","datePublished":"2025-09-25T13:55:49+00:00","breadcrumb":{"@id":"https:\/\/seubert-fruechte.de\/index.php\/produkt\/manhattan-salat-kuechenfertig-1kg\/#breadcrumb"},"inLanguage":"de","potentialAction":[{"@type":"ReadAction","target":["https:\/\/seubert-fruechte.de\/index.php\/produkt\/manhattan-salat-kuechenfertig-1kg\/"]}]},{"@type":"ImageObject","inLanguage":"de","@id":"https:\/\/seubert-fruechte.de\/index.php\/produkt\/manhattan-salat-kuechenfertig-1kg\/#primaryimage","url":"https:\/\/seubert-fruechte.de\/wp-content\/uploads\/2025\/09\/Seubert-Logo.jpeg","contentUrl":"https:\/\/seubert-fruechte.de\/wp-content\/uploads\/2025\/09\/Seubert-Logo.jpeg","width":1600,"height":795},{"@type":"BreadcrumbList","@id":"https:\/\/seubert-fruechte.de\/index.php\/produkt\/manhattan-salat-kuechenfertig-1kg\/#breadcrumb","itemListElement":[{"@type":"ListItem","position":1,"name":"Startseite","item":"https:\/\/seubert-fruechte.de\/"},{"@type":"ListItem","position":2,"name":"Shop","item":"https:\/\/seubert-fruechte.de\/index.php\/shop\/"},{"@type":"ListItem","position":3,"name":"Manhattan Salat k\u00fcchenfertig 1kg"}]},{"@type":"WebSite","@id":"https:\/\/seubert-fruechte.de\/#website","url":"https:\/\/seubert-fruechte.de\/","name":"Seubert Fr\u00fcchte","description":"","potentialAction":[{"@type":"SearchAction","target":{"@type":"EntryPoint","urlTemplate":"https:\/\/seubert-fruechte.de\/?s={search_term_string}"},"query-input":{"@type":"PropertyValueSpecification","valueRequired":true,"valueName":"search_term_string"}}],"inLanguage":"de"}]}},"_links":{"self":[{"href":"https:\/\/seubert-fruechte.de\/index.php\/wp-json\/wp\/v2\/product\/487","targetHints":{"allow":["GET"]}}],"collection":[{"href":"https:\/\/seubert-fruechte.de\/index.php\/wp-json\/wp\/v2\/product"}],"about":[{"href":"https:\/\/seubert-fruechte.de\/index.php\/wp-json\/wp\/v2\/types\/product"}],"replies":[{"embeddable":true,"href":"https:\/\/seubert-fruechte.de\/index.php\/wp-json\/wp\/v2\/comments?post=487"}],"wp:featuredmedia":[{"embeddable":true,"href":"https:\/\/seubert-fruechte.de\/index.php\/wp-json\/wp\/v2\/media\/329"}],"wp:attachment":[{"href":"https:\/\/seubert-fruechte.de\/index.php\/wp-json\/wp\/v2\/media?parent=487"}],"wp:term":[{"taxonomy":"product_brand","embeddable":true,"href":"https:\/\/seubert-fruechte.de\/index.php\/wp-json\/wp\/v2\/product_brand?post=487"},{"taxonomy":"product_cat","embeddable":true,"href":"https:\/\/seubert-fruechte.de\/index.php\/wp-json\/wp\/v2\/product_cat?post=487"},{"taxonomy":"product_tag","embeddable":true,"href":"https:\/\/seubert-fruechte.de\/index.php\/wp-json\/wp\/v2\/product_tag?post=487"}],"curies":[{"name":"wp","href":"https:\/\/api.w.org\/{rel}","templated":true}]}}