{"id":479,"date":"2025-09-24T12:40:04","date_gmt":"2025-09-24T10:40:04","guid":{"rendered":"https:\/\/seubert-fruechte.de\/?post_type=product&#038;p=479"},"modified":"2025-09-24T12:40:05","modified_gmt":"2025-09-24T10:40:05","slug":"petersilie-kuechenfertig-schale-500gr","status":"publish","type":"product","link":"https:\/\/seubert-fruechte.de\/index.php\/produkt\/petersilie-kuechenfertig-schale-500gr\/","title":{"rendered":"Petersilie k\u00fcchenfertig Schale 500gr"},"content":{"rendered":"<p>Unsere <strong data-start=\"228\" data-end=\"270\">geschnittene, k\u00fcchenfertige Petersilie<\/strong> wird frisch geerntet, sorgf\u00e4ltig gewaschen, geschnitten und direkt verzehrfertig verpackt. Sie \u00fcberzeugt mit ihrem intensiv-gr\u00fcnen Blattwerk, dem w\u00fcrzig-aromatischen Geschmack und spart wertvolle Vorbereitungszeit in der K\u00fcche. Ob als Garnitur, Zutat in Suppen, Salaten, Saucen oder warmen Gerichten \u2013 diese Petersilie ist ein unverzichtbarer K\u00fcchenklassiker f\u00fcr Gastronomie, Catering und den Einzelhandel.<\/p>\n<p data-start=\"136\" data-end=\"366\"><strong>Hinweis zur Menge:\u00a0<\/strong><\/p>\n<p data-start=\"136\" data-end=\"366\">Menge 1 entspricht eine Schale a 500gr<\/p>\n","protected":false},"excerpt":{"rendered":"<p>Unsere geschnittene, k\u00fcchenfertige Petersilie wird frisch geerntet, sorgf\u00e4ltig gewaschen, geschnitten und direkt verzehrfertig verpackt. Sie \u00fcberzeugt mit ihrem intensiv-gr\u00fcnen Blattwerk, dem w\u00fcrzig-aromatischen Geschmack und spart wertvolle Vorbereitungszeit in der K\u00fcche. Ob als Garnitur, Zutat in Suppen, Salaten, Saucen oder warmen Gerichten \u2013 diese Petersilie ist ein unverzichtbarer K\u00fcchenklassiker f\u00fcr Gastronomie, Catering und den Einzelhandel. Hinweis [&hellip;]<\/p>\n","protected":false},"featured_media":275,"comment_status":"closed","ping_status":"closed","template":"","meta":[],"product_brand":[],"product_cat":[20],"product_tag":[],"class_list":{"0":"post-479","1":"product","2":"type-product","3":"status-publish","4":"has-post-thumbnail","6":"product_cat-schnittware","8":"first","9":"instock","10":"shipping-taxable","11":"product-type-simple"},"yoast_head":"<!-- This site is optimized with the Yoast SEO plugin v26.1.1 - https:\/\/yoast.com\/wordpress\/plugins\/seo\/ -->\n<title>Petersilie k\u00fcchenfertig Schale 500gr - Seubert Fr\u00fcchte<\/title>\n<meta name=\"robots\" content=\"index, follow, max-snippet:-1, max-image-preview:large, max-video-preview:-1\" \/>\n<link rel=\"canonical\" href=\"https:\/\/seubert-fruechte.de\/index.php\/produkt\/petersilie-kuechenfertig-schale-500gr\/\" \/>\n<meta property=\"og:locale\" content=\"de_DE\" \/>\n<meta property=\"og:type\" content=\"article\" \/>\n<meta property=\"og:title\" content=\"Petersilie k\u00fcchenfertig Schale 500gr - Seubert Fr\u00fcchte\" \/>\n<meta property=\"og:description\" content=\"Unsere geschnittene, k\u00fcchenfertige Petersilie wird frisch geerntet, sorgf\u00e4ltig gewaschen, geschnitten und direkt verzehrfertig verpackt. Sie \u00fcberzeugt mit ihrem intensiv-gr\u00fcnen Blattwerk, dem w\u00fcrzig-aromatischen Geschmack und spart wertvolle Vorbereitungszeit in der K\u00fcche. Ob als Garnitur, Zutat in Suppen, Salaten, Saucen oder warmen Gerichten \u2013 diese Petersilie ist ein unverzichtbarer K\u00fcchenklassiker f\u00fcr Gastronomie, Catering und den Einzelhandel. Hinweis [&hellip;]\" \/>\n<meta property=\"og:url\" content=\"https:\/\/seubert-fruechte.de\/index.php\/produkt\/petersilie-kuechenfertig-schale-500gr\/\" \/>\n<meta property=\"og:site_name\" content=\"Seubert Fr\u00fcchte\" \/>\n<meta property=\"article:modified_time\" content=\"2025-09-24T10:40:05+00:00\" \/>\n<meta property=\"og:image\" content=\"https:\/\/seubert-fruechte.de\/wp-content\/uploads\/2025\/09\/Petersilie-kraus.jpg\" \/>\n\t<meta property=\"og:image:width\" content=\"1280\" \/>\n\t<meta property=\"og:image:height\" content=\"853\" \/>\n\t<meta property=\"og:image:type\" content=\"image\/jpeg\" \/>\n<meta name=\"twitter:card\" content=\"summary_large_image\" \/>\n<meta name=\"twitter:label1\" content=\"Gesch\u00e4tzte Lesezeit\" \/>\n\t<meta name=\"twitter:data1\" content=\"1\u00a0Minute\" \/>\n<script type=\"application\/ld+json\" class=\"yoast-schema-graph\">{\"@context\":\"https:\/\/schema.org\",\"@graph\":[{\"@type\":\"WebPage\",\"@id\":\"https:\/\/seubert-fruechte.de\/index.php\/produkt\/petersilie-kuechenfertig-schale-500gr\/\",\"url\":\"https:\/\/seubert-fruechte.de\/index.php\/produkt\/petersilie-kuechenfertig-schale-500gr\/\",\"name\":\"Petersilie k\u00fcchenfertig Schale 500gr - Seubert Fr\u00fcchte\",\"isPartOf\":{\"@id\":\"https:\/\/seubert-fruechte.de\/#website\"},\"primaryImageOfPage\":{\"@id\":\"https:\/\/seubert-fruechte.de\/index.php\/produkt\/petersilie-kuechenfertig-schale-500gr\/#primaryimage\"},\"image\":{\"@id\":\"https:\/\/seubert-fruechte.de\/index.php\/produkt\/petersilie-kuechenfertig-schale-500gr\/#primaryimage\"},\"thumbnailUrl\":\"https:\/\/seubert-fruechte.de\/wp-content\/uploads\/2025\/09\/Petersilie-kraus.jpg\",\"datePublished\":\"2025-09-24T10:40:04+00:00\",\"dateModified\":\"2025-09-24T10:40:05+00:00\",\"breadcrumb\":{\"@id\":\"https:\/\/seubert-fruechte.de\/index.php\/produkt\/petersilie-kuechenfertig-schale-500gr\/#breadcrumb\"},\"inLanguage\":\"de\",\"potentialAction\":[{\"@type\":\"ReadAction\",\"target\":[\"https:\/\/seubert-fruechte.de\/index.php\/produkt\/petersilie-kuechenfertig-schale-500gr\/\"]}]},{\"@type\":\"ImageObject\",\"inLanguage\":\"de\",\"@id\":\"https:\/\/seubert-fruechte.de\/index.php\/produkt\/petersilie-kuechenfertig-schale-500gr\/#primaryimage\",\"url\":\"https:\/\/seubert-fruechte.de\/wp-content\/uploads\/2025\/09\/Petersilie-kraus.jpg\",\"contentUrl\":\"https:\/\/seubert-fruechte.de\/wp-content\/uploads\/2025\/09\/Petersilie-kraus.jpg\",\"width\":1280,\"height\":853},{\"@type\":\"BreadcrumbList\",\"@id\":\"https:\/\/seubert-fruechte.de\/index.php\/produkt\/petersilie-kuechenfertig-schale-500gr\/#breadcrumb\",\"itemListElement\":[{\"@type\":\"ListItem\",\"position\":1,\"name\":\"Startseite\",\"item\":\"https:\/\/seubert-fruechte.de\/\"},{\"@type\":\"ListItem\",\"position\":2,\"name\":\"Shop\",\"item\":\"https:\/\/seubert-fruechte.de\/index.php\/shop\/\"},{\"@type\":\"ListItem\",\"position\":3,\"name\":\"Petersilie k\u00fcchenfertig Schale 500gr\"}]},{\"@type\":\"WebSite\",\"@id\":\"https:\/\/seubert-fruechte.de\/#website\",\"url\":\"https:\/\/seubert-fruechte.de\/\",\"name\":\"Seubert Fr\u00fcchte\",\"description\":\"\",\"potentialAction\":[{\"@type\":\"SearchAction\",\"target\":{\"@type\":\"EntryPoint\",\"urlTemplate\":\"https:\/\/seubert-fruechte.de\/?s={search_term_string}\"},\"query-input\":{\"@type\":\"PropertyValueSpecification\",\"valueRequired\":true,\"valueName\":\"search_term_string\"}}],\"inLanguage\":\"de\"}]}<\/script>\n<!-- \/ Yoast SEO plugin. -->","yoast_head_json":{"title":"Petersilie k\u00fcchenfertig Schale 500gr - Seubert Fr\u00fcchte","robots":{"index":"index","follow":"follow","max-snippet":"max-snippet:-1","max-image-preview":"max-image-preview:large","max-video-preview":"max-video-preview:-1"},"canonical":"https:\/\/seubert-fruechte.de\/index.php\/produkt\/petersilie-kuechenfertig-schale-500gr\/","og_locale":"de_DE","og_type":"article","og_title":"Petersilie k\u00fcchenfertig Schale 500gr - Seubert Fr\u00fcchte","og_description":"Unsere geschnittene, k\u00fcchenfertige Petersilie wird frisch geerntet, sorgf\u00e4ltig gewaschen, geschnitten und direkt verzehrfertig verpackt. Sie \u00fcberzeugt mit ihrem intensiv-gr\u00fcnen Blattwerk, dem w\u00fcrzig-aromatischen Geschmack und spart wertvolle Vorbereitungszeit in der K\u00fcche. Ob als Garnitur, Zutat in Suppen, Salaten, Saucen oder warmen Gerichten \u2013 diese Petersilie ist ein unverzichtbarer K\u00fcchenklassiker f\u00fcr Gastronomie, Catering und den Einzelhandel. Hinweis [&hellip;]","og_url":"https:\/\/seubert-fruechte.de\/index.php\/produkt\/petersilie-kuechenfertig-schale-500gr\/","og_site_name":"Seubert Fr\u00fcchte","article_modified_time":"2025-09-24T10:40:05+00:00","og_image":[{"width":1280,"height":853,"url":"https:\/\/seubert-fruechte.de\/wp-content\/uploads\/2025\/09\/Petersilie-kraus.jpg","type":"image\/jpeg"}],"twitter_card":"summary_large_image","twitter_misc":{"Gesch\u00e4tzte Lesezeit":"1\u00a0Minute"},"schema":{"@context":"https:\/\/schema.org","@graph":[{"@type":"WebPage","@id":"https:\/\/seubert-fruechte.de\/index.php\/produkt\/petersilie-kuechenfertig-schale-500gr\/","url":"https:\/\/seubert-fruechte.de\/index.php\/produkt\/petersilie-kuechenfertig-schale-500gr\/","name":"Petersilie k\u00fcchenfertig Schale 500gr - Seubert Fr\u00fcchte","isPartOf":{"@id":"https:\/\/seubert-fruechte.de\/#website"},"primaryImageOfPage":{"@id":"https:\/\/seubert-fruechte.de\/index.php\/produkt\/petersilie-kuechenfertig-schale-500gr\/#primaryimage"},"image":{"@id":"https:\/\/seubert-fruechte.de\/index.php\/produkt\/petersilie-kuechenfertig-schale-500gr\/#primaryimage"},"thumbnailUrl":"https:\/\/seubert-fruechte.de\/wp-content\/uploads\/2025\/09\/Petersilie-kraus.jpg","datePublished":"2025-09-24T10:40:04+00:00","dateModified":"2025-09-24T10:40:05+00:00","breadcrumb":{"@id":"https:\/\/seubert-fruechte.de\/index.php\/produkt\/petersilie-kuechenfertig-schale-500gr\/#breadcrumb"},"inLanguage":"de","potentialAction":[{"@type":"ReadAction","target":["https:\/\/seubert-fruechte.de\/index.php\/produkt\/petersilie-kuechenfertig-schale-500gr\/"]}]},{"@type":"ImageObject","inLanguage":"de","@id":"https:\/\/seubert-fruechte.de\/index.php\/produkt\/petersilie-kuechenfertig-schale-500gr\/#primaryimage","url":"https:\/\/seubert-fruechte.de\/wp-content\/uploads\/2025\/09\/Petersilie-kraus.jpg","contentUrl":"https:\/\/seubert-fruechte.de\/wp-content\/uploads\/2025\/09\/Petersilie-kraus.jpg","width":1280,"height":853},{"@type":"BreadcrumbList","@id":"https:\/\/seubert-fruechte.de\/index.php\/produkt\/petersilie-kuechenfertig-schale-500gr\/#breadcrumb","itemListElement":[{"@type":"ListItem","position":1,"name":"Startseite","item":"https:\/\/seubert-fruechte.de\/"},{"@type":"ListItem","position":2,"name":"Shop","item":"https:\/\/seubert-fruechte.de\/index.php\/shop\/"},{"@type":"ListItem","position":3,"name":"Petersilie k\u00fcchenfertig Schale 500gr"}]},{"@type":"WebSite","@id":"https:\/\/seubert-fruechte.de\/#website","url":"https:\/\/seubert-fruechte.de\/","name":"Seubert Fr\u00fcchte","description":"","potentialAction":[{"@type":"SearchAction","target":{"@type":"EntryPoint","urlTemplate":"https:\/\/seubert-fruechte.de\/?s={search_term_string}"},"query-input":{"@type":"PropertyValueSpecification","valueRequired":true,"valueName":"search_term_string"}}],"inLanguage":"de"}]}},"_links":{"self":[{"href":"https:\/\/seubert-fruechte.de\/index.php\/wp-json\/wp\/v2\/product\/479","targetHints":{"allow":["GET"]}}],"collection":[{"href":"https:\/\/seubert-fruechte.de\/index.php\/wp-json\/wp\/v2\/product"}],"about":[{"href":"https:\/\/seubert-fruechte.de\/index.php\/wp-json\/wp\/v2\/types\/product"}],"replies":[{"embeddable":true,"href":"https:\/\/seubert-fruechte.de\/index.php\/wp-json\/wp\/v2\/comments?post=479"}],"wp:featuredmedia":[{"embeddable":true,"href":"https:\/\/seubert-fruechte.de\/index.php\/wp-json\/wp\/v2\/media\/275"}],"wp:attachment":[{"href":"https:\/\/seubert-fruechte.de\/index.php\/wp-json\/wp\/v2\/media?parent=479"}],"wp:term":[{"taxonomy":"product_brand","embeddable":true,"href":"https:\/\/seubert-fruechte.de\/index.php\/wp-json\/wp\/v2\/product_brand?post=479"},{"taxonomy":"product_cat","embeddable":true,"href":"https:\/\/seubert-fruechte.de\/index.php\/wp-json\/wp\/v2\/product_cat?post=479"},{"taxonomy":"product_tag","embeddable":true,"href":"https:\/\/seubert-fruechte.de\/index.php\/wp-json\/wp\/v2\/product_tag?post=479"}],"curies":[{"name":"wp","href":"https:\/\/api.w.org\/{rel}","templated":true}]}}