{"id":475,"date":"2025-09-23T12:01:26","date_gmt":"2025-09-23T10:01:26","guid":{"rendered":"https:\/\/seubert-fruechte.de\/?post_type=product&#038;p=475"},"modified":"2025-09-23T12:01:26","modified_gmt":"2025-09-23T10:01:26","slug":"wurzelpetersilie-kg","status":"publish","type":"product","link":"https:\/\/seubert-fruechte.de\/index.php\/produkt\/wurzelpetersilie-kg\/","title":{"rendered":"Wurzelpetersilie kg"},"content":{"rendered":"<p data-start=\"112\" data-end=\"290\">Unsere <strong data-start=\"185\" data-end=\"205\">Wurzelpetersilie<\/strong> besticht durch ihre cremewei\u00dfe, l\u00e4ngliche Wurzel und ihr w\u00fcrzig-intensives Aroma, das an Sellerie erinnert, aber feiner und milder ist. Sie liefert wertvolle Vitamine, Mineralstoffe und Ballaststoffe und ist sowohl als Gem\u00fcse wie auch als Gew\u00fcrz in der K\u00fcche vielseitig einsetzbar. Ob in Suppen, Eint\u00f6pfen, Schmorgerichten, als P\u00fcree oder im Ofengem\u00fcse \u2013 Wurzelpetersilie ist ein echter Allrounder f\u00fcr Gastronomie, Catering und den Einzelhandel.<\/p>\n<p data-start=\"136\" data-end=\"366\"><strong>Hinweis zur Menge:\u00a0<\/strong><\/p>\n<p data-start=\"136\" data-end=\"366\">Menge 1 entspricht einem Kilogramm<\/p>\n","protected":false},"excerpt":{"rendered":"<p>Unsere Wurzelpetersilie besticht durch ihre cremewei\u00dfe, l\u00e4ngliche Wurzel und ihr w\u00fcrzig-intensives Aroma, das an Sellerie erinnert, aber feiner und milder ist. Sie liefert wertvolle Vitamine, Mineralstoffe und Ballaststoffe und ist sowohl als Gem\u00fcse wie auch als Gew\u00fcrz in der K\u00fcche vielseitig einsetzbar. Ob in Suppen, Eint\u00f6pfen, Schmorgerichten, als P\u00fcree oder im Ofengem\u00fcse \u2013 Wurzelpetersilie ist [&hellip;]<\/p>\n","protected":false},"featured_media":426,"comment_status":"closed","ping_status":"closed","template":"","meta":[],"product_brand":[],"product_cat":[18],"product_tag":[],"class_list":{"0":"post-475","1":"product","2":"type-product","3":"status-publish","4":"has-post-thumbnail","6":"product_cat-gemuese","8":"first","9":"instock","10":"shipping-taxable","11":"product-type-simple"},"yoast_head":"<!-- This site is optimized with the Yoast SEO plugin v26.1.1 - https:\/\/yoast.com\/wordpress\/plugins\/seo\/ -->\n<title>Wurzelpetersilie kg - Seubert Fr\u00fcchte<\/title>\n<meta name=\"robots\" content=\"index, follow, max-snippet:-1, max-image-preview:large, max-video-preview:-1\" \/>\n<link rel=\"canonical\" href=\"https:\/\/seubert-fruechte.de\/index.php\/produkt\/wurzelpetersilie-kg\/\" \/>\n<meta property=\"og:locale\" content=\"de_DE\" \/>\n<meta property=\"og:type\" content=\"article\" \/>\n<meta property=\"og:title\" content=\"Wurzelpetersilie kg - Seubert Fr\u00fcchte\" \/>\n<meta property=\"og:description\" content=\"Unsere Wurzelpetersilie besticht durch ihre cremewei\u00dfe, l\u00e4ngliche Wurzel und ihr w\u00fcrzig-intensives Aroma, das an Sellerie erinnert, aber feiner und milder ist. Sie liefert wertvolle Vitamine, Mineralstoffe und Ballaststoffe und ist sowohl als Gem\u00fcse wie auch als Gew\u00fcrz in der K\u00fcche vielseitig einsetzbar. Ob in Suppen, Eint\u00f6pfen, Schmorgerichten, als P\u00fcree oder im Ofengem\u00fcse \u2013 Wurzelpetersilie ist [&hellip;]\" \/>\n<meta property=\"og:url\" content=\"https:\/\/seubert-fruechte.de\/index.php\/produkt\/wurzelpetersilie-kg\/\" \/>\n<meta property=\"og:site_name\" content=\"Seubert Fr\u00fcchte\" \/>\n<meta property=\"og:image\" content=\"https:\/\/seubert-fruechte.de\/wp-content\/uploads\/2025\/09\/Pastinaken.jpg\" \/>\n\t<meta property=\"og:image:width\" content=\"853\" \/>\n\t<meta property=\"og:image:height\" content=\"1280\" \/>\n\t<meta property=\"og:image:type\" content=\"image\/jpeg\" \/>\n<meta name=\"twitter:card\" content=\"summary_large_image\" \/>\n<meta name=\"twitter:label1\" content=\"Gesch\u00e4tzte Lesezeit\" \/>\n\t<meta name=\"twitter:data1\" content=\"1\u00a0Minute\" \/>\n<script type=\"application\/ld+json\" class=\"yoast-schema-graph\">{\"@context\":\"https:\/\/schema.org\",\"@graph\":[{\"@type\":\"WebPage\",\"@id\":\"https:\/\/seubert-fruechte.de\/index.php\/produkt\/wurzelpetersilie-kg\/\",\"url\":\"https:\/\/seubert-fruechte.de\/index.php\/produkt\/wurzelpetersilie-kg\/\",\"name\":\"Wurzelpetersilie kg - Seubert Fr\u00fcchte\",\"isPartOf\":{\"@id\":\"https:\/\/seubert-fruechte.de\/#website\"},\"primaryImageOfPage\":{\"@id\":\"https:\/\/seubert-fruechte.de\/index.php\/produkt\/wurzelpetersilie-kg\/#primaryimage\"},\"image\":{\"@id\":\"https:\/\/seubert-fruechte.de\/index.php\/produkt\/wurzelpetersilie-kg\/#primaryimage\"},\"thumbnailUrl\":\"https:\/\/seubert-fruechte.de\/wp-content\/uploads\/2025\/09\/Pastinaken.jpg\",\"datePublished\":\"2025-09-23T10:01:26+00:00\",\"breadcrumb\":{\"@id\":\"https:\/\/seubert-fruechte.de\/index.php\/produkt\/wurzelpetersilie-kg\/#breadcrumb\"},\"inLanguage\":\"de\",\"potentialAction\":[{\"@type\":\"ReadAction\",\"target\":[\"https:\/\/seubert-fruechte.de\/index.php\/produkt\/wurzelpetersilie-kg\/\"]}]},{\"@type\":\"ImageObject\",\"inLanguage\":\"de\",\"@id\":\"https:\/\/seubert-fruechte.de\/index.php\/produkt\/wurzelpetersilie-kg\/#primaryimage\",\"url\":\"https:\/\/seubert-fruechte.de\/wp-content\/uploads\/2025\/09\/Pastinaken.jpg\",\"contentUrl\":\"https:\/\/seubert-fruechte.de\/wp-content\/uploads\/2025\/09\/Pastinaken.jpg\",\"width\":853,\"height\":1280},{\"@type\":\"BreadcrumbList\",\"@id\":\"https:\/\/seubert-fruechte.de\/index.php\/produkt\/wurzelpetersilie-kg\/#breadcrumb\",\"itemListElement\":[{\"@type\":\"ListItem\",\"position\":1,\"name\":\"Startseite\",\"item\":\"https:\/\/seubert-fruechte.de\/\"},{\"@type\":\"ListItem\",\"position\":2,\"name\":\"Shop\",\"item\":\"https:\/\/seubert-fruechte.de\/index.php\/shop\/\"},{\"@type\":\"ListItem\",\"position\":3,\"name\":\"Wurzelpetersilie kg\"}]},{\"@type\":\"WebSite\",\"@id\":\"https:\/\/seubert-fruechte.de\/#website\",\"url\":\"https:\/\/seubert-fruechte.de\/\",\"name\":\"Seubert Fr\u00fcchte\",\"description\":\"\",\"potentialAction\":[{\"@type\":\"SearchAction\",\"target\":{\"@type\":\"EntryPoint\",\"urlTemplate\":\"https:\/\/seubert-fruechte.de\/?s={search_term_string}\"},\"query-input\":{\"@type\":\"PropertyValueSpecification\",\"valueRequired\":true,\"valueName\":\"search_term_string\"}}],\"inLanguage\":\"de\"}]}<\/script>\n<!-- \/ Yoast SEO plugin. -->","yoast_head_json":{"title":"Wurzelpetersilie kg - Seubert Fr\u00fcchte","robots":{"index":"index","follow":"follow","max-snippet":"max-snippet:-1","max-image-preview":"max-image-preview:large","max-video-preview":"max-video-preview:-1"},"canonical":"https:\/\/seubert-fruechte.de\/index.php\/produkt\/wurzelpetersilie-kg\/","og_locale":"de_DE","og_type":"article","og_title":"Wurzelpetersilie kg - Seubert Fr\u00fcchte","og_description":"Unsere Wurzelpetersilie besticht durch ihre cremewei\u00dfe, l\u00e4ngliche Wurzel und ihr w\u00fcrzig-intensives Aroma, das an Sellerie erinnert, aber feiner und milder ist. Sie liefert wertvolle Vitamine, Mineralstoffe und Ballaststoffe und ist sowohl als Gem\u00fcse wie auch als Gew\u00fcrz in der K\u00fcche vielseitig einsetzbar. Ob in Suppen, Eint\u00f6pfen, Schmorgerichten, als P\u00fcree oder im Ofengem\u00fcse \u2013 Wurzelpetersilie ist [&hellip;]","og_url":"https:\/\/seubert-fruechte.de\/index.php\/produkt\/wurzelpetersilie-kg\/","og_site_name":"Seubert Fr\u00fcchte","og_image":[{"width":853,"height":1280,"url":"https:\/\/seubert-fruechte.de\/wp-content\/uploads\/2025\/09\/Pastinaken.jpg","type":"image\/jpeg"}],"twitter_card":"summary_large_image","twitter_misc":{"Gesch\u00e4tzte Lesezeit":"1\u00a0Minute"},"schema":{"@context":"https:\/\/schema.org","@graph":[{"@type":"WebPage","@id":"https:\/\/seubert-fruechte.de\/index.php\/produkt\/wurzelpetersilie-kg\/","url":"https:\/\/seubert-fruechte.de\/index.php\/produkt\/wurzelpetersilie-kg\/","name":"Wurzelpetersilie kg - Seubert Fr\u00fcchte","isPartOf":{"@id":"https:\/\/seubert-fruechte.de\/#website"},"primaryImageOfPage":{"@id":"https:\/\/seubert-fruechte.de\/index.php\/produkt\/wurzelpetersilie-kg\/#primaryimage"},"image":{"@id":"https:\/\/seubert-fruechte.de\/index.php\/produkt\/wurzelpetersilie-kg\/#primaryimage"},"thumbnailUrl":"https:\/\/seubert-fruechte.de\/wp-content\/uploads\/2025\/09\/Pastinaken.jpg","datePublished":"2025-09-23T10:01:26+00:00","breadcrumb":{"@id":"https:\/\/seubert-fruechte.de\/index.php\/produkt\/wurzelpetersilie-kg\/#breadcrumb"},"inLanguage":"de","potentialAction":[{"@type":"ReadAction","target":["https:\/\/seubert-fruechte.de\/index.php\/produkt\/wurzelpetersilie-kg\/"]}]},{"@type":"ImageObject","inLanguage":"de","@id":"https:\/\/seubert-fruechte.de\/index.php\/produkt\/wurzelpetersilie-kg\/#primaryimage","url":"https:\/\/seubert-fruechte.de\/wp-content\/uploads\/2025\/09\/Pastinaken.jpg","contentUrl":"https:\/\/seubert-fruechte.de\/wp-content\/uploads\/2025\/09\/Pastinaken.jpg","width":853,"height":1280},{"@type":"BreadcrumbList","@id":"https:\/\/seubert-fruechte.de\/index.php\/produkt\/wurzelpetersilie-kg\/#breadcrumb","itemListElement":[{"@type":"ListItem","position":1,"name":"Startseite","item":"https:\/\/seubert-fruechte.de\/"},{"@type":"ListItem","position":2,"name":"Shop","item":"https:\/\/seubert-fruechte.de\/index.php\/shop\/"},{"@type":"ListItem","position":3,"name":"Wurzelpetersilie kg"}]},{"@type":"WebSite","@id":"https:\/\/seubert-fruechte.de\/#website","url":"https:\/\/seubert-fruechte.de\/","name":"Seubert Fr\u00fcchte","description":"","potentialAction":[{"@type":"SearchAction","target":{"@type":"EntryPoint","urlTemplate":"https:\/\/seubert-fruechte.de\/?s={search_term_string}"},"query-input":{"@type":"PropertyValueSpecification","valueRequired":true,"valueName":"search_term_string"}}],"inLanguage":"de"}]}},"_links":{"self":[{"href":"https:\/\/seubert-fruechte.de\/index.php\/wp-json\/wp\/v2\/product\/475","targetHints":{"allow":["GET"]}}],"collection":[{"href":"https:\/\/seubert-fruechte.de\/index.php\/wp-json\/wp\/v2\/product"}],"about":[{"href":"https:\/\/seubert-fruechte.de\/index.php\/wp-json\/wp\/v2\/types\/product"}],"replies":[{"embeddable":true,"href":"https:\/\/seubert-fruechte.de\/index.php\/wp-json\/wp\/v2\/comments?post=475"}],"wp:featuredmedia":[{"embeddable":true,"href":"https:\/\/seubert-fruechte.de\/index.php\/wp-json\/wp\/v2\/media\/426"}],"wp:attachment":[{"href":"https:\/\/seubert-fruechte.de\/index.php\/wp-json\/wp\/v2\/media?parent=475"}],"wp:term":[{"taxonomy":"product_brand","embeddable":true,"href":"https:\/\/seubert-fruechte.de\/index.php\/wp-json\/wp\/v2\/product_brand?post=475"},{"taxonomy":"product_cat","embeddable":true,"href":"https:\/\/seubert-fruechte.de\/index.php\/wp-json\/wp\/v2\/product_cat?post=475"},{"taxonomy":"product_tag","embeddable":true,"href":"https:\/\/seubert-fruechte.de\/index.php\/wp-json\/wp\/v2\/product_tag?post=475"}],"curies":[{"name":"wp","href":"https:\/\/api.w.org\/{rel}","templated":true}]}}