{"id":470,"date":"2025-09-23T11:41:40","date_gmt":"2025-09-23T09:41:40","guid":{"rendered":"https:\/\/seubert-fruechte.de\/?post_type=product&#038;p=470"},"modified":"2025-09-23T11:47:47","modified_gmt":"2025-09-23T09:47:47","slug":"cocktailtomate-roma-kiste","status":"publish","type":"product","link":"https:\/\/seubert-fruechte.de\/index.php\/produkt\/cocktailtomate-roma-kiste\/","title":{"rendered":"Cocktailtomate Roma Kiste"},"content":{"rendered":"<p data-start=\"112\" data-end=\"290\">Unsere <strong data-start=\"182\" data-end=\"206\">Roma Cocktailtomaten<\/strong> \u00fcberzeugen durch ihre l\u00e4ngliche Form, die leuchtend rote Farbe und ihr intensiv-s\u00fc\u00dfliches Aroma. Das feste Fruchtfleisch mit wenig Kernen macht sie besonders saftig und gleichzeitig angenehm schnittfest. Sie sind reich an Vitaminen, Mineralstoffen und Antioxidantien \u2013 perfekt f\u00fcr frische Salate, mediterrane Gerichte, als Snack oder zum Garnieren.<\/p>\n<p data-start=\"136\" data-end=\"366\"><strong>Verpackung:\u00a0<\/strong>12 Schalen a 250gr<\/p>\n<p data-start=\"136\" data-end=\"366\"><strong>Hinweis zur Menge:\u00a0<\/strong><\/p>\n<p data-start=\"136\" data-end=\"366\">Menge 1 entspricht einer Kiste<\/p>\n","protected":false},"excerpt":{"rendered":"<p>Unsere Roma Cocktailtomaten \u00fcberzeugen durch ihre l\u00e4ngliche Form, die leuchtend rote Farbe und ihr intensiv-s\u00fc\u00dfliches Aroma. Das feste Fruchtfleisch mit wenig Kernen macht sie besonders saftig und gleichzeitig angenehm schnittfest. Sie sind reich an Vitaminen, Mineralstoffen und Antioxidantien \u2013 perfekt f\u00fcr frische Salate, mediterrane Gerichte, als Snack oder zum Garnieren. Verpackung:\u00a012 Schalen a 250gr Hinweis [&hellip;]<\/p>\n","protected":false},"featured_media":469,"comment_status":"closed","ping_status":"closed","template":"","meta":[],"product_brand":[],"product_cat":[18],"product_tag":[],"class_list":{"0":"post-470","1":"product","2":"type-product","3":"status-publish","4":"has-post-thumbnail","6":"product_cat-gemuese","8":"first","9":"instock","10":"shipping-taxable","11":"product-type-simple"},"yoast_head":"<!-- This site is optimized with the Yoast SEO plugin v26.1.1 - https:\/\/yoast.com\/wordpress\/plugins\/seo\/ -->\n<title>Cocktailtomate Roma Kiste - Seubert Fr\u00fcchte<\/title>\n<meta name=\"robots\" content=\"index, follow, max-snippet:-1, max-image-preview:large, max-video-preview:-1\" \/>\n<link rel=\"canonical\" href=\"https:\/\/seubert-fruechte.de\/index.php\/produkt\/cocktailtomate-roma-kiste\/\" \/>\n<meta property=\"og:locale\" content=\"de_DE\" \/>\n<meta property=\"og:type\" content=\"article\" \/>\n<meta property=\"og:title\" content=\"Cocktailtomate Roma Kiste - Seubert Fr\u00fcchte\" \/>\n<meta property=\"og:description\" content=\"Unsere Roma Cocktailtomaten \u00fcberzeugen durch ihre l\u00e4ngliche Form, die leuchtend rote Farbe und ihr intensiv-s\u00fc\u00dfliches Aroma. Das feste Fruchtfleisch mit wenig Kernen macht sie besonders saftig und gleichzeitig angenehm schnittfest. Sie sind reich an Vitaminen, Mineralstoffen und Antioxidantien \u2013 perfekt f\u00fcr frische Salate, mediterrane Gerichte, als Snack oder zum Garnieren. Verpackung:\u00a012 Schalen a 250gr Hinweis [&hellip;]\" \/>\n<meta property=\"og:url\" content=\"https:\/\/seubert-fruechte.de\/index.php\/produkt\/cocktailtomate-roma-kiste\/\" \/>\n<meta property=\"og:site_name\" content=\"Seubert Fr\u00fcchte\" \/>\n<meta property=\"article:modified_time\" content=\"2025-09-23T09:47:47+00:00\" \/>\n<meta property=\"og:image\" content=\"https:\/\/seubert-fruechte.de\/wp-content\/uploads\/2025\/09\/Cocktailtomate-Roma.jpg\" \/>\n\t<meta property=\"og:image:width\" content=\"1280\" \/>\n\t<meta property=\"og:image:height\" content=\"913\" \/>\n\t<meta property=\"og:image:type\" content=\"image\/jpeg\" \/>\n<meta name=\"twitter:card\" content=\"summary_large_image\" \/>\n<meta name=\"twitter:label1\" content=\"Gesch\u00e4tzte Lesezeit\" \/>\n\t<meta name=\"twitter:data1\" content=\"1\u00a0Minute\" \/>\n<script type=\"application\/ld+json\" class=\"yoast-schema-graph\">{\"@context\":\"https:\/\/schema.org\",\"@graph\":[{\"@type\":\"WebPage\",\"@id\":\"https:\/\/seubert-fruechte.de\/index.php\/produkt\/cocktailtomate-roma-kiste\/\",\"url\":\"https:\/\/seubert-fruechte.de\/index.php\/produkt\/cocktailtomate-roma-kiste\/\",\"name\":\"Cocktailtomate Roma Kiste - Seubert Fr\u00fcchte\",\"isPartOf\":{\"@id\":\"https:\/\/seubert-fruechte.de\/#website\"},\"primaryImageOfPage\":{\"@id\":\"https:\/\/seubert-fruechte.de\/index.php\/produkt\/cocktailtomate-roma-kiste\/#primaryimage\"},\"image\":{\"@id\":\"https:\/\/seubert-fruechte.de\/index.php\/produkt\/cocktailtomate-roma-kiste\/#primaryimage\"},\"thumbnailUrl\":\"https:\/\/seubert-fruechte.de\/wp-content\/uploads\/2025\/09\/Cocktailtomate-Roma.jpg\",\"datePublished\":\"2025-09-23T09:41:40+00:00\",\"dateModified\":\"2025-09-23T09:47:47+00:00\",\"breadcrumb\":{\"@id\":\"https:\/\/seubert-fruechte.de\/index.php\/produkt\/cocktailtomate-roma-kiste\/#breadcrumb\"},\"inLanguage\":\"de\",\"potentialAction\":[{\"@type\":\"ReadAction\",\"target\":[\"https:\/\/seubert-fruechte.de\/index.php\/produkt\/cocktailtomate-roma-kiste\/\"]}]},{\"@type\":\"ImageObject\",\"inLanguage\":\"de\",\"@id\":\"https:\/\/seubert-fruechte.de\/index.php\/produkt\/cocktailtomate-roma-kiste\/#primaryimage\",\"url\":\"https:\/\/seubert-fruechte.de\/wp-content\/uploads\/2025\/09\/Cocktailtomate-Roma.jpg\",\"contentUrl\":\"https:\/\/seubert-fruechte.de\/wp-content\/uploads\/2025\/09\/Cocktailtomate-Roma.jpg\",\"width\":1280,\"height\":913},{\"@type\":\"BreadcrumbList\",\"@id\":\"https:\/\/seubert-fruechte.de\/index.php\/produkt\/cocktailtomate-roma-kiste\/#breadcrumb\",\"itemListElement\":[{\"@type\":\"ListItem\",\"position\":1,\"name\":\"Startseite\",\"item\":\"https:\/\/seubert-fruechte.de\/\"},{\"@type\":\"ListItem\",\"position\":2,\"name\":\"Shop\",\"item\":\"https:\/\/seubert-fruechte.de\/index.php\/shop\/\"},{\"@type\":\"ListItem\",\"position\":3,\"name\":\"Cocktailtomate Roma Kiste\"}]},{\"@type\":\"WebSite\",\"@id\":\"https:\/\/seubert-fruechte.de\/#website\",\"url\":\"https:\/\/seubert-fruechte.de\/\",\"name\":\"Seubert Fr\u00fcchte\",\"description\":\"\",\"potentialAction\":[{\"@type\":\"SearchAction\",\"target\":{\"@type\":\"EntryPoint\",\"urlTemplate\":\"https:\/\/seubert-fruechte.de\/?s={search_term_string}\"},\"query-input\":{\"@type\":\"PropertyValueSpecification\",\"valueRequired\":true,\"valueName\":\"search_term_string\"}}],\"inLanguage\":\"de\"}]}<\/script>\n<!-- \/ Yoast SEO plugin. -->","yoast_head_json":{"title":"Cocktailtomate Roma Kiste - Seubert Fr\u00fcchte","robots":{"index":"index","follow":"follow","max-snippet":"max-snippet:-1","max-image-preview":"max-image-preview:large","max-video-preview":"max-video-preview:-1"},"canonical":"https:\/\/seubert-fruechte.de\/index.php\/produkt\/cocktailtomate-roma-kiste\/","og_locale":"de_DE","og_type":"article","og_title":"Cocktailtomate Roma Kiste - Seubert Fr\u00fcchte","og_description":"Unsere Roma Cocktailtomaten \u00fcberzeugen durch ihre l\u00e4ngliche Form, die leuchtend rote Farbe und ihr intensiv-s\u00fc\u00dfliches Aroma. Das feste Fruchtfleisch mit wenig Kernen macht sie besonders saftig und gleichzeitig angenehm schnittfest. Sie sind reich an Vitaminen, Mineralstoffen und Antioxidantien \u2013 perfekt f\u00fcr frische Salate, mediterrane Gerichte, als Snack oder zum Garnieren. Verpackung:\u00a012 Schalen a 250gr Hinweis [&hellip;]","og_url":"https:\/\/seubert-fruechte.de\/index.php\/produkt\/cocktailtomate-roma-kiste\/","og_site_name":"Seubert Fr\u00fcchte","article_modified_time":"2025-09-23T09:47:47+00:00","og_image":[{"width":1280,"height":913,"url":"https:\/\/seubert-fruechte.de\/wp-content\/uploads\/2025\/09\/Cocktailtomate-Roma.jpg","type":"image\/jpeg"}],"twitter_card":"summary_large_image","twitter_misc":{"Gesch\u00e4tzte Lesezeit":"1\u00a0Minute"},"schema":{"@context":"https:\/\/schema.org","@graph":[{"@type":"WebPage","@id":"https:\/\/seubert-fruechte.de\/index.php\/produkt\/cocktailtomate-roma-kiste\/","url":"https:\/\/seubert-fruechte.de\/index.php\/produkt\/cocktailtomate-roma-kiste\/","name":"Cocktailtomate Roma Kiste - Seubert Fr\u00fcchte","isPartOf":{"@id":"https:\/\/seubert-fruechte.de\/#website"},"primaryImageOfPage":{"@id":"https:\/\/seubert-fruechte.de\/index.php\/produkt\/cocktailtomate-roma-kiste\/#primaryimage"},"image":{"@id":"https:\/\/seubert-fruechte.de\/index.php\/produkt\/cocktailtomate-roma-kiste\/#primaryimage"},"thumbnailUrl":"https:\/\/seubert-fruechte.de\/wp-content\/uploads\/2025\/09\/Cocktailtomate-Roma.jpg","datePublished":"2025-09-23T09:41:40+00:00","dateModified":"2025-09-23T09:47:47+00:00","breadcrumb":{"@id":"https:\/\/seubert-fruechte.de\/index.php\/produkt\/cocktailtomate-roma-kiste\/#breadcrumb"},"inLanguage":"de","potentialAction":[{"@type":"ReadAction","target":["https:\/\/seubert-fruechte.de\/index.php\/produkt\/cocktailtomate-roma-kiste\/"]}]},{"@type":"ImageObject","inLanguage":"de","@id":"https:\/\/seubert-fruechte.de\/index.php\/produkt\/cocktailtomate-roma-kiste\/#primaryimage","url":"https:\/\/seubert-fruechte.de\/wp-content\/uploads\/2025\/09\/Cocktailtomate-Roma.jpg","contentUrl":"https:\/\/seubert-fruechte.de\/wp-content\/uploads\/2025\/09\/Cocktailtomate-Roma.jpg","width":1280,"height":913},{"@type":"BreadcrumbList","@id":"https:\/\/seubert-fruechte.de\/index.php\/produkt\/cocktailtomate-roma-kiste\/#breadcrumb","itemListElement":[{"@type":"ListItem","position":1,"name":"Startseite","item":"https:\/\/seubert-fruechte.de\/"},{"@type":"ListItem","position":2,"name":"Shop","item":"https:\/\/seubert-fruechte.de\/index.php\/shop\/"},{"@type":"ListItem","position":3,"name":"Cocktailtomate Roma Kiste"}]},{"@type":"WebSite","@id":"https:\/\/seubert-fruechte.de\/#website","url":"https:\/\/seubert-fruechte.de\/","name":"Seubert Fr\u00fcchte","description":"","potentialAction":[{"@type":"SearchAction","target":{"@type":"EntryPoint","urlTemplate":"https:\/\/seubert-fruechte.de\/?s={search_term_string}"},"query-input":{"@type":"PropertyValueSpecification","valueRequired":true,"valueName":"search_term_string"}}],"inLanguage":"de"}]}},"_links":{"self":[{"href":"https:\/\/seubert-fruechte.de\/index.php\/wp-json\/wp\/v2\/product\/470","targetHints":{"allow":["GET"]}}],"collection":[{"href":"https:\/\/seubert-fruechte.de\/index.php\/wp-json\/wp\/v2\/product"}],"about":[{"href":"https:\/\/seubert-fruechte.de\/index.php\/wp-json\/wp\/v2\/types\/product"}],"replies":[{"embeddable":true,"href":"https:\/\/seubert-fruechte.de\/index.php\/wp-json\/wp\/v2\/comments?post=470"}],"wp:featuredmedia":[{"embeddable":true,"href":"https:\/\/seubert-fruechte.de\/index.php\/wp-json\/wp\/v2\/media\/469"}],"wp:attachment":[{"href":"https:\/\/seubert-fruechte.de\/index.php\/wp-json\/wp\/v2\/media?parent=470"}],"wp:term":[{"taxonomy":"product_brand","embeddable":true,"href":"https:\/\/seubert-fruechte.de\/index.php\/wp-json\/wp\/v2\/product_brand?post=470"},{"taxonomy":"product_cat","embeddable":true,"href":"https:\/\/seubert-fruechte.de\/index.php\/wp-json\/wp\/v2\/product_cat?post=470"},{"taxonomy":"product_tag","embeddable":true,"href":"https:\/\/seubert-fruechte.de\/index.php\/wp-json\/wp\/v2\/product_tag?post=470"}],"curies":[{"name":"wp","href":"https:\/\/api.w.org\/{rel}","templated":true}]}}