{"id":466,"date":"2025-09-23T11:36:50","date_gmt":"2025-09-23T09:36:50","guid":{"rendered":"https:\/\/seubert-fruechte.de\/?post_type=product&#038;p=466"},"modified":"2025-09-23T11:36:50","modified_gmt":"2025-09-23T09:36:50","slug":"fleischtomaten-kiste","status":"publish","type":"product","link":"https:\/\/seubert-fruechte.de\/index.php\/produkt\/fleischtomaten-kiste\/","title":{"rendered":"Fleischtomaten Kiste"},"content":{"rendered":"<p data-start=\"112\" data-end=\"290\">Unsere <strong data-start=\"173\" data-end=\"191\">Fleischtomaten<\/strong> \u00fcberzeugen mit ihrer Gr\u00f6\u00dfe, ihrem festen, saftigen Fruchtfleisch und dem aromatisch-s\u00fc\u00dflichen Geschmack. Dank ihres hohen Fruchtanteils und der wenigen Kerne eignen sie sich ideal zum Schneiden, F\u00fcllen, Grillen oder f\u00fcr frische Salate. Reich an Vitaminen, Mineralstoffen und Antioxidantien sind sie ein echtes Multitalent und eine beliebte Wahl f\u00fcr Gastronomie, Catering und den Einzelhandel.<\/p>\n<p data-start=\"112\" data-end=\"290\"><strong data-start=\"585\" data-end=\"600\">Verpackung:<\/strong>\u00a0 7 kg je Kiste<\/p>\n<p data-start=\"136\" data-end=\"366\"><strong>Hinweis zur Menge:\u00a0<\/strong><\/p>\n<p data-start=\"136\" data-end=\"366\">Menge 1 entspricht einer Kiste<\/p>\n","protected":false},"excerpt":{"rendered":"<p>Unsere Fleischtomaten \u00fcberzeugen mit ihrer Gr\u00f6\u00dfe, ihrem festen, saftigen Fruchtfleisch und dem aromatisch-s\u00fc\u00dflichen Geschmack. Dank ihres hohen Fruchtanteils und der wenigen Kerne eignen sie sich ideal zum Schneiden, F\u00fcllen, Grillen oder f\u00fcr frische Salate. Reich an Vitaminen, Mineralstoffen und Antioxidantien sind sie ein echtes Multitalent und eine beliebte Wahl f\u00fcr Gastronomie, Catering und den Einzelhandel. [&hellip;]<\/p>\n","protected":false},"featured_media":467,"comment_status":"closed","ping_status":"closed","template":"","meta":[],"product_brand":[],"product_cat":[18],"product_tag":[],"class_list":{"0":"post-466","1":"product","2":"type-product","3":"status-publish","4":"has-post-thumbnail","6":"product_cat-gemuese","8":"first","9":"instock","10":"shipping-taxable","11":"product-type-simple"},"yoast_head":"<!-- This site is optimized with the Yoast SEO plugin v26.1.1 - https:\/\/yoast.com\/wordpress\/plugins\/seo\/ -->\n<title>Fleischtomaten Kiste - Seubert Fr\u00fcchte<\/title>\n<meta name=\"robots\" content=\"index, follow, max-snippet:-1, max-image-preview:large, max-video-preview:-1\" \/>\n<link rel=\"canonical\" href=\"https:\/\/seubert-fruechte.de\/index.php\/produkt\/fleischtomaten-kiste\/\" \/>\n<meta property=\"og:locale\" content=\"de_DE\" \/>\n<meta property=\"og:type\" content=\"article\" \/>\n<meta property=\"og:title\" content=\"Fleischtomaten Kiste - Seubert Fr\u00fcchte\" \/>\n<meta property=\"og:description\" content=\"Unsere Fleischtomaten \u00fcberzeugen mit ihrer Gr\u00f6\u00dfe, ihrem festen, saftigen Fruchtfleisch und dem aromatisch-s\u00fc\u00dflichen Geschmack. Dank ihres hohen Fruchtanteils und der wenigen Kerne eignen sie sich ideal zum Schneiden, F\u00fcllen, Grillen oder f\u00fcr frische Salate. Reich an Vitaminen, Mineralstoffen und Antioxidantien sind sie ein echtes Multitalent und eine beliebte Wahl f\u00fcr Gastronomie, Catering und den Einzelhandel. [&hellip;]\" \/>\n<meta property=\"og:url\" content=\"https:\/\/seubert-fruechte.de\/index.php\/produkt\/fleischtomaten-kiste\/\" \/>\n<meta property=\"og:site_name\" content=\"Seubert Fr\u00fcchte\" \/>\n<meta property=\"og:image\" content=\"https:\/\/seubert-fruechte.de\/wp-content\/uploads\/2025\/09\/Fleischtomaten.jpg\" \/>\n\t<meta property=\"og:image:width\" content=\"1280\" \/>\n\t<meta property=\"og:image:height\" content=\"853\" \/>\n\t<meta property=\"og:image:type\" content=\"image\/jpeg\" \/>\n<meta name=\"twitter:card\" content=\"summary_large_image\" \/>\n<meta name=\"twitter:label1\" content=\"Gesch\u00e4tzte Lesezeit\" \/>\n\t<meta name=\"twitter:data1\" content=\"1\u00a0Minute\" \/>\n<script type=\"application\/ld+json\" class=\"yoast-schema-graph\">{\"@context\":\"https:\/\/schema.org\",\"@graph\":[{\"@type\":\"WebPage\",\"@id\":\"https:\/\/seubert-fruechte.de\/index.php\/produkt\/fleischtomaten-kiste\/\",\"url\":\"https:\/\/seubert-fruechte.de\/index.php\/produkt\/fleischtomaten-kiste\/\",\"name\":\"Fleischtomaten Kiste - Seubert Fr\u00fcchte\",\"isPartOf\":{\"@id\":\"https:\/\/seubert-fruechte.de\/#website\"},\"primaryImageOfPage\":{\"@id\":\"https:\/\/seubert-fruechte.de\/index.php\/produkt\/fleischtomaten-kiste\/#primaryimage\"},\"image\":{\"@id\":\"https:\/\/seubert-fruechte.de\/index.php\/produkt\/fleischtomaten-kiste\/#primaryimage\"},\"thumbnailUrl\":\"https:\/\/seubert-fruechte.de\/wp-content\/uploads\/2025\/09\/Fleischtomaten.jpg\",\"datePublished\":\"2025-09-23T09:36:50+00:00\",\"breadcrumb\":{\"@id\":\"https:\/\/seubert-fruechte.de\/index.php\/produkt\/fleischtomaten-kiste\/#breadcrumb\"},\"inLanguage\":\"de\",\"potentialAction\":[{\"@type\":\"ReadAction\",\"target\":[\"https:\/\/seubert-fruechte.de\/index.php\/produkt\/fleischtomaten-kiste\/\"]}]},{\"@type\":\"ImageObject\",\"inLanguage\":\"de\",\"@id\":\"https:\/\/seubert-fruechte.de\/index.php\/produkt\/fleischtomaten-kiste\/#primaryimage\",\"url\":\"https:\/\/seubert-fruechte.de\/wp-content\/uploads\/2025\/09\/Fleischtomaten.jpg\",\"contentUrl\":\"https:\/\/seubert-fruechte.de\/wp-content\/uploads\/2025\/09\/Fleischtomaten.jpg\",\"width\":1280,\"height\":853},{\"@type\":\"BreadcrumbList\",\"@id\":\"https:\/\/seubert-fruechte.de\/index.php\/produkt\/fleischtomaten-kiste\/#breadcrumb\",\"itemListElement\":[{\"@type\":\"ListItem\",\"position\":1,\"name\":\"Startseite\",\"item\":\"https:\/\/seubert-fruechte.de\/\"},{\"@type\":\"ListItem\",\"position\":2,\"name\":\"Shop\",\"item\":\"https:\/\/seubert-fruechte.de\/index.php\/shop\/\"},{\"@type\":\"ListItem\",\"position\":3,\"name\":\"Fleischtomaten Kiste\"}]},{\"@type\":\"WebSite\",\"@id\":\"https:\/\/seubert-fruechte.de\/#website\",\"url\":\"https:\/\/seubert-fruechte.de\/\",\"name\":\"Seubert Fr\u00fcchte\",\"description\":\"\",\"potentialAction\":[{\"@type\":\"SearchAction\",\"target\":{\"@type\":\"EntryPoint\",\"urlTemplate\":\"https:\/\/seubert-fruechte.de\/?s={search_term_string}\"},\"query-input\":{\"@type\":\"PropertyValueSpecification\",\"valueRequired\":true,\"valueName\":\"search_term_string\"}}],\"inLanguage\":\"de\"}]}<\/script>\n<!-- \/ Yoast SEO plugin. -->","yoast_head_json":{"title":"Fleischtomaten Kiste - Seubert Fr\u00fcchte","robots":{"index":"index","follow":"follow","max-snippet":"max-snippet:-1","max-image-preview":"max-image-preview:large","max-video-preview":"max-video-preview:-1"},"canonical":"https:\/\/seubert-fruechte.de\/index.php\/produkt\/fleischtomaten-kiste\/","og_locale":"de_DE","og_type":"article","og_title":"Fleischtomaten Kiste - Seubert Fr\u00fcchte","og_description":"Unsere Fleischtomaten \u00fcberzeugen mit ihrer Gr\u00f6\u00dfe, ihrem festen, saftigen Fruchtfleisch und dem aromatisch-s\u00fc\u00dflichen Geschmack. Dank ihres hohen Fruchtanteils und der wenigen Kerne eignen sie sich ideal zum Schneiden, F\u00fcllen, Grillen oder f\u00fcr frische Salate. Reich an Vitaminen, Mineralstoffen und Antioxidantien sind sie ein echtes Multitalent und eine beliebte Wahl f\u00fcr Gastronomie, Catering und den Einzelhandel. [&hellip;]","og_url":"https:\/\/seubert-fruechte.de\/index.php\/produkt\/fleischtomaten-kiste\/","og_site_name":"Seubert Fr\u00fcchte","og_image":[{"width":1280,"height":853,"url":"https:\/\/seubert-fruechte.de\/wp-content\/uploads\/2025\/09\/Fleischtomaten.jpg","type":"image\/jpeg"}],"twitter_card":"summary_large_image","twitter_misc":{"Gesch\u00e4tzte Lesezeit":"1\u00a0Minute"},"schema":{"@context":"https:\/\/schema.org","@graph":[{"@type":"WebPage","@id":"https:\/\/seubert-fruechte.de\/index.php\/produkt\/fleischtomaten-kiste\/","url":"https:\/\/seubert-fruechte.de\/index.php\/produkt\/fleischtomaten-kiste\/","name":"Fleischtomaten Kiste - Seubert Fr\u00fcchte","isPartOf":{"@id":"https:\/\/seubert-fruechte.de\/#website"},"primaryImageOfPage":{"@id":"https:\/\/seubert-fruechte.de\/index.php\/produkt\/fleischtomaten-kiste\/#primaryimage"},"image":{"@id":"https:\/\/seubert-fruechte.de\/index.php\/produkt\/fleischtomaten-kiste\/#primaryimage"},"thumbnailUrl":"https:\/\/seubert-fruechte.de\/wp-content\/uploads\/2025\/09\/Fleischtomaten.jpg","datePublished":"2025-09-23T09:36:50+00:00","breadcrumb":{"@id":"https:\/\/seubert-fruechte.de\/index.php\/produkt\/fleischtomaten-kiste\/#breadcrumb"},"inLanguage":"de","potentialAction":[{"@type":"ReadAction","target":["https:\/\/seubert-fruechte.de\/index.php\/produkt\/fleischtomaten-kiste\/"]}]},{"@type":"ImageObject","inLanguage":"de","@id":"https:\/\/seubert-fruechte.de\/index.php\/produkt\/fleischtomaten-kiste\/#primaryimage","url":"https:\/\/seubert-fruechte.de\/wp-content\/uploads\/2025\/09\/Fleischtomaten.jpg","contentUrl":"https:\/\/seubert-fruechte.de\/wp-content\/uploads\/2025\/09\/Fleischtomaten.jpg","width":1280,"height":853},{"@type":"BreadcrumbList","@id":"https:\/\/seubert-fruechte.de\/index.php\/produkt\/fleischtomaten-kiste\/#breadcrumb","itemListElement":[{"@type":"ListItem","position":1,"name":"Startseite","item":"https:\/\/seubert-fruechte.de\/"},{"@type":"ListItem","position":2,"name":"Shop","item":"https:\/\/seubert-fruechte.de\/index.php\/shop\/"},{"@type":"ListItem","position":3,"name":"Fleischtomaten Kiste"}]},{"@type":"WebSite","@id":"https:\/\/seubert-fruechte.de\/#website","url":"https:\/\/seubert-fruechte.de\/","name":"Seubert Fr\u00fcchte","description":"","potentialAction":[{"@type":"SearchAction","target":{"@type":"EntryPoint","urlTemplate":"https:\/\/seubert-fruechte.de\/?s={search_term_string}"},"query-input":{"@type":"PropertyValueSpecification","valueRequired":true,"valueName":"search_term_string"}}],"inLanguage":"de"}]}},"_links":{"self":[{"href":"https:\/\/seubert-fruechte.de\/index.php\/wp-json\/wp\/v2\/product\/466","targetHints":{"allow":["GET"]}}],"collection":[{"href":"https:\/\/seubert-fruechte.de\/index.php\/wp-json\/wp\/v2\/product"}],"about":[{"href":"https:\/\/seubert-fruechte.de\/index.php\/wp-json\/wp\/v2\/types\/product"}],"replies":[{"embeddable":true,"href":"https:\/\/seubert-fruechte.de\/index.php\/wp-json\/wp\/v2\/comments?post=466"}],"wp:featuredmedia":[{"embeddable":true,"href":"https:\/\/seubert-fruechte.de\/index.php\/wp-json\/wp\/v2\/media\/467"}],"wp:attachment":[{"href":"https:\/\/seubert-fruechte.de\/index.php\/wp-json\/wp\/v2\/media?parent=466"}],"wp:term":[{"taxonomy":"product_brand","embeddable":true,"href":"https:\/\/seubert-fruechte.de\/index.php\/wp-json\/wp\/v2\/product_brand?post=466"},{"taxonomy":"product_cat","embeddable":true,"href":"https:\/\/seubert-fruechte.de\/index.php\/wp-json\/wp\/v2\/product_cat?post=466"},{"taxonomy":"product_tag","embeddable":true,"href":"https:\/\/seubert-fruechte.de\/index.php\/wp-json\/wp\/v2\/product_tag?post=466"}],"curies":[{"name":"wp","href":"https:\/\/api.w.org\/{rel}","templated":true}]}}