{"id":457,"date":"2025-09-18T16:06:19","date_gmt":"2025-09-18T14:06:19","guid":{"rendered":"https:\/\/seubert-fruechte.de\/?post_type=product&#038;p=457"},"modified":"2025-09-18T16:06:19","modified_gmt":"2025-09-18T14:06:19","slug":"cocktailtomate-mit-stiel-kiste","status":"publish","type":"product","link":"https:\/\/seubert-fruechte.de\/index.php\/produkt\/cocktailtomate-mit-stiel-kiste\/","title":{"rendered":"Cocktailtomate mit Stiel Kiste"},"content":{"rendered":"<p data-start=\"112\" data-end=\"290\">Unsere <strong data-start=\"170\" data-end=\"187\">Rispentomaten<\/strong> \u00fcberzeugen durch ihre leuchtend rote Farbe, den intensiven Duft und ihr saftig-aromatisches Fruchtfleisch. Sie reifen am Strauch und bleiben an der Rispe, was nicht nur f\u00fcr ein besonders intensives Aroma sorgt, sondern auch eine ansprechende Pr\u00e4sentation erm\u00f6glicht. Reich an Vitaminen, Mineralstoffen und Antioxidantien sind sie vielseitig einsetzbar \u2013 von frischen Salaten \u00fcber Sandwiches bis hin zu warmen Gerichten.<\/p>\n<p data-start=\"112\" data-end=\"290\"><strong data-start=\"585\" data-end=\"600\">Verpackung:<\/strong>\u00a0 3 kg je Kiste<\/p>\n<p data-start=\"136\" data-end=\"366\"><strong>Hinweis zur Menge:\u00a0<\/strong><\/p>\n<p data-start=\"136\" data-end=\"366\">Menge 1 entspricht einer Kiste<\/p>\n","protected":false},"excerpt":{"rendered":"<p>Unsere Rispentomaten \u00fcberzeugen durch ihre leuchtend rote Farbe, den intensiven Duft und ihr saftig-aromatisches Fruchtfleisch. Sie reifen am Strauch und bleiben an der Rispe, was nicht nur f\u00fcr ein besonders intensives Aroma sorgt, sondern auch eine ansprechende Pr\u00e4sentation erm\u00f6glicht. Reich an Vitaminen, Mineralstoffen und Antioxidantien sind sie vielseitig einsetzbar \u2013 von frischen Salaten \u00fcber Sandwiches [&hellip;]<\/p>\n","protected":false},"featured_media":458,"comment_status":"closed","ping_status":"closed","template":"","meta":[],"product_brand":[],"product_cat":[18],"product_tag":[],"class_list":{"0":"post-457","1":"product","2":"type-product","3":"status-publish","4":"has-post-thumbnail","6":"product_cat-gemuese","8":"first","9":"instock","10":"shipping-taxable","11":"product-type-simple"},"yoast_head":"<!-- This site is optimized with the Yoast SEO plugin v26.1.1 - https:\/\/yoast.com\/wordpress\/plugins\/seo\/ -->\n<title>Cocktailtomate mit Stiel Kiste - Seubert Fr\u00fcchte<\/title>\n<meta name=\"robots\" content=\"index, follow, max-snippet:-1, max-image-preview:large, max-video-preview:-1\" \/>\n<link rel=\"canonical\" href=\"https:\/\/seubert-fruechte.de\/index.php\/produkt\/cocktailtomate-mit-stiel-kiste\/\" \/>\n<meta property=\"og:locale\" content=\"de_DE\" \/>\n<meta property=\"og:type\" content=\"article\" \/>\n<meta property=\"og:title\" content=\"Cocktailtomate mit Stiel Kiste - Seubert Fr\u00fcchte\" \/>\n<meta property=\"og:description\" content=\"Unsere Rispentomaten \u00fcberzeugen durch ihre leuchtend rote Farbe, den intensiven Duft und ihr saftig-aromatisches Fruchtfleisch. Sie reifen am Strauch und bleiben an der Rispe, was nicht nur f\u00fcr ein besonders intensives Aroma sorgt, sondern auch eine ansprechende Pr\u00e4sentation erm\u00f6glicht. Reich an Vitaminen, Mineralstoffen und Antioxidantien sind sie vielseitig einsetzbar \u2013 von frischen Salaten \u00fcber Sandwiches [&hellip;]\" \/>\n<meta property=\"og:url\" content=\"https:\/\/seubert-fruechte.de\/index.php\/produkt\/cocktailtomate-mit-stiel-kiste\/\" \/>\n<meta property=\"og:site_name\" content=\"Seubert Fr\u00fcchte\" \/>\n<meta property=\"og:image\" content=\"https:\/\/seubert-fruechte.de\/wp-content\/uploads\/2025\/09\/Cocktailtomate-m.Stiel_.jpg\" \/>\n\t<meta property=\"og:image:width\" content=\"1280\" \/>\n\t<meta property=\"og:image:height\" content=\"920\" \/>\n\t<meta property=\"og:image:type\" content=\"image\/jpeg\" \/>\n<meta name=\"twitter:card\" content=\"summary_large_image\" \/>\n<meta name=\"twitter:label1\" content=\"Gesch\u00e4tzte Lesezeit\" \/>\n\t<meta name=\"twitter:data1\" content=\"1\u00a0Minute\" \/>\n<script type=\"application\/ld+json\" class=\"yoast-schema-graph\">{\"@context\":\"https:\/\/schema.org\",\"@graph\":[{\"@type\":\"WebPage\",\"@id\":\"https:\/\/seubert-fruechte.de\/index.php\/produkt\/cocktailtomate-mit-stiel-kiste\/\",\"url\":\"https:\/\/seubert-fruechte.de\/index.php\/produkt\/cocktailtomate-mit-stiel-kiste\/\",\"name\":\"Cocktailtomate mit Stiel Kiste - Seubert Fr\u00fcchte\",\"isPartOf\":{\"@id\":\"https:\/\/seubert-fruechte.de\/#website\"},\"primaryImageOfPage\":{\"@id\":\"https:\/\/seubert-fruechte.de\/index.php\/produkt\/cocktailtomate-mit-stiel-kiste\/#primaryimage\"},\"image\":{\"@id\":\"https:\/\/seubert-fruechte.de\/index.php\/produkt\/cocktailtomate-mit-stiel-kiste\/#primaryimage\"},\"thumbnailUrl\":\"https:\/\/seubert-fruechte.de\/wp-content\/uploads\/2025\/09\/Cocktailtomate-m.Stiel_.jpg\",\"datePublished\":\"2025-09-18T14:06:19+00:00\",\"breadcrumb\":{\"@id\":\"https:\/\/seubert-fruechte.de\/index.php\/produkt\/cocktailtomate-mit-stiel-kiste\/#breadcrumb\"},\"inLanguage\":\"de\",\"potentialAction\":[{\"@type\":\"ReadAction\",\"target\":[\"https:\/\/seubert-fruechte.de\/index.php\/produkt\/cocktailtomate-mit-stiel-kiste\/\"]}]},{\"@type\":\"ImageObject\",\"inLanguage\":\"de\",\"@id\":\"https:\/\/seubert-fruechte.de\/index.php\/produkt\/cocktailtomate-mit-stiel-kiste\/#primaryimage\",\"url\":\"https:\/\/seubert-fruechte.de\/wp-content\/uploads\/2025\/09\/Cocktailtomate-m.Stiel_.jpg\",\"contentUrl\":\"https:\/\/seubert-fruechte.de\/wp-content\/uploads\/2025\/09\/Cocktailtomate-m.Stiel_.jpg\",\"width\":1280,\"height\":920},{\"@type\":\"BreadcrumbList\",\"@id\":\"https:\/\/seubert-fruechte.de\/index.php\/produkt\/cocktailtomate-mit-stiel-kiste\/#breadcrumb\",\"itemListElement\":[{\"@type\":\"ListItem\",\"position\":1,\"name\":\"Startseite\",\"item\":\"https:\/\/seubert-fruechte.de\/\"},{\"@type\":\"ListItem\",\"position\":2,\"name\":\"Shop\",\"item\":\"https:\/\/seubert-fruechte.de\/index.php\/shop\/\"},{\"@type\":\"ListItem\",\"position\":3,\"name\":\"Cocktailtomate mit Stiel Kiste\"}]},{\"@type\":\"WebSite\",\"@id\":\"https:\/\/seubert-fruechte.de\/#website\",\"url\":\"https:\/\/seubert-fruechte.de\/\",\"name\":\"Seubert Fr\u00fcchte\",\"description\":\"\",\"potentialAction\":[{\"@type\":\"SearchAction\",\"target\":{\"@type\":\"EntryPoint\",\"urlTemplate\":\"https:\/\/seubert-fruechte.de\/?s={search_term_string}\"},\"query-input\":{\"@type\":\"PropertyValueSpecification\",\"valueRequired\":true,\"valueName\":\"search_term_string\"}}],\"inLanguage\":\"de\"}]}<\/script>\n<!-- \/ Yoast SEO plugin. -->","yoast_head_json":{"title":"Cocktailtomate mit Stiel Kiste - Seubert Fr\u00fcchte","robots":{"index":"index","follow":"follow","max-snippet":"max-snippet:-1","max-image-preview":"max-image-preview:large","max-video-preview":"max-video-preview:-1"},"canonical":"https:\/\/seubert-fruechte.de\/index.php\/produkt\/cocktailtomate-mit-stiel-kiste\/","og_locale":"de_DE","og_type":"article","og_title":"Cocktailtomate mit Stiel Kiste - Seubert Fr\u00fcchte","og_description":"Unsere Rispentomaten \u00fcberzeugen durch ihre leuchtend rote Farbe, den intensiven Duft und ihr saftig-aromatisches Fruchtfleisch. Sie reifen am Strauch und bleiben an der Rispe, was nicht nur f\u00fcr ein besonders intensives Aroma sorgt, sondern auch eine ansprechende Pr\u00e4sentation erm\u00f6glicht. Reich an Vitaminen, Mineralstoffen und Antioxidantien sind sie vielseitig einsetzbar \u2013 von frischen Salaten \u00fcber Sandwiches [&hellip;]","og_url":"https:\/\/seubert-fruechte.de\/index.php\/produkt\/cocktailtomate-mit-stiel-kiste\/","og_site_name":"Seubert Fr\u00fcchte","og_image":[{"width":1280,"height":920,"url":"https:\/\/seubert-fruechte.de\/wp-content\/uploads\/2025\/09\/Cocktailtomate-m.Stiel_.jpg","type":"image\/jpeg"}],"twitter_card":"summary_large_image","twitter_misc":{"Gesch\u00e4tzte Lesezeit":"1\u00a0Minute"},"schema":{"@context":"https:\/\/schema.org","@graph":[{"@type":"WebPage","@id":"https:\/\/seubert-fruechte.de\/index.php\/produkt\/cocktailtomate-mit-stiel-kiste\/","url":"https:\/\/seubert-fruechte.de\/index.php\/produkt\/cocktailtomate-mit-stiel-kiste\/","name":"Cocktailtomate mit Stiel Kiste - Seubert Fr\u00fcchte","isPartOf":{"@id":"https:\/\/seubert-fruechte.de\/#website"},"primaryImageOfPage":{"@id":"https:\/\/seubert-fruechte.de\/index.php\/produkt\/cocktailtomate-mit-stiel-kiste\/#primaryimage"},"image":{"@id":"https:\/\/seubert-fruechte.de\/index.php\/produkt\/cocktailtomate-mit-stiel-kiste\/#primaryimage"},"thumbnailUrl":"https:\/\/seubert-fruechte.de\/wp-content\/uploads\/2025\/09\/Cocktailtomate-m.Stiel_.jpg","datePublished":"2025-09-18T14:06:19+00:00","breadcrumb":{"@id":"https:\/\/seubert-fruechte.de\/index.php\/produkt\/cocktailtomate-mit-stiel-kiste\/#breadcrumb"},"inLanguage":"de","potentialAction":[{"@type":"ReadAction","target":["https:\/\/seubert-fruechte.de\/index.php\/produkt\/cocktailtomate-mit-stiel-kiste\/"]}]},{"@type":"ImageObject","inLanguage":"de","@id":"https:\/\/seubert-fruechte.de\/index.php\/produkt\/cocktailtomate-mit-stiel-kiste\/#primaryimage","url":"https:\/\/seubert-fruechte.de\/wp-content\/uploads\/2025\/09\/Cocktailtomate-m.Stiel_.jpg","contentUrl":"https:\/\/seubert-fruechte.de\/wp-content\/uploads\/2025\/09\/Cocktailtomate-m.Stiel_.jpg","width":1280,"height":920},{"@type":"BreadcrumbList","@id":"https:\/\/seubert-fruechte.de\/index.php\/produkt\/cocktailtomate-mit-stiel-kiste\/#breadcrumb","itemListElement":[{"@type":"ListItem","position":1,"name":"Startseite","item":"https:\/\/seubert-fruechte.de\/"},{"@type":"ListItem","position":2,"name":"Shop","item":"https:\/\/seubert-fruechte.de\/index.php\/shop\/"},{"@type":"ListItem","position":3,"name":"Cocktailtomate mit Stiel Kiste"}]},{"@type":"WebSite","@id":"https:\/\/seubert-fruechte.de\/#website","url":"https:\/\/seubert-fruechte.de\/","name":"Seubert Fr\u00fcchte","description":"","potentialAction":[{"@type":"SearchAction","target":{"@type":"EntryPoint","urlTemplate":"https:\/\/seubert-fruechte.de\/?s={search_term_string}"},"query-input":{"@type":"PropertyValueSpecification","valueRequired":true,"valueName":"search_term_string"}}],"inLanguage":"de"}]}},"_links":{"self":[{"href":"https:\/\/seubert-fruechte.de\/index.php\/wp-json\/wp\/v2\/product\/457","targetHints":{"allow":["GET"]}}],"collection":[{"href":"https:\/\/seubert-fruechte.de\/index.php\/wp-json\/wp\/v2\/product"}],"about":[{"href":"https:\/\/seubert-fruechte.de\/index.php\/wp-json\/wp\/v2\/types\/product"}],"replies":[{"embeddable":true,"href":"https:\/\/seubert-fruechte.de\/index.php\/wp-json\/wp\/v2\/comments?post=457"}],"wp:featuredmedia":[{"embeddable":true,"href":"https:\/\/seubert-fruechte.de\/index.php\/wp-json\/wp\/v2\/media\/458"}],"wp:attachment":[{"href":"https:\/\/seubert-fruechte.de\/index.php\/wp-json\/wp\/v2\/media?parent=457"}],"wp:term":[{"taxonomy":"product_brand","embeddable":true,"href":"https:\/\/seubert-fruechte.de\/index.php\/wp-json\/wp\/v2\/product_brand?post=457"},{"taxonomy":"product_cat","embeddable":true,"href":"https:\/\/seubert-fruechte.de\/index.php\/wp-json\/wp\/v2\/product_cat?post=457"},{"taxonomy":"product_tag","embeddable":true,"href":"https:\/\/seubert-fruechte.de\/index.php\/wp-json\/wp\/v2\/product_tag?post=457"}],"curies":[{"name":"wp","href":"https:\/\/api.w.org\/{rel}","templated":true}]}}