{"id":452,"date":"2025-09-18T15:53:22","date_gmt":"2025-09-18T13:53:22","guid":{"rendered":"https:\/\/seubert-fruechte.de\/?post_type=product&#038;p=452"},"modified":"2025-09-18T15:53:22","modified_gmt":"2025-09-18T13:53:22","slug":"schnittlauch-bund","status":"publish","type":"product","link":"https:\/\/seubert-fruechte.de\/index.php\/produkt\/schnittlauch-bund\/","title":{"rendered":"Schnittlauch Bund"},"content":{"rendered":"<p data-start=\"112\" data-end=\"290\">Unser <strong data-start=\"168\" data-end=\"184\">Schnittlauch<\/strong> \u00fcberzeugt mit seinen feinen, r\u00f6hrenf\u00f6rmigen Halmen und dem angenehm mild-w\u00fcrzigen Aroma. Reich an Vitaminen, Mineralstoffen und Antioxidantien ist er ein echter Klassiker unter den K\u00fcchenkr\u00e4utern und unverzichtbar f\u00fcr zahlreiche Gerichte. Ob frisch geschnitten als Garnitur, in Dressings, Dips, Suppen oder warmen Speisen \u2013 Schnittlauch sorgt f\u00fcr eine frische, aromatische Note und ist ein Must-have f\u00fcr Gastronomie, Catering und den Einzelhandel.<\/p>\n<p data-start=\"136\" data-end=\"366\"><strong>Hinweis zur Menge:\u00a0<\/strong><\/p>\n<p data-start=\"136\" data-end=\"366\">Menge 1 entspricht einem Bund<\/p>\n","protected":false},"excerpt":{"rendered":"<p>Unser Schnittlauch \u00fcberzeugt mit seinen feinen, r\u00f6hrenf\u00f6rmigen Halmen und dem angenehm mild-w\u00fcrzigen Aroma. Reich an Vitaminen, Mineralstoffen und Antioxidantien ist er ein echter Klassiker unter den K\u00fcchenkr\u00e4utern und unverzichtbar f\u00fcr zahlreiche Gerichte. Ob frisch geschnitten als Garnitur, in Dressings, Dips, Suppen oder warmen Speisen \u2013 Schnittlauch sorgt f\u00fcr eine frische, aromatische Note und ist ein [&hellip;]<\/p>\n","protected":false},"featured_media":453,"comment_status":"closed","ping_status":"closed","template":"","meta":[],"product_brand":[],"product_cat":[18],"product_tag":[],"class_list":{"0":"post-452","1":"product","2":"type-product","3":"status-publish","4":"has-post-thumbnail","6":"product_cat-gemuese","8":"first","9":"instock","10":"shipping-taxable","11":"product-type-simple"},"yoast_head":"<!-- This site is optimized with the Yoast SEO plugin v26.1.1 - https:\/\/yoast.com\/wordpress\/plugins\/seo\/ -->\n<title>Schnittlauch Bund - Seubert Fr\u00fcchte<\/title>\n<meta name=\"robots\" content=\"index, follow, max-snippet:-1, max-image-preview:large, max-video-preview:-1\" \/>\n<link rel=\"canonical\" href=\"https:\/\/seubert-fruechte.de\/index.php\/produkt\/schnittlauch-bund\/\" \/>\n<meta property=\"og:locale\" content=\"de_DE\" \/>\n<meta property=\"og:type\" content=\"article\" \/>\n<meta property=\"og:title\" content=\"Schnittlauch Bund - Seubert Fr\u00fcchte\" \/>\n<meta property=\"og:description\" content=\"Unser Schnittlauch \u00fcberzeugt mit seinen feinen, r\u00f6hrenf\u00f6rmigen Halmen und dem angenehm mild-w\u00fcrzigen Aroma. Reich an Vitaminen, Mineralstoffen und Antioxidantien ist er ein echter Klassiker unter den K\u00fcchenkr\u00e4utern und unverzichtbar f\u00fcr zahlreiche Gerichte. Ob frisch geschnitten als Garnitur, in Dressings, Dips, Suppen oder warmen Speisen \u2013 Schnittlauch sorgt f\u00fcr eine frische, aromatische Note und ist ein [&hellip;]\" \/>\n<meta property=\"og:url\" content=\"https:\/\/seubert-fruechte.de\/index.php\/produkt\/schnittlauch-bund\/\" \/>\n<meta property=\"og:site_name\" content=\"Seubert Fr\u00fcchte\" \/>\n<meta property=\"og:image\" content=\"https:\/\/seubert-fruechte.de\/wp-content\/uploads\/2025\/09\/Schnittlauch.jpg\" \/>\n\t<meta property=\"og:image:width\" content=\"1280\" \/>\n\t<meta property=\"og:image:height\" content=\"853\" \/>\n\t<meta property=\"og:image:type\" content=\"image\/jpeg\" \/>\n<meta name=\"twitter:card\" content=\"summary_large_image\" \/>\n<meta name=\"twitter:label1\" content=\"Gesch\u00e4tzte Lesezeit\" \/>\n\t<meta name=\"twitter:data1\" content=\"1\u00a0Minute\" \/>\n<script type=\"application\/ld+json\" class=\"yoast-schema-graph\">{\"@context\":\"https:\/\/schema.org\",\"@graph\":[{\"@type\":\"WebPage\",\"@id\":\"https:\/\/seubert-fruechte.de\/index.php\/produkt\/schnittlauch-bund\/\",\"url\":\"https:\/\/seubert-fruechte.de\/index.php\/produkt\/schnittlauch-bund\/\",\"name\":\"Schnittlauch Bund - Seubert Fr\u00fcchte\",\"isPartOf\":{\"@id\":\"https:\/\/seubert-fruechte.de\/#website\"},\"primaryImageOfPage\":{\"@id\":\"https:\/\/seubert-fruechte.de\/index.php\/produkt\/schnittlauch-bund\/#primaryimage\"},\"image\":{\"@id\":\"https:\/\/seubert-fruechte.de\/index.php\/produkt\/schnittlauch-bund\/#primaryimage\"},\"thumbnailUrl\":\"https:\/\/seubert-fruechte.de\/wp-content\/uploads\/2025\/09\/Schnittlauch.jpg\",\"datePublished\":\"2025-09-18T13:53:22+00:00\",\"breadcrumb\":{\"@id\":\"https:\/\/seubert-fruechte.de\/index.php\/produkt\/schnittlauch-bund\/#breadcrumb\"},\"inLanguage\":\"de\",\"potentialAction\":[{\"@type\":\"ReadAction\",\"target\":[\"https:\/\/seubert-fruechte.de\/index.php\/produkt\/schnittlauch-bund\/\"]}]},{\"@type\":\"ImageObject\",\"inLanguage\":\"de\",\"@id\":\"https:\/\/seubert-fruechte.de\/index.php\/produkt\/schnittlauch-bund\/#primaryimage\",\"url\":\"https:\/\/seubert-fruechte.de\/wp-content\/uploads\/2025\/09\/Schnittlauch.jpg\",\"contentUrl\":\"https:\/\/seubert-fruechte.de\/wp-content\/uploads\/2025\/09\/Schnittlauch.jpg\",\"width\":1280,\"height\":853},{\"@type\":\"BreadcrumbList\",\"@id\":\"https:\/\/seubert-fruechte.de\/index.php\/produkt\/schnittlauch-bund\/#breadcrumb\",\"itemListElement\":[{\"@type\":\"ListItem\",\"position\":1,\"name\":\"Startseite\",\"item\":\"https:\/\/seubert-fruechte.de\/\"},{\"@type\":\"ListItem\",\"position\":2,\"name\":\"Shop\",\"item\":\"https:\/\/seubert-fruechte.de\/index.php\/shop\/\"},{\"@type\":\"ListItem\",\"position\":3,\"name\":\"Schnittlauch Bund\"}]},{\"@type\":\"WebSite\",\"@id\":\"https:\/\/seubert-fruechte.de\/#website\",\"url\":\"https:\/\/seubert-fruechte.de\/\",\"name\":\"Seubert Fr\u00fcchte\",\"description\":\"\",\"potentialAction\":[{\"@type\":\"SearchAction\",\"target\":{\"@type\":\"EntryPoint\",\"urlTemplate\":\"https:\/\/seubert-fruechte.de\/?s={search_term_string}\"},\"query-input\":{\"@type\":\"PropertyValueSpecification\",\"valueRequired\":true,\"valueName\":\"search_term_string\"}}],\"inLanguage\":\"de\"}]}<\/script>\n<!-- \/ Yoast SEO plugin. -->","yoast_head_json":{"title":"Schnittlauch Bund - Seubert Fr\u00fcchte","robots":{"index":"index","follow":"follow","max-snippet":"max-snippet:-1","max-image-preview":"max-image-preview:large","max-video-preview":"max-video-preview:-1"},"canonical":"https:\/\/seubert-fruechte.de\/index.php\/produkt\/schnittlauch-bund\/","og_locale":"de_DE","og_type":"article","og_title":"Schnittlauch Bund - Seubert Fr\u00fcchte","og_description":"Unser Schnittlauch \u00fcberzeugt mit seinen feinen, r\u00f6hrenf\u00f6rmigen Halmen und dem angenehm mild-w\u00fcrzigen Aroma. Reich an Vitaminen, Mineralstoffen und Antioxidantien ist er ein echter Klassiker unter den K\u00fcchenkr\u00e4utern und unverzichtbar f\u00fcr zahlreiche Gerichte. Ob frisch geschnitten als Garnitur, in Dressings, Dips, Suppen oder warmen Speisen \u2013 Schnittlauch sorgt f\u00fcr eine frische, aromatische Note und ist ein [&hellip;]","og_url":"https:\/\/seubert-fruechte.de\/index.php\/produkt\/schnittlauch-bund\/","og_site_name":"Seubert Fr\u00fcchte","og_image":[{"width":1280,"height":853,"url":"https:\/\/seubert-fruechte.de\/wp-content\/uploads\/2025\/09\/Schnittlauch.jpg","type":"image\/jpeg"}],"twitter_card":"summary_large_image","twitter_misc":{"Gesch\u00e4tzte Lesezeit":"1\u00a0Minute"},"schema":{"@context":"https:\/\/schema.org","@graph":[{"@type":"WebPage","@id":"https:\/\/seubert-fruechte.de\/index.php\/produkt\/schnittlauch-bund\/","url":"https:\/\/seubert-fruechte.de\/index.php\/produkt\/schnittlauch-bund\/","name":"Schnittlauch Bund - Seubert Fr\u00fcchte","isPartOf":{"@id":"https:\/\/seubert-fruechte.de\/#website"},"primaryImageOfPage":{"@id":"https:\/\/seubert-fruechte.de\/index.php\/produkt\/schnittlauch-bund\/#primaryimage"},"image":{"@id":"https:\/\/seubert-fruechte.de\/index.php\/produkt\/schnittlauch-bund\/#primaryimage"},"thumbnailUrl":"https:\/\/seubert-fruechte.de\/wp-content\/uploads\/2025\/09\/Schnittlauch.jpg","datePublished":"2025-09-18T13:53:22+00:00","breadcrumb":{"@id":"https:\/\/seubert-fruechte.de\/index.php\/produkt\/schnittlauch-bund\/#breadcrumb"},"inLanguage":"de","potentialAction":[{"@type":"ReadAction","target":["https:\/\/seubert-fruechte.de\/index.php\/produkt\/schnittlauch-bund\/"]}]},{"@type":"ImageObject","inLanguage":"de","@id":"https:\/\/seubert-fruechte.de\/index.php\/produkt\/schnittlauch-bund\/#primaryimage","url":"https:\/\/seubert-fruechte.de\/wp-content\/uploads\/2025\/09\/Schnittlauch.jpg","contentUrl":"https:\/\/seubert-fruechte.de\/wp-content\/uploads\/2025\/09\/Schnittlauch.jpg","width":1280,"height":853},{"@type":"BreadcrumbList","@id":"https:\/\/seubert-fruechte.de\/index.php\/produkt\/schnittlauch-bund\/#breadcrumb","itemListElement":[{"@type":"ListItem","position":1,"name":"Startseite","item":"https:\/\/seubert-fruechte.de\/"},{"@type":"ListItem","position":2,"name":"Shop","item":"https:\/\/seubert-fruechte.de\/index.php\/shop\/"},{"@type":"ListItem","position":3,"name":"Schnittlauch Bund"}]},{"@type":"WebSite","@id":"https:\/\/seubert-fruechte.de\/#website","url":"https:\/\/seubert-fruechte.de\/","name":"Seubert Fr\u00fcchte","description":"","potentialAction":[{"@type":"SearchAction","target":{"@type":"EntryPoint","urlTemplate":"https:\/\/seubert-fruechte.de\/?s={search_term_string}"},"query-input":{"@type":"PropertyValueSpecification","valueRequired":true,"valueName":"search_term_string"}}],"inLanguage":"de"}]}},"_links":{"self":[{"href":"https:\/\/seubert-fruechte.de\/index.php\/wp-json\/wp\/v2\/product\/452","targetHints":{"allow":["GET"]}}],"collection":[{"href":"https:\/\/seubert-fruechte.de\/index.php\/wp-json\/wp\/v2\/product"}],"about":[{"href":"https:\/\/seubert-fruechte.de\/index.php\/wp-json\/wp\/v2\/types\/product"}],"replies":[{"embeddable":true,"href":"https:\/\/seubert-fruechte.de\/index.php\/wp-json\/wp\/v2\/comments?post=452"}],"wp:featuredmedia":[{"embeddable":true,"href":"https:\/\/seubert-fruechte.de\/index.php\/wp-json\/wp\/v2\/media\/453"}],"wp:attachment":[{"href":"https:\/\/seubert-fruechte.de\/index.php\/wp-json\/wp\/v2\/media?parent=452"}],"wp:term":[{"taxonomy":"product_brand","embeddable":true,"href":"https:\/\/seubert-fruechte.de\/index.php\/wp-json\/wp\/v2\/product_brand?post=452"},{"taxonomy":"product_cat","embeddable":true,"href":"https:\/\/seubert-fruechte.de\/index.php\/wp-json\/wp\/v2\/product_cat?post=452"},{"taxonomy":"product_tag","embeddable":true,"href":"https:\/\/seubert-fruechte.de\/index.php\/wp-json\/wp\/v2\/product_tag?post=452"}],"curies":[{"name":"wp","href":"https:\/\/api.w.org\/{rel}","templated":true}]}}