{"id":447,"date":"2025-09-17T12:01:29","date_gmt":"2025-09-17T10:01:29","guid":{"rendered":"https:\/\/seubert-fruechte.de\/?post_type=product&#038;p=447"},"modified":"2025-09-17T12:01:29","modified_gmt":"2025-09-17T10:01:29","slug":"romana-salat-kiste","status":"publish","type":"product","link":"https:\/\/seubert-fruechte.de\/index.php\/produkt\/romana-salat-kiste\/","title":{"rendered":"Romana Salat Kiste"},"content":{"rendered":"<p data-start=\"112\" data-end=\"290\">Unser <strong data-start=\"165\" data-end=\"181\">Romana-Salat<\/strong> zeichnet sich durch seine l\u00e4nglichen K\u00f6pfe mit hellgr\u00fcnen, festen Bl\u00e4ttern und dem mild-aromatischen Geschmack aus. Er ist reich an Vitaminen, Mineralstoffen und Ballaststoffen und eignet sich ideal f\u00fcr klassische Salate, frische Beilagen und kreative Gerichte. Besonders beliebt ist er in der mediterranen K\u00fcche und als Basis f\u00fcr den ber\u00fchmten Caesar Salad \u2013 ein Muss f\u00fcr Gastronomie, Catering und Einzelhandel.<\/p>\n<p data-start=\"112\" data-end=\"290\"><strong data-start=\"585\" data-end=\"600\">Verpackung:<\/strong>\u00a0 10 St\u00fcck je Kiste<\/p>\n<p data-start=\"136\" data-end=\"366\"><strong>Hinweis zur Menge:\u00a0<\/strong><\/p>\n<p data-start=\"136\" data-end=\"366\">Menge 1 entspricht einer Kiste<\/p>\n","protected":false},"excerpt":{"rendered":"<p>Unser Romana-Salat zeichnet sich durch seine l\u00e4nglichen K\u00f6pfe mit hellgr\u00fcnen, festen Bl\u00e4ttern und dem mild-aromatischen Geschmack aus. Er ist reich an Vitaminen, Mineralstoffen und Ballaststoffen und eignet sich ideal f\u00fcr klassische Salate, frische Beilagen und kreative Gerichte. Besonders beliebt ist er in der mediterranen K\u00fcche und als Basis f\u00fcr den ber\u00fchmten Caesar Salad \u2013 ein [&hellip;]<\/p>\n","protected":false},"featured_media":448,"comment_status":"closed","ping_status":"closed","template":"","meta":[],"product_brand":[],"product_cat":[16],"product_tag":[],"class_list":{"0":"post-447","1":"product","2":"type-product","3":"status-publish","4":"has-post-thumbnail","6":"product_cat-salate","8":"first","9":"instock","10":"shipping-taxable","11":"product-type-simple"},"yoast_head":"<!-- This site is optimized with the Yoast SEO plugin v26.1.1 - https:\/\/yoast.com\/wordpress\/plugins\/seo\/ -->\n<title>Romana Salat Kiste - Seubert Fr\u00fcchte<\/title>\n<meta name=\"robots\" content=\"index, follow, max-snippet:-1, max-image-preview:large, max-video-preview:-1\" \/>\n<link rel=\"canonical\" href=\"https:\/\/seubert-fruechte.de\/index.php\/produkt\/romana-salat-kiste\/\" \/>\n<meta property=\"og:locale\" content=\"de_DE\" \/>\n<meta property=\"og:type\" content=\"article\" \/>\n<meta property=\"og:title\" content=\"Romana Salat Kiste - Seubert Fr\u00fcchte\" \/>\n<meta property=\"og:description\" content=\"Unser Romana-Salat zeichnet sich durch seine l\u00e4nglichen K\u00f6pfe mit hellgr\u00fcnen, festen Bl\u00e4ttern und dem mild-aromatischen Geschmack aus. Er ist reich an Vitaminen, Mineralstoffen und Ballaststoffen und eignet sich ideal f\u00fcr klassische Salate, frische Beilagen und kreative Gerichte. Besonders beliebt ist er in der mediterranen K\u00fcche und als Basis f\u00fcr den ber\u00fchmten Caesar Salad \u2013 ein [&hellip;]\" \/>\n<meta property=\"og:url\" content=\"https:\/\/seubert-fruechte.de\/index.php\/produkt\/romana-salat-kiste\/\" \/>\n<meta property=\"og:site_name\" content=\"Seubert Fr\u00fcchte\" \/>\n<meta property=\"og:image\" content=\"https:\/\/seubert-fruechte.de\/wp-content\/uploads\/2025\/09\/Romana-Salat.jpg\" \/>\n\t<meta property=\"og:image:width\" content=\"1280\" \/>\n\t<meta property=\"og:image:height\" content=\"850\" \/>\n\t<meta property=\"og:image:type\" content=\"image\/jpeg\" \/>\n<meta name=\"twitter:card\" content=\"summary_large_image\" \/>\n<meta name=\"twitter:label1\" content=\"Gesch\u00e4tzte Lesezeit\" \/>\n\t<meta name=\"twitter:data1\" content=\"1\u00a0Minute\" \/>\n<script type=\"application\/ld+json\" class=\"yoast-schema-graph\">{\"@context\":\"https:\/\/schema.org\",\"@graph\":[{\"@type\":\"WebPage\",\"@id\":\"https:\/\/seubert-fruechte.de\/index.php\/produkt\/romana-salat-kiste\/\",\"url\":\"https:\/\/seubert-fruechte.de\/index.php\/produkt\/romana-salat-kiste\/\",\"name\":\"Romana Salat Kiste - Seubert Fr\u00fcchte\",\"isPartOf\":{\"@id\":\"https:\/\/seubert-fruechte.de\/#website\"},\"primaryImageOfPage\":{\"@id\":\"https:\/\/seubert-fruechte.de\/index.php\/produkt\/romana-salat-kiste\/#primaryimage\"},\"image\":{\"@id\":\"https:\/\/seubert-fruechte.de\/index.php\/produkt\/romana-salat-kiste\/#primaryimage\"},\"thumbnailUrl\":\"https:\/\/seubert-fruechte.de\/wp-content\/uploads\/2025\/09\/Romana-Salat.jpg\",\"datePublished\":\"2025-09-17T10:01:29+00:00\",\"breadcrumb\":{\"@id\":\"https:\/\/seubert-fruechte.de\/index.php\/produkt\/romana-salat-kiste\/#breadcrumb\"},\"inLanguage\":\"de\",\"potentialAction\":[{\"@type\":\"ReadAction\",\"target\":[\"https:\/\/seubert-fruechte.de\/index.php\/produkt\/romana-salat-kiste\/\"]}]},{\"@type\":\"ImageObject\",\"inLanguage\":\"de\",\"@id\":\"https:\/\/seubert-fruechte.de\/index.php\/produkt\/romana-salat-kiste\/#primaryimage\",\"url\":\"https:\/\/seubert-fruechte.de\/wp-content\/uploads\/2025\/09\/Romana-Salat.jpg\",\"contentUrl\":\"https:\/\/seubert-fruechte.de\/wp-content\/uploads\/2025\/09\/Romana-Salat.jpg\",\"width\":1280,\"height\":850},{\"@type\":\"BreadcrumbList\",\"@id\":\"https:\/\/seubert-fruechte.de\/index.php\/produkt\/romana-salat-kiste\/#breadcrumb\",\"itemListElement\":[{\"@type\":\"ListItem\",\"position\":1,\"name\":\"Startseite\",\"item\":\"https:\/\/seubert-fruechte.de\/\"},{\"@type\":\"ListItem\",\"position\":2,\"name\":\"Shop\",\"item\":\"https:\/\/seubert-fruechte.de\/index.php\/shop\/\"},{\"@type\":\"ListItem\",\"position\":3,\"name\":\"Romana Salat Kiste\"}]},{\"@type\":\"WebSite\",\"@id\":\"https:\/\/seubert-fruechte.de\/#website\",\"url\":\"https:\/\/seubert-fruechte.de\/\",\"name\":\"Seubert Fr\u00fcchte\",\"description\":\"\",\"potentialAction\":[{\"@type\":\"SearchAction\",\"target\":{\"@type\":\"EntryPoint\",\"urlTemplate\":\"https:\/\/seubert-fruechte.de\/?s={search_term_string}\"},\"query-input\":{\"@type\":\"PropertyValueSpecification\",\"valueRequired\":true,\"valueName\":\"search_term_string\"}}],\"inLanguage\":\"de\"}]}<\/script>\n<!-- \/ Yoast SEO plugin. -->","yoast_head_json":{"title":"Romana Salat Kiste - Seubert Fr\u00fcchte","robots":{"index":"index","follow":"follow","max-snippet":"max-snippet:-1","max-image-preview":"max-image-preview:large","max-video-preview":"max-video-preview:-1"},"canonical":"https:\/\/seubert-fruechte.de\/index.php\/produkt\/romana-salat-kiste\/","og_locale":"de_DE","og_type":"article","og_title":"Romana Salat Kiste - Seubert Fr\u00fcchte","og_description":"Unser Romana-Salat zeichnet sich durch seine l\u00e4nglichen K\u00f6pfe mit hellgr\u00fcnen, festen Bl\u00e4ttern und dem mild-aromatischen Geschmack aus. Er ist reich an Vitaminen, Mineralstoffen und Ballaststoffen und eignet sich ideal f\u00fcr klassische Salate, frische Beilagen und kreative Gerichte. Besonders beliebt ist er in der mediterranen K\u00fcche und als Basis f\u00fcr den ber\u00fchmten Caesar Salad \u2013 ein [&hellip;]","og_url":"https:\/\/seubert-fruechte.de\/index.php\/produkt\/romana-salat-kiste\/","og_site_name":"Seubert Fr\u00fcchte","og_image":[{"width":1280,"height":850,"url":"https:\/\/seubert-fruechte.de\/wp-content\/uploads\/2025\/09\/Romana-Salat.jpg","type":"image\/jpeg"}],"twitter_card":"summary_large_image","twitter_misc":{"Gesch\u00e4tzte Lesezeit":"1\u00a0Minute"},"schema":{"@context":"https:\/\/schema.org","@graph":[{"@type":"WebPage","@id":"https:\/\/seubert-fruechte.de\/index.php\/produkt\/romana-salat-kiste\/","url":"https:\/\/seubert-fruechte.de\/index.php\/produkt\/romana-salat-kiste\/","name":"Romana Salat Kiste - Seubert Fr\u00fcchte","isPartOf":{"@id":"https:\/\/seubert-fruechte.de\/#website"},"primaryImageOfPage":{"@id":"https:\/\/seubert-fruechte.de\/index.php\/produkt\/romana-salat-kiste\/#primaryimage"},"image":{"@id":"https:\/\/seubert-fruechte.de\/index.php\/produkt\/romana-salat-kiste\/#primaryimage"},"thumbnailUrl":"https:\/\/seubert-fruechte.de\/wp-content\/uploads\/2025\/09\/Romana-Salat.jpg","datePublished":"2025-09-17T10:01:29+00:00","breadcrumb":{"@id":"https:\/\/seubert-fruechte.de\/index.php\/produkt\/romana-salat-kiste\/#breadcrumb"},"inLanguage":"de","potentialAction":[{"@type":"ReadAction","target":["https:\/\/seubert-fruechte.de\/index.php\/produkt\/romana-salat-kiste\/"]}]},{"@type":"ImageObject","inLanguage":"de","@id":"https:\/\/seubert-fruechte.de\/index.php\/produkt\/romana-salat-kiste\/#primaryimage","url":"https:\/\/seubert-fruechte.de\/wp-content\/uploads\/2025\/09\/Romana-Salat.jpg","contentUrl":"https:\/\/seubert-fruechte.de\/wp-content\/uploads\/2025\/09\/Romana-Salat.jpg","width":1280,"height":850},{"@type":"BreadcrumbList","@id":"https:\/\/seubert-fruechte.de\/index.php\/produkt\/romana-salat-kiste\/#breadcrumb","itemListElement":[{"@type":"ListItem","position":1,"name":"Startseite","item":"https:\/\/seubert-fruechte.de\/"},{"@type":"ListItem","position":2,"name":"Shop","item":"https:\/\/seubert-fruechte.de\/index.php\/shop\/"},{"@type":"ListItem","position":3,"name":"Romana Salat Kiste"}]},{"@type":"WebSite","@id":"https:\/\/seubert-fruechte.de\/#website","url":"https:\/\/seubert-fruechte.de\/","name":"Seubert Fr\u00fcchte","description":"","potentialAction":[{"@type":"SearchAction","target":{"@type":"EntryPoint","urlTemplate":"https:\/\/seubert-fruechte.de\/?s={search_term_string}"},"query-input":{"@type":"PropertyValueSpecification","valueRequired":true,"valueName":"search_term_string"}}],"inLanguage":"de"}]}},"_links":{"self":[{"href":"https:\/\/seubert-fruechte.de\/index.php\/wp-json\/wp\/v2\/product\/447","targetHints":{"allow":["GET"]}}],"collection":[{"href":"https:\/\/seubert-fruechte.de\/index.php\/wp-json\/wp\/v2\/product"}],"about":[{"href":"https:\/\/seubert-fruechte.de\/index.php\/wp-json\/wp\/v2\/types\/product"}],"replies":[{"embeddable":true,"href":"https:\/\/seubert-fruechte.de\/index.php\/wp-json\/wp\/v2\/comments?post=447"}],"wp:featuredmedia":[{"embeddable":true,"href":"https:\/\/seubert-fruechte.de\/index.php\/wp-json\/wp\/v2\/media\/448"}],"wp:attachment":[{"href":"https:\/\/seubert-fruechte.de\/index.php\/wp-json\/wp\/v2\/media?parent=447"}],"wp:term":[{"taxonomy":"product_brand","embeddable":true,"href":"https:\/\/seubert-fruechte.de\/index.php\/wp-json\/wp\/v2\/product_brand?post=447"},{"taxonomy":"product_cat","embeddable":true,"href":"https:\/\/seubert-fruechte.de\/index.php\/wp-json\/wp\/v2\/product_cat?post=447"},{"taxonomy":"product_tag","embeddable":true,"href":"https:\/\/seubert-fruechte.de\/index.php\/wp-json\/wp\/v2\/product_tag?post=447"}],"curies":[{"name":"wp","href":"https:\/\/api.w.org\/{rel}","templated":true}]}}