{"id":430,"date":"2025-09-17T09:37:12","date_gmt":"2025-09-17T07:37:12","guid":{"rendered":"https:\/\/seubert-fruechte.de\/?post_type=product&#038;p=430"},"modified":"2025-09-17T09:37:47","modified_gmt":"2025-09-17T07:37:47","slug":"rote-beete-gekocht-pack","status":"publish","type":"product","link":"https:\/\/seubert-fruechte.de\/index.php\/produkt\/rote-beete-gekocht-pack\/","title":{"rendered":"Rote Beete gekocht Pack"},"content":{"rendered":"<p data-start=\"104\" data-end=\"312\">Unsere <strong data-start=\"192\" data-end=\"215\">gekochte Rote Beete<\/strong> \u00fcberzeugt mit ihrer intensiven roten Farbe, dem mild-erdigen Aroma und der saftigen Textur. Bereits vorgegart und gesch\u00e4lt ist sie sofort einsatzbereit und spart wertvolle Zubereitungszeit in der K\u00fcche. Reich an Vitaminen, Mineralstoffen und Antioxidantien ist sie die ideale Basis f\u00fcr kreative Gerichte in Gastronomie, Catering und Einzelhandel.<\/p>\n<p data-start=\"136\" data-end=\"366\"><strong>Hinweis zur Menge:\u00a0<\/strong><\/p>\n<p data-start=\"136\" data-end=\"366\">Menge 1 entspricht einem Pack<\/p>\n","protected":false},"excerpt":{"rendered":"<p>Unsere gekochte Rote Beete \u00fcberzeugt mit ihrer intensiven roten Farbe, dem mild-erdigen Aroma und der saftigen Textur. Bereits vorgegart und gesch\u00e4lt ist sie sofort einsatzbereit und spart wertvolle Zubereitungszeit in der K\u00fcche. Reich an Vitaminen, Mineralstoffen und Antioxidantien ist sie die ideale Basis f\u00fcr kreative Gerichte in Gastronomie, Catering und Einzelhandel. Hinweis zur Menge:\u00a0 Menge [&hellip;]<\/p>\n","protected":false},"featured_media":429,"comment_status":"closed","ping_status":"closed","template":"","meta":[],"product_brand":[],"product_cat":[18],"product_tag":[],"class_list":{"0":"post-430","1":"product","2":"type-product","3":"status-publish","4":"has-post-thumbnail","6":"product_cat-gemuese","8":"first","9":"instock","10":"shipping-taxable","11":"purchasable","12":"product-type-simple"},"yoast_head":"<!-- This site is optimized with the Yoast SEO plugin v26.1.1 - https:\/\/yoast.com\/wordpress\/plugins\/seo\/ -->\n<title>Rote Beete gekocht Pack - Seubert Fr\u00fcchte<\/title>\n<meta name=\"robots\" content=\"index, follow, max-snippet:-1, max-image-preview:large, max-video-preview:-1\" \/>\n<link rel=\"canonical\" href=\"https:\/\/seubert-fruechte.de\/index.php\/produkt\/rote-beete-gekocht-pack\/\" \/>\n<meta property=\"og:locale\" content=\"de_DE\" \/>\n<meta property=\"og:type\" content=\"article\" \/>\n<meta property=\"og:title\" content=\"Rote Beete gekocht Pack - Seubert Fr\u00fcchte\" \/>\n<meta property=\"og:description\" content=\"Unsere gekochte Rote Beete \u00fcberzeugt mit ihrer intensiven roten Farbe, dem mild-erdigen Aroma und der saftigen Textur. Bereits vorgegart und gesch\u00e4lt ist sie sofort einsatzbereit und spart wertvolle Zubereitungszeit in der K\u00fcche. Reich an Vitaminen, Mineralstoffen und Antioxidantien ist sie die ideale Basis f\u00fcr kreative Gerichte in Gastronomie, Catering und Einzelhandel. Hinweis zur Menge:\u00a0 Menge [&hellip;]\" \/>\n<meta property=\"og:url\" content=\"https:\/\/seubert-fruechte.de\/index.php\/produkt\/rote-beete-gekocht-pack\/\" \/>\n<meta property=\"og:site_name\" content=\"Seubert Fr\u00fcchte\" \/>\n<meta property=\"article:modified_time\" content=\"2025-09-17T07:37:47+00:00\" \/>\n<meta property=\"og:image\" content=\"https:\/\/seubert-fruechte.de\/wp-content\/uploads\/2025\/09\/Rote-Beete-gekocht.jpg\" \/>\n\t<meta property=\"og:image:width\" content=\"1280\" \/>\n\t<meta property=\"og:image:height\" content=\"853\" \/>\n\t<meta property=\"og:image:type\" content=\"image\/jpeg\" \/>\n<meta name=\"twitter:card\" content=\"summary_large_image\" \/>\n<meta name=\"twitter:label1\" content=\"Gesch\u00e4tzte Lesezeit\" \/>\n\t<meta name=\"twitter:data1\" content=\"1\u00a0Minute\" \/>\n<script type=\"application\/ld+json\" class=\"yoast-schema-graph\">{\"@context\":\"https:\/\/schema.org\",\"@graph\":[{\"@type\":\"WebPage\",\"@id\":\"https:\/\/seubert-fruechte.de\/index.php\/produkt\/rote-beete-gekocht-pack\/\",\"url\":\"https:\/\/seubert-fruechte.de\/index.php\/produkt\/rote-beete-gekocht-pack\/\",\"name\":\"Rote Beete gekocht Pack - Seubert Fr\u00fcchte\",\"isPartOf\":{\"@id\":\"https:\/\/seubert-fruechte.de\/#website\"},\"primaryImageOfPage\":{\"@id\":\"https:\/\/seubert-fruechte.de\/index.php\/produkt\/rote-beete-gekocht-pack\/#primaryimage\"},\"image\":{\"@id\":\"https:\/\/seubert-fruechte.de\/index.php\/produkt\/rote-beete-gekocht-pack\/#primaryimage\"},\"thumbnailUrl\":\"https:\/\/seubert-fruechte.de\/wp-content\/uploads\/2025\/09\/Rote-Beete-gekocht.jpg\",\"datePublished\":\"2025-09-17T07:37:12+00:00\",\"dateModified\":\"2025-09-17T07:37:47+00:00\",\"breadcrumb\":{\"@id\":\"https:\/\/seubert-fruechte.de\/index.php\/produkt\/rote-beete-gekocht-pack\/#breadcrumb\"},\"inLanguage\":\"de\",\"potentialAction\":[{\"@type\":\"ReadAction\",\"target\":[\"https:\/\/seubert-fruechte.de\/index.php\/produkt\/rote-beete-gekocht-pack\/\"]}]},{\"@type\":\"ImageObject\",\"inLanguage\":\"de\",\"@id\":\"https:\/\/seubert-fruechte.de\/index.php\/produkt\/rote-beete-gekocht-pack\/#primaryimage\",\"url\":\"https:\/\/seubert-fruechte.de\/wp-content\/uploads\/2025\/09\/Rote-Beete-gekocht.jpg\",\"contentUrl\":\"https:\/\/seubert-fruechte.de\/wp-content\/uploads\/2025\/09\/Rote-Beete-gekocht.jpg\",\"width\":1280,\"height\":853},{\"@type\":\"BreadcrumbList\",\"@id\":\"https:\/\/seubert-fruechte.de\/index.php\/produkt\/rote-beete-gekocht-pack\/#breadcrumb\",\"itemListElement\":[{\"@type\":\"ListItem\",\"position\":1,\"name\":\"Startseite\",\"item\":\"https:\/\/seubert-fruechte.de\/\"},{\"@type\":\"ListItem\",\"position\":2,\"name\":\"Shop\",\"item\":\"https:\/\/seubert-fruechte.de\/index.php\/shop\/\"},{\"@type\":\"ListItem\",\"position\":3,\"name\":\"Rote Beete gekocht Pack\"}]},{\"@type\":\"WebSite\",\"@id\":\"https:\/\/seubert-fruechte.de\/#website\",\"url\":\"https:\/\/seubert-fruechte.de\/\",\"name\":\"Seubert Fr\u00fcchte\",\"description\":\"\",\"potentialAction\":[{\"@type\":\"SearchAction\",\"target\":{\"@type\":\"EntryPoint\",\"urlTemplate\":\"https:\/\/seubert-fruechte.de\/?s={search_term_string}\"},\"query-input\":{\"@type\":\"PropertyValueSpecification\",\"valueRequired\":true,\"valueName\":\"search_term_string\"}}],\"inLanguage\":\"de\"}]}<\/script>\n<!-- \/ Yoast SEO plugin. -->","yoast_head_json":{"title":"Rote Beete gekocht Pack - Seubert Fr\u00fcchte","robots":{"index":"index","follow":"follow","max-snippet":"max-snippet:-1","max-image-preview":"max-image-preview:large","max-video-preview":"max-video-preview:-1"},"canonical":"https:\/\/seubert-fruechte.de\/index.php\/produkt\/rote-beete-gekocht-pack\/","og_locale":"de_DE","og_type":"article","og_title":"Rote Beete gekocht Pack - Seubert Fr\u00fcchte","og_description":"Unsere gekochte Rote Beete \u00fcberzeugt mit ihrer intensiven roten Farbe, dem mild-erdigen Aroma und der saftigen Textur. Bereits vorgegart und gesch\u00e4lt ist sie sofort einsatzbereit und spart wertvolle Zubereitungszeit in der K\u00fcche. Reich an Vitaminen, Mineralstoffen und Antioxidantien ist sie die ideale Basis f\u00fcr kreative Gerichte in Gastronomie, Catering und Einzelhandel. Hinweis zur Menge:\u00a0 Menge [&hellip;]","og_url":"https:\/\/seubert-fruechte.de\/index.php\/produkt\/rote-beete-gekocht-pack\/","og_site_name":"Seubert Fr\u00fcchte","article_modified_time":"2025-09-17T07:37:47+00:00","og_image":[{"width":1280,"height":853,"url":"https:\/\/seubert-fruechte.de\/wp-content\/uploads\/2025\/09\/Rote-Beete-gekocht.jpg","type":"image\/jpeg"}],"twitter_card":"summary_large_image","twitter_misc":{"Gesch\u00e4tzte Lesezeit":"1\u00a0Minute"},"schema":{"@context":"https:\/\/schema.org","@graph":[{"@type":"WebPage","@id":"https:\/\/seubert-fruechte.de\/index.php\/produkt\/rote-beete-gekocht-pack\/","url":"https:\/\/seubert-fruechte.de\/index.php\/produkt\/rote-beete-gekocht-pack\/","name":"Rote Beete gekocht Pack - Seubert Fr\u00fcchte","isPartOf":{"@id":"https:\/\/seubert-fruechte.de\/#website"},"primaryImageOfPage":{"@id":"https:\/\/seubert-fruechte.de\/index.php\/produkt\/rote-beete-gekocht-pack\/#primaryimage"},"image":{"@id":"https:\/\/seubert-fruechte.de\/index.php\/produkt\/rote-beete-gekocht-pack\/#primaryimage"},"thumbnailUrl":"https:\/\/seubert-fruechte.de\/wp-content\/uploads\/2025\/09\/Rote-Beete-gekocht.jpg","datePublished":"2025-09-17T07:37:12+00:00","dateModified":"2025-09-17T07:37:47+00:00","breadcrumb":{"@id":"https:\/\/seubert-fruechte.de\/index.php\/produkt\/rote-beete-gekocht-pack\/#breadcrumb"},"inLanguage":"de","potentialAction":[{"@type":"ReadAction","target":["https:\/\/seubert-fruechte.de\/index.php\/produkt\/rote-beete-gekocht-pack\/"]}]},{"@type":"ImageObject","inLanguage":"de","@id":"https:\/\/seubert-fruechte.de\/index.php\/produkt\/rote-beete-gekocht-pack\/#primaryimage","url":"https:\/\/seubert-fruechte.de\/wp-content\/uploads\/2025\/09\/Rote-Beete-gekocht.jpg","contentUrl":"https:\/\/seubert-fruechte.de\/wp-content\/uploads\/2025\/09\/Rote-Beete-gekocht.jpg","width":1280,"height":853},{"@type":"BreadcrumbList","@id":"https:\/\/seubert-fruechte.de\/index.php\/produkt\/rote-beete-gekocht-pack\/#breadcrumb","itemListElement":[{"@type":"ListItem","position":1,"name":"Startseite","item":"https:\/\/seubert-fruechte.de\/"},{"@type":"ListItem","position":2,"name":"Shop","item":"https:\/\/seubert-fruechte.de\/index.php\/shop\/"},{"@type":"ListItem","position":3,"name":"Rote Beete gekocht Pack"}]},{"@type":"WebSite","@id":"https:\/\/seubert-fruechte.de\/#website","url":"https:\/\/seubert-fruechte.de\/","name":"Seubert Fr\u00fcchte","description":"","potentialAction":[{"@type":"SearchAction","target":{"@type":"EntryPoint","urlTemplate":"https:\/\/seubert-fruechte.de\/?s={search_term_string}"},"query-input":{"@type":"PropertyValueSpecification","valueRequired":true,"valueName":"search_term_string"}}],"inLanguage":"de"}]}},"_links":{"self":[{"href":"https:\/\/seubert-fruechte.de\/index.php\/wp-json\/wp\/v2\/product\/430","targetHints":{"allow":["GET"]}}],"collection":[{"href":"https:\/\/seubert-fruechte.de\/index.php\/wp-json\/wp\/v2\/product"}],"about":[{"href":"https:\/\/seubert-fruechte.de\/index.php\/wp-json\/wp\/v2\/types\/product"}],"replies":[{"embeddable":true,"href":"https:\/\/seubert-fruechte.de\/index.php\/wp-json\/wp\/v2\/comments?post=430"}],"wp:featuredmedia":[{"embeddable":true,"href":"https:\/\/seubert-fruechte.de\/index.php\/wp-json\/wp\/v2\/media\/429"}],"wp:attachment":[{"href":"https:\/\/seubert-fruechte.de\/index.php\/wp-json\/wp\/v2\/media?parent=430"}],"wp:term":[{"taxonomy":"product_brand","embeddable":true,"href":"https:\/\/seubert-fruechte.de\/index.php\/wp-json\/wp\/v2\/product_brand?post=430"},{"taxonomy":"product_cat","embeddable":true,"href":"https:\/\/seubert-fruechte.de\/index.php\/wp-json\/wp\/v2\/product_cat?post=430"},{"taxonomy":"product_tag","embeddable":true,"href":"https:\/\/seubert-fruechte.de\/index.php\/wp-json\/wp\/v2\/product_tag?post=430"}],"curies":[{"name":"wp","href":"https:\/\/api.w.org\/{rel}","templated":true}]}}