{"id":419,"date":"2025-09-12T11:56:29","date_gmt":"2025-09-12T09:56:29","guid":{"rendered":"https:\/\/seubert-fruechte.de\/?post_type=product&#038;p=419"},"modified":"2025-09-12T11:56:29","modified_gmt":"2025-09-12T09:56:29","slug":"mais-gegart-pack","status":"publish","type":"product","link":"https:\/\/seubert-fruechte.de\/index.php\/produkt\/mais-gegart-pack\/","title":{"rendered":"Mais gegart Pack"},"content":{"rendered":"<p data-start=\"160\" data-end=\"586\">Unser <strong data-start=\"166\" data-end=\"183\">gegarter Mais<\/strong> begeistert durch seine goldgelben K\u00f6rner, den s\u00fc\u00df-aromatischen Geschmack und die saftig-zarte Konsistenz. Er ist bereits vorgegart und damit sofort einsatzbereit \u2013 ideal f\u00fcr die schnelle und effiziente K\u00fcche in Gastronomie, Catering und Gro\u00dfk\u00fcchen. Ob als Beilage, im Salat, in Suppen, Bowls oder Aufl\u00e4ufen \u2013 gegarter Mais ist vielseitig einsetzbar und sorgt f\u00fcr Farbe und Geschmack auf jedem Teller.<\/p>\n<p data-start=\"136\" data-end=\"366\"><strong>Verpackung:<\/strong> 2 St\u00fcck je Packung<\/p>\n<p data-start=\"136\" data-end=\"366\"><strong>Hinweis zur Menge:\u00a0<\/strong><\/p>\n<p data-start=\"136\" data-end=\"366\">Menge 1 entspricht einer Packung<\/p>\n","protected":false},"excerpt":{"rendered":"<p>Unser gegarter Mais begeistert durch seine goldgelben K\u00f6rner, den s\u00fc\u00df-aromatischen Geschmack und die saftig-zarte Konsistenz. Er ist bereits vorgegart und damit sofort einsatzbereit \u2013 ideal f\u00fcr die schnelle und effiziente K\u00fcche in Gastronomie, Catering und Gro\u00dfk\u00fcchen. Ob als Beilage, im Salat, in Suppen, Bowls oder Aufl\u00e4ufen \u2013 gegarter Mais ist vielseitig einsetzbar und sorgt f\u00fcr [&hellip;]<\/p>\n","protected":false},"featured_media":420,"comment_status":"closed","ping_status":"closed","template":"","meta":[],"product_brand":[],"product_cat":[18],"product_tag":[],"class_list":{"0":"post-419","1":"product","2":"type-product","3":"status-publish","4":"has-post-thumbnail","6":"product_cat-gemuese","8":"first","9":"instock","10":"shipping-taxable","11":"purchasable","12":"product-type-simple"},"yoast_head":"<!-- This site is optimized with the Yoast SEO plugin v26.1.1 - https:\/\/yoast.com\/wordpress\/plugins\/seo\/ -->\n<title>Mais gegart Pack - Seubert Fr\u00fcchte<\/title>\n<meta name=\"robots\" content=\"index, follow, max-snippet:-1, max-image-preview:large, max-video-preview:-1\" \/>\n<link rel=\"canonical\" href=\"https:\/\/seubert-fruechte.de\/index.php\/produkt\/mais-gegart-pack\/\" \/>\n<meta property=\"og:locale\" content=\"de_DE\" \/>\n<meta property=\"og:type\" content=\"article\" \/>\n<meta property=\"og:title\" content=\"Mais gegart Pack - Seubert Fr\u00fcchte\" \/>\n<meta property=\"og:description\" content=\"Unser gegarter Mais begeistert durch seine goldgelben K\u00f6rner, den s\u00fc\u00df-aromatischen Geschmack und die saftig-zarte Konsistenz. Er ist bereits vorgegart und damit sofort einsatzbereit \u2013 ideal f\u00fcr die schnelle und effiziente K\u00fcche in Gastronomie, Catering und Gro\u00dfk\u00fcchen. Ob als Beilage, im Salat, in Suppen, Bowls oder Aufl\u00e4ufen \u2013 gegarter Mais ist vielseitig einsetzbar und sorgt f\u00fcr [&hellip;]\" \/>\n<meta property=\"og:url\" content=\"https:\/\/seubert-fruechte.de\/index.php\/produkt\/mais-gegart-pack\/\" \/>\n<meta property=\"og:site_name\" content=\"Seubert Fr\u00fcchte\" \/>\n<meta property=\"og:image\" content=\"https:\/\/seubert-fruechte.de\/wp-content\/uploads\/2025\/09\/corn-823446_1280.jpg\" \/>\n\t<meta property=\"og:image:width\" content=\"1280\" \/>\n\t<meta property=\"og:image:height\" content=\"914\" \/>\n\t<meta property=\"og:image:type\" content=\"image\/jpeg\" \/>\n<meta name=\"twitter:card\" content=\"summary_large_image\" \/>\n<meta name=\"twitter:label1\" content=\"Gesch\u00e4tzte Lesezeit\" \/>\n\t<meta name=\"twitter:data1\" content=\"1\u00a0Minute\" \/>\n<script type=\"application\/ld+json\" class=\"yoast-schema-graph\">{\"@context\":\"https:\/\/schema.org\",\"@graph\":[{\"@type\":\"WebPage\",\"@id\":\"https:\/\/seubert-fruechte.de\/index.php\/produkt\/mais-gegart-pack\/\",\"url\":\"https:\/\/seubert-fruechte.de\/index.php\/produkt\/mais-gegart-pack\/\",\"name\":\"Mais gegart Pack - Seubert Fr\u00fcchte\",\"isPartOf\":{\"@id\":\"https:\/\/seubert-fruechte.de\/#website\"},\"primaryImageOfPage\":{\"@id\":\"https:\/\/seubert-fruechte.de\/index.php\/produkt\/mais-gegart-pack\/#primaryimage\"},\"image\":{\"@id\":\"https:\/\/seubert-fruechte.de\/index.php\/produkt\/mais-gegart-pack\/#primaryimage\"},\"thumbnailUrl\":\"https:\/\/seubert-fruechte.de\/wp-content\/uploads\/2025\/09\/corn-823446_1280.jpg\",\"datePublished\":\"2025-09-12T09:56:29+00:00\",\"breadcrumb\":{\"@id\":\"https:\/\/seubert-fruechte.de\/index.php\/produkt\/mais-gegart-pack\/#breadcrumb\"},\"inLanguage\":\"de\",\"potentialAction\":[{\"@type\":\"ReadAction\",\"target\":[\"https:\/\/seubert-fruechte.de\/index.php\/produkt\/mais-gegart-pack\/\"]}]},{\"@type\":\"ImageObject\",\"inLanguage\":\"de\",\"@id\":\"https:\/\/seubert-fruechte.de\/index.php\/produkt\/mais-gegart-pack\/#primaryimage\",\"url\":\"https:\/\/seubert-fruechte.de\/wp-content\/uploads\/2025\/09\/corn-823446_1280.jpg\",\"contentUrl\":\"https:\/\/seubert-fruechte.de\/wp-content\/uploads\/2025\/09\/corn-823446_1280.jpg\",\"width\":1280,\"height\":914},{\"@type\":\"BreadcrumbList\",\"@id\":\"https:\/\/seubert-fruechte.de\/index.php\/produkt\/mais-gegart-pack\/#breadcrumb\",\"itemListElement\":[{\"@type\":\"ListItem\",\"position\":1,\"name\":\"Startseite\",\"item\":\"https:\/\/seubert-fruechte.de\/\"},{\"@type\":\"ListItem\",\"position\":2,\"name\":\"Shop\",\"item\":\"https:\/\/seubert-fruechte.de\/index.php\/shop\/\"},{\"@type\":\"ListItem\",\"position\":3,\"name\":\"Mais gegart Pack\"}]},{\"@type\":\"WebSite\",\"@id\":\"https:\/\/seubert-fruechte.de\/#website\",\"url\":\"https:\/\/seubert-fruechte.de\/\",\"name\":\"Seubert Fr\u00fcchte\",\"description\":\"\",\"potentialAction\":[{\"@type\":\"SearchAction\",\"target\":{\"@type\":\"EntryPoint\",\"urlTemplate\":\"https:\/\/seubert-fruechte.de\/?s={search_term_string}\"},\"query-input\":{\"@type\":\"PropertyValueSpecification\",\"valueRequired\":true,\"valueName\":\"search_term_string\"}}],\"inLanguage\":\"de\"}]}<\/script>\n<!-- \/ Yoast SEO plugin. -->","yoast_head_json":{"title":"Mais gegart Pack - Seubert Fr\u00fcchte","robots":{"index":"index","follow":"follow","max-snippet":"max-snippet:-1","max-image-preview":"max-image-preview:large","max-video-preview":"max-video-preview:-1"},"canonical":"https:\/\/seubert-fruechte.de\/index.php\/produkt\/mais-gegart-pack\/","og_locale":"de_DE","og_type":"article","og_title":"Mais gegart Pack - Seubert Fr\u00fcchte","og_description":"Unser gegarter Mais begeistert durch seine goldgelben K\u00f6rner, den s\u00fc\u00df-aromatischen Geschmack und die saftig-zarte Konsistenz. Er ist bereits vorgegart und damit sofort einsatzbereit \u2013 ideal f\u00fcr die schnelle und effiziente K\u00fcche in Gastronomie, Catering und Gro\u00dfk\u00fcchen. Ob als Beilage, im Salat, in Suppen, Bowls oder Aufl\u00e4ufen \u2013 gegarter Mais ist vielseitig einsetzbar und sorgt f\u00fcr [&hellip;]","og_url":"https:\/\/seubert-fruechte.de\/index.php\/produkt\/mais-gegart-pack\/","og_site_name":"Seubert Fr\u00fcchte","og_image":[{"width":1280,"height":914,"url":"https:\/\/seubert-fruechte.de\/wp-content\/uploads\/2025\/09\/corn-823446_1280.jpg","type":"image\/jpeg"}],"twitter_card":"summary_large_image","twitter_misc":{"Gesch\u00e4tzte Lesezeit":"1\u00a0Minute"},"schema":{"@context":"https:\/\/schema.org","@graph":[{"@type":"WebPage","@id":"https:\/\/seubert-fruechte.de\/index.php\/produkt\/mais-gegart-pack\/","url":"https:\/\/seubert-fruechte.de\/index.php\/produkt\/mais-gegart-pack\/","name":"Mais gegart Pack - Seubert Fr\u00fcchte","isPartOf":{"@id":"https:\/\/seubert-fruechte.de\/#website"},"primaryImageOfPage":{"@id":"https:\/\/seubert-fruechte.de\/index.php\/produkt\/mais-gegart-pack\/#primaryimage"},"image":{"@id":"https:\/\/seubert-fruechte.de\/index.php\/produkt\/mais-gegart-pack\/#primaryimage"},"thumbnailUrl":"https:\/\/seubert-fruechte.de\/wp-content\/uploads\/2025\/09\/corn-823446_1280.jpg","datePublished":"2025-09-12T09:56:29+00:00","breadcrumb":{"@id":"https:\/\/seubert-fruechte.de\/index.php\/produkt\/mais-gegart-pack\/#breadcrumb"},"inLanguage":"de","potentialAction":[{"@type":"ReadAction","target":["https:\/\/seubert-fruechte.de\/index.php\/produkt\/mais-gegart-pack\/"]}]},{"@type":"ImageObject","inLanguage":"de","@id":"https:\/\/seubert-fruechte.de\/index.php\/produkt\/mais-gegart-pack\/#primaryimage","url":"https:\/\/seubert-fruechte.de\/wp-content\/uploads\/2025\/09\/corn-823446_1280.jpg","contentUrl":"https:\/\/seubert-fruechte.de\/wp-content\/uploads\/2025\/09\/corn-823446_1280.jpg","width":1280,"height":914},{"@type":"BreadcrumbList","@id":"https:\/\/seubert-fruechte.de\/index.php\/produkt\/mais-gegart-pack\/#breadcrumb","itemListElement":[{"@type":"ListItem","position":1,"name":"Startseite","item":"https:\/\/seubert-fruechte.de\/"},{"@type":"ListItem","position":2,"name":"Shop","item":"https:\/\/seubert-fruechte.de\/index.php\/shop\/"},{"@type":"ListItem","position":3,"name":"Mais gegart Pack"}]},{"@type":"WebSite","@id":"https:\/\/seubert-fruechte.de\/#website","url":"https:\/\/seubert-fruechte.de\/","name":"Seubert Fr\u00fcchte","description":"","potentialAction":[{"@type":"SearchAction","target":{"@type":"EntryPoint","urlTemplate":"https:\/\/seubert-fruechte.de\/?s={search_term_string}"},"query-input":{"@type":"PropertyValueSpecification","valueRequired":true,"valueName":"search_term_string"}}],"inLanguage":"de"}]}},"_links":{"self":[{"href":"https:\/\/seubert-fruechte.de\/index.php\/wp-json\/wp\/v2\/product\/419","targetHints":{"allow":["GET"]}}],"collection":[{"href":"https:\/\/seubert-fruechte.de\/index.php\/wp-json\/wp\/v2\/product"}],"about":[{"href":"https:\/\/seubert-fruechte.de\/index.php\/wp-json\/wp\/v2\/types\/product"}],"replies":[{"embeddable":true,"href":"https:\/\/seubert-fruechte.de\/index.php\/wp-json\/wp\/v2\/comments?post=419"}],"wp:featuredmedia":[{"embeddable":true,"href":"https:\/\/seubert-fruechte.de\/index.php\/wp-json\/wp\/v2\/media\/420"}],"wp:attachment":[{"href":"https:\/\/seubert-fruechte.de\/index.php\/wp-json\/wp\/v2\/media?parent=419"}],"wp:term":[{"taxonomy":"product_brand","embeddable":true,"href":"https:\/\/seubert-fruechte.de\/index.php\/wp-json\/wp\/v2\/product_brand?post=419"},{"taxonomy":"product_cat","embeddable":true,"href":"https:\/\/seubert-fruechte.de\/index.php\/wp-json\/wp\/v2\/product_cat?post=419"},{"taxonomy":"product_tag","embeddable":true,"href":"https:\/\/seubert-fruechte.de\/index.php\/wp-json\/wp\/v2\/product_tag?post=419"}],"curies":[{"name":"wp","href":"https:\/\/api.w.org\/{rel}","templated":true}]}}