{"id":405,"date":"2025-09-12T10:51:28","date_gmt":"2025-09-12T08:51:28","guid":{"rendered":"https:\/\/seubert-fruechte.de\/?post_type=product&#038;p=405"},"modified":"2025-09-12T10:51:28","modified_gmt":"2025-09-12T08:51:28","slug":"karotten-mit-gruen-kiste","status":"publish","type":"product","link":"https:\/\/seubert-fruechte.de\/index.php\/produkt\/karotten-mit-gruen-kiste\/","title":{"rendered":"Karotten mit gr\u00fcn Kiste"},"content":{"rendered":"<p data-start=\"104\" data-end=\"312\">Unsere <strong data-start=\"176\" data-end=\"197\">Karotten mit Gr\u00fcn<\/strong> \u00fcberzeugen durch ihre leuchtend orangefarbenen, knackigen Wurzeln und das frische, kr\u00e4ftig gr\u00fcne Bundkraut. Sie stehen f\u00fcr absolute Frische und Premiumqualit\u00e4t und sind reich an Vitaminen, Mineralstoffen und Ballaststoffen. Ob als Rohkost, gekocht, gebraten oder im Ofen zubereitet \u2013 Karotten mit Gr\u00fcn sind vielseitig einsetzbar und ein echter Blickfang f\u00fcr Gastronomie, Catering und Einzelhandel.<\/p>\n<p data-start=\"136\" data-end=\"366\"><strong>Verpackung:<\/strong> 10 Bund je Kiste<\/p>\n<p data-start=\"136\" data-end=\"366\"><strong>Hinweis zur Menge:\u00a0<\/strong><\/p>\n<p data-start=\"136\" data-end=\"366\">Menge 1 entspricht einer Kiste<\/p>\n","protected":false},"excerpt":{"rendered":"<p>Unsere Karotten mit Gr\u00fcn \u00fcberzeugen durch ihre leuchtend orangefarbenen, knackigen Wurzeln und das frische, kr\u00e4ftig gr\u00fcne Bundkraut. Sie stehen f\u00fcr absolute Frische und Premiumqualit\u00e4t und sind reich an Vitaminen, Mineralstoffen und Ballaststoffen. Ob als Rohkost, gekocht, gebraten oder im Ofen zubereitet \u2013 Karotten mit Gr\u00fcn sind vielseitig einsetzbar und ein echter Blickfang f\u00fcr Gastronomie, Catering [&hellip;]<\/p>\n","protected":false},"featured_media":406,"comment_status":"closed","ping_status":"closed","template":"","meta":[],"product_brand":[],"product_cat":[18],"product_tag":[],"class_list":{"0":"post-405","1":"product","2":"type-product","3":"status-publish","4":"has-post-thumbnail","6":"product_cat-gemuese","8":"first","9":"instock","10":"shipping-taxable","11":"purchasable","12":"product-type-simple"},"yoast_head":"<!-- This site is optimized with the Yoast SEO plugin v26.1.1 - https:\/\/yoast.com\/wordpress\/plugins\/seo\/ -->\n<title>Karotten mit gr\u00fcn Kiste - Seubert Fr\u00fcchte<\/title>\n<meta name=\"robots\" content=\"index, follow, max-snippet:-1, max-image-preview:large, max-video-preview:-1\" \/>\n<link rel=\"canonical\" href=\"https:\/\/seubert-fruechte.de\/index.php\/produkt\/karotten-mit-gruen-kiste\/\" \/>\n<meta property=\"og:locale\" content=\"de_DE\" \/>\n<meta property=\"og:type\" content=\"article\" \/>\n<meta property=\"og:title\" content=\"Karotten mit gr\u00fcn Kiste - Seubert Fr\u00fcchte\" \/>\n<meta property=\"og:description\" content=\"Unsere Karotten mit Gr\u00fcn \u00fcberzeugen durch ihre leuchtend orangefarbenen, knackigen Wurzeln und das frische, kr\u00e4ftig gr\u00fcne Bundkraut. Sie stehen f\u00fcr absolute Frische und Premiumqualit\u00e4t und sind reich an Vitaminen, Mineralstoffen und Ballaststoffen. Ob als Rohkost, gekocht, gebraten oder im Ofen zubereitet \u2013 Karotten mit Gr\u00fcn sind vielseitig einsetzbar und ein echter Blickfang f\u00fcr Gastronomie, Catering [&hellip;]\" \/>\n<meta property=\"og:url\" content=\"https:\/\/seubert-fruechte.de\/index.php\/produkt\/karotten-mit-gruen-kiste\/\" \/>\n<meta property=\"og:site_name\" content=\"Seubert Fr\u00fcchte\" \/>\n<meta property=\"og:image\" content=\"https:\/\/seubert-fruechte.de\/wp-content\/uploads\/2025\/09\/Karotten-mit-gruen.jpg\" \/>\n\t<meta property=\"og:image:width\" content=\"1280\" \/>\n\t<meta property=\"og:image:height\" content=\"852\" \/>\n\t<meta property=\"og:image:type\" content=\"image\/jpeg\" \/>\n<meta name=\"twitter:card\" content=\"summary_large_image\" \/>\n<meta name=\"twitter:label1\" content=\"Gesch\u00e4tzte Lesezeit\" \/>\n\t<meta name=\"twitter:data1\" content=\"1\u00a0Minute\" \/>\n<script type=\"application\/ld+json\" class=\"yoast-schema-graph\">{\"@context\":\"https:\/\/schema.org\",\"@graph\":[{\"@type\":\"WebPage\",\"@id\":\"https:\/\/seubert-fruechte.de\/index.php\/produkt\/karotten-mit-gruen-kiste\/\",\"url\":\"https:\/\/seubert-fruechte.de\/index.php\/produkt\/karotten-mit-gruen-kiste\/\",\"name\":\"Karotten mit gr\u00fcn Kiste - Seubert Fr\u00fcchte\",\"isPartOf\":{\"@id\":\"https:\/\/seubert-fruechte.de\/#website\"},\"primaryImageOfPage\":{\"@id\":\"https:\/\/seubert-fruechte.de\/index.php\/produkt\/karotten-mit-gruen-kiste\/#primaryimage\"},\"image\":{\"@id\":\"https:\/\/seubert-fruechte.de\/index.php\/produkt\/karotten-mit-gruen-kiste\/#primaryimage\"},\"thumbnailUrl\":\"https:\/\/seubert-fruechte.de\/wp-content\/uploads\/2025\/09\/Karotten-mit-gruen.jpg\",\"datePublished\":\"2025-09-12T08:51:28+00:00\",\"breadcrumb\":{\"@id\":\"https:\/\/seubert-fruechte.de\/index.php\/produkt\/karotten-mit-gruen-kiste\/#breadcrumb\"},\"inLanguage\":\"de\",\"potentialAction\":[{\"@type\":\"ReadAction\",\"target\":[\"https:\/\/seubert-fruechte.de\/index.php\/produkt\/karotten-mit-gruen-kiste\/\"]}]},{\"@type\":\"ImageObject\",\"inLanguage\":\"de\",\"@id\":\"https:\/\/seubert-fruechte.de\/index.php\/produkt\/karotten-mit-gruen-kiste\/#primaryimage\",\"url\":\"https:\/\/seubert-fruechte.de\/wp-content\/uploads\/2025\/09\/Karotten-mit-gruen.jpg\",\"contentUrl\":\"https:\/\/seubert-fruechte.de\/wp-content\/uploads\/2025\/09\/Karotten-mit-gruen.jpg\",\"width\":1280,\"height\":852},{\"@type\":\"BreadcrumbList\",\"@id\":\"https:\/\/seubert-fruechte.de\/index.php\/produkt\/karotten-mit-gruen-kiste\/#breadcrumb\",\"itemListElement\":[{\"@type\":\"ListItem\",\"position\":1,\"name\":\"Startseite\",\"item\":\"https:\/\/seubert-fruechte.de\/\"},{\"@type\":\"ListItem\",\"position\":2,\"name\":\"Shop\",\"item\":\"https:\/\/seubert-fruechte.de\/index.php\/shop\/\"},{\"@type\":\"ListItem\",\"position\":3,\"name\":\"Karotten mit gr\u00fcn Kiste\"}]},{\"@type\":\"WebSite\",\"@id\":\"https:\/\/seubert-fruechte.de\/#website\",\"url\":\"https:\/\/seubert-fruechte.de\/\",\"name\":\"Seubert Fr\u00fcchte\",\"description\":\"\",\"potentialAction\":[{\"@type\":\"SearchAction\",\"target\":{\"@type\":\"EntryPoint\",\"urlTemplate\":\"https:\/\/seubert-fruechte.de\/?s={search_term_string}\"},\"query-input\":{\"@type\":\"PropertyValueSpecification\",\"valueRequired\":true,\"valueName\":\"search_term_string\"}}],\"inLanguage\":\"de\"}]}<\/script>\n<!-- \/ Yoast SEO plugin. -->","yoast_head_json":{"title":"Karotten mit gr\u00fcn Kiste - Seubert Fr\u00fcchte","robots":{"index":"index","follow":"follow","max-snippet":"max-snippet:-1","max-image-preview":"max-image-preview:large","max-video-preview":"max-video-preview:-1"},"canonical":"https:\/\/seubert-fruechte.de\/index.php\/produkt\/karotten-mit-gruen-kiste\/","og_locale":"de_DE","og_type":"article","og_title":"Karotten mit gr\u00fcn Kiste - Seubert Fr\u00fcchte","og_description":"Unsere Karotten mit Gr\u00fcn \u00fcberzeugen durch ihre leuchtend orangefarbenen, knackigen Wurzeln und das frische, kr\u00e4ftig gr\u00fcne Bundkraut. Sie stehen f\u00fcr absolute Frische und Premiumqualit\u00e4t und sind reich an Vitaminen, Mineralstoffen und Ballaststoffen. Ob als Rohkost, gekocht, gebraten oder im Ofen zubereitet \u2013 Karotten mit Gr\u00fcn sind vielseitig einsetzbar und ein echter Blickfang f\u00fcr Gastronomie, Catering [&hellip;]","og_url":"https:\/\/seubert-fruechte.de\/index.php\/produkt\/karotten-mit-gruen-kiste\/","og_site_name":"Seubert Fr\u00fcchte","og_image":[{"width":1280,"height":852,"url":"https:\/\/seubert-fruechte.de\/wp-content\/uploads\/2025\/09\/Karotten-mit-gruen.jpg","type":"image\/jpeg"}],"twitter_card":"summary_large_image","twitter_misc":{"Gesch\u00e4tzte Lesezeit":"1\u00a0Minute"},"schema":{"@context":"https:\/\/schema.org","@graph":[{"@type":"WebPage","@id":"https:\/\/seubert-fruechte.de\/index.php\/produkt\/karotten-mit-gruen-kiste\/","url":"https:\/\/seubert-fruechte.de\/index.php\/produkt\/karotten-mit-gruen-kiste\/","name":"Karotten mit gr\u00fcn Kiste - Seubert Fr\u00fcchte","isPartOf":{"@id":"https:\/\/seubert-fruechte.de\/#website"},"primaryImageOfPage":{"@id":"https:\/\/seubert-fruechte.de\/index.php\/produkt\/karotten-mit-gruen-kiste\/#primaryimage"},"image":{"@id":"https:\/\/seubert-fruechte.de\/index.php\/produkt\/karotten-mit-gruen-kiste\/#primaryimage"},"thumbnailUrl":"https:\/\/seubert-fruechte.de\/wp-content\/uploads\/2025\/09\/Karotten-mit-gruen.jpg","datePublished":"2025-09-12T08:51:28+00:00","breadcrumb":{"@id":"https:\/\/seubert-fruechte.de\/index.php\/produkt\/karotten-mit-gruen-kiste\/#breadcrumb"},"inLanguage":"de","potentialAction":[{"@type":"ReadAction","target":["https:\/\/seubert-fruechte.de\/index.php\/produkt\/karotten-mit-gruen-kiste\/"]}]},{"@type":"ImageObject","inLanguage":"de","@id":"https:\/\/seubert-fruechte.de\/index.php\/produkt\/karotten-mit-gruen-kiste\/#primaryimage","url":"https:\/\/seubert-fruechte.de\/wp-content\/uploads\/2025\/09\/Karotten-mit-gruen.jpg","contentUrl":"https:\/\/seubert-fruechte.de\/wp-content\/uploads\/2025\/09\/Karotten-mit-gruen.jpg","width":1280,"height":852},{"@type":"BreadcrumbList","@id":"https:\/\/seubert-fruechte.de\/index.php\/produkt\/karotten-mit-gruen-kiste\/#breadcrumb","itemListElement":[{"@type":"ListItem","position":1,"name":"Startseite","item":"https:\/\/seubert-fruechte.de\/"},{"@type":"ListItem","position":2,"name":"Shop","item":"https:\/\/seubert-fruechte.de\/index.php\/shop\/"},{"@type":"ListItem","position":3,"name":"Karotten mit gr\u00fcn Kiste"}]},{"@type":"WebSite","@id":"https:\/\/seubert-fruechte.de\/#website","url":"https:\/\/seubert-fruechte.de\/","name":"Seubert Fr\u00fcchte","description":"","potentialAction":[{"@type":"SearchAction","target":{"@type":"EntryPoint","urlTemplate":"https:\/\/seubert-fruechte.de\/?s={search_term_string}"},"query-input":{"@type":"PropertyValueSpecification","valueRequired":true,"valueName":"search_term_string"}}],"inLanguage":"de"}]}},"_links":{"self":[{"href":"https:\/\/seubert-fruechte.de\/index.php\/wp-json\/wp\/v2\/product\/405","targetHints":{"allow":["GET"]}}],"collection":[{"href":"https:\/\/seubert-fruechte.de\/index.php\/wp-json\/wp\/v2\/product"}],"about":[{"href":"https:\/\/seubert-fruechte.de\/index.php\/wp-json\/wp\/v2\/types\/product"}],"replies":[{"embeddable":true,"href":"https:\/\/seubert-fruechte.de\/index.php\/wp-json\/wp\/v2\/comments?post=405"}],"wp:featuredmedia":[{"embeddable":true,"href":"https:\/\/seubert-fruechte.de\/index.php\/wp-json\/wp\/v2\/media\/406"}],"wp:attachment":[{"href":"https:\/\/seubert-fruechte.de\/index.php\/wp-json\/wp\/v2\/media?parent=405"}],"wp:term":[{"taxonomy":"product_brand","embeddable":true,"href":"https:\/\/seubert-fruechte.de\/index.php\/wp-json\/wp\/v2\/product_brand?post=405"},{"taxonomy":"product_cat","embeddable":true,"href":"https:\/\/seubert-fruechte.de\/index.php\/wp-json\/wp\/v2\/product_cat?post=405"},{"taxonomy":"product_tag","embeddable":true,"href":"https:\/\/seubert-fruechte.de\/index.php\/wp-json\/wp\/v2\/product_tag?post=405"}],"curies":[{"name":"wp","href":"https:\/\/api.w.org\/{rel}","templated":true}]}}