{"id":394,"date":"2025-09-11T16:35:10","date_gmt":"2025-09-11T14:35:10","guid":{"rendered":"https:\/\/seubert-fruechte.de\/?post_type=product&#038;p=394"},"modified":"2025-09-11T16:36:22","modified_gmt":"2025-09-11T14:36:22","slug":"chinakohl-kg","status":"publish","type":"product","link":"https:\/\/seubert-fruechte.de\/index.php\/produkt\/chinakohl-kg\/","title":{"rendered":"Chinakohl kg"},"content":{"rendered":"<p data-start=\"104\" data-end=\"312\">Unser frischer <strong data-start=\"166\" data-end=\"179\">Chinakohl<\/strong> \u00fcberzeugt durch seine zarten, hellgr\u00fcnen Bl\u00e4tter, den knackigen Biss und den angenehm milden Geschmack. Er ist kalorienarm, reich an Vitaminen, Mineralstoffen und Ballaststoffen und eignet sich sowohl f\u00fcr frische Salate als auch f\u00fcr warme Gerichte. Ob in der asiatischen K\u00fcche, f\u00fcr Wokgerichte, Suppen oder als Beilage \u2013 Chinakohl ist ein echtes Multitalent f\u00fcr Gastronomie, Catering und den Einzelhandel.<\/p>\n<p data-start=\"136\" data-end=\"366\"><strong>Hinweis zur Menge:\u00a0<\/strong><\/p>\n<p data-start=\"136\" data-end=\"366\">Menge 1 entspricht einem Kilogramm<\/p>\n","protected":false},"excerpt":{"rendered":"<p>Unser frischer Chinakohl \u00fcberzeugt durch seine zarten, hellgr\u00fcnen Bl\u00e4tter, den knackigen Biss und den angenehm milden Geschmack. Er ist kalorienarm, reich an Vitaminen, Mineralstoffen und Ballaststoffen und eignet sich sowohl f\u00fcr frische Salate als auch f\u00fcr warme Gerichte. Ob in der asiatischen K\u00fcche, f\u00fcr Wokgerichte, Suppen oder als Beilage \u2013 Chinakohl ist ein echtes Multitalent [&hellip;]<\/p>\n","protected":false},"featured_media":393,"comment_status":"closed","ping_status":"closed","template":"","meta":[],"product_brand":[],"product_cat":[18],"product_tag":[],"class_list":{"0":"post-394","1":"product","2":"type-product","3":"status-publish","4":"has-post-thumbnail","6":"product_cat-gemuese","8":"first","9":"instock","10":"shipping-taxable","11":"purchasable","12":"product-type-simple"},"yoast_head":"<!-- This site is optimized with the Yoast SEO plugin v26.1.1 - https:\/\/yoast.com\/wordpress\/plugins\/seo\/ -->\n<title>Chinakohl kg - Seubert Fr\u00fcchte<\/title>\n<meta name=\"robots\" content=\"index, follow, max-snippet:-1, max-image-preview:large, max-video-preview:-1\" \/>\n<link rel=\"canonical\" href=\"https:\/\/seubert-fruechte.de\/index.php\/produkt\/chinakohl-kg\/\" \/>\n<meta property=\"og:locale\" content=\"de_DE\" \/>\n<meta property=\"og:type\" content=\"article\" \/>\n<meta property=\"og:title\" content=\"Chinakohl kg - Seubert Fr\u00fcchte\" \/>\n<meta property=\"og:description\" content=\"Unser frischer Chinakohl \u00fcberzeugt durch seine zarten, hellgr\u00fcnen Bl\u00e4tter, den knackigen Biss und den angenehm milden Geschmack. Er ist kalorienarm, reich an Vitaminen, Mineralstoffen und Ballaststoffen und eignet sich sowohl f\u00fcr frische Salate als auch f\u00fcr warme Gerichte. Ob in der asiatischen K\u00fcche, f\u00fcr Wokgerichte, Suppen oder als Beilage \u2013 Chinakohl ist ein echtes Multitalent [&hellip;]\" \/>\n<meta property=\"og:url\" content=\"https:\/\/seubert-fruechte.de\/index.php\/produkt\/chinakohl-kg\/\" \/>\n<meta property=\"og:site_name\" content=\"Seubert Fr\u00fcchte\" \/>\n<meta property=\"article:modified_time\" content=\"2025-09-11T14:36:22+00:00\" \/>\n<meta property=\"og:image\" content=\"https:\/\/seubert-fruechte.de\/wp-content\/uploads\/2025\/09\/Chinakohl.jpg\" \/>\n\t<meta property=\"og:image:width\" content=\"474\" \/>\n\t<meta property=\"og:image:height\" content=\"640\" \/>\n\t<meta property=\"og:image:type\" content=\"image\/jpeg\" \/>\n<meta name=\"twitter:card\" content=\"summary_large_image\" \/>\n<meta name=\"twitter:label1\" content=\"Gesch\u00e4tzte Lesezeit\" \/>\n\t<meta name=\"twitter:data1\" content=\"1\u00a0Minute\" \/>\n<script type=\"application\/ld+json\" class=\"yoast-schema-graph\">{\"@context\":\"https:\/\/schema.org\",\"@graph\":[{\"@type\":\"WebPage\",\"@id\":\"https:\/\/seubert-fruechte.de\/index.php\/produkt\/chinakohl-kg\/\",\"url\":\"https:\/\/seubert-fruechte.de\/index.php\/produkt\/chinakohl-kg\/\",\"name\":\"Chinakohl kg - Seubert Fr\u00fcchte\",\"isPartOf\":{\"@id\":\"https:\/\/seubert-fruechte.de\/#website\"},\"primaryImageOfPage\":{\"@id\":\"https:\/\/seubert-fruechte.de\/index.php\/produkt\/chinakohl-kg\/#primaryimage\"},\"image\":{\"@id\":\"https:\/\/seubert-fruechte.de\/index.php\/produkt\/chinakohl-kg\/#primaryimage\"},\"thumbnailUrl\":\"https:\/\/seubert-fruechte.de\/wp-content\/uploads\/2025\/09\/Chinakohl.jpg\",\"datePublished\":\"2025-09-11T14:35:10+00:00\",\"dateModified\":\"2025-09-11T14:36:22+00:00\",\"breadcrumb\":{\"@id\":\"https:\/\/seubert-fruechte.de\/index.php\/produkt\/chinakohl-kg\/#breadcrumb\"},\"inLanguage\":\"de\",\"potentialAction\":[{\"@type\":\"ReadAction\",\"target\":[\"https:\/\/seubert-fruechte.de\/index.php\/produkt\/chinakohl-kg\/\"]}]},{\"@type\":\"ImageObject\",\"inLanguage\":\"de\",\"@id\":\"https:\/\/seubert-fruechte.de\/index.php\/produkt\/chinakohl-kg\/#primaryimage\",\"url\":\"https:\/\/seubert-fruechte.de\/wp-content\/uploads\/2025\/09\/Chinakohl.jpg\",\"contentUrl\":\"https:\/\/seubert-fruechte.de\/wp-content\/uploads\/2025\/09\/Chinakohl.jpg\",\"width\":474,\"height\":640},{\"@type\":\"BreadcrumbList\",\"@id\":\"https:\/\/seubert-fruechte.de\/index.php\/produkt\/chinakohl-kg\/#breadcrumb\",\"itemListElement\":[{\"@type\":\"ListItem\",\"position\":1,\"name\":\"Startseite\",\"item\":\"https:\/\/seubert-fruechte.de\/\"},{\"@type\":\"ListItem\",\"position\":2,\"name\":\"Shop\",\"item\":\"https:\/\/seubert-fruechte.de\/index.php\/shop\/\"},{\"@type\":\"ListItem\",\"position\":3,\"name\":\"Chinakohl kg\"}]},{\"@type\":\"WebSite\",\"@id\":\"https:\/\/seubert-fruechte.de\/#website\",\"url\":\"https:\/\/seubert-fruechte.de\/\",\"name\":\"Seubert Fr\u00fcchte\",\"description\":\"\",\"potentialAction\":[{\"@type\":\"SearchAction\",\"target\":{\"@type\":\"EntryPoint\",\"urlTemplate\":\"https:\/\/seubert-fruechte.de\/?s={search_term_string}\"},\"query-input\":{\"@type\":\"PropertyValueSpecification\",\"valueRequired\":true,\"valueName\":\"search_term_string\"}}],\"inLanguage\":\"de\"}]}<\/script>\n<!-- \/ Yoast SEO plugin. -->","yoast_head_json":{"title":"Chinakohl kg - Seubert Fr\u00fcchte","robots":{"index":"index","follow":"follow","max-snippet":"max-snippet:-1","max-image-preview":"max-image-preview:large","max-video-preview":"max-video-preview:-1"},"canonical":"https:\/\/seubert-fruechte.de\/index.php\/produkt\/chinakohl-kg\/","og_locale":"de_DE","og_type":"article","og_title":"Chinakohl kg - Seubert Fr\u00fcchte","og_description":"Unser frischer Chinakohl \u00fcberzeugt durch seine zarten, hellgr\u00fcnen Bl\u00e4tter, den knackigen Biss und den angenehm milden Geschmack. Er ist kalorienarm, reich an Vitaminen, Mineralstoffen und Ballaststoffen und eignet sich sowohl f\u00fcr frische Salate als auch f\u00fcr warme Gerichte. Ob in der asiatischen K\u00fcche, f\u00fcr Wokgerichte, Suppen oder als Beilage \u2013 Chinakohl ist ein echtes Multitalent [&hellip;]","og_url":"https:\/\/seubert-fruechte.de\/index.php\/produkt\/chinakohl-kg\/","og_site_name":"Seubert Fr\u00fcchte","article_modified_time":"2025-09-11T14:36:22+00:00","og_image":[{"width":474,"height":640,"url":"https:\/\/seubert-fruechte.de\/wp-content\/uploads\/2025\/09\/Chinakohl.jpg","type":"image\/jpeg"}],"twitter_card":"summary_large_image","twitter_misc":{"Gesch\u00e4tzte Lesezeit":"1\u00a0Minute"},"schema":{"@context":"https:\/\/schema.org","@graph":[{"@type":"WebPage","@id":"https:\/\/seubert-fruechte.de\/index.php\/produkt\/chinakohl-kg\/","url":"https:\/\/seubert-fruechte.de\/index.php\/produkt\/chinakohl-kg\/","name":"Chinakohl kg - Seubert Fr\u00fcchte","isPartOf":{"@id":"https:\/\/seubert-fruechte.de\/#website"},"primaryImageOfPage":{"@id":"https:\/\/seubert-fruechte.de\/index.php\/produkt\/chinakohl-kg\/#primaryimage"},"image":{"@id":"https:\/\/seubert-fruechte.de\/index.php\/produkt\/chinakohl-kg\/#primaryimage"},"thumbnailUrl":"https:\/\/seubert-fruechte.de\/wp-content\/uploads\/2025\/09\/Chinakohl.jpg","datePublished":"2025-09-11T14:35:10+00:00","dateModified":"2025-09-11T14:36:22+00:00","breadcrumb":{"@id":"https:\/\/seubert-fruechte.de\/index.php\/produkt\/chinakohl-kg\/#breadcrumb"},"inLanguage":"de","potentialAction":[{"@type":"ReadAction","target":["https:\/\/seubert-fruechte.de\/index.php\/produkt\/chinakohl-kg\/"]}]},{"@type":"ImageObject","inLanguage":"de","@id":"https:\/\/seubert-fruechte.de\/index.php\/produkt\/chinakohl-kg\/#primaryimage","url":"https:\/\/seubert-fruechte.de\/wp-content\/uploads\/2025\/09\/Chinakohl.jpg","contentUrl":"https:\/\/seubert-fruechte.de\/wp-content\/uploads\/2025\/09\/Chinakohl.jpg","width":474,"height":640},{"@type":"BreadcrumbList","@id":"https:\/\/seubert-fruechte.de\/index.php\/produkt\/chinakohl-kg\/#breadcrumb","itemListElement":[{"@type":"ListItem","position":1,"name":"Startseite","item":"https:\/\/seubert-fruechte.de\/"},{"@type":"ListItem","position":2,"name":"Shop","item":"https:\/\/seubert-fruechte.de\/index.php\/shop\/"},{"@type":"ListItem","position":3,"name":"Chinakohl kg"}]},{"@type":"WebSite","@id":"https:\/\/seubert-fruechte.de\/#website","url":"https:\/\/seubert-fruechte.de\/","name":"Seubert Fr\u00fcchte","description":"","potentialAction":[{"@type":"SearchAction","target":{"@type":"EntryPoint","urlTemplate":"https:\/\/seubert-fruechte.de\/?s={search_term_string}"},"query-input":{"@type":"PropertyValueSpecification","valueRequired":true,"valueName":"search_term_string"}}],"inLanguage":"de"}]}},"_links":{"self":[{"href":"https:\/\/seubert-fruechte.de\/index.php\/wp-json\/wp\/v2\/product\/394","targetHints":{"allow":["GET"]}}],"collection":[{"href":"https:\/\/seubert-fruechte.de\/index.php\/wp-json\/wp\/v2\/product"}],"about":[{"href":"https:\/\/seubert-fruechte.de\/index.php\/wp-json\/wp\/v2\/types\/product"}],"replies":[{"embeddable":true,"href":"https:\/\/seubert-fruechte.de\/index.php\/wp-json\/wp\/v2\/comments?post=394"}],"wp:featuredmedia":[{"embeddable":true,"href":"https:\/\/seubert-fruechte.de\/index.php\/wp-json\/wp\/v2\/media\/393"}],"wp:attachment":[{"href":"https:\/\/seubert-fruechte.de\/index.php\/wp-json\/wp\/v2\/media?parent=394"}],"wp:term":[{"taxonomy":"product_brand","embeddable":true,"href":"https:\/\/seubert-fruechte.de\/index.php\/wp-json\/wp\/v2\/product_brand?post=394"},{"taxonomy":"product_cat","embeddable":true,"href":"https:\/\/seubert-fruechte.de\/index.php\/wp-json\/wp\/v2\/product_cat?post=394"},{"taxonomy":"product_tag","embeddable":true,"href":"https:\/\/seubert-fruechte.de\/index.php\/wp-json\/wp\/v2\/product_tag?post=394"}],"curies":[{"name":"wp","href":"https:\/\/api.w.org\/{rel}","templated":true}]}}