{"id":392,"date":"2025-09-11T16:31:40","date_gmt":"2025-09-11T14:31:40","guid":{"rendered":"https:\/\/seubert-fruechte.de\/?post_type=product&#038;p=392"},"modified":"2025-09-11T16:31:40","modified_gmt":"2025-09-11T14:31:40","slug":"chinakohl-kiste","status":"publish","type":"product","link":"https:\/\/seubert-fruechte.de\/index.php\/produkt\/chinakohl-kiste\/","title":{"rendered":"Chinakohl Kiste"},"content":{"rendered":"<p data-start=\"104\" data-end=\"312\">Unser frischer\u00a0<strong data-start=\"167\" data-end=\"179\">Chicor\u00e9e<\/strong>\u00a0\u00fcberzeugt mit seinen festen, wei\u00df-gelblichen Bl\u00e4ttern und dem knackigen Biss. Sein feines, leicht bitteres Aroma macht ihn zu einer besonderen Zutat in der gehobenen K\u00fcche. Chicor\u00e9e ist kalorienarm, reich an Vitaminen, Mineralstoffen und Ballaststoffen und eignet sich perfekt f\u00fcr frische Salate, Gem\u00fcsegerichte oder auch zum \u00dcberbacken.<\/p>\n<p data-start=\"136\" data-end=\"366\"><strong>Verpackung:<\/strong> 10kg je Kiste<\/p>\n<p data-start=\"136\" data-end=\"366\"><strong>Hinweis zur Menge:\u00a0<\/strong><\/p>\n<p data-start=\"136\" data-end=\"366\">Menge 1 entspricht einer Kiste<\/p>\n","protected":false},"excerpt":{"rendered":"<p>Unser frischer\u00a0Chicor\u00e9e\u00a0\u00fcberzeugt mit seinen festen, wei\u00df-gelblichen Bl\u00e4ttern und dem knackigen Biss. Sein feines, leicht bitteres Aroma macht ihn zu einer besonderen Zutat in der gehobenen K\u00fcche. Chicor\u00e9e ist kalorienarm, reich an Vitaminen, Mineralstoffen und Ballaststoffen und eignet sich perfekt f\u00fcr frische Salate, Gem\u00fcsegerichte oder auch zum \u00dcberbacken. Verpackung: 10kg je Kiste Hinweis zur Menge:\u00a0 Menge [&hellip;]<\/p>\n","protected":false},"featured_media":393,"comment_status":"closed","ping_status":"closed","template":"","meta":[],"product_brand":[],"product_cat":[18],"product_tag":[],"class_list":{"0":"post-392","1":"product","2":"type-product","3":"status-publish","4":"has-post-thumbnail","6":"product_cat-gemuese","8":"first","9":"instock","10":"shipping-taxable","11":"purchasable","12":"product-type-simple"},"yoast_head":"<!-- This site is optimized with the Yoast SEO plugin v26.1.1 - https:\/\/yoast.com\/wordpress\/plugins\/seo\/ -->\n<title>Chinakohl Kiste - Seubert Fr\u00fcchte<\/title>\n<meta name=\"robots\" content=\"index, follow, max-snippet:-1, max-image-preview:large, max-video-preview:-1\" \/>\n<link rel=\"canonical\" href=\"https:\/\/seubert-fruechte.de\/index.php\/produkt\/chinakohl-kiste\/\" \/>\n<meta property=\"og:locale\" content=\"de_DE\" \/>\n<meta property=\"og:type\" content=\"article\" \/>\n<meta property=\"og:title\" content=\"Chinakohl Kiste - Seubert Fr\u00fcchte\" \/>\n<meta property=\"og:description\" content=\"Unser frischer\u00a0Chicor\u00e9e\u00a0\u00fcberzeugt mit seinen festen, wei\u00df-gelblichen Bl\u00e4ttern und dem knackigen Biss. Sein feines, leicht bitteres Aroma macht ihn zu einer besonderen Zutat in der gehobenen K\u00fcche. Chicor\u00e9e ist kalorienarm, reich an Vitaminen, Mineralstoffen und Ballaststoffen und eignet sich perfekt f\u00fcr frische Salate, Gem\u00fcsegerichte oder auch zum \u00dcberbacken. Verpackung: 10kg je Kiste Hinweis zur Menge:\u00a0 Menge [&hellip;]\" \/>\n<meta property=\"og:url\" content=\"https:\/\/seubert-fruechte.de\/index.php\/produkt\/chinakohl-kiste\/\" \/>\n<meta property=\"og:site_name\" content=\"Seubert Fr\u00fcchte\" \/>\n<meta property=\"og:image\" content=\"https:\/\/seubert-fruechte.de\/wp-content\/uploads\/2025\/09\/Chinakohl.jpg\" \/>\n\t<meta property=\"og:image:width\" content=\"474\" \/>\n\t<meta property=\"og:image:height\" content=\"640\" \/>\n\t<meta property=\"og:image:type\" content=\"image\/jpeg\" \/>\n<meta name=\"twitter:card\" content=\"summary_large_image\" \/>\n<meta name=\"twitter:label1\" content=\"Gesch\u00e4tzte Lesezeit\" \/>\n\t<meta name=\"twitter:data1\" content=\"1\u00a0Minute\" \/>\n<script type=\"application\/ld+json\" class=\"yoast-schema-graph\">{\"@context\":\"https:\/\/schema.org\",\"@graph\":[{\"@type\":\"WebPage\",\"@id\":\"https:\/\/seubert-fruechte.de\/index.php\/produkt\/chinakohl-kiste\/\",\"url\":\"https:\/\/seubert-fruechte.de\/index.php\/produkt\/chinakohl-kiste\/\",\"name\":\"Chinakohl Kiste - Seubert Fr\u00fcchte\",\"isPartOf\":{\"@id\":\"https:\/\/seubert-fruechte.de\/#website\"},\"primaryImageOfPage\":{\"@id\":\"https:\/\/seubert-fruechte.de\/index.php\/produkt\/chinakohl-kiste\/#primaryimage\"},\"image\":{\"@id\":\"https:\/\/seubert-fruechte.de\/index.php\/produkt\/chinakohl-kiste\/#primaryimage\"},\"thumbnailUrl\":\"https:\/\/seubert-fruechte.de\/wp-content\/uploads\/2025\/09\/Chinakohl.jpg\",\"datePublished\":\"2025-09-11T14:31:40+00:00\",\"breadcrumb\":{\"@id\":\"https:\/\/seubert-fruechte.de\/index.php\/produkt\/chinakohl-kiste\/#breadcrumb\"},\"inLanguage\":\"de\",\"potentialAction\":[{\"@type\":\"ReadAction\",\"target\":[\"https:\/\/seubert-fruechte.de\/index.php\/produkt\/chinakohl-kiste\/\"]}]},{\"@type\":\"ImageObject\",\"inLanguage\":\"de\",\"@id\":\"https:\/\/seubert-fruechte.de\/index.php\/produkt\/chinakohl-kiste\/#primaryimage\",\"url\":\"https:\/\/seubert-fruechte.de\/wp-content\/uploads\/2025\/09\/Chinakohl.jpg\",\"contentUrl\":\"https:\/\/seubert-fruechte.de\/wp-content\/uploads\/2025\/09\/Chinakohl.jpg\",\"width\":474,\"height\":640},{\"@type\":\"BreadcrumbList\",\"@id\":\"https:\/\/seubert-fruechte.de\/index.php\/produkt\/chinakohl-kiste\/#breadcrumb\",\"itemListElement\":[{\"@type\":\"ListItem\",\"position\":1,\"name\":\"Startseite\",\"item\":\"https:\/\/seubert-fruechte.de\/\"},{\"@type\":\"ListItem\",\"position\":2,\"name\":\"Shop\",\"item\":\"https:\/\/seubert-fruechte.de\/index.php\/shop\/\"},{\"@type\":\"ListItem\",\"position\":3,\"name\":\"Chinakohl Kiste\"}]},{\"@type\":\"WebSite\",\"@id\":\"https:\/\/seubert-fruechte.de\/#website\",\"url\":\"https:\/\/seubert-fruechte.de\/\",\"name\":\"Seubert Fr\u00fcchte\",\"description\":\"\",\"potentialAction\":[{\"@type\":\"SearchAction\",\"target\":{\"@type\":\"EntryPoint\",\"urlTemplate\":\"https:\/\/seubert-fruechte.de\/?s={search_term_string}\"},\"query-input\":{\"@type\":\"PropertyValueSpecification\",\"valueRequired\":true,\"valueName\":\"search_term_string\"}}],\"inLanguage\":\"de\"}]}<\/script>\n<!-- \/ Yoast SEO plugin. -->","yoast_head_json":{"title":"Chinakohl Kiste - Seubert Fr\u00fcchte","robots":{"index":"index","follow":"follow","max-snippet":"max-snippet:-1","max-image-preview":"max-image-preview:large","max-video-preview":"max-video-preview:-1"},"canonical":"https:\/\/seubert-fruechte.de\/index.php\/produkt\/chinakohl-kiste\/","og_locale":"de_DE","og_type":"article","og_title":"Chinakohl Kiste - Seubert Fr\u00fcchte","og_description":"Unser frischer\u00a0Chicor\u00e9e\u00a0\u00fcberzeugt mit seinen festen, wei\u00df-gelblichen Bl\u00e4ttern und dem knackigen Biss. Sein feines, leicht bitteres Aroma macht ihn zu einer besonderen Zutat in der gehobenen K\u00fcche. Chicor\u00e9e ist kalorienarm, reich an Vitaminen, Mineralstoffen und Ballaststoffen und eignet sich perfekt f\u00fcr frische Salate, Gem\u00fcsegerichte oder auch zum \u00dcberbacken. Verpackung: 10kg je Kiste Hinweis zur Menge:\u00a0 Menge [&hellip;]","og_url":"https:\/\/seubert-fruechte.de\/index.php\/produkt\/chinakohl-kiste\/","og_site_name":"Seubert Fr\u00fcchte","og_image":[{"width":474,"height":640,"url":"https:\/\/seubert-fruechte.de\/wp-content\/uploads\/2025\/09\/Chinakohl.jpg","type":"image\/jpeg"}],"twitter_card":"summary_large_image","twitter_misc":{"Gesch\u00e4tzte Lesezeit":"1\u00a0Minute"},"schema":{"@context":"https:\/\/schema.org","@graph":[{"@type":"WebPage","@id":"https:\/\/seubert-fruechte.de\/index.php\/produkt\/chinakohl-kiste\/","url":"https:\/\/seubert-fruechte.de\/index.php\/produkt\/chinakohl-kiste\/","name":"Chinakohl Kiste - Seubert Fr\u00fcchte","isPartOf":{"@id":"https:\/\/seubert-fruechte.de\/#website"},"primaryImageOfPage":{"@id":"https:\/\/seubert-fruechte.de\/index.php\/produkt\/chinakohl-kiste\/#primaryimage"},"image":{"@id":"https:\/\/seubert-fruechte.de\/index.php\/produkt\/chinakohl-kiste\/#primaryimage"},"thumbnailUrl":"https:\/\/seubert-fruechte.de\/wp-content\/uploads\/2025\/09\/Chinakohl.jpg","datePublished":"2025-09-11T14:31:40+00:00","breadcrumb":{"@id":"https:\/\/seubert-fruechte.de\/index.php\/produkt\/chinakohl-kiste\/#breadcrumb"},"inLanguage":"de","potentialAction":[{"@type":"ReadAction","target":["https:\/\/seubert-fruechte.de\/index.php\/produkt\/chinakohl-kiste\/"]}]},{"@type":"ImageObject","inLanguage":"de","@id":"https:\/\/seubert-fruechte.de\/index.php\/produkt\/chinakohl-kiste\/#primaryimage","url":"https:\/\/seubert-fruechte.de\/wp-content\/uploads\/2025\/09\/Chinakohl.jpg","contentUrl":"https:\/\/seubert-fruechte.de\/wp-content\/uploads\/2025\/09\/Chinakohl.jpg","width":474,"height":640},{"@type":"BreadcrumbList","@id":"https:\/\/seubert-fruechte.de\/index.php\/produkt\/chinakohl-kiste\/#breadcrumb","itemListElement":[{"@type":"ListItem","position":1,"name":"Startseite","item":"https:\/\/seubert-fruechte.de\/"},{"@type":"ListItem","position":2,"name":"Shop","item":"https:\/\/seubert-fruechte.de\/index.php\/shop\/"},{"@type":"ListItem","position":3,"name":"Chinakohl Kiste"}]},{"@type":"WebSite","@id":"https:\/\/seubert-fruechte.de\/#website","url":"https:\/\/seubert-fruechte.de\/","name":"Seubert Fr\u00fcchte","description":"","potentialAction":[{"@type":"SearchAction","target":{"@type":"EntryPoint","urlTemplate":"https:\/\/seubert-fruechte.de\/?s={search_term_string}"},"query-input":{"@type":"PropertyValueSpecification","valueRequired":true,"valueName":"search_term_string"}}],"inLanguage":"de"}]}},"_links":{"self":[{"href":"https:\/\/seubert-fruechte.de\/index.php\/wp-json\/wp\/v2\/product\/392","targetHints":{"allow":["GET"]}}],"collection":[{"href":"https:\/\/seubert-fruechte.de\/index.php\/wp-json\/wp\/v2\/product"}],"about":[{"href":"https:\/\/seubert-fruechte.de\/index.php\/wp-json\/wp\/v2\/types\/product"}],"replies":[{"embeddable":true,"href":"https:\/\/seubert-fruechte.de\/index.php\/wp-json\/wp\/v2\/comments?post=392"}],"wp:featuredmedia":[{"embeddable":true,"href":"https:\/\/seubert-fruechte.de\/index.php\/wp-json\/wp\/v2\/media\/393"}],"wp:attachment":[{"href":"https:\/\/seubert-fruechte.de\/index.php\/wp-json\/wp\/v2\/media?parent=392"}],"wp:term":[{"taxonomy":"product_brand","embeddable":true,"href":"https:\/\/seubert-fruechte.de\/index.php\/wp-json\/wp\/v2\/product_brand?post=392"},{"taxonomy":"product_cat","embeddable":true,"href":"https:\/\/seubert-fruechte.de\/index.php\/wp-json\/wp\/v2\/product_cat?post=392"},{"taxonomy":"product_tag","embeddable":true,"href":"https:\/\/seubert-fruechte.de\/index.php\/wp-json\/wp\/v2\/product_tag?post=392"}],"curies":[{"name":"wp","href":"https:\/\/api.w.org\/{rel}","templated":true}]}}