{"id":383,"date":"2025-09-11T16:04:35","date_gmt":"2025-09-11T14:04:35","guid":{"rendered":"https:\/\/seubert-fruechte.de\/?post_type=product&#038;p=383"},"modified":"2025-09-11T16:07:35","modified_gmt":"2025-09-11T14:07:35","slug":"liebstoeckel-schale","status":"publish","type":"product","link":"https:\/\/seubert-fruechte.de\/index.php\/produkt\/liebstoeckel-schale\/","title":{"rendered":"Liebst\u00f6ckel Schale"},"content":{"rendered":"<p data-start=\"170\" data-end=\"532\">Unser frischer <strong data-start=\"172\" data-end=\"187\">Liebst\u00f6ckel<\/strong>, auch bekannt als <em data-start=\"206\" data-end=\"218\">Maggikraut<\/em>, \u00fcberzeugt durch sein kr\u00e4ftiges, w\u00fcrziges Aroma, das Suppen, Eint\u00f6pfen und Saucen eine unverwechselbare Note verleiht. Die gr\u00fcnen, fiederf\u00f6rmigen Bl\u00e4tter sind reich an \u00e4therischen \u00d6len, Vitaminen und Mineralstoffen und machen Liebst\u00f6ckel zu einem gesch\u00e4tzten K\u00fcchenklassiker in der Gastronomie und im Einzelhandel.<\/p>\n<p data-start=\"136\" data-end=\"366\"><strong>Verpackung:<\/strong> 40gr je Schale<\/p>\n<p data-start=\"136\" data-end=\"366\"><strong>Hinweis zur Menge:\u00a0<\/strong><\/p>\n<p data-start=\"136\" data-end=\"366\">Menge 1 entspricht einer Schale<\/p>\n","protected":false},"excerpt":{"rendered":"<p>Unser frischer Liebst\u00f6ckel, auch bekannt als Maggikraut, \u00fcberzeugt durch sein kr\u00e4ftiges, w\u00fcrziges Aroma, das Suppen, Eint\u00f6pfen und Saucen eine unverwechselbare Note verleiht. Die gr\u00fcnen, fiederf\u00f6rmigen Bl\u00e4tter sind reich an \u00e4therischen \u00d6len, Vitaminen und Mineralstoffen und machen Liebst\u00f6ckel zu einem gesch\u00e4tzten K\u00fcchenklassiker in der Gastronomie und im Einzelhandel. Verpackung: 40gr je Schale Hinweis zur Menge:\u00a0 Menge [&hellip;]<\/p>\n","protected":false},"featured_media":384,"comment_status":"closed","ping_status":"closed","template":"","meta":[],"product_brand":[],"product_cat":[23],"product_tag":[],"class_list":{"0":"post-383","1":"product","2":"type-product","3":"status-publish","4":"has-post-thumbnail","6":"product_cat-kraeuter","8":"first","9":"instock","10":"shipping-taxable","11":"purchasable","12":"product-type-simple"},"yoast_head":"<!-- This site is optimized with the Yoast SEO plugin v26.1.1 - https:\/\/yoast.com\/wordpress\/plugins\/seo\/ -->\n<title>Liebst\u00f6ckel Schale - Seubert Fr\u00fcchte<\/title>\n<meta name=\"robots\" content=\"index, follow, max-snippet:-1, max-image-preview:large, max-video-preview:-1\" \/>\n<link rel=\"canonical\" href=\"https:\/\/seubert-fruechte.de\/index.php\/produkt\/liebstoeckel-schale\/\" \/>\n<meta property=\"og:locale\" content=\"de_DE\" \/>\n<meta property=\"og:type\" content=\"article\" \/>\n<meta property=\"og:title\" content=\"Liebst\u00f6ckel Schale - Seubert Fr\u00fcchte\" \/>\n<meta property=\"og:description\" content=\"Unser frischer Liebst\u00f6ckel, auch bekannt als Maggikraut, \u00fcberzeugt durch sein kr\u00e4ftiges, w\u00fcrziges Aroma, das Suppen, Eint\u00f6pfen und Saucen eine unverwechselbare Note verleiht. Die gr\u00fcnen, fiederf\u00f6rmigen Bl\u00e4tter sind reich an \u00e4therischen \u00d6len, Vitaminen und Mineralstoffen und machen Liebst\u00f6ckel zu einem gesch\u00e4tzten K\u00fcchenklassiker in der Gastronomie und im Einzelhandel. Verpackung: 40gr je Schale Hinweis zur Menge:\u00a0 Menge [&hellip;]\" \/>\n<meta property=\"og:url\" content=\"https:\/\/seubert-fruechte.de\/index.php\/produkt\/liebstoeckel-schale\/\" \/>\n<meta property=\"og:site_name\" content=\"Seubert Fr\u00fcchte\" \/>\n<meta property=\"article:modified_time\" content=\"2025-09-11T14:07:35+00:00\" \/>\n<meta property=\"og:image\" content=\"https:\/\/seubert-fruechte.de\/wp-content\/uploads\/2025\/09\/Liebstoeckel.jpg\" \/>\n\t<meta property=\"og:image:width\" content=\"1280\" \/>\n\t<meta property=\"og:image:height\" content=\"852\" \/>\n\t<meta property=\"og:image:type\" content=\"image\/jpeg\" \/>\n<meta name=\"twitter:card\" content=\"summary_large_image\" \/>\n<meta name=\"twitter:label1\" content=\"Gesch\u00e4tzte Lesezeit\" \/>\n\t<meta name=\"twitter:data1\" content=\"1\u00a0Minute\" \/>\n<script type=\"application\/ld+json\" class=\"yoast-schema-graph\">{\"@context\":\"https:\/\/schema.org\",\"@graph\":[{\"@type\":\"WebPage\",\"@id\":\"https:\/\/seubert-fruechte.de\/index.php\/produkt\/liebstoeckel-schale\/\",\"url\":\"https:\/\/seubert-fruechte.de\/index.php\/produkt\/liebstoeckel-schale\/\",\"name\":\"Liebst\u00f6ckel Schale - Seubert Fr\u00fcchte\",\"isPartOf\":{\"@id\":\"https:\/\/seubert-fruechte.de\/#website\"},\"primaryImageOfPage\":{\"@id\":\"https:\/\/seubert-fruechte.de\/index.php\/produkt\/liebstoeckel-schale\/#primaryimage\"},\"image\":{\"@id\":\"https:\/\/seubert-fruechte.de\/index.php\/produkt\/liebstoeckel-schale\/#primaryimage\"},\"thumbnailUrl\":\"https:\/\/seubert-fruechte.de\/wp-content\/uploads\/2025\/09\/Liebstoeckel.jpg\",\"datePublished\":\"2025-09-11T14:04:35+00:00\",\"dateModified\":\"2025-09-11T14:07:35+00:00\",\"breadcrumb\":{\"@id\":\"https:\/\/seubert-fruechte.de\/index.php\/produkt\/liebstoeckel-schale\/#breadcrumb\"},\"inLanguage\":\"de\",\"potentialAction\":[{\"@type\":\"ReadAction\",\"target\":[\"https:\/\/seubert-fruechte.de\/index.php\/produkt\/liebstoeckel-schale\/\"]}]},{\"@type\":\"ImageObject\",\"inLanguage\":\"de\",\"@id\":\"https:\/\/seubert-fruechte.de\/index.php\/produkt\/liebstoeckel-schale\/#primaryimage\",\"url\":\"https:\/\/seubert-fruechte.de\/wp-content\/uploads\/2025\/09\/Liebstoeckel.jpg\",\"contentUrl\":\"https:\/\/seubert-fruechte.de\/wp-content\/uploads\/2025\/09\/Liebstoeckel.jpg\",\"width\":1280,\"height\":852},{\"@type\":\"BreadcrumbList\",\"@id\":\"https:\/\/seubert-fruechte.de\/index.php\/produkt\/liebstoeckel-schale\/#breadcrumb\",\"itemListElement\":[{\"@type\":\"ListItem\",\"position\":1,\"name\":\"Startseite\",\"item\":\"https:\/\/seubert-fruechte.de\/\"},{\"@type\":\"ListItem\",\"position\":2,\"name\":\"Shop\",\"item\":\"https:\/\/seubert-fruechte.de\/index.php\/shop\/\"},{\"@type\":\"ListItem\",\"position\":3,\"name\":\"Liebst\u00f6ckel Schale\"}]},{\"@type\":\"WebSite\",\"@id\":\"https:\/\/seubert-fruechte.de\/#website\",\"url\":\"https:\/\/seubert-fruechte.de\/\",\"name\":\"Seubert Fr\u00fcchte\",\"description\":\"\",\"potentialAction\":[{\"@type\":\"SearchAction\",\"target\":{\"@type\":\"EntryPoint\",\"urlTemplate\":\"https:\/\/seubert-fruechte.de\/?s={search_term_string}\"},\"query-input\":{\"@type\":\"PropertyValueSpecification\",\"valueRequired\":true,\"valueName\":\"search_term_string\"}}],\"inLanguage\":\"de\"}]}<\/script>\n<!-- \/ Yoast SEO plugin. -->","yoast_head_json":{"title":"Liebst\u00f6ckel Schale - Seubert Fr\u00fcchte","robots":{"index":"index","follow":"follow","max-snippet":"max-snippet:-1","max-image-preview":"max-image-preview:large","max-video-preview":"max-video-preview:-1"},"canonical":"https:\/\/seubert-fruechte.de\/index.php\/produkt\/liebstoeckel-schale\/","og_locale":"de_DE","og_type":"article","og_title":"Liebst\u00f6ckel Schale - Seubert Fr\u00fcchte","og_description":"Unser frischer Liebst\u00f6ckel, auch bekannt als Maggikraut, \u00fcberzeugt durch sein kr\u00e4ftiges, w\u00fcrziges Aroma, das Suppen, Eint\u00f6pfen und Saucen eine unverwechselbare Note verleiht. Die gr\u00fcnen, fiederf\u00f6rmigen Bl\u00e4tter sind reich an \u00e4therischen \u00d6len, Vitaminen und Mineralstoffen und machen Liebst\u00f6ckel zu einem gesch\u00e4tzten K\u00fcchenklassiker in der Gastronomie und im Einzelhandel. Verpackung: 40gr je Schale Hinweis zur Menge:\u00a0 Menge [&hellip;]","og_url":"https:\/\/seubert-fruechte.de\/index.php\/produkt\/liebstoeckel-schale\/","og_site_name":"Seubert Fr\u00fcchte","article_modified_time":"2025-09-11T14:07:35+00:00","og_image":[{"width":1280,"height":852,"url":"https:\/\/seubert-fruechte.de\/wp-content\/uploads\/2025\/09\/Liebstoeckel.jpg","type":"image\/jpeg"}],"twitter_card":"summary_large_image","twitter_misc":{"Gesch\u00e4tzte Lesezeit":"1\u00a0Minute"},"schema":{"@context":"https:\/\/schema.org","@graph":[{"@type":"WebPage","@id":"https:\/\/seubert-fruechte.de\/index.php\/produkt\/liebstoeckel-schale\/","url":"https:\/\/seubert-fruechte.de\/index.php\/produkt\/liebstoeckel-schale\/","name":"Liebst\u00f6ckel Schale - Seubert Fr\u00fcchte","isPartOf":{"@id":"https:\/\/seubert-fruechte.de\/#website"},"primaryImageOfPage":{"@id":"https:\/\/seubert-fruechte.de\/index.php\/produkt\/liebstoeckel-schale\/#primaryimage"},"image":{"@id":"https:\/\/seubert-fruechte.de\/index.php\/produkt\/liebstoeckel-schale\/#primaryimage"},"thumbnailUrl":"https:\/\/seubert-fruechte.de\/wp-content\/uploads\/2025\/09\/Liebstoeckel.jpg","datePublished":"2025-09-11T14:04:35+00:00","dateModified":"2025-09-11T14:07:35+00:00","breadcrumb":{"@id":"https:\/\/seubert-fruechte.de\/index.php\/produkt\/liebstoeckel-schale\/#breadcrumb"},"inLanguage":"de","potentialAction":[{"@type":"ReadAction","target":["https:\/\/seubert-fruechte.de\/index.php\/produkt\/liebstoeckel-schale\/"]}]},{"@type":"ImageObject","inLanguage":"de","@id":"https:\/\/seubert-fruechte.de\/index.php\/produkt\/liebstoeckel-schale\/#primaryimage","url":"https:\/\/seubert-fruechte.de\/wp-content\/uploads\/2025\/09\/Liebstoeckel.jpg","contentUrl":"https:\/\/seubert-fruechte.de\/wp-content\/uploads\/2025\/09\/Liebstoeckel.jpg","width":1280,"height":852},{"@type":"BreadcrumbList","@id":"https:\/\/seubert-fruechte.de\/index.php\/produkt\/liebstoeckel-schale\/#breadcrumb","itemListElement":[{"@type":"ListItem","position":1,"name":"Startseite","item":"https:\/\/seubert-fruechte.de\/"},{"@type":"ListItem","position":2,"name":"Shop","item":"https:\/\/seubert-fruechte.de\/index.php\/shop\/"},{"@type":"ListItem","position":3,"name":"Liebst\u00f6ckel Schale"}]},{"@type":"WebSite","@id":"https:\/\/seubert-fruechte.de\/#website","url":"https:\/\/seubert-fruechte.de\/","name":"Seubert Fr\u00fcchte","description":"","potentialAction":[{"@type":"SearchAction","target":{"@type":"EntryPoint","urlTemplate":"https:\/\/seubert-fruechte.de\/?s={search_term_string}"},"query-input":{"@type":"PropertyValueSpecification","valueRequired":true,"valueName":"search_term_string"}}],"inLanguage":"de"}]}},"_links":{"self":[{"href":"https:\/\/seubert-fruechte.de\/index.php\/wp-json\/wp\/v2\/product\/383","targetHints":{"allow":["GET"]}}],"collection":[{"href":"https:\/\/seubert-fruechte.de\/index.php\/wp-json\/wp\/v2\/product"}],"about":[{"href":"https:\/\/seubert-fruechte.de\/index.php\/wp-json\/wp\/v2\/types\/product"}],"replies":[{"embeddable":true,"href":"https:\/\/seubert-fruechte.de\/index.php\/wp-json\/wp\/v2\/comments?post=383"}],"wp:featuredmedia":[{"embeddable":true,"href":"https:\/\/seubert-fruechte.de\/index.php\/wp-json\/wp\/v2\/media\/384"}],"wp:attachment":[{"href":"https:\/\/seubert-fruechte.de\/index.php\/wp-json\/wp\/v2\/media?parent=383"}],"wp:term":[{"taxonomy":"product_brand","embeddable":true,"href":"https:\/\/seubert-fruechte.de\/index.php\/wp-json\/wp\/v2\/product_brand?post=383"},{"taxonomy":"product_cat","embeddable":true,"href":"https:\/\/seubert-fruechte.de\/index.php\/wp-json\/wp\/v2\/product_cat?post=383"},{"taxonomy":"product_tag","embeddable":true,"href":"https:\/\/seubert-fruechte.de\/index.php\/wp-json\/wp\/v2\/product_tag?post=383"}],"curies":[{"name":"wp","href":"https:\/\/api.w.org\/{rel}","templated":true}]}}