{"id":381,"date":"2025-09-11T15:56:03","date_gmt":"2025-09-11T13:56:03","guid":{"rendered":"https:\/\/seubert-fruechte.de\/?post_type=product&#038;p=381"},"modified":"2025-09-11T15:57:38","modified_gmt":"2025-09-11T13:57:38","slug":"pfifferlinge-kuechenfertig-kiste","status":"publish","type":"product","link":"https:\/\/seubert-fruechte.de\/index.php\/produkt\/pfifferlinge-kuechenfertig-kiste\/","title":{"rendered":"Pfifferlinge k\u00fcchenfertig Kiste"},"content":{"rendered":"<p data-start=\"136\" data-end=\"366\">Unsere <strong>k\u00fcchenfertigen Pfifferlinge<\/strong> \u00fcberzeugen mit ihrer goldgelben Farbe, dem festen Biss und dem typischen w\u00fcrzig-nussigen Aroma. Bereits sorgf\u00e4ltig gereinigt und vorbereitet, sparen sie Zeit in der K\u00fcche und sind sofort koch- und bratbereit \u2013 ideal f\u00fcr die professionelle Gastronomie und den Gro\u00dfverbrauch. Mit ihrem feinen Geschmack veredeln sie Pasta, Fleischgerichte, Saucen oder herbstliche Spezialit\u00e4ten.<\/p>\n<p data-start=\"136\" data-end=\"366\"><strong>Verpackung:<\/strong> 1kg je Kiste<\/p>\n<p data-start=\"136\" data-end=\"366\"><strong>Hinweis zur Menge:\u00a0<\/strong><\/p>\n<p data-start=\"136\" data-end=\"366\">Menge 1 entspricht einer Kiste<\/p>\n","protected":false},"excerpt":{"rendered":"<p>Unsere k\u00fcchenfertigen Pfifferlinge \u00fcberzeugen mit ihrer goldgelben Farbe, dem festen Biss und dem typischen w\u00fcrzig-nussigen Aroma. Bereits sorgf\u00e4ltig gereinigt und vorbereitet, sparen sie Zeit in der K\u00fcche und sind sofort koch- und bratbereit \u2013 ideal f\u00fcr die professionelle Gastronomie und den Gro\u00dfverbrauch. Mit ihrem feinen Geschmack veredeln sie Pasta, Fleischgerichte, Saucen oder herbstliche Spezialit\u00e4ten. Verpackung: [&hellip;]<\/p>\n","protected":false},"featured_media":380,"comment_status":"closed","ping_status":"closed","template":"","meta":[],"product_brand":[],"product_cat":[21],"product_tag":[],"class_list":{"0":"post-381","1":"product","2":"type-product","3":"status-publish","4":"has-post-thumbnail","6":"product_cat-pilze","8":"first","9":"instock","10":"shipping-taxable","11":"purchasable","12":"product-type-simple"},"yoast_head":"<!-- This site is optimized with the Yoast SEO plugin v26.1.1 - https:\/\/yoast.com\/wordpress\/plugins\/seo\/ -->\n<title>Pfifferlinge k\u00fcchenfertig Kiste - Seubert Fr\u00fcchte<\/title>\n<meta name=\"robots\" content=\"index, follow, max-snippet:-1, max-image-preview:large, max-video-preview:-1\" \/>\n<link rel=\"canonical\" href=\"https:\/\/seubert-fruechte.de\/index.php\/produkt\/pfifferlinge-kuechenfertig-kiste\/\" \/>\n<meta property=\"og:locale\" content=\"de_DE\" \/>\n<meta property=\"og:type\" content=\"article\" \/>\n<meta property=\"og:title\" content=\"Pfifferlinge k\u00fcchenfertig Kiste - Seubert Fr\u00fcchte\" \/>\n<meta property=\"og:description\" content=\"Unsere k\u00fcchenfertigen Pfifferlinge \u00fcberzeugen mit ihrer goldgelben Farbe, dem festen Biss und dem typischen w\u00fcrzig-nussigen Aroma. Bereits sorgf\u00e4ltig gereinigt und vorbereitet, sparen sie Zeit in der K\u00fcche und sind sofort koch- und bratbereit \u2013 ideal f\u00fcr die professionelle Gastronomie und den Gro\u00dfverbrauch. Mit ihrem feinen Geschmack veredeln sie Pasta, Fleischgerichte, Saucen oder herbstliche Spezialit\u00e4ten. Verpackung: [&hellip;]\" \/>\n<meta property=\"og:url\" content=\"https:\/\/seubert-fruechte.de\/index.php\/produkt\/pfifferlinge-kuechenfertig-kiste\/\" \/>\n<meta property=\"og:site_name\" content=\"Seubert Fr\u00fcchte\" \/>\n<meta property=\"article:modified_time\" content=\"2025-09-11T13:57:38+00:00\" \/>\n<meta property=\"og:image\" content=\"https:\/\/seubert-fruechte.de\/wp-content\/uploads\/2025\/09\/Pfifferlinge-1.jpg\" \/>\n\t<meta property=\"og:image:width\" content=\"720\" \/>\n\t<meta property=\"og:image:height\" content=\"1280\" \/>\n\t<meta property=\"og:image:type\" content=\"image\/jpeg\" \/>\n<meta name=\"twitter:card\" content=\"summary_large_image\" \/>\n<meta name=\"twitter:label1\" content=\"Gesch\u00e4tzte Lesezeit\" \/>\n\t<meta name=\"twitter:data1\" content=\"1\u00a0Minute\" \/>\n<script type=\"application\/ld+json\" class=\"yoast-schema-graph\">{\"@context\":\"https:\/\/schema.org\",\"@graph\":[{\"@type\":\"WebPage\",\"@id\":\"https:\/\/seubert-fruechte.de\/index.php\/produkt\/pfifferlinge-kuechenfertig-kiste\/\",\"url\":\"https:\/\/seubert-fruechte.de\/index.php\/produkt\/pfifferlinge-kuechenfertig-kiste\/\",\"name\":\"Pfifferlinge k\u00fcchenfertig Kiste - Seubert Fr\u00fcchte\",\"isPartOf\":{\"@id\":\"https:\/\/seubert-fruechte.de\/#website\"},\"primaryImageOfPage\":{\"@id\":\"https:\/\/seubert-fruechte.de\/index.php\/produkt\/pfifferlinge-kuechenfertig-kiste\/#primaryimage\"},\"image\":{\"@id\":\"https:\/\/seubert-fruechte.de\/index.php\/produkt\/pfifferlinge-kuechenfertig-kiste\/#primaryimage\"},\"thumbnailUrl\":\"https:\/\/seubert-fruechte.de\/wp-content\/uploads\/2025\/09\/Pfifferlinge-1.jpg\",\"datePublished\":\"2025-09-11T13:56:03+00:00\",\"dateModified\":\"2025-09-11T13:57:38+00:00\",\"breadcrumb\":{\"@id\":\"https:\/\/seubert-fruechte.de\/index.php\/produkt\/pfifferlinge-kuechenfertig-kiste\/#breadcrumb\"},\"inLanguage\":\"de\",\"potentialAction\":[{\"@type\":\"ReadAction\",\"target\":[\"https:\/\/seubert-fruechte.de\/index.php\/produkt\/pfifferlinge-kuechenfertig-kiste\/\"]}]},{\"@type\":\"ImageObject\",\"inLanguage\":\"de\",\"@id\":\"https:\/\/seubert-fruechte.de\/index.php\/produkt\/pfifferlinge-kuechenfertig-kiste\/#primaryimage\",\"url\":\"https:\/\/seubert-fruechte.de\/wp-content\/uploads\/2025\/09\/Pfifferlinge-1.jpg\",\"contentUrl\":\"https:\/\/seubert-fruechte.de\/wp-content\/uploads\/2025\/09\/Pfifferlinge-1.jpg\",\"width\":720,\"height\":1280},{\"@type\":\"BreadcrumbList\",\"@id\":\"https:\/\/seubert-fruechte.de\/index.php\/produkt\/pfifferlinge-kuechenfertig-kiste\/#breadcrumb\",\"itemListElement\":[{\"@type\":\"ListItem\",\"position\":1,\"name\":\"Startseite\",\"item\":\"https:\/\/seubert-fruechte.de\/\"},{\"@type\":\"ListItem\",\"position\":2,\"name\":\"Shop\",\"item\":\"https:\/\/seubert-fruechte.de\/index.php\/shop\/\"},{\"@type\":\"ListItem\",\"position\":3,\"name\":\"Pfifferlinge k\u00fcchenfertig Kiste\"}]},{\"@type\":\"WebSite\",\"@id\":\"https:\/\/seubert-fruechte.de\/#website\",\"url\":\"https:\/\/seubert-fruechte.de\/\",\"name\":\"Seubert Fr\u00fcchte\",\"description\":\"\",\"potentialAction\":[{\"@type\":\"SearchAction\",\"target\":{\"@type\":\"EntryPoint\",\"urlTemplate\":\"https:\/\/seubert-fruechte.de\/?s={search_term_string}\"},\"query-input\":{\"@type\":\"PropertyValueSpecification\",\"valueRequired\":true,\"valueName\":\"search_term_string\"}}],\"inLanguage\":\"de\"}]}<\/script>\n<!-- \/ Yoast SEO plugin. -->","yoast_head_json":{"title":"Pfifferlinge k\u00fcchenfertig Kiste - Seubert Fr\u00fcchte","robots":{"index":"index","follow":"follow","max-snippet":"max-snippet:-1","max-image-preview":"max-image-preview:large","max-video-preview":"max-video-preview:-1"},"canonical":"https:\/\/seubert-fruechte.de\/index.php\/produkt\/pfifferlinge-kuechenfertig-kiste\/","og_locale":"de_DE","og_type":"article","og_title":"Pfifferlinge k\u00fcchenfertig Kiste - Seubert Fr\u00fcchte","og_description":"Unsere k\u00fcchenfertigen Pfifferlinge \u00fcberzeugen mit ihrer goldgelben Farbe, dem festen Biss und dem typischen w\u00fcrzig-nussigen Aroma. Bereits sorgf\u00e4ltig gereinigt und vorbereitet, sparen sie Zeit in der K\u00fcche und sind sofort koch- und bratbereit \u2013 ideal f\u00fcr die professionelle Gastronomie und den Gro\u00dfverbrauch. Mit ihrem feinen Geschmack veredeln sie Pasta, Fleischgerichte, Saucen oder herbstliche Spezialit\u00e4ten. Verpackung: [&hellip;]","og_url":"https:\/\/seubert-fruechte.de\/index.php\/produkt\/pfifferlinge-kuechenfertig-kiste\/","og_site_name":"Seubert Fr\u00fcchte","article_modified_time":"2025-09-11T13:57:38+00:00","og_image":[{"width":720,"height":1280,"url":"https:\/\/seubert-fruechte.de\/wp-content\/uploads\/2025\/09\/Pfifferlinge-1.jpg","type":"image\/jpeg"}],"twitter_card":"summary_large_image","twitter_misc":{"Gesch\u00e4tzte Lesezeit":"1\u00a0Minute"},"schema":{"@context":"https:\/\/schema.org","@graph":[{"@type":"WebPage","@id":"https:\/\/seubert-fruechte.de\/index.php\/produkt\/pfifferlinge-kuechenfertig-kiste\/","url":"https:\/\/seubert-fruechte.de\/index.php\/produkt\/pfifferlinge-kuechenfertig-kiste\/","name":"Pfifferlinge k\u00fcchenfertig Kiste - Seubert Fr\u00fcchte","isPartOf":{"@id":"https:\/\/seubert-fruechte.de\/#website"},"primaryImageOfPage":{"@id":"https:\/\/seubert-fruechte.de\/index.php\/produkt\/pfifferlinge-kuechenfertig-kiste\/#primaryimage"},"image":{"@id":"https:\/\/seubert-fruechte.de\/index.php\/produkt\/pfifferlinge-kuechenfertig-kiste\/#primaryimage"},"thumbnailUrl":"https:\/\/seubert-fruechte.de\/wp-content\/uploads\/2025\/09\/Pfifferlinge-1.jpg","datePublished":"2025-09-11T13:56:03+00:00","dateModified":"2025-09-11T13:57:38+00:00","breadcrumb":{"@id":"https:\/\/seubert-fruechte.de\/index.php\/produkt\/pfifferlinge-kuechenfertig-kiste\/#breadcrumb"},"inLanguage":"de","potentialAction":[{"@type":"ReadAction","target":["https:\/\/seubert-fruechte.de\/index.php\/produkt\/pfifferlinge-kuechenfertig-kiste\/"]}]},{"@type":"ImageObject","inLanguage":"de","@id":"https:\/\/seubert-fruechte.de\/index.php\/produkt\/pfifferlinge-kuechenfertig-kiste\/#primaryimage","url":"https:\/\/seubert-fruechte.de\/wp-content\/uploads\/2025\/09\/Pfifferlinge-1.jpg","contentUrl":"https:\/\/seubert-fruechte.de\/wp-content\/uploads\/2025\/09\/Pfifferlinge-1.jpg","width":720,"height":1280},{"@type":"BreadcrumbList","@id":"https:\/\/seubert-fruechte.de\/index.php\/produkt\/pfifferlinge-kuechenfertig-kiste\/#breadcrumb","itemListElement":[{"@type":"ListItem","position":1,"name":"Startseite","item":"https:\/\/seubert-fruechte.de\/"},{"@type":"ListItem","position":2,"name":"Shop","item":"https:\/\/seubert-fruechte.de\/index.php\/shop\/"},{"@type":"ListItem","position":3,"name":"Pfifferlinge k\u00fcchenfertig Kiste"}]},{"@type":"WebSite","@id":"https:\/\/seubert-fruechte.de\/#website","url":"https:\/\/seubert-fruechte.de\/","name":"Seubert Fr\u00fcchte","description":"","potentialAction":[{"@type":"SearchAction","target":{"@type":"EntryPoint","urlTemplate":"https:\/\/seubert-fruechte.de\/?s={search_term_string}"},"query-input":{"@type":"PropertyValueSpecification","valueRequired":true,"valueName":"search_term_string"}}],"inLanguage":"de"}]}},"_links":{"self":[{"href":"https:\/\/seubert-fruechte.de\/index.php\/wp-json\/wp\/v2\/product\/381","targetHints":{"allow":["GET"]}}],"collection":[{"href":"https:\/\/seubert-fruechte.de\/index.php\/wp-json\/wp\/v2\/product"}],"about":[{"href":"https:\/\/seubert-fruechte.de\/index.php\/wp-json\/wp\/v2\/types\/product"}],"replies":[{"embeddable":true,"href":"https:\/\/seubert-fruechte.de\/index.php\/wp-json\/wp\/v2\/comments?post=381"}],"wp:featuredmedia":[{"embeddable":true,"href":"https:\/\/seubert-fruechte.de\/index.php\/wp-json\/wp\/v2\/media\/380"}],"wp:attachment":[{"href":"https:\/\/seubert-fruechte.de\/index.php\/wp-json\/wp\/v2\/media?parent=381"}],"wp:term":[{"taxonomy":"product_brand","embeddable":true,"href":"https:\/\/seubert-fruechte.de\/index.php\/wp-json\/wp\/v2\/product_brand?post=381"},{"taxonomy":"product_cat","embeddable":true,"href":"https:\/\/seubert-fruechte.de\/index.php\/wp-json\/wp\/v2\/product_cat?post=381"},{"taxonomy":"product_tag","embeddable":true,"href":"https:\/\/seubert-fruechte.de\/index.php\/wp-json\/wp\/v2\/product_tag?post=381"}],"curies":[{"name":"wp","href":"https:\/\/api.w.org\/{rel}","templated":true}]}}