{"id":364,"date":"2025-09-10T16:28:25","date_gmt":"2025-09-10T14:28:25","guid":{"rendered":"https:\/\/seubert-fruechte.de\/?post_type=product&#038;p=364"},"modified":"2025-09-10T16:31:58","modified_gmt":"2025-09-10T14:31:58","slug":"melone-charantaise-stueck","status":"publish","type":"product","link":"https:\/\/seubert-fruechte.de\/index.php\/produkt\/melone-charantaise-stueck\/","title":{"rendered":"Melone Charantaise St\u00fcck"},"content":{"rendered":"<p data-start=\"104\" data-end=\"312\">Unsere <strong data-start=\"177\" data-end=\"198\">Charentais-Melone<\/strong> begeistert mit ihrer gr\u00fcnlich-grauen, leicht gerippten Schale und dem intensiv orangefarbenen, saftigen Fruchtfleisch. Mit ihrem s\u00fc\u00dfen, vollmundigen Aroma und der erfrischenden Saftigkeit geh\u00f6rt sie zu den beliebtesten Edelmelonen. Sie eignet sich hervorragend als Snack, f\u00fcr Desserts, Obstsalate oder als edle Beilage zu Prosciutto und K\u00e4se \u2013 ein vielseitiger Genuss f\u00fcr Gastronomie, Catering und den Einzelhandel.<\/p>\n<p data-start=\"136\" data-end=\"366\"><strong>Hinweis zur Menge:\u00a0<\/strong><\/p>\n<p data-start=\"136\" data-end=\"366\">Menge 1 entspricht einer Melone<\/p>\n","protected":false},"excerpt":{"rendered":"<p>Unsere Charentais-Melone begeistert mit ihrer gr\u00fcnlich-grauen, leicht gerippten Schale und dem intensiv orangefarbenen, saftigen Fruchtfleisch. Mit ihrem s\u00fc\u00dfen, vollmundigen Aroma und der erfrischenden Saftigkeit geh\u00f6rt sie zu den beliebtesten Edelmelonen. Sie eignet sich hervorragend als Snack, f\u00fcr Desserts, Obstsalate oder als edle Beilage zu Prosciutto und K\u00e4se \u2013 ein vielseitiger Genuss f\u00fcr Gastronomie, Catering und [&hellip;]<\/p>\n","protected":false},"featured_media":365,"comment_status":"closed","ping_status":"closed","template":"","meta":[],"product_brand":[],"product_cat":[17],"product_tag":[],"class_list":{"0":"post-364","1":"product","2":"type-product","3":"status-publish","4":"has-post-thumbnail","6":"product_cat-fruechte","8":"first","9":"instock","10":"shipping-taxable","11":"purchasable","12":"product-type-simple"},"yoast_head":"<!-- This site is optimized with the Yoast SEO plugin v26.1.1 - https:\/\/yoast.com\/wordpress\/plugins\/seo\/ -->\n<title>Melone Charantaise St\u00fcck - Seubert Fr\u00fcchte<\/title>\n<meta name=\"robots\" content=\"index, follow, max-snippet:-1, max-image-preview:large, max-video-preview:-1\" \/>\n<link rel=\"canonical\" href=\"https:\/\/seubert-fruechte.de\/index.php\/produkt\/melone-charantaise-stueck\/\" \/>\n<meta property=\"og:locale\" content=\"de_DE\" \/>\n<meta property=\"og:type\" content=\"article\" \/>\n<meta property=\"og:title\" content=\"Melone Charantaise St\u00fcck - Seubert Fr\u00fcchte\" \/>\n<meta property=\"og:description\" content=\"Unsere Charentais-Melone begeistert mit ihrer gr\u00fcnlich-grauen, leicht gerippten Schale und dem intensiv orangefarbenen, saftigen Fruchtfleisch. Mit ihrem s\u00fc\u00dfen, vollmundigen Aroma und der erfrischenden Saftigkeit geh\u00f6rt sie zu den beliebtesten Edelmelonen. Sie eignet sich hervorragend als Snack, f\u00fcr Desserts, Obstsalate oder als edle Beilage zu Prosciutto und K\u00e4se \u2013 ein vielseitiger Genuss f\u00fcr Gastronomie, Catering und [&hellip;]\" \/>\n<meta property=\"og:url\" content=\"https:\/\/seubert-fruechte.de\/index.php\/produkt\/melone-charantaise-stueck\/\" \/>\n<meta property=\"og:site_name\" content=\"Seubert Fr\u00fcchte\" \/>\n<meta property=\"article:modified_time\" content=\"2025-09-10T14:31:58+00:00\" \/>\n<meta property=\"og:image\" content=\"https:\/\/seubert-fruechte.de\/wp-content\/uploads\/2025\/09\/Melone-Charantaise.jpg\" \/>\n\t<meta property=\"og:image:width\" content=\"1280\" \/>\n\t<meta property=\"og:image:height\" content=\"1250\" \/>\n\t<meta property=\"og:image:type\" content=\"image\/jpeg\" \/>\n<meta name=\"twitter:card\" content=\"summary_large_image\" \/>\n<meta name=\"twitter:label1\" content=\"Gesch\u00e4tzte Lesezeit\" \/>\n\t<meta name=\"twitter:data1\" content=\"1\u00a0Minute\" \/>\n<script type=\"application\/ld+json\" class=\"yoast-schema-graph\">{\"@context\":\"https:\/\/schema.org\",\"@graph\":[{\"@type\":\"WebPage\",\"@id\":\"https:\/\/seubert-fruechte.de\/index.php\/produkt\/melone-charantaise-stueck\/\",\"url\":\"https:\/\/seubert-fruechte.de\/index.php\/produkt\/melone-charantaise-stueck\/\",\"name\":\"Melone Charantaise St\u00fcck - Seubert Fr\u00fcchte\",\"isPartOf\":{\"@id\":\"https:\/\/seubert-fruechte.de\/#website\"},\"primaryImageOfPage\":{\"@id\":\"https:\/\/seubert-fruechte.de\/index.php\/produkt\/melone-charantaise-stueck\/#primaryimage\"},\"image\":{\"@id\":\"https:\/\/seubert-fruechte.de\/index.php\/produkt\/melone-charantaise-stueck\/#primaryimage\"},\"thumbnailUrl\":\"https:\/\/seubert-fruechte.de\/wp-content\/uploads\/2025\/09\/Melone-Charantaise.jpg\",\"datePublished\":\"2025-09-10T14:28:25+00:00\",\"dateModified\":\"2025-09-10T14:31:58+00:00\",\"breadcrumb\":{\"@id\":\"https:\/\/seubert-fruechte.de\/index.php\/produkt\/melone-charantaise-stueck\/#breadcrumb\"},\"inLanguage\":\"de\",\"potentialAction\":[{\"@type\":\"ReadAction\",\"target\":[\"https:\/\/seubert-fruechte.de\/index.php\/produkt\/melone-charantaise-stueck\/\"]}]},{\"@type\":\"ImageObject\",\"inLanguage\":\"de\",\"@id\":\"https:\/\/seubert-fruechte.de\/index.php\/produkt\/melone-charantaise-stueck\/#primaryimage\",\"url\":\"https:\/\/seubert-fruechte.de\/wp-content\/uploads\/2025\/09\/Melone-Charantaise.jpg\",\"contentUrl\":\"https:\/\/seubert-fruechte.de\/wp-content\/uploads\/2025\/09\/Melone-Charantaise.jpg\",\"width\":1280,\"height\":1250},{\"@type\":\"BreadcrumbList\",\"@id\":\"https:\/\/seubert-fruechte.de\/index.php\/produkt\/melone-charantaise-stueck\/#breadcrumb\",\"itemListElement\":[{\"@type\":\"ListItem\",\"position\":1,\"name\":\"Startseite\",\"item\":\"https:\/\/seubert-fruechte.de\/\"},{\"@type\":\"ListItem\",\"position\":2,\"name\":\"Shop\",\"item\":\"https:\/\/seubert-fruechte.de\/index.php\/shop\/\"},{\"@type\":\"ListItem\",\"position\":3,\"name\":\"Melone Charantaise St\u00fcck\"}]},{\"@type\":\"WebSite\",\"@id\":\"https:\/\/seubert-fruechte.de\/#website\",\"url\":\"https:\/\/seubert-fruechte.de\/\",\"name\":\"Seubert Fr\u00fcchte\",\"description\":\"\",\"potentialAction\":[{\"@type\":\"SearchAction\",\"target\":{\"@type\":\"EntryPoint\",\"urlTemplate\":\"https:\/\/seubert-fruechte.de\/?s={search_term_string}\"},\"query-input\":{\"@type\":\"PropertyValueSpecification\",\"valueRequired\":true,\"valueName\":\"search_term_string\"}}],\"inLanguage\":\"de\"}]}<\/script>\n<!-- \/ Yoast SEO plugin. -->","yoast_head_json":{"title":"Melone Charantaise St\u00fcck - Seubert Fr\u00fcchte","robots":{"index":"index","follow":"follow","max-snippet":"max-snippet:-1","max-image-preview":"max-image-preview:large","max-video-preview":"max-video-preview:-1"},"canonical":"https:\/\/seubert-fruechte.de\/index.php\/produkt\/melone-charantaise-stueck\/","og_locale":"de_DE","og_type":"article","og_title":"Melone Charantaise St\u00fcck - Seubert Fr\u00fcchte","og_description":"Unsere Charentais-Melone begeistert mit ihrer gr\u00fcnlich-grauen, leicht gerippten Schale und dem intensiv orangefarbenen, saftigen Fruchtfleisch. Mit ihrem s\u00fc\u00dfen, vollmundigen Aroma und der erfrischenden Saftigkeit geh\u00f6rt sie zu den beliebtesten Edelmelonen. Sie eignet sich hervorragend als Snack, f\u00fcr Desserts, Obstsalate oder als edle Beilage zu Prosciutto und K\u00e4se \u2013 ein vielseitiger Genuss f\u00fcr Gastronomie, Catering und [&hellip;]","og_url":"https:\/\/seubert-fruechte.de\/index.php\/produkt\/melone-charantaise-stueck\/","og_site_name":"Seubert Fr\u00fcchte","article_modified_time":"2025-09-10T14:31:58+00:00","og_image":[{"width":1280,"height":1250,"url":"https:\/\/seubert-fruechte.de\/wp-content\/uploads\/2025\/09\/Melone-Charantaise.jpg","type":"image\/jpeg"}],"twitter_card":"summary_large_image","twitter_misc":{"Gesch\u00e4tzte Lesezeit":"1\u00a0Minute"},"schema":{"@context":"https:\/\/schema.org","@graph":[{"@type":"WebPage","@id":"https:\/\/seubert-fruechte.de\/index.php\/produkt\/melone-charantaise-stueck\/","url":"https:\/\/seubert-fruechte.de\/index.php\/produkt\/melone-charantaise-stueck\/","name":"Melone Charantaise St\u00fcck - Seubert Fr\u00fcchte","isPartOf":{"@id":"https:\/\/seubert-fruechte.de\/#website"},"primaryImageOfPage":{"@id":"https:\/\/seubert-fruechte.de\/index.php\/produkt\/melone-charantaise-stueck\/#primaryimage"},"image":{"@id":"https:\/\/seubert-fruechte.de\/index.php\/produkt\/melone-charantaise-stueck\/#primaryimage"},"thumbnailUrl":"https:\/\/seubert-fruechte.de\/wp-content\/uploads\/2025\/09\/Melone-Charantaise.jpg","datePublished":"2025-09-10T14:28:25+00:00","dateModified":"2025-09-10T14:31:58+00:00","breadcrumb":{"@id":"https:\/\/seubert-fruechte.de\/index.php\/produkt\/melone-charantaise-stueck\/#breadcrumb"},"inLanguage":"de","potentialAction":[{"@type":"ReadAction","target":["https:\/\/seubert-fruechte.de\/index.php\/produkt\/melone-charantaise-stueck\/"]}]},{"@type":"ImageObject","inLanguage":"de","@id":"https:\/\/seubert-fruechte.de\/index.php\/produkt\/melone-charantaise-stueck\/#primaryimage","url":"https:\/\/seubert-fruechte.de\/wp-content\/uploads\/2025\/09\/Melone-Charantaise.jpg","contentUrl":"https:\/\/seubert-fruechte.de\/wp-content\/uploads\/2025\/09\/Melone-Charantaise.jpg","width":1280,"height":1250},{"@type":"BreadcrumbList","@id":"https:\/\/seubert-fruechte.de\/index.php\/produkt\/melone-charantaise-stueck\/#breadcrumb","itemListElement":[{"@type":"ListItem","position":1,"name":"Startseite","item":"https:\/\/seubert-fruechte.de\/"},{"@type":"ListItem","position":2,"name":"Shop","item":"https:\/\/seubert-fruechte.de\/index.php\/shop\/"},{"@type":"ListItem","position":3,"name":"Melone Charantaise St\u00fcck"}]},{"@type":"WebSite","@id":"https:\/\/seubert-fruechte.de\/#website","url":"https:\/\/seubert-fruechte.de\/","name":"Seubert Fr\u00fcchte","description":"","potentialAction":[{"@type":"SearchAction","target":{"@type":"EntryPoint","urlTemplate":"https:\/\/seubert-fruechte.de\/?s={search_term_string}"},"query-input":{"@type":"PropertyValueSpecification","valueRequired":true,"valueName":"search_term_string"}}],"inLanguage":"de"}]}},"_links":{"self":[{"href":"https:\/\/seubert-fruechte.de\/index.php\/wp-json\/wp\/v2\/product\/364","targetHints":{"allow":["GET"]}}],"collection":[{"href":"https:\/\/seubert-fruechte.de\/index.php\/wp-json\/wp\/v2\/product"}],"about":[{"href":"https:\/\/seubert-fruechte.de\/index.php\/wp-json\/wp\/v2\/types\/product"}],"replies":[{"embeddable":true,"href":"https:\/\/seubert-fruechte.de\/index.php\/wp-json\/wp\/v2\/comments?post=364"}],"wp:featuredmedia":[{"embeddable":true,"href":"https:\/\/seubert-fruechte.de\/index.php\/wp-json\/wp\/v2\/media\/365"}],"wp:attachment":[{"href":"https:\/\/seubert-fruechte.de\/index.php\/wp-json\/wp\/v2\/media?parent=364"}],"wp:term":[{"taxonomy":"product_brand","embeddable":true,"href":"https:\/\/seubert-fruechte.de\/index.php\/wp-json\/wp\/v2\/product_brand?post=364"},{"taxonomy":"product_cat","embeddable":true,"href":"https:\/\/seubert-fruechte.de\/index.php\/wp-json\/wp\/v2\/product_cat?post=364"},{"taxonomy":"product_tag","embeddable":true,"href":"https:\/\/seubert-fruechte.de\/index.php\/wp-json\/wp\/v2\/product_tag?post=364"}],"curies":[{"name":"wp","href":"https:\/\/api.w.org\/{rel}","templated":true}]}}