{"id":361,"date":"2025-09-10T16:20:23","date_gmt":"2025-09-10T14:20:23","guid":{"rendered":"https:\/\/seubert-fruechte.de\/?post_type=product&#038;p=361"},"modified":"2025-09-10T16:21:11","modified_gmt":"2025-09-10T14:21:11","slug":"kuerbis-muskat-kg","status":"publish","type":"product","link":"https:\/\/seubert-fruechte.de\/index.php\/produkt\/kuerbis-muskat-kg\/","title":{"rendered":"K\u00fcrbis Muskat kg"},"content":{"rendered":"<p data-start=\"136\" data-end=\"366\">Unser <strong>Muskat K\u00fcrbis<\/strong> \u00fcberzeugt mit seiner charakteristischen, gerippten Form, der gr\u00fcn-braunen bis orangefarbenen Schale und dem intensiv aromatischen Fruchtfleisch mit einer feinen Muskatnote. Dank seines s\u00fc\u00dflich-w\u00fcrzigen Geschmacks eignet er sich ideal f\u00fcr Suppen, P\u00fcrees, Ofengerichte und Desserts. Durch seine Gr\u00f6\u00dfe und attraktive Optik ist der Muskat K\u00fcrbis sowohl in der K\u00fcche als auch als dekoratives Element ein echter Blickfang.<\/p>\n<p data-start=\"136\" data-end=\"366\"><strong>Hinweis zur Menge:\u00a0<\/strong><\/p>\n<p data-start=\"136\" data-end=\"366\">Menge 1 entspricht einem Kilogramm<\/p>\n","protected":false},"excerpt":{"rendered":"<p>Unser Muskat K\u00fcrbis \u00fcberzeugt mit seiner charakteristischen, gerippten Form, der gr\u00fcn-braunen bis orangefarbenen Schale und dem intensiv aromatischen Fruchtfleisch mit einer feinen Muskatnote. Dank seines s\u00fc\u00dflich-w\u00fcrzigen Geschmacks eignet er sich ideal f\u00fcr Suppen, P\u00fcrees, Ofengerichte und Desserts. Durch seine Gr\u00f6\u00dfe und attraktive Optik ist der Muskat K\u00fcrbis sowohl in der K\u00fcche als auch als dekoratives [&hellip;]<\/p>\n","protected":false},"featured_media":360,"comment_status":"closed","ping_status":"closed","template":"","meta":[],"product_brand":[],"product_cat":[18],"product_tag":[],"class_list":{"0":"post-361","1":"product","2":"type-product","3":"status-publish","4":"has-post-thumbnail","6":"product_cat-gemuese","8":"first","9":"instock","10":"shipping-taxable","11":"purchasable","12":"product-type-simple"},"yoast_head":"<!-- This site is optimized with the Yoast SEO plugin v26.1.1 - https:\/\/yoast.com\/wordpress\/plugins\/seo\/ -->\n<title>K\u00fcrbis Muskat kg - Seubert Fr\u00fcchte<\/title>\n<meta name=\"robots\" content=\"index, follow, max-snippet:-1, max-image-preview:large, max-video-preview:-1\" \/>\n<link rel=\"canonical\" href=\"https:\/\/seubert-fruechte.de\/index.php\/produkt\/kuerbis-muskat-kg\/\" \/>\n<meta property=\"og:locale\" content=\"de_DE\" \/>\n<meta property=\"og:type\" content=\"article\" \/>\n<meta property=\"og:title\" content=\"K\u00fcrbis Muskat kg - Seubert Fr\u00fcchte\" \/>\n<meta property=\"og:description\" content=\"Unser Muskat K\u00fcrbis \u00fcberzeugt mit seiner charakteristischen, gerippten Form, der gr\u00fcn-braunen bis orangefarbenen Schale und dem intensiv aromatischen Fruchtfleisch mit einer feinen Muskatnote. Dank seines s\u00fc\u00dflich-w\u00fcrzigen Geschmacks eignet er sich ideal f\u00fcr Suppen, P\u00fcrees, Ofengerichte und Desserts. Durch seine Gr\u00f6\u00dfe und attraktive Optik ist der Muskat K\u00fcrbis sowohl in der K\u00fcche als auch als dekoratives [&hellip;]\" \/>\n<meta property=\"og:url\" content=\"https:\/\/seubert-fruechte.de\/index.php\/produkt\/kuerbis-muskat-kg\/\" \/>\n<meta property=\"og:site_name\" content=\"Seubert Fr\u00fcchte\" \/>\n<meta property=\"article:modified_time\" content=\"2025-09-10T14:21:11+00:00\" \/>\n<meta property=\"og:image\" content=\"https:\/\/seubert-fruechte.de\/wp-content\/uploads\/2025\/09\/Kuerbis-Muskat.jpg\" \/>\n\t<meta property=\"og:image:width\" content=\"1280\" \/>\n\t<meta property=\"og:image:height\" content=\"854\" \/>\n\t<meta property=\"og:image:type\" content=\"image\/jpeg\" \/>\n<meta name=\"twitter:card\" content=\"summary_large_image\" \/>\n<meta name=\"twitter:label1\" content=\"Gesch\u00e4tzte Lesezeit\" \/>\n\t<meta name=\"twitter:data1\" content=\"1\u00a0Minute\" \/>\n<script type=\"application\/ld+json\" class=\"yoast-schema-graph\">{\"@context\":\"https:\/\/schema.org\",\"@graph\":[{\"@type\":\"WebPage\",\"@id\":\"https:\/\/seubert-fruechte.de\/index.php\/produkt\/kuerbis-muskat-kg\/\",\"url\":\"https:\/\/seubert-fruechte.de\/index.php\/produkt\/kuerbis-muskat-kg\/\",\"name\":\"K\u00fcrbis Muskat kg - Seubert Fr\u00fcchte\",\"isPartOf\":{\"@id\":\"https:\/\/seubert-fruechte.de\/#website\"},\"primaryImageOfPage\":{\"@id\":\"https:\/\/seubert-fruechte.de\/index.php\/produkt\/kuerbis-muskat-kg\/#primaryimage\"},\"image\":{\"@id\":\"https:\/\/seubert-fruechte.de\/index.php\/produkt\/kuerbis-muskat-kg\/#primaryimage\"},\"thumbnailUrl\":\"https:\/\/seubert-fruechte.de\/wp-content\/uploads\/2025\/09\/Kuerbis-Muskat.jpg\",\"datePublished\":\"2025-09-10T14:20:23+00:00\",\"dateModified\":\"2025-09-10T14:21:11+00:00\",\"breadcrumb\":{\"@id\":\"https:\/\/seubert-fruechte.de\/index.php\/produkt\/kuerbis-muskat-kg\/#breadcrumb\"},\"inLanguage\":\"de\",\"potentialAction\":[{\"@type\":\"ReadAction\",\"target\":[\"https:\/\/seubert-fruechte.de\/index.php\/produkt\/kuerbis-muskat-kg\/\"]}]},{\"@type\":\"ImageObject\",\"inLanguage\":\"de\",\"@id\":\"https:\/\/seubert-fruechte.de\/index.php\/produkt\/kuerbis-muskat-kg\/#primaryimage\",\"url\":\"https:\/\/seubert-fruechte.de\/wp-content\/uploads\/2025\/09\/Kuerbis-Muskat.jpg\",\"contentUrl\":\"https:\/\/seubert-fruechte.de\/wp-content\/uploads\/2025\/09\/Kuerbis-Muskat.jpg\",\"width\":1280,\"height\":854},{\"@type\":\"BreadcrumbList\",\"@id\":\"https:\/\/seubert-fruechte.de\/index.php\/produkt\/kuerbis-muskat-kg\/#breadcrumb\",\"itemListElement\":[{\"@type\":\"ListItem\",\"position\":1,\"name\":\"Startseite\",\"item\":\"https:\/\/seubert-fruechte.de\/\"},{\"@type\":\"ListItem\",\"position\":2,\"name\":\"Shop\",\"item\":\"https:\/\/seubert-fruechte.de\/index.php\/shop\/\"},{\"@type\":\"ListItem\",\"position\":3,\"name\":\"K\u00fcrbis Muskat kg\"}]},{\"@type\":\"WebSite\",\"@id\":\"https:\/\/seubert-fruechte.de\/#website\",\"url\":\"https:\/\/seubert-fruechte.de\/\",\"name\":\"Seubert Fr\u00fcchte\",\"description\":\"\",\"potentialAction\":[{\"@type\":\"SearchAction\",\"target\":{\"@type\":\"EntryPoint\",\"urlTemplate\":\"https:\/\/seubert-fruechte.de\/?s={search_term_string}\"},\"query-input\":{\"@type\":\"PropertyValueSpecification\",\"valueRequired\":true,\"valueName\":\"search_term_string\"}}],\"inLanguage\":\"de\"}]}<\/script>\n<!-- \/ Yoast SEO plugin. -->","yoast_head_json":{"title":"K\u00fcrbis Muskat kg - Seubert Fr\u00fcchte","robots":{"index":"index","follow":"follow","max-snippet":"max-snippet:-1","max-image-preview":"max-image-preview:large","max-video-preview":"max-video-preview:-1"},"canonical":"https:\/\/seubert-fruechte.de\/index.php\/produkt\/kuerbis-muskat-kg\/","og_locale":"de_DE","og_type":"article","og_title":"K\u00fcrbis Muskat kg - Seubert Fr\u00fcchte","og_description":"Unser Muskat K\u00fcrbis \u00fcberzeugt mit seiner charakteristischen, gerippten Form, der gr\u00fcn-braunen bis orangefarbenen Schale und dem intensiv aromatischen Fruchtfleisch mit einer feinen Muskatnote. Dank seines s\u00fc\u00dflich-w\u00fcrzigen Geschmacks eignet er sich ideal f\u00fcr Suppen, P\u00fcrees, Ofengerichte und Desserts. Durch seine Gr\u00f6\u00dfe und attraktive Optik ist der Muskat K\u00fcrbis sowohl in der K\u00fcche als auch als dekoratives [&hellip;]","og_url":"https:\/\/seubert-fruechte.de\/index.php\/produkt\/kuerbis-muskat-kg\/","og_site_name":"Seubert Fr\u00fcchte","article_modified_time":"2025-09-10T14:21:11+00:00","og_image":[{"width":1280,"height":854,"url":"https:\/\/seubert-fruechte.de\/wp-content\/uploads\/2025\/09\/Kuerbis-Muskat.jpg","type":"image\/jpeg"}],"twitter_card":"summary_large_image","twitter_misc":{"Gesch\u00e4tzte Lesezeit":"1\u00a0Minute"},"schema":{"@context":"https:\/\/schema.org","@graph":[{"@type":"WebPage","@id":"https:\/\/seubert-fruechte.de\/index.php\/produkt\/kuerbis-muskat-kg\/","url":"https:\/\/seubert-fruechte.de\/index.php\/produkt\/kuerbis-muskat-kg\/","name":"K\u00fcrbis Muskat kg - Seubert Fr\u00fcchte","isPartOf":{"@id":"https:\/\/seubert-fruechte.de\/#website"},"primaryImageOfPage":{"@id":"https:\/\/seubert-fruechte.de\/index.php\/produkt\/kuerbis-muskat-kg\/#primaryimage"},"image":{"@id":"https:\/\/seubert-fruechte.de\/index.php\/produkt\/kuerbis-muskat-kg\/#primaryimage"},"thumbnailUrl":"https:\/\/seubert-fruechte.de\/wp-content\/uploads\/2025\/09\/Kuerbis-Muskat.jpg","datePublished":"2025-09-10T14:20:23+00:00","dateModified":"2025-09-10T14:21:11+00:00","breadcrumb":{"@id":"https:\/\/seubert-fruechte.de\/index.php\/produkt\/kuerbis-muskat-kg\/#breadcrumb"},"inLanguage":"de","potentialAction":[{"@type":"ReadAction","target":["https:\/\/seubert-fruechte.de\/index.php\/produkt\/kuerbis-muskat-kg\/"]}]},{"@type":"ImageObject","inLanguage":"de","@id":"https:\/\/seubert-fruechte.de\/index.php\/produkt\/kuerbis-muskat-kg\/#primaryimage","url":"https:\/\/seubert-fruechte.de\/wp-content\/uploads\/2025\/09\/Kuerbis-Muskat.jpg","contentUrl":"https:\/\/seubert-fruechte.de\/wp-content\/uploads\/2025\/09\/Kuerbis-Muskat.jpg","width":1280,"height":854},{"@type":"BreadcrumbList","@id":"https:\/\/seubert-fruechte.de\/index.php\/produkt\/kuerbis-muskat-kg\/#breadcrumb","itemListElement":[{"@type":"ListItem","position":1,"name":"Startseite","item":"https:\/\/seubert-fruechte.de\/"},{"@type":"ListItem","position":2,"name":"Shop","item":"https:\/\/seubert-fruechte.de\/index.php\/shop\/"},{"@type":"ListItem","position":3,"name":"K\u00fcrbis Muskat kg"}]},{"@type":"WebSite","@id":"https:\/\/seubert-fruechte.de\/#website","url":"https:\/\/seubert-fruechte.de\/","name":"Seubert Fr\u00fcchte","description":"","potentialAction":[{"@type":"SearchAction","target":{"@type":"EntryPoint","urlTemplate":"https:\/\/seubert-fruechte.de\/?s={search_term_string}"},"query-input":{"@type":"PropertyValueSpecification","valueRequired":true,"valueName":"search_term_string"}}],"inLanguage":"de"}]}},"_links":{"self":[{"href":"https:\/\/seubert-fruechte.de\/index.php\/wp-json\/wp\/v2\/product\/361","targetHints":{"allow":["GET"]}}],"collection":[{"href":"https:\/\/seubert-fruechte.de\/index.php\/wp-json\/wp\/v2\/product"}],"about":[{"href":"https:\/\/seubert-fruechte.de\/index.php\/wp-json\/wp\/v2\/types\/product"}],"replies":[{"embeddable":true,"href":"https:\/\/seubert-fruechte.de\/index.php\/wp-json\/wp\/v2\/comments?post=361"}],"wp:featuredmedia":[{"embeddable":true,"href":"https:\/\/seubert-fruechte.de\/index.php\/wp-json\/wp\/v2\/media\/360"}],"wp:attachment":[{"href":"https:\/\/seubert-fruechte.de\/index.php\/wp-json\/wp\/v2\/media?parent=361"}],"wp:term":[{"taxonomy":"product_brand","embeddable":true,"href":"https:\/\/seubert-fruechte.de\/index.php\/wp-json\/wp\/v2\/product_brand?post=361"},{"taxonomy":"product_cat","embeddable":true,"href":"https:\/\/seubert-fruechte.de\/index.php\/wp-json\/wp\/v2\/product_cat?post=361"},{"taxonomy":"product_tag","embeddable":true,"href":"https:\/\/seubert-fruechte.de\/index.php\/wp-json\/wp\/v2\/product_tag?post=361"}],"curies":[{"name":"wp","href":"https:\/\/api.w.org\/{rel}","templated":true}]}}