{"id":347,"date":"2025-09-10T15:44:40","date_gmt":"2025-09-10T13:44:40","guid":{"rendered":"https:\/\/seubert-fruechte.de\/?post_type=product&#038;p=347"},"modified":"2025-09-10T15:44:40","modified_gmt":"2025-09-10T13:44:40","slug":"brombeeren-schale","status":"publish","type":"product","link":"https:\/\/seubert-fruechte.de\/index.php\/produkt\/brombeeren-schale\/","title":{"rendered":"Brombeeren Schale"},"content":{"rendered":"<p data-start=\"170\" data-end=\"532\">Unsere <strong data-start=\"163\" data-end=\"177\">Brombeeren<\/strong> begeistern mit ihrer tiefdunklen Farbe, der gl\u00e4nzenden Oberfl\u00e4che und ihrem s\u00fc\u00df-s\u00e4uerlichen, intensiven Aroma. Sie sind reich an Vitaminen, Ballaststoffen und Antioxidantien und geh\u00f6ren zu den edelsten Beeren im Sortiment. Ob frisch verzehrt, in Desserts, Backwaren oder Getr\u00e4nken \u2013 Brombeeren sind vielseitig verwendbar und ein echtes Highlight f\u00fcr Gastronomie, Catering und den Einzelhandel.<\/p>\n<p data-start=\"136\" data-end=\"366\"><strong>Verpackung:<\/strong>\u00a0Eine Schale enth\u00e4lt 250gr<\/p>\n<p data-start=\"136\" data-end=\"366\"><strong>Hinweis zur Menge:\u00a0<\/strong><\/p>\n<p data-start=\"136\" data-end=\"366\">Menge 1 entspricht eine Schale<\/p>\n","protected":false},"excerpt":{"rendered":"<p>Unsere Brombeeren begeistern mit ihrer tiefdunklen Farbe, der gl\u00e4nzenden Oberfl\u00e4che und ihrem s\u00fc\u00df-s\u00e4uerlichen, intensiven Aroma. Sie sind reich an Vitaminen, Ballaststoffen und Antioxidantien und geh\u00f6ren zu den edelsten Beeren im Sortiment. Ob frisch verzehrt, in Desserts, Backwaren oder Getr\u00e4nken \u2013 Brombeeren sind vielseitig verwendbar und ein echtes Highlight f\u00fcr Gastronomie, Catering und den Einzelhandel. Verpackung:\u00a0Eine [&hellip;]<\/p>\n","protected":false},"featured_media":348,"comment_status":"closed","ping_status":"closed","template":"","meta":[],"product_brand":[],"product_cat":[19],"product_tag":[],"class_list":{"0":"post-347","1":"product","2":"type-product","3":"status-publish","4":"has-post-thumbnail","6":"product_cat-obst","8":"first","9":"instock","10":"shipping-taxable","11":"purchasable","12":"product-type-simple"},"yoast_head":"<!-- This site is optimized with the Yoast SEO plugin v26.1.1 - https:\/\/yoast.com\/wordpress\/plugins\/seo\/ -->\n<title>Brombeeren Schale - Seubert Fr\u00fcchte<\/title>\n<meta name=\"robots\" content=\"index, follow, max-snippet:-1, max-image-preview:large, max-video-preview:-1\" \/>\n<link rel=\"canonical\" href=\"https:\/\/seubert-fruechte.de\/index.php\/produkt\/brombeeren-schale\/\" \/>\n<meta property=\"og:locale\" content=\"de_DE\" \/>\n<meta property=\"og:type\" content=\"article\" \/>\n<meta property=\"og:title\" content=\"Brombeeren Schale - Seubert Fr\u00fcchte\" \/>\n<meta property=\"og:description\" content=\"Unsere Brombeeren begeistern mit ihrer tiefdunklen Farbe, der gl\u00e4nzenden Oberfl\u00e4che und ihrem s\u00fc\u00df-s\u00e4uerlichen, intensiven Aroma. Sie sind reich an Vitaminen, Ballaststoffen und Antioxidantien und geh\u00f6ren zu den edelsten Beeren im Sortiment. Ob frisch verzehrt, in Desserts, Backwaren oder Getr\u00e4nken \u2013 Brombeeren sind vielseitig verwendbar und ein echtes Highlight f\u00fcr Gastronomie, Catering und den Einzelhandel. Verpackung:\u00a0Eine [&hellip;]\" \/>\n<meta property=\"og:url\" content=\"https:\/\/seubert-fruechte.de\/index.php\/produkt\/brombeeren-schale\/\" \/>\n<meta property=\"og:site_name\" content=\"Seubert Fr\u00fcchte\" \/>\n<meta property=\"og:image\" content=\"https:\/\/seubert-fruechte.de\/wp-content\/uploads\/2025\/09\/Brombeeren.jpg\" \/>\n\t<meta property=\"og:image:width\" content=\"1280\" \/>\n\t<meta property=\"og:image:height\" content=\"1280\" \/>\n\t<meta property=\"og:image:type\" content=\"image\/jpeg\" \/>\n<meta name=\"twitter:card\" content=\"summary_large_image\" \/>\n<meta name=\"twitter:label1\" content=\"Gesch\u00e4tzte Lesezeit\" \/>\n\t<meta name=\"twitter:data1\" content=\"1\u00a0Minute\" \/>\n<script type=\"application\/ld+json\" class=\"yoast-schema-graph\">{\"@context\":\"https:\/\/schema.org\",\"@graph\":[{\"@type\":\"WebPage\",\"@id\":\"https:\/\/seubert-fruechte.de\/index.php\/produkt\/brombeeren-schale\/\",\"url\":\"https:\/\/seubert-fruechte.de\/index.php\/produkt\/brombeeren-schale\/\",\"name\":\"Brombeeren Schale - Seubert Fr\u00fcchte\",\"isPartOf\":{\"@id\":\"https:\/\/seubert-fruechte.de\/#website\"},\"primaryImageOfPage\":{\"@id\":\"https:\/\/seubert-fruechte.de\/index.php\/produkt\/brombeeren-schale\/#primaryimage\"},\"image\":{\"@id\":\"https:\/\/seubert-fruechte.de\/index.php\/produkt\/brombeeren-schale\/#primaryimage\"},\"thumbnailUrl\":\"https:\/\/seubert-fruechte.de\/wp-content\/uploads\/2025\/09\/Brombeeren.jpg\",\"datePublished\":\"2025-09-10T13:44:40+00:00\",\"breadcrumb\":{\"@id\":\"https:\/\/seubert-fruechte.de\/index.php\/produkt\/brombeeren-schale\/#breadcrumb\"},\"inLanguage\":\"de\",\"potentialAction\":[{\"@type\":\"ReadAction\",\"target\":[\"https:\/\/seubert-fruechte.de\/index.php\/produkt\/brombeeren-schale\/\"]}]},{\"@type\":\"ImageObject\",\"inLanguage\":\"de\",\"@id\":\"https:\/\/seubert-fruechte.de\/index.php\/produkt\/brombeeren-schale\/#primaryimage\",\"url\":\"https:\/\/seubert-fruechte.de\/wp-content\/uploads\/2025\/09\/Brombeeren.jpg\",\"contentUrl\":\"https:\/\/seubert-fruechte.de\/wp-content\/uploads\/2025\/09\/Brombeeren.jpg\",\"width\":1280,\"height\":1280},{\"@type\":\"BreadcrumbList\",\"@id\":\"https:\/\/seubert-fruechte.de\/index.php\/produkt\/brombeeren-schale\/#breadcrumb\",\"itemListElement\":[{\"@type\":\"ListItem\",\"position\":1,\"name\":\"Startseite\",\"item\":\"https:\/\/seubert-fruechte.de\/\"},{\"@type\":\"ListItem\",\"position\":2,\"name\":\"Shop\",\"item\":\"https:\/\/seubert-fruechte.de\/index.php\/shop\/\"},{\"@type\":\"ListItem\",\"position\":3,\"name\":\"Brombeeren Schale\"}]},{\"@type\":\"WebSite\",\"@id\":\"https:\/\/seubert-fruechte.de\/#website\",\"url\":\"https:\/\/seubert-fruechte.de\/\",\"name\":\"Seubert Fr\u00fcchte\",\"description\":\"\",\"potentialAction\":[{\"@type\":\"SearchAction\",\"target\":{\"@type\":\"EntryPoint\",\"urlTemplate\":\"https:\/\/seubert-fruechte.de\/?s={search_term_string}\"},\"query-input\":{\"@type\":\"PropertyValueSpecification\",\"valueRequired\":true,\"valueName\":\"search_term_string\"}}],\"inLanguage\":\"de\"}]}<\/script>\n<!-- \/ Yoast SEO plugin. -->","yoast_head_json":{"title":"Brombeeren Schale - Seubert Fr\u00fcchte","robots":{"index":"index","follow":"follow","max-snippet":"max-snippet:-1","max-image-preview":"max-image-preview:large","max-video-preview":"max-video-preview:-1"},"canonical":"https:\/\/seubert-fruechte.de\/index.php\/produkt\/brombeeren-schale\/","og_locale":"de_DE","og_type":"article","og_title":"Brombeeren Schale - Seubert Fr\u00fcchte","og_description":"Unsere Brombeeren begeistern mit ihrer tiefdunklen Farbe, der gl\u00e4nzenden Oberfl\u00e4che und ihrem s\u00fc\u00df-s\u00e4uerlichen, intensiven Aroma. Sie sind reich an Vitaminen, Ballaststoffen und Antioxidantien und geh\u00f6ren zu den edelsten Beeren im Sortiment. Ob frisch verzehrt, in Desserts, Backwaren oder Getr\u00e4nken \u2013 Brombeeren sind vielseitig verwendbar und ein echtes Highlight f\u00fcr Gastronomie, Catering und den Einzelhandel. Verpackung:\u00a0Eine [&hellip;]","og_url":"https:\/\/seubert-fruechte.de\/index.php\/produkt\/brombeeren-schale\/","og_site_name":"Seubert Fr\u00fcchte","og_image":[{"width":1280,"height":1280,"url":"https:\/\/seubert-fruechte.de\/wp-content\/uploads\/2025\/09\/Brombeeren.jpg","type":"image\/jpeg"}],"twitter_card":"summary_large_image","twitter_misc":{"Gesch\u00e4tzte Lesezeit":"1\u00a0Minute"},"schema":{"@context":"https:\/\/schema.org","@graph":[{"@type":"WebPage","@id":"https:\/\/seubert-fruechte.de\/index.php\/produkt\/brombeeren-schale\/","url":"https:\/\/seubert-fruechte.de\/index.php\/produkt\/brombeeren-schale\/","name":"Brombeeren Schale - Seubert Fr\u00fcchte","isPartOf":{"@id":"https:\/\/seubert-fruechte.de\/#website"},"primaryImageOfPage":{"@id":"https:\/\/seubert-fruechte.de\/index.php\/produkt\/brombeeren-schale\/#primaryimage"},"image":{"@id":"https:\/\/seubert-fruechte.de\/index.php\/produkt\/brombeeren-schale\/#primaryimage"},"thumbnailUrl":"https:\/\/seubert-fruechte.de\/wp-content\/uploads\/2025\/09\/Brombeeren.jpg","datePublished":"2025-09-10T13:44:40+00:00","breadcrumb":{"@id":"https:\/\/seubert-fruechte.de\/index.php\/produkt\/brombeeren-schale\/#breadcrumb"},"inLanguage":"de","potentialAction":[{"@type":"ReadAction","target":["https:\/\/seubert-fruechte.de\/index.php\/produkt\/brombeeren-schale\/"]}]},{"@type":"ImageObject","inLanguage":"de","@id":"https:\/\/seubert-fruechte.de\/index.php\/produkt\/brombeeren-schale\/#primaryimage","url":"https:\/\/seubert-fruechte.de\/wp-content\/uploads\/2025\/09\/Brombeeren.jpg","contentUrl":"https:\/\/seubert-fruechte.de\/wp-content\/uploads\/2025\/09\/Brombeeren.jpg","width":1280,"height":1280},{"@type":"BreadcrumbList","@id":"https:\/\/seubert-fruechte.de\/index.php\/produkt\/brombeeren-schale\/#breadcrumb","itemListElement":[{"@type":"ListItem","position":1,"name":"Startseite","item":"https:\/\/seubert-fruechte.de\/"},{"@type":"ListItem","position":2,"name":"Shop","item":"https:\/\/seubert-fruechte.de\/index.php\/shop\/"},{"@type":"ListItem","position":3,"name":"Brombeeren Schale"}]},{"@type":"WebSite","@id":"https:\/\/seubert-fruechte.de\/#website","url":"https:\/\/seubert-fruechte.de\/","name":"Seubert Fr\u00fcchte","description":"","potentialAction":[{"@type":"SearchAction","target":{"@type":"EntryPoint","urlTemplate":"https:\/\/seubert-fruechte.de\/?s={search_term_string}"},"query-input":{"@type":"PropertyValueSpecification","valueRequired":true,"valueName":"search_term_string"}}],"inLanguage":"de"}]}},"_links":{"self":[{"href":"https:\/\/seubert-fruechte.de\/index.php\/wp-json\/wp\/v2\/product\/347","targetHints":{"allow":["GET"]}}],"collection":[{"href":"https:\/\/seubert-fruechte.de\/index.php\/wp-json\/wp\/v2\/product"}],"about":[{"href":"https:\/\/seubert-fruechte.de\/index.php\/wp-json\/wp\/v2\/types\/product"}],"replies":[{"embeddable":true,"href":"https:\/\/seubert-fruechte.de\/index.php\/wp-json\/wp\/v2\/comments?post=347"}],"wp:featuredmedia":[{"embeddable":true,"href":"https:\/\/seubert-fruechte.de\/index.php\/wp-json\/wp\/v2\/media\/348"}],"wp:attachment":[{"href":"https:\/\/seubert-fruechte.de\/index.php\/wp-json\/wp\/v2\/media?parent=347"}],"wp:term":[{"taxonomy":"product_brand","embeddable":true,"href":"https:\/\/seubert-fruechte.de\/index.php\/wp-json\/wp\/v2\/product_brand?post=347"},{"taxonomy":"product_cat","embeddable":true,"href":"https:\/\/seubert-fruechte.de\/index.php\/wp-json\/wp\/v2\/product_cat?post=347"},{"taxonomy":"product_tag","embeddable":true,"href":"https:\/\/seubert-fruechte.de\/index.php\/wp-json\/wp\/v2\/product_tag?post=347"}],"curies":[{"name":"wp","href":"https:\/\/api.w.org\/{rel}","templated":true}]}}