{"id":345,"date":"2025-09-10T15:38:49","date_gmt":"2025-09-10T13:38:49","guid":{"rendered":"https:\/\/seubert-fruechte.de\/?post_type=product&#038;p=345"},"modified":"2025-09-10T15:41:50","modified_gmt":"2025-09-10T13:41:50","slug":"heidelbeeren-schalen","status":"publish","type":"product","link":"https:\/\/seubert-fruechte.de\/index.php\/produkt\/heidelbeeren-schalen\/","title":{"rendered":"Heidelbeeren Schalen"},"content":{"rendered":"<p data-start=\"170\" data-end=\"532\">Unsere <strong data-start=\"164\" data-end=\"180\">Heidelbeeren<\/strong> \u00fcberzeugen mit ihrer tiefblauen Farbe, der festen Schale und dem saftig-s\u00fc\u00dfen Geschmack. Sie sind reich an Vitaminen, Ballaststoffen und Antioxidantien und z\u00e4hlen zu den beliebtesten Beeren in der modernen K\u00fcche. Ob pur, im Dessert, in Backwaren oder als Zutat in Smoothies \u2013 Heidelbeeren sind vielseitig einsetzbar und ein echter Verkaufsschlager f\u00fcr Gastronomie, Catering und den Einzelhandel.<\/p>\n<p data-start=\"136\" data-end=\"366\"><strong>Verpackung:<\/strong> Eine Schale enth\u00e4lt 250gr<\/p>\n<p data-start=\"136\" data-end=\"366\"><strong>Hinweis zur Menge:\u00a0<\/strong><\/p>\n<p data-start=\"136\" data-end=\"366\">Menge 1 entspricht eine Schale<\/p>\n","protected":false},"excerpt":{"rendered":"<p>Unsere Heidelbeeren \u00fcberzeugen mit ihrer tiefblauen Farbe, der festen Schale und dem saftig-s\u00fc\u00dfen Geschmack. Sie sind reich an Vitaminen, Ballaststoffen und Antioxidantien und z\u00e4hlen zu den beliebtesten Beeren in der modernen K\u00fcche. Ob pur, im Dessert, in Backwaren oder als Zutat in Smoothies \u2013 Heidelbeeren sind vielseitig einsetzbar und ein echter Verkaufsschlager f\u00fcr Gastronomie, Catering [&hellip;]<\/p>\n","protected":false},"featured_media":346,"comment_status":"closed","ping_status":"closed","template":"","meta":[],"product_brand":[],"product_cat":[19],"product_tag":[],"class_list":{"0":"post-345","1":"product","2":"type-product","3":"status-publish","4":"has-post-thumbnail","6":"product_cat-obst","8":"first","9":"instock","10":"shipping-taxable","11":"purchasable","12":"product-type-simple"},"yoast_head":"<!-- This site is optimized with the Yoast SEO plugin v26.1.1 - https:\/\/yoast.com\/wordpress\/plugins\/seo\/ -->\n<title>Heidelbeeren Schalen - Seubert Fr\u00fcchte<\/title>\n<meta name=\"robots\" content=\"index, follow, max-snippet:-1, max-image-preview:large, max-video-preview:-1\" \/>\n<link rel=\"canonical\" href=\"https:\/\/seubert-fruechte.de\/index.php\/produkt\/heidelbeeren-schalen\/\" \/>\n<meta property=\"og:locale\" content=\"de_DE\" \/>\n<meta property=\"og:type\" content=\"article\" \/>\n<meta property=\"og:title\" content=\"Heidelbeeren Schalen - Seubert Fr\u00fcchte\" \/>\n<meta property=\"og:description\" content=\"Unsere Heidelbeeren \u00fcberzeugen mit ihrer tiefblauen Farbe, der festen Schale und dem saftig-s\u00fc\u00dfen Geschmack. Sie sind reich an Vitaminen, Ballaststoffen und Antioxidantien und z\u00e4hlen zu den beliebtesten Beeren in der modernen K\u00fcche. Ob pur, im Dessert, in Backwaren oder als Zutat in Smoothies \u2013 Heidelbeeren sind vielseitig einsetzbar und ein echter Verkaufsschlager f\u00fcr Gastronomie, Catering [&hellip;]\" \/>\n<meta property=\"og:url\" content=\"https:\/\/seubert-fruechte.de\/index.php\/produkt\/heidelbeeren-schalen\/\" \/>\n<meta property=\"og:site_name\" content=\"Seubert Fr\u00fcchte\" \/>\n<meta property=\"article:modified_time\" content=\"2025-09-10T13:41:50+00:00\" \/>\n<meta property=\"og:image\" content=\"https:\/\/seubert-fruechte.de\/wp-content\/uploads\/2025\/09\/Heidelbeeren.jpg\" \/>\n\t<meta property=\"og:image:width\" content=\"1280\" \/>\n\t<meta property=\"og:image:height\" content=\"854\" \/>\n\t<meta property=\"og:image:type\" content=\"image\/jpeg\" \/>\n<meta name=\"twitter:card\" content=\"summary_large_image\" \/>\n<meta name=\"twitter:label1\" content=\"Gesch\u00e4tzte Lesezeit\" \/>\n\t<meta name=\"twitter:data1\" content=\"1\u00a0Minute\" \/>\n<script type=\"application\/ld+json\" class=\"yoast-schema-graph\">{\"@context\":\"https:\/\/schema.org\",\"@graph\":[{\"@type\":\"WebPage\",\"@id\":\"https:\/\/seubert-fruechte.de\/index.php\/produkt\/heidelbeeren-schalen\/\",\"url\":\"https:\/\/seubert-fruechte.de\/index.php\/produkt\/heidelbeeren-schalen\/\",\"name\":\"Heidelbeeren Schalen - Seubert Fr\u00fcchte\",\"isPartOf\":{\"@id\":\"https:\/\/seubert-fruechte.de\/#website\"},\"primaryImageOfPage\":{\"@id\":\"https:\/\/seubert-fruechte.de\/index.php\/produkt\/heidelbeeren-schalen\/#primaryimage\"},\"image\":{\"@id\":\"https:\/\/seubert-fruechte.de\/index.php\/produkt\/heidelbeeren-schalen\/#primaryimage\"},\"thumbnailUrl\":\"https:\/\/seubert-fruechte.de\/wp-content\/uploads\/2025\/09\/Heidelbeeren.jpg\",\"datePublished\":\"2025-09-10T13:38:49+00:00\",\"dateModified\":\"2025-09-10T13:41:50+00:00\",\"breadcrumb\":{\"@id\":\"https:\/\/seubert-fruechte.de\/index.php\/produkt\/heidelbeeren-schalen\/#breadcrumb\"},\"inLanguage\":\"de\",\"potentialAction\":[{\"@type\":\"ReadAction\",\"target\":[\"https:\/\/seubert-fruechte.de\/index.php\/produkt\/heidelbeeren-schalen\/\"]}]},{\"@type\":\"ImageObject\",\"inLanguage\":\"de\",\"@id\":\"https:\/\/seubert-fruechte.de\/index.php\/produkt\/heidelbeeren-schalen\/#primaryimage\",\"url\":\"https:\/\/seubert-fruechte.de\/wp-content\/uploads\/2025\/09\/Heidelbeeren.jpg\",\"contentUrl\":\"https:\/\/seubert-fruechte.de\/wp-content\/uploads\/2025\/09\/Heidelbeeren.jpg\",\"width\":1280,\"height\":854},{\"@type\":\"BreadcrumbList\",\"@id\":\"https:\/\/seubert-fruechte.de\/index.php\/produkt\/heidelbeeren-schalen\/#breadcrumb\",\"itemListElement\":[{\"@type\":\"ListItem\",\"position\":1,\"name\":\"Startseite\",\"item\":\"https:\/\/seubert-fruechte.de\/\"},{\"@type\":\"ListItem\",\"position\":2,\"name\":\"Shop\",\"item\":\"https:\/\/seubert-fruechte.de\/index.php\/shop\/\"},{\"@type\":\"ListItem\",\"position\":3,\"name\":\"Heidelbeeren Schalen\"}]},{\"@type\":\"WebSite\",\"@id\":\"https:\/\/seubert-fruechte.de\/#website\",\"url\":\"https:\/\/seubert-fruechte.de\/\",\"name\":\"Seubert Fr\u00fcchte\",\"description\":\"\",\"potentialAction\":[{\"@type\":\"SearchAction\",\"target\":{\"@type\":\"EntryPoint\",\"urlTemplate\":\"https:\/\/seubert-fruechte.de\/?s={search_term_string}\"},\"query-input\":{\"@type\":\"PropertyValueSpecification\",\"valueRequired\":true,\"valueName\":\"search_term_string\"}}],\"inLanguage\":\"de\"}]}<\/script>\n<!-- \/ Yoast SEO plugin. -->","yoast_head_json":{"title":"Heidelbeeren Schalen - Seubert Fr\u00fcchte","robots":{"index":"index","follow":"follow","max-snippet":"max-snippet:-1","max-image-preview":"max-image-preview:large","max-video-preview":"max-video-preview:-1"},"canonical":"https:\/\/seubert-fruechte.de\/index.php\/produkt\/heidelbeeren-schalen\/","og_locale":"de_DE","og_type":"article","og_title":"Heidelbeeren Schalen - Seubert Fr\u00fcchte","og_description":"Unsere Heidelbeeren \u00fcberzeugen mit ihrer tiefblauen Farbe, der festen Schale und dem saftig-s\u00fc\u00dfen Geschmack. Sie sind reich an Vitaminen, Ballaststoffen und Antioxidantien und z\u00e4hlen zu den beliebtesten Beeren in der modernen K\u00fcche. Ob pur, im Dessert, in Backwaren oder als Zutat in Smoothies \u2013 Heidelbeeren sind vielseitig einsetzbar und ein echter Verkaufsschlager f\u00fcr Gastronomie, Catering [&hellip;]","og_url":"https:\/\/seubert-fruechte.de\/index.php\/produkt\/heidelbeeren-schalen\/","og_site_name":"Seubert Fr\u00fcchte","article_modified_time":"2025-09-10T13:41:50+00:00","og_image":[{"width":1280,"height":854,"url":"https:\/\/seubert-fruechte.de\/wp-content\/uploads\/2025\/09\/Heidelbeeren.jpg","type":"image\/jpeg"}],"twitter_card":"summary_large_image","twitter_misc":{"Gesch\u00e4tzte Lesezeit":"1\u00a0Minute"},"schema":{"@context":"https:\/\/schema.org","@graph":[{"@type":"WebPage","@id":"https:\/\/seubert-fruechte.de\/index.php\/produkt\/heidelbeeren-schalen\/","url":"https:\/\/seubert-fruechte.de\/index.php\/produkt\/heidelbeeren-schalen\/","name":"Heidelbeeren Schalen - Seubert Fr\u00fcchte","isPartOf":{"@id":"https:\/\/seubert-fruechte.de\/#website"},"primaryImageOfPage":{"@id":"https:\/\/seubert-fruechte.de\/index.php\/produkt\/heidelbeeren-schalen\/#primaryimage"},"image":{"@id":"https:\/\/seubert-fruechte.de\/index.php\/produkt\/heidelbeeren-schalen\/#primaryimage"},"thumbnailUrl":"https:\/\/seubert-fruechte.de\/wp-content\/uploads\/2025\/09\/Heidelbeeren.jpg","datePublished":"2025-09-10T13:38:49+00:00","dateModified":"2025-09-10T13:41:50+00:00","breadcrumb":{"@id":"https:\/\/seubert-fruechte.de\/index.php\/produkt\/heidelbeeren-schalen\/#breadcrumb"},"inLanguage":"de","potentialAction":[{"@type":"ReadAction","target":["https:\/\/seubert-fruechte.de\/index.php\/produkt\/heidelbeeren-schalen\/"]}]},{"@type":"ImageObject","inLanguage":"de","@id":"https:\/\/seubert-fruechte.de\/index.php\/produkt\/heidelbeeren-schalen\/#primaryimage","url":"https:\/\/seubert-fruechte.de\/wp-content\/uploads\/2025\/09\/Heidelbeeren.jpg","contentUrl":"https:\/\/seubert-fruechte.de\/wp-content\/uploads\/2025\/09\/Heidelbeeren.jpg","width":1280,"height":854},{"@type":"BreadcrumbList","@id":"https:\/\/seubert-fruechte.de\/index.php\/produkt\/heidelbeeren-schalen\/#breadcrumb","itemListElement":[{"@type":"ListItem","position":1,"name":"Startseite","item":"https:\/\/seubert-fruechte.de\/"},{"@type":"ListItem","position":2,"name":"Shop","item":"https:\/\/seubert-fruechte.de\/index.php\/shop\/"},{"@type":"ListItem","position":3,"name":"Heidelbeeren Schalen"}]},{"@type":"WebSite","@id":"https:\/\/seubert-fruechte.de\/#website","url":"https:\/\/seubert-fruechte.de\/","name":"Seubert Fr\u00fcchte","description":"","potentialAction":[{"@type":"SearchAction","target":{"@type":"EntryPoint","urlTemplate":"https:\/\/seubert-fruechte.de\/?s={search_term_string}"},"query-input":{"@type":"PropertyValueSpecification","valueRequired":true,"valueName":"search_term_string"}}],"inLanguage":"de"}]}},"_links":{"self":[{"href":"https:\/\/seubert-fruechte.de\/index.php\/wp-json\/wp\/v2\/product\/345","targetHints":{"allow":["GET"]}}],"collection":[{"href":"https:\/\/seubert-fruechte.de\/index.php\/wp-json\/wp\/v2\/product"}],"about":[{"href":"https:\/\/seubert-fruechte.de\/index.php\/wp-json\/wp\/v2\/types\/product"}],"replies":[{"embeddable":true,"href":"https:\/\/seubert-fruechte.de\/index.php\/wp-json\/wp\/v2\/comments?post=345"}],"wp:featuredmedia":[{"embeddable":true,"href":"https:\/\/seubert-fruechte.de\/index.php\/wp-json\/wp\/v2\/media\/346"}],"wp:attachment":[{"href":"https:\/\/seubert-fruechte.de\/index.php\/wp-json\/wp\/v2\/media?parent=345"}],"wp:term":[{"taxonomy":"product_brand","embeddable":true,"href":"https:\/\/seubert-fruechte.de\/index.php\/wp-json\/wp\/v2\/product_brand?post=345"},{"taxonomy":"product_cat","embeddable":true,"href":"https:\/\/seubert-fruechte.de\/index.php\/wp-json\/wp\/v2\/product_cat?post=345"},{"taxonomy":"product_tag","embeddable":true,"href":"https:\/\/seubert-fruechte.de\/index.php\/wp-json\/wp\/v2\/product_tag?post=345"}],"curies":[{"name":"wp","href":"https:\/\/api.w.org\/{rel}","templated":true}]}}