{"id":332,"date":"2025-09-08T16:40:49","date_gmt":"2025-09-08T14:40:49","guid":{"rendered":"https:\/\/seubert-fruechte.de\/?post_type=product&#038;p=332"},"modified":"2025-09-10T16:19:10","modified_gmt":"2025-09-10T14:19:10","slug":"kuerbis-hokkaido-kiste","status":"publish","type":"product","link":"https:\/\/seubert-fruechte.de\/index.php\/produkt\/kuerbis-hokkaido-kiste\/","title":{"rendered":"K\u00fcrbis Hokkaido Kiste"},"content":{"rendered":"<p data-start=\"170\" data-end=\"532\">Unser <strong data-start=\"174\" data-end=\"193\">Hokkaido K\u00fcrbis<\/strong> \u00fcberzeugt mit seiner leuchtend orangeroten Schale, dem festen, aromatischen Fruchtfleisch und dem angenehm nussigen Geschmack. Er ist besonders praktisch, da die Schale mitgegessen werden kann, und eignet sich hervorragend f\u00fcr Suppen, Eint\u00f6pfe, Ofengerichte und P\u00fcrees. Dank seiner langen Haltbarkeit und einfachen Verarbeitung ist er sowohl in der Gastronomie als auch im Einzelhandel \u00e4u\u00dferst beliebt.<\/p>\n<p data-start=\"136\" data-end=\"366\"><strong>Verpackung:<\/strong> 10kg je Kiste<\/p>\n<p data-start=\"136\" data-end=\"366\"><strong>Hinweis zur Menge:\u00a0<\/strong><\/p>\n<p data-start=\"136\" data-end=\"366\">Menge 1 entspricht einer Kiste<\/p>\n","protected":false},"excerpt":{"rendered":"<p>Unser Hokkaido K\u00fcrbis \u00fcberzeugt mit seiner leuchtend orangeroten Schale, dem festen, aromatischen Fruchtfleisch und dem angenehm nussigen Geschmack. Er ist besonders praktisch, da die Schale mitgegessen werden kann, und eignet sich hervorragend f\u00fcr Suppen, Eint\u00f6pfe, Ofengerichte und P\u00fcrees. Dank seiner langen Haltbarkeit und einfachen Verarbeitung ist er sowohl in der Gastronomie als auch im Einzelhandel [&hellip;]<\/p>\n","protected":false},"featured_media":333,"comment_status":"closed","ping_status":"closed","template":"","meta":[],"product_brand":[],"product_cat":[18],"product_tag":[],"class_list":{"0":"post-332","1":"product","2":"type-product","3":"status-publish","4":"has-post-thumbnail","6":"product_cat-gemuese","8":"first","9":"instock","10":"shipping-taxable","11":"purchasable","12":"product-type-simple"},"yoast_head":"<!-- This site is optimized with the Yoast SEO plugin v26.1.1 - https:\/\/yoast.com\/wordpress\/plugins\/seo\/ -->\n<title>K\u00fcrbis Hokkaido Kiste - Seubert Fr\u00fcchte<\/title>\n<meta name=\"robots\" content=\"index, follow, max-snippet:-1, max-image-preview:large, max-video-preview:-1\" \/>\n<link rel=\"canonical\" href=\"https:\/\/seubert-fruechte.de\/index.php\/produkt\/kuerbis-hokkaido-kiste\/\" \/>\n<meta property=\"og:locale\" content=\"de_DE\" \/>\n<meta property=\"og:type\" content=\"article\" \/>\n<meta property=\"og:title\" content=\"K\u00fcrbis Hokkaido Kiste - Seubert Fr\u00fcchte\" \/>\n<meta property=\"og:description\" content=\"Unser Hokkaido K\u00fcrbis \u00fcberzeugt mit seiner leuchtend orangeroten Schale, dem festen, aromatischen Fruchtfleisch und dem angenehm nussigen Geschmack. Er ist besonders praktisch, da die Schale mitgegessen werden kann, und eignet sich hervorragend f\u00fcr Suppen, Eint\u00f6pfe, Ofengerichte und P\u00fcrees. Dank seiner langen Haltbarkeit und einfachen Verarbeitung ist er sowohl in der Gastronomie als auch im Einzelhandel [&hellip;]\" \/>\n<meta property=\"og:url\" content=\"https:\/\/seubert-fruechte.de\/index.php\/produkt\/kuerbis-hokkaido-kiste\/\" \/>\n<meta property=\"og:site_name\" content=\"Seubert Fr\u00fcchte\" \/>\n<meta property=\"article:modified_time\" content=\"2025-09-10T14:19:10+00:00\" \/>\n<meta property=\"og:image\" content=\"https:\/\/seubert-fruechte.de\/wp-content\/uploads\/2025\/09\/Hokkaido.jpg\" \/>\n\t<meta property=\"og:image:width\" content=\"844\" \/>\n\t<meta property=\"og:image:height\" content=\"1280\" \/>\n\t<meta property=\"og:image:type\" content=\"image\/jpeg\" \/>\n<meta name=\"twitter:card\" content=\"summary_large_image\" \/>\n<meta name=\"twitter:label1\" content=\"Gesch\u00e4tzte Lesezeit\" \/>\n\t<meta name=\"twitter:data1\" content=\"1\u00a0Minute\" \/>\n<script type=\"application\/ld+json\" class=\"yoast-schema-graph\">{\"@context\":\"https:\/\/schema.org\",\"@graph\":[{\"@type\":\"WebPage\",\"@id\":\"https:\/\/seubert-fruechte.de\/index.php\/produkt\/kuerbis-hokkaido-kiste\/\",\"url\":\"https:\/\/seubert-fruechte.de\/index.php\/produkt\/kuerbis-hokkaido-kiste\/\",\"name\":\"K\u00fcrbis Hokkaido Kiste - Seubert Fr\u00fcchte\",\"isPartOf\":{\"@id\":\"https:\/\/seubert-fruechte.de\/#website\"},\"primaryImageOfPage\":{\"@id\":\"https:\/\/seubert-fruechte.de\/index.php\/produkt\/kuerbis-hokkaido-kiste\/#primaryimage\"},\"image\":{\"@id\":\"https:\/\/seubert-fruechte.de\/index.php\/produkt\/kuerbis-hokkaido-kiste\/#primaryimage\"},\"thumbnailUrl\":\"https:\/\/seubert-fruechte.de\/wp-content\/uploads\/2025\/09\/Hokkaido.jpg\",\"datePublished\":\"2025-09-08T14:40:49+00:00\",\"dateModified\":\"2025-09-10T14:19:10+00:00\",\"breadcrumb\":{\"@id\":\"https:\/\/seubert-fruechte.de\/index.php\/produkt\/kuerbis-hokkaido-kiste\/#breadcrumb\"},\"inLanguage\":\"de\",\"potentialAction\":[{\"@type\":\"ReadAction\",\"target\":[\"https:\/\/seubert-fruechte.de\/index.php\/produkt\/kuerbis-hokkaido-kiste\/\"]}]},{\"@type\":\"ImageObject\",\"inLanguage\":\"de\",\"@id\":\"https:\/\/seubert-fruechte.de\/index.php\/produkt\/kuerbis-hokkaido-kiste\/#primaryimage\",\"url\":\"https:\/\/seubert-fruechte.de\/wp-content\/uploads\/2025\/09\/Hokkaido.jpg\",\"contentUrl\":\"https:\/\/seubert-fruechte.de\/wp-content\/uploads\/2025\/09\/Hokkaido.jpg\",\"width\":844,\"height\":1280},{\"@type\":\"BreadcrumbList\",\"@id\":\"https:\/\/seubert-fruechte.de\/index.php\/produkt\/kuerbis-hokkaido-kiste\/#breadcrumb\",\"itemListElement\":[{\"@type\":\"ListItem\",\"position\":1,\"name\":\"Startseite\",\"item\":\"https:\/\/seubert-fruechte.de\/\"},{\"@type\":\"ListItem\",\"position\":2,\"name\":\"Shop\",\"item\":\"https:\/\/seubert-fruechte.de\/index.php\/shop\/\"},{\"@type\":\"ListItem\",\"position\":3,\"name\":\"K\u00fcrbis Hokkaido Kiste\"}]},{\"@type\":\"WebSite\",\"@id\":\"https:\/\/seubert-fruechte.de\/#website\",\"url\":\"https:\/\/seubert-fruechte.de\/\",\"name\":\"Seubert Fr\u00fcchte\",\"description\":\"\",\"potentialAction\":[{\"@type\":\"SearchAction\",\"target\":{\"@type\":\"EntryPoint\",\"urlTemplate\":\"https:\/\/seubert-fruechte.de\/?s={search_term_string}\"},\"query-input\":{\"@type\":\"PropertyValueSpecification\",\"valueRequired\":true,\"valueName\":\"search_term_string\"}}],\"inLanguage\":\"de\"}]}<\/script>\n<!-- \/ Yoast SEO plugin. -->","yoast_head_json":{"title":"K\u00fcrbis Hokkaido Kiste - Seubert Fr\u00fcchte","robots":{"index":"index","follow":"follow","max-snippet":"max-snippet:-1","max-image-preview":"max-image-preview:large","max-video-preview":"max-video-preview:-1"},"canonical":"https:\/\/seubert-fruechte.de\/index.php\/produkt\/kuerbis-hokkaido-kiste\/","og_locale":"de_DE","og_type":"article","og_title":"K\u00fcrbis Hokkaido Kiste - Seubert Fr\u00fcchte","og_description":"Unser Hokkaido K\u00fcrbis \u00fcberzeugt mit seiner leuchtend orangeroten Schale, dem festen, aromatischen Fruchtfleisch und dem angenehm nussigen Geschmack. Er ist besonders praktisch, da die Schale mitgegessen werden kann, und eignet sich hervorragend f\u00fcr Suppen, Eint\u00f6pfe, Ofengerichte und P\u00fcrees. Dank seiner langen Haltbarkeit und einfachen Verarbeitung ist er sowohl in der Gastronomie als auch im Einzelhandel [&hellip;]","og_url":"https:\/\/seubert-fruechte.de\/index.php\/produkt\/kuerbis-hokkaido-kiste\/","og_site_name":"Seubert Fr\u00fcchte","article_modified_time":"2025-09-10T14:19:10+00:00","og_image":[{"width":844,"height":1280,"url":"https:\/\/seubert-fruechte.de\/wp-content\/uploads\/2025\/09\/Hokkaido.jpg","type":"image\/jpeg"}],"twitter_card":"summary_large_image","twitter_misc":{"Gesch\u00e4tzte Lesezeit":"1\u00a0Minute"},"schema":{"@context":"https:\/\/schema.org","@graph":[{"@type":"WebPage","@id":"https:\/\/seubert-fruechte.de\/index.php\/produkt\/kuerbis-hokkaido-kiste\/","url":"https:\/\/seubert-fruechte.de\/index.php\/produkt\/kuerbis-hokkaido-kiste\/","name":"K\u00fcrbis Hokkaido Kiste - Seubert Fr\u00fcchte","isPartOf":{"@id":"https:\/\/seubert-fruechte.de\/#website"},"primaryImageOfPage":{"@id":"https:\/\/seubert-fruechte.de\/index.php\/produkt\/kuerbis-hokkaido-kiste\/#primaryimage"},"image":{"@id":"https:\/\/seubert-fruechte.de\/index.php\/produkt\/kuerbis-hokkaido-kiste\/#primaryimage"},"thumbnailUrl":"https:\/\/seubert-fruechte.de\/wp-content\/uploads\/2025\/09\/Hokkaido.jpg","datePublished":"2025-09-08T14:40:49+00:00","dateModified":"2025-09-10T14:19:10+00:00","breadcrumb":{"@id":"https:\/\/seubert-fruechte.de\/index.php\/produkt\/kuerbis-hokkaido-kiste\/#breadcrumb"},"inLanguage":"de","potentialAction":[{"@type":"ReadAction","target":["https:\/\/seubert-fruechte.de\/index.php\/produkt\/kuerbis-hokkaido-kiste\/"]}]},{"@type":"ImageObject","inLanguage":"de","@id":"https:\/\/seubert-fruechte.de\/index.php\/produkt\/kuerbis-hokkaido-kiste\/#primaryimage","url":"https:\/\/seubert-fruechte.de\/wp-content\/uploads\/2025\/09\/Hokkaido.jpg","contentUrl":"https:\/\/seubert-fruechte.de\/wp-content\/uploads\/2025\/09\/Hokkaido.jpg","width":844,"height":1280},{"@type":"BreadcrumbList","@id":"https:\/\/seubert-fruechte.de\/index.php\/produkt\/kuerbis-hokkaido-kiste\/#breadcrumb","itemListElement":[{"@type":"ListItem","position":1,"name":"Startseite","item":"https:\/\/seubert-fruechte.de\/"},{"@type":"ListItem","position":2,"name":"Shop","item":"https:\/\/seubert-fruechte.de\/index.php\/shop\/"},{"@type":"ListItem","position":3,"name":"K\u00fcrbis Hokkaido Kiste"}]},{"@type":"WebSite","@id":"https:\/\/seubert-fruechte.de\/#website","url":"https:\/\/seubert-fruechte.de\/","name":"Seubert Fr\u00fcchte","description":"","potentialAction":[{"@type":"SearchAction","target":{"@type":"EntryPoint","urlTemplate":"https:\/\/seubert-fruechte.de\/?s={search_term_string}"},"query-input":{"@type":"PropertyValueSpecification","valueRequired":true,"valueName":"search_term_string"}}],"inLanguage":"de"}]}},"_links":{"self":[{"href":"https:\/\/seubert-fruechte.de\/index.php\/wp-json\/wp\/v2\/product\/332","targetHints":{"allow":["GET"]}}],"collection":[{"href":"https:\/\/seubert-fruechte.de\/index.php\/wp-json\/wp\/v2\/product"}],"about":[{"href":"https:\/\/seubert-fruechte.de\/index.php\/wp-json\/wp\/v2\/types\/product"}],"replies":[{"embeddable":true,"href":"https:\/\/seubert-fruechte.de\/index.php\/wp-json\/wp\/v2\/comments?post=332"}],"wp:featuredmedia":[{"embeddable":true,"href":"https:\/\/seubert-fruechte.de\/index.php\/wp-json\/wp\/v2\/media\/333"}],"wp:attachment":[{"href":"https:\/\/seubert-fruechte.de\/index.php\/wp-json\/wp\/v2\/media?parent=332"}],"wp:term":[{"taxonomy":"product_brand","embeddable":true,"href":"https:\/\/seubert-fruechte.de\/index.php\/wp-json\/wp\/v2\/product_brand?post=332"},{"taxonomy":"product_cat","embeddable":true,"href":"https:\/\/seubert-fruechte.de\/index.php\/wp-json\/wp\/v2\/product_cat?post=332"},{"taxonomy":"product_tag","embeddable":true,"href":"https:\/\/seubert-fruechte.de\/index.php\/wp-json\/wp\/v2\/product_tag?post=332"}],"curies":[{"name":"wp","href":"https:\/\/api.w.org\/{rel}","templated":true}]}}