{"id":326,"date":"2025-09-08T12:02:40","date_gmt":"2025-09-08T10:02:40","guid":{"rendered":"https:\/\/seubert-fruechte.de\/?post_type=product&#038;p=326"},"modified":"2025-09-08T12:10:21","modified_gmt":"2025-09-08T10:10:21","slug":"gruene-sosse-schale","status":"publish","type":"product","link":"https:\/\/seubert-fruechte.de\/index.php\/produkt\/gruene-sosse-schale\/","title":{"rendered":"Gr\u00fcne So\u00dfe Schale"},"content":{"rendered":"<p data-start=\"170\" data-end=\"532\">Unsere <strong data-start=\"183\" data-end=\"205\">Gr\u00fcne So\u00dfe Kr\u00e4uter<\/strong> bestehen aus einer klassischen Mischung feinster frischer Kr\u00e4uter: Petersilie, Schnittlauch, Borretsch, Kerbel, Kresse, Sauerampfer und Pimpinelle. Diese traditionelle Kombination ist die Basis f\u00fcr die ber\u00fchmte \u201eFrankfurter Gr\u00fcne So\u00dfe\u201c und verleiht kalten Saucen, Dips, Quark und Dressings ein unverwechselbar frisches Aroma. Perfekt abgestimmt und k\u00fcchenfertig geb\u00fcndelt, sind die Kr\u00e4uter ein echtes Highlight f\u00fcr Gastronomie, Catering und den Einzelhandel.<\/p>\n<p data-start=\"136\" data-end=\"366\"><strong>Hinweis zur Menge:\u00a0<\/strong><\/p>\n<p data-start=\"136\" data-end=\"366\">Menge 1 entspricht eine Schale<\/p>\n","protected":false},"excerpt":{"rendered":"<p>Unsere Gr\u00fcne So\u00dfe Kr\u00e4uter bestehen aus einer klassischen Mischung feinster frischer Kr\u00e4uter: Petersilie, Schnittlauch, Borretsch, Kerbel, Kresse, Sauerampfer und Pimpinelle. Diese traditionelle Kombination ist die Basis f\u00fcr die ber\u00fchmte \u201eFrankfurter Gr\u00fcne So\u00dfe\u201c und verleiht kalten Saucen, Dips, Quark und Dressings ein unverwechselbar frisches Aroma. Perfekt abgestimmt und k\u00fcchenfertig geb\u00fcndelt, sind die Kr\u00e4uter ein echtes Highlight [&hellip;]<\/p>\n","protected":false},"featured_media":329,"comment_status":"closed","ping_status":"closed","template":"","meta":[],"product_brand":[],"product_cat":[23],"product_tag":[],"class_list":{"0":"post-326","1":"product","2":"type-product","3":"status-publish","4":"has-post-thumbnail","6":"product_cat-kraeuter","8":"first","9":"instock","10":"shipping-taxable","11":"purchasable","12":"product-type-simple"},"yoast_head":"<!-- This site is optimized with the Yoast SEO plugin v26.1.1 - https:\/\/yoast.com\/wordpress\/plugins\/seo\/ -->\n<title>Gr\u00fcne So\u00dfe Schale - Seubert Fr\u00fcchte<\/title>\n<meta name=\"robots\" content=\"index, follow, max-snippet:-1, max-image-preview:large, max-video-preview:-1\" \/>\n<link rel=\"canonical\" href=\"https:\/\/seubert-fruechte.de\/index.php\/produkt\/gruene-sosse-schale\/\" \/>\n<meta property=\"og:locale\" content=\"de_DE\" \/>\n<meta property=\"og:type\" content=\"article\" \/>\n<meta property=\"og:title\" content=\"Gr\u00fcne So\u00dfe Schale - Seubert Fr\u00fcchte\" \/>\n<meta property=\"og:description\" content=\"Unsere Gr\u00fcne So\u00dfe Kr\u00e4uter bestehen aus einer klassischen Mischung feinster frischer Kr\u00e4uter: Petersilie, Schnittlauch, Borretsch, Kerbel, Kresse, Sauerampfer und Pimpinelle. Diese traditionelle Kombination ist die Basis f\u00fcr die ber\u00fchmte \u201eFrankfurter Gr\u00fcne So\u00dfe\u201c und verleiht kalten Saucen, Dips, Quark und Dressings ein unverwechselbar frisches Aroma. Perfekt abgestimmt und k\u00fcchenfertig geb\u00fcndelt, sind die Kr\u00e4uter ein echtes Highlight [&hellip;]\" \/>\n<meta property=\"og:url\" content=\"https:\/\/seubert-fruechte.de\/index.php\/produkt\/gruene-sosse-schale\/\" \/>\n<meta property=\"og:site_name\" content=\"Seubert Fr\u00fcchte\" \/>\n<meta property=\"article:modified_time\" content=\"2025-09-08T10:10:21+00:00\" \/>\n<meta property=\"og:image\" content=\"https:\/\/seubert-fruechte.de\/wp-content\/uploads\/2025\/09\/Seubert-Logo.jpeg\" \/>\n\t<meta property=\"og:image:width\" content=\"1600\" \/>\n\t<meta property=\"og:image:height\" content=\"795\" \/>\n\t<meta property=\"og:image:type\" content=\"image\/jpeg\" \/>\n<meta name=\"twitter:card\" content=\"summary_large_image\" \/>\n<meta name=\"twitter:label1\" content=\"Gesch\u00e4tzte Lesezeit\" \/>\n\t<meta name=\"twitter:data1\" content=\"1\u00a0Minute\" \/>\n<script type=\"application\/ld+json\" class=\"yoast-schema-graph\">{\"@context\":\"https:\/\/schema.org\",\"@graph\":[{\"@type\":\"WebPage\",\"@id\":\"https:\/\/seubert-fruechte.de\/index.php\/produkt\/gruene-sosse-schale\/\",\"url\":\"https:\/\/seubert-fruechte.de\/index.php\/produkt\/gruene-sosse-schale\/\",\"name\":\"Gr\u00fcne So\u00dfe Schale - Seubert Fr\u00fcchte\",\"isPartOf\":{\"@id\":\"https:\/\/seubert-fruechte.de\/#website\"},\"primaryImageOfPage\":{\"@id\":\"https:\/\/seubert-fruechte.de\/index.php\/produkt\/gruene-sosse-schale\/#primaryimage\"},\"image\":{\"@id\":\"https:\/\/seubert-fruechte.de\/index.php\/produkt\/gruene-sosse-schale\/#primaryimage\"},\"thumbnailUrl\":\"https:\/\/seubert-fruechte.de\/wp-content\/uploads\/2025\/09\/Seubert-Logo.jpeg\",\"datePublished\":\"2025-09-08T10:02:40+00:00\",\"dateModified\":\"2025-09-08T10:10:21+00:00\",\"breadcrumb\":{\"@id\":\"https:\/\/seubert-fruechte.de\/index.php\/produkt\/gruene-sosse-schale\/#breadcrumb\"},\"inLanguage\":\"de\",\"potentialAction\":[{\"@type\":\"ReadAction\",\"target\":[\"https:\/\/seubert-fruechte.de\/index.php\/produkt\/gruene-sosse-schale\/\"]}]},{\"@type\":\"ImageObject\",\"inLanguage\":\"de\",\"@id\":\"https:\/\/seubert-fruechte.de\/index.php\/produkt\/gruene-sosse-schale\/#primaryimage\",\"url\":\"https:\/\/seubert-fruechte.de\/wp-content\/uploads\/2025\/09\/Seubert-Logo.jpeg\",\"contentUrl\":\"https:\/\/seubert-fruechte.de\/wp-content\/uploads\/2025\/09\/Seubert-Logo.jpeg\",\"width\":1600,\"height\":795},{\"@type\":\"BreadcrumbList\",\"@id\":\"https:\/\/seubert-fruechte.de\/index.php\/produkt\/gruene-sosse-schale\/#breadcrumb\",\"itemListElement\":[{\"@type\":\"ListItem\",\"position\":1,\"name\":\"Startseite\",\"item\":\"https:\/\/seubert-fruechte.de\/\"},{\"@type\":\"ListItem\",\"position\":2,\"name\":\"Shop\",\"item\":\"https:\/\/seubert-fruechte.de\/index.php\/shop\/\"},{\"@type\":\"ListItem\",\"position\":3,\"name\":\"Gr\u00fcne So\u00dfe Schale\"}]},{\"@type\":\"WebSite\",\"@id\":\"https:\/\/seubert-fruechte.de\/#website\",\"url\":\"https:\/\/seubert-fruechte.de\/\",\"name\":\"Seubert Fr\u00fcchte\",\"description\":\"\",\"potentialAction\":[{\"@type\":\"SearchAction\",\"target\":{\"@type\":\"EntryPoint\",\"urlTemplate\":\"https:\/\/seubert-fruechte.de\/?s={search_term_string}\"},\"query-input\":{\"@type\":\"PropertyValueSpecification\",\"valueRequired\":true,\"valueName\":\"search_term_string\"}}],\"inLanguage\":\"de\"}]}<\/script>\n<!-- \/ Yoast SEO plugin. -->","yoast_head_json":{"title":"Gr\u00fcne So\u00dfe Schale - Seubert Fr\u00fcchte","robots":{"index":"index","follow":"follow","max-snippet":"max-snippet:-1","max-image-preview":"max-image-preview:large","max-video-preview":"max-video-preview:-1"},"canonical":"https:\/\/seubert-fruechte.de\/index.php\/produkt\/gruene-sosse-schale\/","og_locale":"de_DE","og_type":"article","og_title":"Gr\u00fcne So\u00dfe Schale - Seubert Fr\u00fcchte","og_description":"Unsere Gr\u00fcne So\u00dfe Kr\u00e4uter bestehen aus einer klassischen Mischung feinster frischer Kr\u00e4uter: Petersilie, Schnittlauch, Borretsch, Kerbel, Kresse, Sauerampfer und Pimpinelle. Diese traditionelle Kombination ist die Basis f\u00fcr die ber\u00fchmte \u201eFrankfurter Gr\u00fcne So\u00dfe\u201c und verleiht kalten Saucen, Dips, Quark und Dressings ein unverwechselbar frisches Aroma. Perfekt abgestimmt und k\u00fcchenfertig geb\u00fcndelt, sind die Kr\u00e4uter ein echtes Highlight [&hellip;]","og_url":"https:\/\/seubert-fruechte.de\/index.php\/produkt\/gruene-sosse-schale\/","og_site_name":"Seubert Fr\u00fcchte","article_modified_time":"2025-09-08T10:10:21+00:00","og_image":[{"width":1600,"height":795,"url":"https:\/\/seubert-fruechte.de\/wp-content\/uploads\/2025\/09\/Seubert-Logo.jpeg","type":"image\/jpeg"}],"twitter_card":"summary_large_image","twitter_misc":{"Gesch\u00e4tzte Lesezeit":"1\u00a0Minute"},"schema":{"@context":"https:\/\/schema.org","@graph":[{"@type":"WebPage","@id":"https:\/\/seubert-fruechte.de\/index.php\/produkt\/gruene-sosse-schale\/","url":"https:\/\/seubert-fruechte.de\/index.php\/produkt\/gruene-sosse-schale\/","name":"Gr\u00fcne So\u00dfe Schale - Seubert Fr\u00fcchte","isPartOf":{"@id":"https:\/\/seubert-fruechte.de\/#website"},"primaryImageOfPage":{"@id":"https:\/\/seubert-fruechte.de\/index.php\/produkt\/gruene-sosse-schale\/#primaryimage"},"image":{"@id":"https:\/\/seubert-fruechte.de\/index.php\/produkt\/gruene-sosse-schale\/#primaryimage"},"thumbnailUrl":"https:\/\/seubert-fruechte.de\/wp-content\/uploads\/2025\/09\/Seubert-Logo.jpeg","datePublished":"2025-09-08T10:02:40+00:00","dateModified":"2025-09-08T10:10:21+00:00","breadcrumb":{"@id":"https:\/\/seubert-fruechte.de\/index.php\/produkt\/gruene-sosse-schale\/#breadcrumb"},"inLanguage":"de","potentialAction":[{"@type":"ReadAction","target":["https:\/\/seubert-fruechte.de\/index.php\/produkt\/gruene-sosse-schale\/"]}]},{"@type":"ImageObject","inLanguage":"de","@id":"https:\/\/seubert-fruechte.de\/index.php\/produkt\/gruene-sosse-schale\/#primaryimage","url":"https:\/\/seubert-fruechte.de\/wp-content\/uploads\/2025\/09\/Seubert-Logo.jpeg","contentUrl":"https:\/\/seubert-fruechte.de\/wp-content\/uploads\/2025\/09\/Seubert-Logo.jpeg","width":1600,"height":795},{"@type":"BreadcrumbList","@id":"https:\/\/seubert-fruechte.de\/index.php\/produkt\/gruene-sosse-schale\/#breadcrumb","itemListElement":[{"@type":"ListItem","position":1,"name":"Startseite","item":"https:\/\/seubert-fruechte.de\/"},{"@type":"ListItem","position":2,"name":"Shop","item":"https:\/\/seubert-fruechte.de\/index.php\/shop\/"},{"@type":"ListItem","position":3,"name":"Gr\u00fcne So\u00dfe Schale"}]},{"@type":"WebSite","@id":"https:\/\/seubert-fruechte.de\/#website","url":"https:\/\/seubert-fruechte.de\/","name":"Seubert Fr\u00fcchte","description":"","potentialAction":[{"@type":"SearchAction","target":{"@type":"EntryPoint","urlTemplate":"https:\/\/seubert-fruechte.de\/?s={search_term_string}"},"query-input":{"@type":"PropertyValueSpecification","valueRequired":true,"valueName":"search_term_string"}}],"inLanguage":"de"}]}},"_links":{"self":[{"href":"https:\/\/seubert-fruechte.de\/index.php\/wp-json\/wp\/v2\/product\/326","targetHints":{"allow":["GET"]}}],"collection":[{"href":"https:\/\/seubert-fruechte.de\/index.php\/wp-json\/wp\/v2\/product"}],"about":[{"href":"https:\/\/seubert-fruechte.de\/index.php\/wp-json\/wp\/v2\/types\/product"}],"replies":[{"embeddable":true,"href":"https:\/\/seubert-fruechte.de\/index.php\/wp-json\/wp\/v2\/comments?post=326"}],"wp:featuredmedia":[{"embeddable":true,"href":"https:\/\/seubert-fruechte.de\/index.php\/wp-json\/wp\/v2\/media\/329"}],"wp:attachment":[{"href":"https:\/\/seubert-fruechte.de\/index.php\/wp-json\/wp\/v2\/media?parent=326"}],"wp:term":[{"taxonomy":"product_brand","embeddable":true,"href":"https:\/\/seubert-fruechte.de\/index.php\/wp-json\/wp\/v2\/product_brand?post=326"},{"taxonomy":"product_cat","embeddable":true,"href":"https:\/\/seubert-fruechte.de\/index.php\/wp-json\/wp\/v2\/product_cat?post=326"},{"taxonomy":"product_tag","embeddable":true,"href":"https:\/\/seubert-fruechte.de\/index.php\/wp-json\/wp\/v2\/product_tag?post=326"}],"curies":[{"name":"wp","href":"https:\/\/api.w.org\/{rel}","templated":true}]}}