{"id":318,"date":"2025-09-08T11:47:07","date_gmt":"2025-09-08T09:47:07","guid":{"rendered":"https:\/\/seubert-fruechte.de\/?post_type=product&#038;p=318"},"modified":"2025-09-08T11:47:28","modified_gmt":"2025-09-08T09:47:28","slug":"minze-schale","status":"publish","type":"product","link":"https:\/\/seubert-fruechte.de\/index.php\/produkt\/minze-schale\/","title":{"rendered":"Minze Schale"},"content":{"rendered":"<p data-start=\"170\" data-end=\"532\">Unsere frische <strong data-start=\"178\" data-end=\"187\">Minze<\/strong> besticht durch ihre kr\u00e4ftig gr\u00fcnen Bl\u00e4tter und den unverwechselbar erfrischenden Geschmack. Sie ist ein vielseitig einsetzbares K\u00fcchenkraut, das sowohl in herzhaften als auch in s\u00fc\u00dfen Gerichten f\u00fcr eine besondere Note sorgt. Ob in Tees, Cocktails, Desserts oder als aromatische Beilage \u2013 Minze ist in Gastronomie, Catering und Einzelhandel gleicherma\u00dfen gefragt.<\/p>\n<p data-start=\"136\" data-end=\"366\"><strong>Verpackung:<\/strong>\u00a0100gr je Schale<\/p>\n<p data-start=\"136\" data-end=\"366\"><strong>Hinweis zur Menge:\u00a0<\/strong><\/p>\n<p data-start=\"136\" data-end=\"366\">Menge 1 entspricht eine Schale<\/p>\n","protected":false},"excerpt":{"rendered":"<p>Unsere frische Minze besticht durch ihre kr\u00e4ftig gr\u00fcnen Bl\u00e4tter und den unverwechselbar erfrischenden Geschmack. Sie ist ein vielseitig einsetzbares K\u00fcchenkraut, das sowohl in herzhaften als auch in s\u00fc\u00dfen Gerichten f\u00fcr eine besondere Note sorgt. Ob in Tees, Cocktails, Desserts oder als aromatische Beilage \u2013 Minze ist in Gastronomie, Catering und Einzelhandel gleicherma\u00dfen gefragt. Verpackung:\u00a0100gr je [&hellip;]<\/p>\n","protected":false},"featured_media":319,"comment_status":"closed","ping_status":"closed","template":"","meta":[],"product_brand":[],"product_cat":[23],"product_tag":[],"class_list":{"0":"post-318","1":"product","2":"type-product","3":"status-publish","4":"has-post-thumbnail","6":"product_cat-kraeuter","8":"first","9":"instock","10":"shipping-taxable","11":"purchasable","12":"product-type-simple"},"yoast_head":"<!-- This site is optimized with the Yoast SEO plugin v26.1.1 - https:\/\/yoast.com\/wordpress\/plugins\/seo\/ -->\n<title>Minze Schale - Seubert Fr\u00fcchte<\/title>\n<meta name=\"robots\" content=\"index, follow, max-snippet:-1, max-image-preview:large, max-video-preview:-1\" \/>\n<link rel=\"canonical\" href=\"https:\/\/seubert-fruechte.de\/index.php\/produkt\/minze-schale\/\" \/>\n<meta property=\"og:locale\" content=\"de_DE\" \/>\n<meta property=\"og:type\" content=\"article\" \/>\n<meta property=\"og:title\" content=\"Minze Schale - Seubert Fr\u00fcchte\" \/>\n<meta property=\"og:description\" content=\"Unsere frische Minze besticht durch ihre kr\u00e4ftig gr\u00fcnen Bl\u00e4tter und den unverwechselbar erfrischenden Geschmack. Sie ist ein vielseitig einsetzbares K\u00fcchenkraut, das sowohl in herzhaften als auch in s\u00fc\u00dfen Gerichten f\u00fcr eine besondere Note sorgt. Ob in Tees, Cocktails, Desserts oder als aromatische Beilage \u2013 Minze ist in Gastronomie, Catering und Einzelhandel gleicherma\u00dfen gefragt. Verpackung:\u00a0100gr je [&hellip;]\" \/>\n<meta property=\"og:url\" content=\"https:\/\/seubert-fruechte.de\/index.php\/produkt\/minze-schale\/\" \/>\n<meta property=\"og:site_name\" content=\"Seubert Fr\u00fcchte\" \/>\n<meta property=\"article:modified_time\" content=\"2025-09-08T09:47:28+00:00\" \/>\n<meta property=\"og:image\" content=\"https:\/\/seubert-fruechte.de\/wp-content\/uploads\/2025\/09\/Minze.png\" \/>\n\t<meta property=\"og:image:width\" content=\"1280\" \/>\n\t<meta property=\"og:image:height\" content=\"1280\" \/>\n\t<meta property=\"og:image:type\" content=\"image\/png\" \/>\n<meta name=\"twitter:card\" content=\"summary_large_image\" \/>\n<meta name=\"twitter:label1\" content=\"Gesch\u00e4tzte Lesezeit\" \/>\n\t<meta name=\"twitter:data1\" content=\"1\u00a0Minute\" \/>\n<script type=\"application\/ld+json\" class=\"yoast-schema-graph\">{\"@context\":\"https:\/\/schema.org\",\"@graph\":[{\"@type\":\"WebPage\",\"@id\":\"https:\/\/seubert-fruechte.de\/index.php\/produkt\/minze-schale\/\",\"url\":\"https:\/\/seubert-fruechte.de\/index.php\/produkt\/minze-schale\/\",\"name\":\"Minze Schale - Seubert Fr\u00fcchte\",\"isPartOf\":{\"@id\":\"https:\/\/seubert-fruechte.de\/#website\"},\"primaryImageOfPage\":{\"@id\":\"https:\/\/seubert-fruechte.de\/index.php\/produkt\/minze-schale\/#primaryimage\"},\"image\":{\"@id\":\"https:\/\/seubert-fruechte.de\/index.php\/produkt\/minze-schale\/#primaryimage\"},\"thumbnailUrl\":\"https:\/\/seubert-fruechte.de\/wp-content\/uploads\/2025\/09\/Minze.png\",\"datePublished\":\"2025-09-08T09:47:07+00:00\",\"dateModified\":\"2025-09-08T09:47:28+00:00\",\"breadcrumb\":{\"@id\":\"https:\/\/seubert-fruechte.de\/index.php\/produkt\/minze-schale\/#breadcrumb\"},\"inLanguage\":\"de\",\"potentialAction\":[{\"@type\":\"ReadAction\",\"target\":[\"https:\/\/seubert-fruechte.de\/index.php\/produkt\/minze-schale\/\"]}]},{\"@type\":\"ImageObject\",\"inLanguage\":\"de\",\"@id\":\"https:\/\/seubert-fruechte.de\/index.php\/produkt\/minze-schale\/#primaryimage\",\"url\":\"https:\/\/seubert-fruechte.de\/wp-content\/uploads\/2025\/09\/Minze.png\",\"contentUrl\":\"https:\/\/seubert-fruechte.de\/wp-content\/uploads\/2025\/09\/Minze.png\",\"width\":1280,\"height\":1280},{\"@type\":\"BreadcrumbList\",\"@id\":\"https:\/\/seubert-fruechte.de\/index.php\/produkt\/minze-schale\/#breadcrumb\",\"itemListElement\":[{\"@type\":\"ListItem\",\"position\":1,\"name\":\"Startseite\",\"item\":\"https:\/\/seubert-fruechte.de\/\"},{\"@type\":\"ListItem\",\"position\":2,\"name\":\"Shop\",\"item\":\"https:\/\/seubert-fruechte.de\/index.php\/shop\/\"},{\"@type\":\"ListItem\",\"position\":3,\"name\":\"Minze Schale\"}]},{\"@type\":\"WebSite\",\"@id\":\"https:\/\/seubert-fruechte.de\/#website\",\"url\":\"https:\/\/seubert-fruechte.de\/\",\"name\":\"Seubert Fr\u00fcchte\",\"description\":\"\",\"potentialAction\":[{\"@type\":\"SearchAction\",\"target\":{\"@type\":\"EntryPoint\",\"urlTemplate\":\"https:\/\/seubert-fruechte.de\/?s={search_term_string}\"},\"query-input\":{\"@type\":\"PropertyValueSpecification\",\"valueRequired\":true,\"valueName\":\"search_term_string\"}}],\"inLanguage\":\"de\"}]}<\/script>\n<!-- \/ Yoast SEO plugin. -->","yoast_head_json":{"title":"Minze Schale - Seubert Fr\u00fcchte","robots":{"index":"index","follow":"follow","max-snippet":"max-snippet:-1","max-image-preview":"max-image-preview:large","max-video-preview":"max-video-preview:-1"},"canonical":"https:\/\/seubert-fruechte.de\/index.php\/produkt\/minze-schale\/","og_locale":"de_DE","og_type":"article","og_title":"Minze Schale - Seubert Fr\u00fcchte","og_description":"Unsere frische Minze besticht durch ihre kr\u00e4ftig gr\u00fcnen Bl\u00e4tter und den unverwechselbar erfrischenden Geschmack. Sie ist ein vielseitig einsetzbares K\u00fcchenkraut, das sowohl in herzhaften als auch in s\u00fc\u00dfen Gerichten f\u00fcr eine besondere Note sorgt. Ob in Tees, Cocktails, Desserts oder als aromatische Beilage \u2013 Minze ist in Gastronomie, Catering und Einzelhandel gleicherma\u00dfen gefragt. Verpackung:\u00a0100gr je [&hellip;]","og_url":"https:\/\/seubert-fruechte.de\/index.php\/produkt\/minze-schale\/","og_site_name":"Seubert Fr\u00fcchte","article_modified_time":"2025-09-08T09:47:28+00:00","og_image":[{"width":1280,"height":1280,"url":"https:\/\/seubert-fruechte.de\/wp-content\/uploads\/2025\/09\/Minze.png","type":"image\/png"}],"twitter_card":"summary_large_image","twitter_misc":{"Gesch\u00e4tzte Lesezeit":"1\u00a0Minute"},"schema":{"@context":"https:\/\/schema.org","@graph":[{"@type":"WebPage","@id":"https:\/\/seubert-fruechte.de\/index.php\/produkt\/minze-schale\/","url":"https:\/\/seubert-fruechte.de\/index.php\/produkt\/minze-schale\/","name":"Minze Schale - Seubert Fr\u00fcchte","isPartOf":{"@id":"https:\/\/seubert-fruechte.de\/#website"},"primaryImageOfPage":{"@id":"https:\/\/seubert-fruechte.de\/index.php\/produkt\/minze-schale\/#primaryimage"},"image":{"@id":"https:\/\/seubert-fruechte.de\/index.php\/produkt\/minze-schale\/#primaryimage"},"thumbnailUrl":"https:\/\/seubert-fruechte.de\/wp-content\/uploads\/2025\/09\/Minze.png","datePublished":"2025-09-08T09:47:07+00:00","dateModified":"2025-09-08T09:47:28+00:00","breadcrumb":{"@id":"https:\/\/seubert-fruechte.de\/index.php\/produkt\/minze-schale\/#breadcrumb"},"inLanguage":"de","potentialAction":[{"@type":"ReadAction","target":["https:\/\/seubert-fruechte.de\/index.php\/produkt\/minze-schale\/"]}]},{"@type":"ImageObject","inLanguage":"de","@id":"https:\/\/seubert-fruechte.de\/index.php\/produkt\/minze-schale\/#primaryimage","url":"https:\/\/seubert-fruechte.de\/wp-content\/uploads\/2025\/09\/Minze.png","contentUrl":"https:\/\/seubert-fruechte.de\/wp-content\/uploads\/2025\/09\/Minze.png","width":1280,"height":1280},{"@type":"BreadcrumbList","@id":"https:\/\/seubert-fruechte.de\/index.php\/produkt\/minze-schale\/#breadcrumb","itemListElement":[{"@type":"ListItem","position":1,"name":"Startseite","item":"https:\/\/seubert-fruechte.de\/"},{"@type":"ListItem","position":2,"name":"Shop","item":"https:\/\/seubert-fruechte.de\/index.php\/shop\/"},{"@type":"ListItem","position":3,"name":"Minze Schale"}]},{"@type":"WebSite","@id":"https:\/\/seubert-fruechte.de\/#website","url":"https:\/\/seubert-fruechte.de\/","name":"Seubert Fr\u00fcchte","description":"","potentialAction":[{"@type":"SearchAction","target":{"@type":"EntryPoint","urlTemplate":"https:\/\/seubert-fruechte.de\/?s={search_term_string}"},"query-input":{"@type":"PropertyValueSpecification","valueRequired":true,"valueName":"search_term_string"}}],"inLanguage":"de"}]}},"_links":{"self":[{"href":"https:\/\/seubert-fruechte.de\/index.php\/wp-json\/wp\/v2\/product\/318","targetHints":{"allow":["GET"]}}],"collection":[{"href":"https:\/\/seubert-fruechte.de\/index.php\/wp-json\/wp\/v2\/product"}],"about":[{"href":"https:\/\/seubert-fruechte.de\/index.php\/wp-json\/wp\/v2\/types\/product"}],"replies":[{"embeddable":true,"href":"https:\/\/seubert-fruechte.de\/index.php\/wp-json\/wp\/v2\/comments?post=318"}],"wp:featuredmedia":[{"embeddable":true,"href":"https:\/\/seubert-fruechte.de\/index.php\/wp-json\/wp\/v2\/media\/319"}],"wp:attachment":[{"href":"https:\/\/seubert-fruechte.de\/index.php\/wp-json\/wp\/v2\/media?parent=318"}],"wp:term":[{"taxonomy":"product_brand","embeddable":true,"href":"https:\/\/seubert-fruechte.de\/index.php\/wp-json\/wp\/v2\/product_brand?post=318"},{"taxonomy":"product_cat","embeddable":true,"href":"https:\/\/seubert-fruechte.de\/index.php\/wp-json\/wp\/v2\/product_cat?post=318"},{"taxonomy":"product_tag","embeddable":true,"href":"https:\/\/seubert-fruechte.de\/index.php\/wp-json\/wp\/v2\/product_tag?post=318"}],"curies":[{"name":"wp","href":"https:\/\/api.w.org\/{rel}","templated":true}]}}