{"id":309,"date":"2025-09-04T16:02:32","date_gmt":"2025-09-04T14:02:32","guid":{"rendered":"https:\/\/seubert-fruechte.de\/?post_type=product&#038;p=309"},"modified":"2025-09-04T16:03:26","modified_gmt":"2025-09-04T14:03:26","slug":"birnen-st-maria-kiste","status":"publish","type":"product","link":"https:\/\/seubert-fruechte.de\/index.php\/produkt\/birnen-st-maria-kiste\/","title":{"rendered":"Birnen St. Maria Kiste"},"content":{"rendered":"<p data-start=\"170\" data-end=\"532\">Unsere <strong data-start=\"164\" data-end=\"184\">St. Maria Birnen<\/strong> sind eine besonders feine Birnensorte mit zartschmelzendem, s\u00fc\u00df-saftigem Fruchtfleisch und einer gr\u00fcngelblichen Schale mit r\u00f6tlicher Deckfarbe. Sie \u00fcberzeugen durch ihr harmonisches Aroma, ihre attraktive Optik und ihre Vielseitigkeit in der Verwendung. Ob pur genossen, in Obstsalaten, Desserts oder herzhaften Kombinationen \u2013 St. Maria Birnen sind eine Bereicherung f\u00fcr jede K\u00fcche.<\/p>\n<p data-start=\"136\" data-end=\"366\"><strong>Verpackung:<\/strong> 4kg je Kiste<\/p>\n<p data-start=\"136\" data-end=\"366\"><strong>Hinweis zur Menge:\u00a0<\/strong><\/p>\n<p data-start=\"136\" data-end=\"366\">Menge 1 entspricht einer Kiste<\/p>\n","protected":false},"excerpt":{"rendered":"<p>Unsere St. Maria Birnen sind eine besonders feine Birnensorte mit zartschmelzendem, s\u00fc\u00df-saftigem Fruchtfleisch und einer gr\u00fcngelblichen Schale mit r\u00f6tlicher Deckfarbe. Sie \u00fcberzeugen durch ihr harmonisches Aroma, ihre attraktive Optik und ihre Vielseitigkeit in der Verwendung. Ob pur genossen, in Obstsalaten, Desserts oder herzhaften Kombinationen \u2013 St. Maria Birnen sind eine Bereicherung f\u00fcr jede K\u00fcche. Verpackung: [&hellip;]<\/p>\n","protected":false},"featured_media":308,"comment_status":"closed","ping_status":"closed","template":"","meta":[],"product_brand":[],"product_cat":[19],"product_tag":[],"class_list":{"0":"post-309","1":"product","2":"type-product","3":"status-publish","4":"has-post-thumbnail","6":"product_cat-obst","8":"first","9":"instock","10":"shipping-taxable","11":"purchasable","12":"product-type-simple"},"yoast_head":"<!-- This site is optimized with the Yoast SEO plugin v26.1.1 - https:\/\/yoast.com\/wordpress\/plugins\/seo\/ -->\n<title>Birnen St. Maria Kiste - Seubert Fr\u00fcchte<\/title>\n<meta name=\"robots\" content=\"index, follow, max-snippet:-1, max-image-preview:large, max-video-preview:-1\" \/>\n<link rel=\"canonical\" href=\"https:\/\/seubert-fruechte.de\/index.php\/produkt\/birnen-st-maria-kiste\/\" \/>\n<meta property=\"og:locale\" content=\"de_DE\" \/>\n<meta property=\"og:type\" content=\"article\" \/>\n<meta property=\"og:title\" content=\"Birnen St. Maria Kiste - Seubert Fr\u00fcchte\" \/>\n<meta property=\"og:description\" content=\"Unsere St. Maria Birnen sind eine besonders feine Birnensorte mit zartschmelzendem, s\u00fc\u00df-saftigem Fruchtfleisch und einer gr\u00fcngelblichen Schale mit r\u00f6tlicher Deckfarbe. Sie \u00fcberzeugen durch ihr harmonisches Aroma, ihre attraktive Optik und ihre Vielseitigkeit in der Verwendung. Ob pur genossen, in Obstsalaten, Desserts oder herzhaften Kombinationen \u2013 St. Maria Birnen sind eine Bereicherung f\u00fcr jede K\u00fcche. Verpackung: [&hellip;]\" \/>\n<meta property=\"og:url\" content=\"https:\/\/seubert-fruechte.de\/index.php\/produkt\/birnen-st-maria-kiste\/\" \/>\n<meta property=\"og:site_name\" content=\"Seubert Fr\u00fcchte\" \/>\n<meta property=\"article:modified_time\" content=\"2025-09-04T14:03:26+00:00\" \/>\n<meta property=\"og:image\" content=\"https:\/\/seubert-fruechte.de\/wp-content\/uploads\/2025\/09\/Birnen-St.-Maria.jpg\" \/>\n\t<meta property=\"og:image:width\" content=\"1280\" \/>\n\t<meta property=\"og:image:height\" content=\"851\" \/>\n\t<meta property=\"og:image:type\" content=\"image\/jpeg\" \/>\n<meta name=\"twitter:card\" content=\"summary_large_image\" \/>\n<meta name=\"twitter:label1\" content=\"Gesch\u00e4tzte Lesezeit\" \/>\n\t<meta name=\"twitter:data1\" content=\"1\u00a0Minute\" \/>\n<script type=\"application\/ld+json\" class=\"yoast-schema-graph\">{\"@context\":\"https:\/\/schema.org\",\"@graph\":[{\"@type\":\"WebPage\",\"@id\":\"https:\/\/seubert-fruechte.de\/index.php\/produkt\/birnen-st-maria-kiste\/\",\"url\":\"https:\/\/seubert-fruechte.de\/index.php\/produkt\/birnen-st-maria-kiste\/\",\"name\":\"Birnen St. Maria Kiste - Seubert Fr\u00fcchte\",\"isPartOf\":{\"@id\":\"https:\/\/seubert-fruechte.de\/#website\"},\"primaryImageOfPage\":{\"@id\":\"https:\/\/seubert-fruechte.de\/index.php\/produkt\/birnen-st-maria-kiste\/#primaryimage\"},\"image\":{\"@id\":\"https:\/\/seubert-fruechte.de\/index.php\/produkt\/birnen-st-maria-kiste\/#primaryimage\"},\"thumbnailUrl\":\"https:\/\/seubert-fruechte.de\/wp-content\/uploads\/2025\/09\/Birnen-St.-Maria.jpg\",\"datePublished\":\"2025-09-04T14:02:32+00:00\",\"dateModified\":\"2025-09-04T14:03:26+00:00\",\"breadcrumb\":{\"@id\":\"https:\/\/seubert-fruechte.de\/index.php\/produkt\/birnen-st-maria-kiste\/#breadcrumb\"},\"inLanguage\":\"de\",\"potentialAction\":[{\"@type\":\"ReadAction\",\"target\":[\"https:\/\/seubert-fruechte.de\/index.php\/produkt\/birnen-st-maria-kiste\/\"]}]},{\"@type\":\"ImageObject\",\"inLanguage\":\"de\",\"@id\":\"https:\/\/seubert-fruechte.de\/index.php\/produkt\/birnen-st-maria-kiste\/#primaryimage\",\"url\":\"https:\/\/seubert-fruechte.de\/wp-content\/uploads\/2025\/09\/Birnen-St.-Maria.jpg\",\"contentUrl\":\"https:\/\/seubert-fruechte.de\/wp-content\/uploads\/2025\/09\/Birnen-St.-Maria.jpg\",\"width\":1280,\"height\":851},{\"@type\":\"BreadcrumbList\",\"@id\":\"https:\/\/seubert-fruechte.de\/index.php\/produkt\/birnen-st-maria-kiste\/#breadcrumb\",\"itemListElement\":[{\"@type\":\"ListItem\",\"position\":1,\"name\":\"Startseite\",\"item\":\"https:\/\/seubert-fruechte.de\/\"},{\"@type\":\"ListItem\",\"position\":2,\"name\":\"Shop\",\"item\":\"https:\/\/seubert-fruechte.de\/index.php\/shop\/\"},{\"@type\":\"ListItem\",\"position\":3,\"name\":\"Birnen St. Maria Kiste\"}]},{\"@type\":\"WebSite\",\"@id\":\"https:\/\/seubert-fruechte.de\/#website\",\"url\":\"https:\/\/seubert-fruechte.de\/\",\"name\":\"Seubert Fr\u00fcchte\",\"description\":\"\",\"potentialAction\":[{\"@type\":\"SearchAction\",\"target\":{\"@type\":\"EntryPoint\",\"urlTemplate\":\"https:\/\/seubert-fruechte.de\/?s={search_term_string}\"},\"query-input\":{\"@type\":\"PropertyValueSpecification\",\"valueRequired\":true,\"valueName\":\"search_term_string\"}}],\"inLanguage\":\"de\"}]}<\/script>\n<!-- \/ Yoast SEO plugin. -->","yoast_head_json":{"title":"Birnen St. Maria Kiste - Seubert Fr\u00fcchte","robots":{"index":"index","follow":"follow","max-snippet":"max-snippet:-1","max-image-preview":"max-image-preview:large","max-video-preview":"max-video-preview:-1"},"canonical":"https:\/\/seubert-fruechte.de\/index.php\/produkt\/birnen-st-maria-kiste\/","og_locale":"de_DE","og_type":"article","og_title":"Birnen St. Maria Kiste - Seubert Fr\u00fcchte","og_description":"Unsere St. Maria Birnen sind eine besonders feine Birnensorte mit zartschmelzendem, s\u00fc\u00df-saftigem Fruchtfleisch und einer gr\u00fcngelblichen Schale mit r\u00f6tlicher Deckfarbe. Sie \u00fcberzeugen durch ihr harmonisches Aroma, ihre attraktive Optik und ihre Vielseitigkeit in der Verwendung. Ob pur genossen, in Obstsalaten, Desserts oder herzhaften Kombinationen \u2013 St. Maria Birnen sind eine Bereicherung f\u00fcr jede K\u00fcche. Verpackung: [&hellip;]","og_url":"https:\/\/seubert-fruechte.de\/index.php\/produkt\/birnen-st-maria-kiste\/","og_site_name":"Seubert Fr\u00fcchte","article_modified_time":"2025-09-04T14:03:26+00:00","og_image":[{"width":1280,"height":851,"url":"https:\/\/seubert-fruechte.de\/wp-content\/uploads\/2025\/09\/Birnen-St.-Maria.jpg","type":"image\/jpeg"}],"twitter_card":"summary_large_image","twitter_misc":{"Gesch\u00e4tzte Lesezeit":"1\u00a0Minute"},"schema":{"@context":"https:\/\/schema.org","@graph":[{"@type":"WebPage","@id":"https:\/\/seubert-fruechte.de\/index.php\/produkt\/birnen-st-maria-kiste\/","url":"https:\/\/seubert-fruechte.de\/index.php\/produkt\/birnen-st-maria-kiste\/","name":"Birnen St. Maria Kiste - Seubert Fr\u00fcchte","isPartOf":{"@id":"https:\/\/seubert-fruechte.de\/#website"},"primaryImageOfPage":{"@id":"https:\/\/seubert-fruechte.de\/index.php\/produkt\/birnen-st-maria-kiste\/#primaryimage"},"image":{"@id":"https:\/\/seubert-fruechte.de\/index.php\/produkt\/birnen-st-maria-kiste\/#primaryimage"},"thumbnailUrl":"https:\/\/seubert-fruechte.de\/wp-content\/uploads\/2025\/09\/Birnen-St.-Maria.jpg","datePublished":"2025-09-04T14:02:32+00:00","dateModified":"2025-09-04T14:03:26+00:00","breadcrumb":{"@id":"https:\/\/seubert-fruechte.de\/index.php\/produkt\/birnen-st-maria-kiste\/#breadcrumb"},"inLanguage":"de","potentialAction":[{"@type":"ReadAction","target":["https:\/\/seubert-fruechte.de\/index.php\/produkt\/birnen-st-maria-kiste\/"]}]},{"@type":"ImageObject","inLanguage":"de","@id":"https:\/\/seubert-fruechte.de\/index.php\/produkt\/birnen-st-maria-kiste\/#primaryimage","url":"https:\/\/seubert-fruechte.de\/wp-content\/uploads\/2025\/09\/Birnen-St.-Maria.jpg","contentUrl":"https:\/\/seubert-fruechte.de\/wp-content\/uploads\/2025\/09\/Birnen-St.-Maria.jpg","width":1280,"height":851},{"@type":"BreadcrumbList","@id":"https:\/\/seubert-fruechte.de\/index.php\/produkt\/birnen-st-maria-kiste\/#breadcrumb","itemListElement":[{"@type":"ListItem","position":1,"name":"Startseite","item":"https:\/\/seubert-fruechte.de\/"},{"@type":"ListItem","position":2,"name":"Shop","item":"https:\/\/seubert-fruechte.de\/index.php\/shop\/"},{"@type":"ListItem","position":3,"name":"Birnen St. Maria Kiste"}]},{"@type":"WebSite","@id":"https:\/\/seubert-fruechte.de\/#website","url":"https:\/\/seubert-fruechte.de\/","name":"Seubert Fr\u00fcchte","description":"","potentialAction":[{"@type":"SearchAction","target":{"@type":"EntryPoint","urlTemplate":"https:\/\/seubert-fruechte.de\/?s={search_term_string}"},"query-input":{"@type":"PropertyValueSpecification","valueRequired":true,"valueName":"search_term_string"}}],"inLanguage":"de"}]}},"_links":{"self":[{"href":"https:\/\/seubert-fruechte.de\/index.php\/wp-json\/wp\/v2\/product\/309","targetHints":{"allow":["GET"]}}],"collection":[{"href":"https:\/\/seubert-fruechte.de\/index.php\/wp-json\/wp\/v2\/product"}],"about":[{"href":"https:\/\/seubert-fruechte.de\/index.php\/wp-json\/wp\/v2\/types\/product"}],"replies":[{"embeddable":true,"href":"https:\/\/seubert-fruechte.de\/index.php\/wp-json\/wp\/v2\/comments?post=309"}],"wp:featuredmedia":[{"embeddable":true,"href":"https:\/\/seubert-fruechte.de\/index.php\/wp-json\/wp\/v2\/media\/308"}],"wp:attachment":[{"href":"https:\/\/seubert-fruechte.de\/index.php\/wp-json\/wp\/v2\/media?parent=309"}],"wp:term":[{"taxonomy":"product_brand","embeddable":true,"href":"https:\/\/seubert-fruechte.de\/index.php\/wp-json\/wp\/v2\/product_brand?post=309"},{"taxonomy":"product_cat","embeddable":true,"href":"https:\/\/seubert-fruechte.de\/index.php\/wp-json\/wp\/v2\/product_cat?post=309"},{"taxonomy":"product_tag","embeddable":true,"href":"https:\/\/seubert-fruechte.de\/index.php\/wp-json\/wp\/v2\/product_tag?post=309"}],"curies":[{"name":"wp","href":"https:\/\/api.w.org\/{rel}","templated":true}]}}