{"id":306,"date":"2025-09-04T15:54:41","date_gmt":"2025-09-04T13:54:41","guid":{"rendered":"https:\/\/seubert-fruechte.de\/?post_type=product&#038;p=306"},"modified":"2025-09-04T15:55:10","modified_gmt":"2025-09-04T13:55:10","slug":"birnen-conferenz-kg","status":"publish","type":"product","link":"https:\/\/seubert-fruechte.de\/index.php\/produkt\/birnen-conferenz-kg\/","title":{"rendered":"Birnen Conferenz kg"},"content":{"rendered":"<p data-start=\"170\" data-end=\"532\">Unsere <strong data-start=\"179\" data-end=\"200\">Conference Birnen<\/strong> zeichnen sich durch ihre l\u00e4ngliche Form, die gr\u00fcnlich-bronzene Schale und ihr s\u00fc\u00df-saftiges Fruchtfleisch aus. Sie sind besonders aromatisch, angenehm fest und vielseitig einsetzbar \u2013 ob als frischer Snack, im Obstsalat, in Desserts oder als raffinierte Zutat in herzhaften Gerichten. Dank ihrer guten Haltbarkeit und gleichm\u00e4\u00dfigen Qualit\u00e4t sind sie ideal f\u00fcr Gastronomie, Catering und den Einzelhandel.<\/p>\n<p data-start=\"136\" data-end=\"366\"><strong>Hinweis zur Menge:\u00a0<\/strong><\/p>\n<p data-start=\"136\" data-end=\"366\">Menge 1 entspricht einem Kilogramm<\/p>\n","protected":false},"excerpt":{"rendered":"<p>Unsere Conference Birnen zeichnen sich durch ihre l\u00e4ngliche Form, die gr\u00fcnlich-bronzene Schale und ihr s\u00fc\u00df-saftiges Fruchtfleisch aus. Sie sind besonders aromatisch, angenehm fest und vielseitig einsetzbar \u2013 ob als frischer Snack, im Obstsalat, in Desserts oder als raffinierte Zutat in herzhaften Gerichten. Dank ihrer guten Haltbarkeit und gleichm\u00e4\u00dfigen Qualit\u00e4t sind sie ideal f\u00fcr Gastronomie, Catering [&hellip;]<\/p>\n","protected":false},"featured_media":305,"comment_status":"closed","ping_status":"closed","template":"","meta":[],"product_brand":[],"product_cat":[19],"product_tag":[],"class_list":{"0":"post-306","1":"product","2":"type-product","3":"status-publish","4":"has-post-thumbnail","6":"product_cat-obst","8":"first","9":"instock","10":"shipping-taxable","11":"purchasable","12":"product-type-simple"},"yoast_head":"<!-- This site is optimized with the Yoast SEO plugin v26.1.1 - https:\/\/yoast.com\/wordpress\/plugins\/seo\/ -->\n<title>Birnen Conferenz kg - Seubert Fr\u00fcchte<\/title>\n<meta name=\"robots\" content=\"index, follow, max-snippet:-1, max-image-preview:large, max-video-preview:-1\" \/>\n<link rel=\"canonical\" href=\"https:\/\/seubert-fruechte.de\/index.php\/produkt\/birnen-conferenz-kg\/\" \/>\n<meta property=\"og:locale\" content=\"de_DE\" \/>\n<meta property=\"og:type\" content=\"article\" \/>\n<meta property=\"og:title\" content=\"Birnen Conferenz kg - Seubert Fr\u00fcchte\" \/>\n<meta property=\"og:description\" content=\"Unsere Conference Birnen zeichnen sich durch ihre l\u00e4ngliche Form, die gr\u00fcnlich-bronzene Schale und ihr s\u00fc\u00df-saftiges Fruchtfleisch aus. Sie sind besonders aromatisch, angenehm fest und vielseitig einsetzbar \u2013 ob als frischer Snack, im Obstsalat, in Desserts oder als raffinierte Zutat in herzhaften Gerichten. Dank ihrer guten Haltbarkeit und gleichm\u00e4\u00dfigen Qualit\u00e4t sind sie ideal f\u00fcr Gastronomie, Catering [&hellip;]\" \/>\n<meta property=\"og:url\" content=\"https:\/\/seubert-fruechte.de\/index.php\/produkt\/birnen-conferenz-kg\/\" \/>\n<meta property=\"og:site_name\" content=\"Seubert Fr\u00fcchte\" \/>\n<meta property=\"article:modified_time\" content=\"2025-09-04T13:55:10+00:00\" \/>\n<meta property=\"og:image\" content=\"https:\/\/seubert-fruechte.de\/wp-content\/uploads\/2025\/09\/Birnen-Conferenz.jpg\" \/>\n\t<meta property=\"og:image:width\" content=\"1280\" \/>\n\t<meta property=\"og:image:height\" content=\"853\" \/>\n\t<meta property=\"og:image:type\" content=\"image\/jpeg\" \/>\n<meta name=\"twitter:card\" content=\"summary_large_image\" \/>\n<meta name=\"twitter:label1\" content=\"Gesch\u00e4tzte Lesezeit\" \/>\n\t<meta name=\"twitter:data1\" content=\"1\u00a0Minute\" \/>\n<script type=\"application\/ld+json\" class=\"yoast-schema-graph\">{\"@context\":\"https:\/\/schema.org\",\"@graph\":[{\"@type\":\"WebPage\",\"@id\":\"https:\/\/seubert-fruechte.de\/index.php\/produkt\/birnen-conferenz-kg\/\",\"url\":\"https:\/\/seubert-fruechte.de\/index.php\/produkt\/birnen-conferenz-kg\/\",\"name\":\"Birnen Conferenz kg - Seubert Fr\u00fcchte\",\"isPartOf\":{\"@id\":\"https:\/\/seubert-fruechte.de\/#website\"},\"primaryImageOfPage\":{\"@id\":\"https:\/\/seubert-fruechte.de\/index.php\/produkt\/birnen-conferenz-kg\/#primaryimage\"},\"image\":{\"@id\":\"https:\/\/seubert-fruechte.de\/index.php\/produkt\/birnen-conferenz-kg\/#primaryimage\"},\"thumbnailUrl\":\"https:\/\/seubert-fruechte.de\/wp-content\/uploads\/2025\/09\/Birnen-Conferenz.jpg\",\"datePublished\":\"2025-09-04T13:54:41+00:00\",\"dateModified\":\"2025-09-04T13:55:10+00:00\",\"breadcrumb\":{\"@id\":\"https:\/\/seubert-fruechte.de\/index.php\/produkt\/birnen-conferenz-kg\/#breadcrumb\"},\"inLanguage\":\"de\",\"potentialAction\":[{\"@type\":\"ReadAction\",\"target\":[\"https:\/\/seubert-fruechte.de\/index.php\/produkt\/birnen-conferenz-kg\/\"]}]},{\"@type\":\"ImageObject\",\"inLanguage\":\"de\",\"@id\":\"https:\/\/seubert-fruechte.de\/index.php\/produkt\/birnen-conferenz-kg\/#primaryimage\",\"url\":\"https:\/\/seubert-fruechte.de\/wp-content\/uploads\/2025\/09\/Birnen-Conferenz.jpg\",\"contentUrl\":\"https:\/\/seubert-fruechte.de\/wp-content\/uploads\/2025\/09\/Birnen-Conferenz.jpg\",\"width\":1280,\"height\":853},{\"@type\":\"BreadcrumbList\",\"@id\":\"https:\/\/seubert-fruechte.de\/index.php\/produkt\/birnen-conferenz-kg\/#breadcrumb\",\"itemListElement\":[{\"@type\":\"ListItem\",\"position\":1,\"name\":\"Startseite\",\"item\":\"https:\/\/seubert-fruechte.de\/\"},{\"@type\":\"ListItem\",\"position\":2,\"name\":\"Shop\",\"item\":\"https:\/\/seubert-fruechte.de\/index.php\/shop\/\"},{\"@type\":\"ListItem\",\"position\":3,\"name\":\"Birnen Conferenz kg\"}]},{\"@type\":\"WebSite\",\"@id\":\"https:\/\/seubert-fruechte.de\/#website\",\"url\":\"https:\/\/seubert-fruechte.de\/\",\"name\":\"Seubert Fr\u00fcchte\",\"description\":\"\",\"potentialAction\":[{\"@type\":\"SearchAction\",\"target\":{\"@type\":\"EntryPoint\",\"urlTemplate\":\"https:\/\/seubert-fruechte.de\/?s={search_term_string}\"},\"query-input\":{\"@type\":\"PropertyValueSpecification\",\"valueRequired\":true,\"valueName\":\"search_term_string\"}}],\"inLanguage\":\"de\"}]}<\/script>\n<!-- \/ Yoast SEO plugin. -->","yoast_head_json":{"title":"Birnen Conferenz kg - Seubert Fr\u00fcchte","robots":{"index":"index","follow":"follow","max-snippet":"max-snippet:-1","max-image-preview":"max-image-preview:large","max-video-preview":"max-video-preview:-1"},"canonical":"https:\/\/seubert-fruechte.de\/index.php\/produkt\/birnen-conferenz-kg\/","og_locale":"de_DE","og_type":"article","og_title":"Birnen Conferenz kg - Seubert Fr\u00fcchte","og_description":"Unsere Conference Birnen zeichnen sich durch ihre l\u00e4ngliche Form, die gr\u00fcnlich-bronzene Schale und ihr s\u00fc\u00df-saftiges Fruchtfleisch aus. Sie sind besonders aromatisch, angenehm fest und vielseitig einsetzbar \u2013 ob als frischer Snack, im Obstsalat, in Desserts oder als raffinierte Zutat in herzhaften Gerichten. Dank ihrer guten Haltbarkeit und gleichm\u00e4\u00dfigen Qualit\u00e4t sind sie ideal f\u00fcr Gastronomie, Catering [&hellip;]","og_url":"https:\/\/seubert-fruechte.de\/index.php\/produkt\/birnen-conferenz-kg\/","og_site_name":"Seubert Fr\u00fcchte","article_modified_time":"2025-09-04T13:55:10+00:00","og_image":[{"width":1280,"height":853,"url":"https:\/\/seubert-fruechte.de\/wp-content\/uploads\/2025\/09\/Birnen-Conferenz.jpg","type":"image\/jpeg"}],"twitter_card":"summary_large_image","twitter_misc":{"Gesch\u00e4tzte Lesezeit":"1\u00a0Minute"},"schema":{"@context":"https:\/\/schema.org","@graph":[{"@type":"WebPage","@id":"https:\/\/seubert-fruechte.de\/index.php\/produkt\/birnen-conferenz-kg\/","url":"https:\/\/seubert-fruechte.de\/index.php\/produkt\/birnen-conferenz-kg\/","name":"Birnen Conferenz kg - Seubert Fr\u00fcchte","isPartOf":{"@id":"https:\/\/seubert-fruechte.de\/#website"},"primaryImageOfPage":{"@id":"https:\/\/seubert-fruechte.de\/index.php\/produkt\/birnen-conferenz-kg\/#primaryimage"},"image":{"@id":"https:\/\/seubert-fruechte.de\/index.php\/produkt\/birnen-conferenz-kg\/#primaryimage"},"thumbnailUrl":"https:\/\/seubert-fruechte.de\/wp-content\/uploads\/2025\/09\/Birnen-Conferenz.jpg","datePublished":"2025-09-04T13:54:41+00:00","dateModified":"2025-09-04T13:55:10+00:00","breadcrumb":{"@id":"https:\/\/seubert-fruechte.de\/index.php\/produkt\/birnen-conferenz-kg\/#breadcrumb"},"inLanguage":"de","potentialAction":[{"@type":"ReadAction","target":["https:\/\/seubert-fruechte.de\/index.php\/produkt\/birnen-conferenz-kg\/"]}]},{"@type":"ImageObject","inLanguage":"de","@id":"https:\/\/seubert-fruechte.de\/index.php\/produkt\/birnen-conferenz-kg\/#primaryimage","url":"https:\/\/seubert-fruechte.de\/wp-content\/uploads\/2025\/09\/Birnen-Conferenz.jpg","contentUrl":"https:\/\/seubert-fruechte.de\/wp-content\/uploads\/2025\/09\/Birnen-Conferenz.jpg","width":1280,"height":853},{"@type":"BreadcrumbList","@id":"https:\/\/seubert-fruechte.de\/index.php\/produkt\/birnen-conferenz-kg\/#breadcrumb","itemListElement":[{"@type":"ListItem","position":1,"name":"Startseite","item":"https:\/\/seubert-fruechte.de\/"},{"@type":"ListItem","position":2,"name":"Shop","item":"https:\/\/seubert-fruechte.de\/index.php\/shop\/"},{"@type":"ListItem","position":3,"name":"Birnen Conferenz kg"}]},{"@type":"WebSite","@id":"https:\/\/seubert-fruechte.de\/#website","url":"https:\/\/seubert-fruechte.de\/","name":"Seubert Fr\u00fcchte","description":"","potentialAction":[{"@type":"SearchAction","target":{"@type":"EntryPoint","urlTemplate":"https:\/\/seubert-fruechte.de\/?s={search_term_string}"},"query-input":{"@type":"PropertyValueSpecification","valueRequired":true,"valueName":"search_term_string"}}],"inLanguage":"de"}]}},"_links":{"self":[{"href":"https:\/\/seubert-fruechte.de\/index.php\/wp-json\/wp\/v2\/product\/306","targetHints":{"allow":["GET"]}}],"collection":[{"href":"https:\/\/seubert-fruechte.de\/index.php\/wp-json\/wp\/v2\/product"}],"about":[{"href":"https:\/\/seubert-fruechte.de\/index.php\/wp-json\/wp\/v2\/types\/product"}],"replies":[{"embeddable":true,"href":"https:\/\/seubert-fruechte.de\/index.php\/wp-json\/wp\/v2\/comments?post=306"}],"wp:featuredmedia":[{"embeddable":true,"href":"https:\/\/seubert-fruechte.de\/index.php\/wp-json\/wp\/v2\/media\/305"}],"wp:attachment":[{"href":"https:\/\/seubert-fruechte.de\/index.php\/wp-json\/wp\/v2\/media?parent=306"}],"wp:term":[{"taxonomy":"product_brand","embeddable":true,"href":"https:\/\/seubert-fruechte.de\/index.php\/wp-json\/wp\/v2\/product_brand?post=306"},{"taxonomy":"product_cat","embeddable":true,"href":"https:\/\/seubert-fruechte.de\/index.php\/wp-json\/wp\/v2\/product_cat?post=306"},{"taxonomy":"product_tag","embeddable":true,"href":"https:\/\/seubert-fruechte.de\/index.php\/wp-json\/wp\/v2\/product_tag?post=306"}],"curies":[{"name":"wp","href":"https:\/\/api.w.org\/{rel}","templated":true}]}}