{"id":302,"date":"2025-09-04T15:45:27","date_gmt":"2025-09-04T13:45:27","guid":{"rendered":"https:\/\/seubert-fruechte.de\/?post_type=product&#038;p=302"},"modified":"2025-09-04T15:45:27","modified_gmt":"2025-09-04T13:45:27","slug":"avocados-stueck","status":"publish","type":"product","link":"https:\/\/seubert-fruechte.de\/index.php\/produkt\/avocados-stueck\/","title":{"rendered":"Avocados St\u00fcck"},"content":{"rendered":"<p data-start=\"170\" data-end=\"532\">Unsere <strong data-start=\"164\" data-end=\"176\">Avocados<\/strong> begeistern mit ihrer sattgr\u00fcnen Schale, dem weichen, cremigen Fruchtfleisch und dem mild-nussigen Geschmack. Sie sind reich an unges\u00e4ttigten Fetts\u00e4uren, Vitaminen und Mineralstoffen \u2013 ein echtes Superfood, das in der modernen K\u00fcche unverzichtbar ist. Ob pur, als Guacamole, im Salat oder auf Sandwiches: Avocados sind vielseitig einsetzbar und ideal f\u00fcr Gastronomie, Catering und den Einzelhandel.<\/p>\n<p data-start=\"136\" data-end=\"366\"><strong>Hinweis zur Menge:\u00a0<\/strong><\/p>\n<p data-start=\"136\" data-end=\"366\">Menge 1 entspricht einem St\u00fcck<\/p>\n","protected":false},"excerpt":{"rendered":"<p>Unsere Avocados begeistern mit ihrer sattgr\u00fcnen Schale, dem weichen, cremigen Fruchtfleisch und dem mild-nussigen Geschmack. Sie sind reich an unges\u00e4ttigten Fetts\u00e4uren, Vitaminen und Mineralstoffen \u2013 ein echtes Superfood, das in der modernen K\u00fcche unverzichtbar ist. Ob pur, als Guacamole, im Salat oder auf Sandwiches: Avocados sind vielseitig einsetzbar und ideal f\u00fcr Gastronomie, Catering und den [&hellip;]<\/p>\n","protected":false},"featured_media":303,"comment_status":"closed","ping_status":"closed","template":"","meta":[],"product_brand":[],"product_cat":[19],"product_tag":[],"class_list":{"0":"post-302","1":"product","2":"type-product","3":"status-publish","4":"has-post-thumbnail","6":"product_cat-obst","8":"first","9":"instock","10":"shipping-taxable","11":"purchasable","12":"product-type-simple"},"yoast_head":"<!-- This site is optimized with the Yoast SEO plugin v26.1.1 - https:\/\/yoast.com\/wordpress\/plugins\/seo\/ -->\n<title>Avocados St\u00fcck - Seubert Fr\u00fcchte<\/title>\n<meta name=\"robots\" content=\"index, follow, max-snippet:-1, max-image-preview:large, max-video-preview:-1\" \/>\n<link rel=\"canonical\" href=\"https:\/\/seubert-fruechte.de\/index.php\/produkt\/avocados-stueck\/\" \/>\n<meta property=\"og:locale\" content=\"de_DE\" \/>\n<meta property=\"og:type\" content=\"article\" \/>\n<meta property=\"og:title\" content=\"Avocados St\u00fcck - Seubert Fr\u00fcchte\" \/>\n<meta property=\"og:description\" content=\"Unsere Avocados begeistern mit ihrer sattgr\u00fcnen Schale, dem weichen, cremigen Fruchtfleisch und dem mild-nussigen Geschmack. Sie sind reich an unges\u00e4ttigten Fetts\u00e4uren, Vitaminen und Mineralstoffen \u2013 ein echtes Superfood, das in der modernen K\u00fcche unverzichtbar ist. Ob pur, als Guacamole, im Salat oder auf Sandwiches: Avocados sind vielseitig einsetzbar und ideal f\u00fcr Gastronomie, Catering und den [&hellip;]\" \/>\n<meta property=\"og:url\" content=\"https:\/\/seubert-fruechte.de\/index.php\/produkt\/avocados-stueck\/\" \/>\n<meta property=\"og:site_name\" content=\"Seubert Fr\u00fcchte\" \/>\n<meta property=\"og:image\" content=\"https:\/\/seubert-fruechte.de\/wp-content\/uploads\/2025\/09\/Avocados.jpg\" \/>\n\t<meta property=\"og:image:width\" content=\"1280\" \/>\n\t<meta property=\"og:image:height\" content=\"888\" \/>\n\t<meta property=\"og:image:type\" content=\"image\/jpeg\" \/>\n<meta name=\"twitter:card\" content=\"summary_large_image\" \/>\n<meta name=\"twitter:label1\" content=\"Gesch\u00e4tzte Lesezeit\" \/>\n\t<meta name=\"twitter:data1\" content=\"1\u00a0Minute\" \/>\n<script type=\"application\/ld+json\" class=\"yoast-schema-graph\">{\"@context\":\"https:\/\/schema.org\",\"@graph\":[{\"@type\":\"WebPage\",\"@id\":\"https:\/\/seubert-fruechte.de\/index.php\/produkt\/avocados-stueck\/\",\"url\":\"https:\/\/seubert-fruechte.de\/index.php\/produkt\/avocados-stueck\/\",\"name\":\"Avocados St\u00fcck - Seubert Fr\u00fcchte\",\"isPartOf\":{\"@id\":\"https:\/\/seubert-fruechte.de\/#website\"},\"primaryImageOfPage\":{\"@id\":\"https:\/\/seubert-fruechte.de\/index.php\/produkt\/avocados-stueck\/#primaryimage\"},\"image\":{\"@id\":\"https:\/\/seubert-fruechte.de\/index.php\/produkt\/avocados-stueck\/#primaryimage\"},\"thumbnailUrl\":\"https:\/\/seubert-fruechte.de\/wp-content\/uploads\/2025\/09\/Avocados.jpg\",\"datePublished\":\"2025-09-04T13:45:27+00:00\",\"breadcrumb\":{\"@id\":\"https:\/\/seubert-fruechte.de\/index.php\/produkt\/avocados-stueck\/#breadcrumb\"},\"inLanguage\":\"de\",\"potentialAction\":[{\"@type\":\"ReadAction\",\"target\":[\"https:\/\/seubert-fruechte.de\/index.php\/produkt\/avocados-stueck\/\"]}]},{\"@type\":\"ImageObject\",\"inLanguage\":\"de\",\"@id\":\"https:\/\/seubert-fruechte.de\/index.php\/produkt\/avocados-stueck\/#primaryimage\",\"url\":\"https:\/\/seubert-fruechte.de\/wp-content\/uploads\/2025\/09\/Avocados.jpg\",\"contentUrl\":\"https:\/\/seubert-fruechte.de\/wp-content\/uploads\/2025\/09\/Avocados.jpg\",\"width\":1280,\"height\":888},{\"@type\":\"BreadcrumbList\",\"@id\":\"https:\/\/seubert-fruechte.de\/index.php\/produkt\/avocados-stueck\/#breadcrumb\",\"itemListElement\":[{\"@type\":\"ListItem\",\"position\":1,\"name\":\"Startseite\",\"item\":\"https:\/\/seubert-fruechte.de\/\"},{\"@type\":\"ListItem\",\"position\":2,\"name\":\"Shop\",\"item\":\"https:\/\/seubert-fruechte.de\/index.php\/shop\/\"},{\"@type\":\"ListItem\",\"position\":3,\"name\":\"Avocados St\u00fcck\"}]},{\"@type\":\"WebSite\",\"@id\":\"https:\/\/seubert-fruechte.de\/#website\",\"url\":\"https:\/\/seubert-fruechte.de\/\",\"name\":\"Seubert Fr\u00fcchte\",\"description\":\"\",\"potentialAction\":[{\"@type\":\"SearchAction\",\"target\":{\"@type\":\"EntryPoint\",\"urlTemplate\":\"https:\/\/seubert-fruechte.de\/?s={search_term_string}\"},\"query-input\":{\"@type\":\"PropertyValueSpecification\",\"valueRequired\":true,\"valueName\":\"search_term_string\"}}],\"inLanguage\":\"de\"}]}<\/script>\n<!-- \/ Yoast SEO plugin. -->","yoast_head_json":{"title":"Avocados St\u00fcck - Seubert Fr\u00fcchte","robots":{"index":"index","follow":"follow","max-snippet":"max-snippet:-1","max-image-preview":"max-image-preview:large","max-video-preview":"max-video-preview:-1"},"canonical":"https:\/\/seubert-fruechte.de\/index.php\/produkt\/avocados-stueck\/","og_locale":"de_DE","og_type":"article","og_title":"Avocados St\u00fcck - Seubert Fr\u00fcchte","og_description":"Unsere Avocados begeistern mit ihrer sattgr\u00fcnen Schale, dem weichen, cremigen Fruchtfleisch und dem mild-nussigen Geschmack. Sie sind reich an unges\u00e4ttigten Fetts\u00e4uren, Vitaminen und Mineralstoffen \u2013 ein echtes Superfood, das in der modernen K\u00fcche unverzichtbar ist. Ob pur, als Guacamole, im Salat oder auf Sandwiches: Avocados sind vielseitig einsetzbar und ideal f\u00fcr Gastronomie, Catering und den [&hellip;]","og_url":"https:\/\/seubert-fruechte.de\/index.php\/produkt\/avocados-stueck\/","og_site_name":"Seubert Fr\u00fcchte","og_image":[{"width":1280,"height":888,"url":"https:\/\/seubert-fruechte.de\/wp-content\/uploads\/2025\/09\/Avocados.jpg","type":"image\/jpeg"}],"twitter_card":"summary_large_image","twitter_misc":{"Gesch\u00e4tzte Lesezeit":"1\u00a0Minute"},"schema":{"@context":"https:\/\/schema.org","@graph":[{"@type":"WebPage","@id":"https:\/\/seubert-fruechte.de\/index.php\/produkt\/avocados-stueck\/","url":"https:\/\/seubert-fruechte.de\/index.php\/produkt\/avocados-stueck\/","name":"Avocados St\u00fcck - Seubert Fr\u00fcchte","isPartOf":{"@id":"https:\/\/seubert-fruechte.de\/#website"},"primaryImageOfPage":{"@id":"https:\/\/seubert-fruechte.de\/index.php\/produkt\/avocados-stueck\/#primaryimage"},"image":{"@id":"https:\/\/seubert-fruechte.de\/index.php\/produkt\/avocados-stueck\/#primaryimage"},"thumbnailUrl":"https:\/\/seubert-fruechte.de\/wp-content\/uploads\/2025\/09\/Avocados.jpg","datePublished":"2025-09-04T13:45:27+00:00","breadcrumb":{"@id":"https:\/\/seubert-fruechte.de\/index.php\/produkt\/avocados-stueck\/#breadcrumb"},"inLanguage":"de","potentialAction":[{"@type":"ReadAction","target":["https:\/\/seubert-fruechte.de\/index.php\/produkt\/avocados-stueck\/"]}]},{"@type":"ImageObject","inLanguage":"de","@id":"https:\/\/seubert-fruechte.de\/index.php\/produkt\/avocados-stueck\/#primaryimage","url":"https:\/\/seubert-fruechte.de\/wp-content\/uploads\/2025\/09\/Avocados.jpg","contentUrl":"https:\/\/seubert-fruechte.de\/wp-content\/uploads\/2025\/09\/Avocados.jpg","width":1280,"height":888},{"@type":"BreadcrumbList","@id":"https:\/\/seubert-fruechte.de\/index.php\/produkt\/avocados-stueck\/#breadcrumb","itemListElement":[{"@type":"ListItem","position":1,"name":"Startseite","item":"https:\/\/seubert-fruechte.de\/"},{"@type":"ListItem","position":2,"name":"Shop","item":"https:\/\/seubert-fruechte.de\/index.php\/shop\/"},{"@type":"ListItem","position":3,"name":"Avocados St\u00fcck"}]},{"@type":"WebSite","@id":"https:\/\/seubert-fruechte.de\/#website","url":"https:\/\/seubert-fruechte.de\/","name":"Seubert Fr\u00fcchte","description":"","potentialAction":[{"@type":"SearchAction","target":{"@type":"EntryPoint","urlTemplate":"https:\/\/seubert-fruechte.de\/?s={search_term_string}"},"query-input":{"@type":"PropertyValueSpecification","valueRequired":true,"valueName":"search_term_string"}}],"inLanguage":"de"}]}},"_links":{"self":[{"href":"https:\/\/seubert-fruechte.de\/index.php\/wp-json\/wp\/v2\/product\/302","targetHints":{"allow":["GET"]}}],"collection":[{"href":"https:\/\/seubert-fruechte.de\/index.php\/wp-json\/wp\/v2\/product"}],"about":[{"href":"https:\/\/seubert-fruechte.de\/index.php\/wp-json\/wp\/v2\/types\/product"}],"replies":[{"embeddable":true,"href":"https:\/\/seubert-fruechte.de\/index.php\/wp-json\/wp\/v2\/comments?post=302"}],"wp:featuredmedia":[{"embeddable":true,"href":"https:\/\/seubert-fruechte.de\/index.php\/wp-json\/wp\/v2\/media\/303"}],"wp:attachment":[{"href":"https:\/\/seubert-fruechte.de\/index.php\/wp-json\/wp\/v2\/media?parent=302"}],"wp:term":[{"taxonomy":"product_brand","embeddable":true,"href":"https:\/\/seubert-fruechte.de\/index.php\/wp-json\/wp\/v2\/product_brand?post=302"},{"taxonomy":"product_cat","embeddable":true,"href":"https:\/\/seubert-fruechte.de\/index.php\/wp-json\/wp\/v2\/product_cat?post=302"},{"taxonomy":"product_tag","embeddable":true,"href":"https:\/\/seubert-fruechte.de\/index.php\/wp-json\/wp\/v2\/product_tag?post=302"}],"curies":[{"name":"wp","href":"https:\/\/api.w.org\/{rel}","templated":true}]}}