{"id":299,"date":"2025-09-04T15:33:01","date_gmt":"2025-09-04T13:33:01","guid":{"rendered":"https:\/\/seubert-fruechte.de\/?post_type=product&#038;p=299"},"modified":"2025-09-04T15:35:28","modified_gmt":"2025-09-04T13:35:28","slug":"gurke-mini-kg","status":"publish","type":"product","link":"https:\/\/seubert-fruechte.de\/index.php\/produkt\/gurke-mini-kg\/","title":{"rendered":"Gurke-Mini kg"},"content":{"rendered":"<p data-start=\"170\" data-end=\"532\">Unsere <strong data-start=\"164\" data-end=\"179\">Mini-Gurken<\/strong> \u00fcberzeugen durch ihre handliche Gr\u00f6\u00dfe, die glatte dunkelgr\u00fcne Schale und den angenehm mild-frischen Geschmack. Sie sind besonders knackig, kalorienarm und ideal als Snackgem\u00fcse, f\u00fcr Salate oder dekorative Buffets. Dank ihrer gleichbleibenden Qualit\u00e4t und Frische eignen sie sich perfekt f\u00fcr Gastronomie, Catering und den Einzelhandel.<\/p>\n<p data-start=\"136\" data-end=\"366\"><strong>Hinweis zur Menge:\u00a0<\/strong><\/p>\n<p data-start=\"136\" data-end=\"366\">Menge 1 entspricht einem Kilogramm<\/p>\n","protected":false},"excerpt":{"rendered":"<p>Unsere Mini-Gurken \u00fcberzeugen durch ihre handliche Gr\u00f6\u00dfe, die glatte dunkelgr\u00fcne Schale und den angenehm mild-frischen Geschmack. Sie sind besonders knackig, kalorienarm und ideal als Snackgem\u00fcse, f\u00fcr Salate oder dekorative Buffets. Dank ihrer gleichbleibenden Qualit\u00e4t und Frische eignen sie sich perfekt f\u00fcr Gastronomie, Catering und den Einzelhandel. Hinweis zur Menge:\u00a0 Menge 1 entspricht einem Kilogramm<\/p>\n","protected":false},"featured_media":298,"comment_status":"closed","ping_status":"closed","template":"","meta":[],"product_brand":[],"product_cat":[18],"product_tag":[],"class_list":{"0":"post-299","1":"product","2":"type-product","3":"status-publish","4":"has-post-thumbnail","6":"product_cat-gemuese","8":"first","9":"instock","10":"shipping-taxable","11":"purchasable","12":"product-type-simple"},"yoast_head":"<!-- This site is optimized with the Yoast SEO plugin v26.1.1 - https:\/\/yoast.com\/wordpress\/plugins\/seo\/ -->\n<title>Gurke-Mini kg - Seubert Fr\u00fcchte<\/title>\n<meta name=\"robots\" content=\"index, follow, max-snippet:-1, max-image-preview:large, max-video-preview:-1\" \/>\n<link rel=\"canonical\" href=\"https:\/\/seubert-fruechte.de\/index.php\/produkt\/gurke-mini-kg\/\" \/>\n<meta property=\"og:locale\" content=\"de_DE\" \/>\n<meta property=\"og:type\" content=\"article\" \/>\n<meta property=\"og:title\" content=\"Gurke-Mini kg - Seubert Fr\u00fcchte\" \/>\n<meta property=\"og:description\" content=\"Unsere Mini-Gurken \u00fcberzeugen durch ihre handliche Gr\u00f6\u00dfe, die glatte dunkelgr\u00fcne Schale und den angenehm mild-frischen Geschmack. Sie sind besonders knackig, kalorienarm und ideal als Snackgem\u00fcse, f\u00fcr Salate oder dekorative Buffets. Dank ihrer gleichbleibenden Qualit\u00e4t und Frische eignen sie sich perfekt f\u00fcr Gastronomie, Catering und den Einzelhandel. Hinweis zur Menge:\u00a0 Menge 1 entspricht einem Kilogramm\" \/>\n<meta property=\"og:url\" content=\"https:\/\/seubert-fruechte.de\/index.php\/produkt\/gurke-mini-kg\/\" \/>\n<meta property=\"og:site_name\" content=\"Seubert Fr\u00fcchte\" \/>\n<meta property=\"article:modified_time\" content=\"2025-09-04T13:35:28+00:00\" \/>\n<meta property=\"og:image\" content=\"https:\/\/seubert-fruechte.de\/wp-content\/uploads\/2025\/09\/Minigurke.jpg\" \/>\n\t<meta property=\"og:image:width\" content=\"1280\" \/>\n\t<meta property=\"og:image:height\" content=\"853\" \/>\n\t<meta property=\"og:image:type\" content=\"image\/jpeg\" \/>\n<meta name=\"twitter:card\" content=\"summary_large_image\" \/>\n<meta name=\"twitter:label1\" content=\"Gesch\u00e4tzte Lesezeit\" \/>\n\t<meta name=\"twitter:data1\" content=\"1\u00a0Minute\" \/>\n<script type=\"application\/ld+json\" class=\"yoast-schema-graph\">{\"@context\":\"https:\/\/schema.org\",\"@graph\":[{\"@type\":\"WebPage\",\"@id\":\"https:\/\/seubert-fruechte.de\/index.php\/produkt\/gurke-mini-kg\/\",\"url\":\"https:\/\/seubert-fruechte.de\/index.php\/produkt\/gurke-mini-kg\/\",\"name\":\"Gurke-Mini kg - Seubert Fr\u00fcchte\",\"isPartOf\":{\"@id\":\"https:\/\/seubert-fruechte.de\/#website\"},\"primaryImageOfPage\":{\"@id\":\"https:\/\/seubert-fruechte.de\/index.php\/produkt\/gurke-mini-kg\/#primaryimage\"},\"image\":{\"@id\":\"https:\/\/seubert-fruechte.de\/index.php\/produkt\/gurke-mini-kg\/#primaryimage\"},\"thumbnailUrl\":\"https:\/\/seubert-fruechte.de\/wp-content\/uploads\/2025\/09\/Minigurke.jpg\",\"datePublished\":\"2025-09-04T13:33:01+00:00\",\"dateModified\":\"2025-09-04T13:35:28+00:00\",\"breadcrumb\":{\"@id\":\"https:\/\/seubert-fruechte.de\/index.php\/produkt\/gurke-mini-kg\/#breadcrumb\"},\"inLanguage\":\"de\",\"potentialAction\":[{\"@type\":\"ReadAction\",\"target\":[\"https:\/\/seubert-fruechte.de\/index.php\/produkt\/gurke-mini-kg\/\"]}]},{\"@type\":\"ImageObject\",\"inLanguage\":\"de\",\"@id\":\"https:\/\/seubert-fruechte.de\/index.php\/produkt\/gurke-mini-kg\/#primaryimage\",\"url\":\"https:\/\/seubert-fruechte.de\/wp-content\/uploads\/2025\/09\/Minigurke.jpg\",\"contentUrl\":\"https:\/\/seubert-fruechte.de\/wp-content\/uploads\/2025\/09\/Minigurke.jpg\",\"width\":1280,\"height\":853},{\"@type\":\"BreadcrumbList\",\"@id\":\"https:\/\/seubert-fruechte.de\/index.php\/produkt\/gurke-mini-kg\/#breadcrumb\",\"itemListElement\":[{\"@type\":\"ListItem\",\"position\":1,\"name\":\"Startseite\",\"item\":\"https:\/\/seubert-fruechte.de\/\"},{\"@type\":\"ListItem\",\"position\":2,\"name\":\"Shop\",\"item\":\"https:\/\/seubert-fruechte.de\/index.php\/shop\/\"},{\"@type\":\"ListItem\",\"position\":3,\"name\":\"Gurke-Mini kg\"}]},{\"@type\":\"WebSite\",\"@id\":\"https:\/\/seubert-fruechte.de\/#website\",\"url\":\"https:\/\/seubert-fruechte.de\/\",\"name\":\"Seubert Fr\u00fcchte\",\"description\":\"\",\"potentialAction\":[{\"@type\":\"SearchAction\",\"target\":{\"@type\":\"EntryPoint\",\"urlTemplate\":\"https:\/\/seubert-fruechte.de\/?s={search_term_string}\"},\"query-input\":{\"@type\":\"PropertyValueSpecification\",\"valueRequired\":true,\"valueName\":\"search_term_string\"}}],\"inLanguage\":\"de\"}]}<\/script>\n<!-- \/ Yoast SEO plugin. -->","yoast_head_json":{"title":"Gurke-Mini kg - Seubert Fr\u00fcchte","robots":{"index":"index","follow":"follow","max-snippet":"max-snippet:-1","max-image-preview":"max-image-preview:large","max-video-preview":"max-video-preview:-1"},"canonical":"https:\/\/seubert-fruechte.de\/index.php\/produkt\/gurke-mini-kg\/","og_locale":"de_DE","og_type":"article","og_title":"Gurke-Mini kg - Seubert Fr\u00fcchte","og_description":"Unsere Mini-Gurken \u00fcberzeugen durch ihre handliche Gr\u00f6\u00dfe, die glatte dunkelgr\u00fcne Schale und den angenehm mild-frischen Geschmack. Sie sind besonders knackig, kalorienarm und ideal als Snackgem\u00fcse, f\u00fcr Salate oder dekorative Buffets. Dank ihrer gleichbleibenden Qualit\u00e4t und Frische eignen sie sich perfekt f\u00fcr Gastronomie, Catering und den Einzelhandel. Hinweis zur Menge:\u00a0 Menge 1 entspricht einem Kilogramm","og_url":"https:\/\/seubert-fruechte.de\/index.php\/produkt\/gurke-mini-kg\/","og_site_name":"Seubert Fr\u00fcchte","article_modified_time":"2025-09-04T13:35:28+00:00","og_image":[{"width":1280,"height":853,"url":"https:\/\/seubert-fruechte.de\/wp-content\/uploads\/2025\/09\/Minigurke.jpg","type":"image\/jpeg"}],"twitter_card":"summary_large_image","twitter_misc":{"Gesch\u00e4tzte Lesezeit":"1\u00a0Minute"},"schema":{"@context":"https:\/\/schema.org","@graph":[{"@type":"WebPage","@id":"https:\/\/seubert-fruechte.de\/index.php\/produkt\/gurke-mini-kg\/","url":"https:\/\/seubert-fruechte.de\/index.php\/produkt\/gurke-mini-kg\/","name":"Gurke-Mini kg - Seubert Fr\u00fcchte","isPartOf":{"@id":"https:\/\/seubert-fruechte.de\/#website"},"primaryImageOfPage":{"@id":"https:\/\/seubert-fruechte.de\/index.php\/produkt\/gurke-mini-kg\/#primaryimage"},"image":{"@id":"https:\/\/seubert-fruechte.de\/index.php\/produkt\/gurke-mini-kg\/#primaryimage"},"thumbnailUrl":"https:\/\/seubert-fruechte.de\/wp-content\/uploads\/2025\/09\/Minigurke.jpg","datePublished":"2025-09-04T13:33:01+00:00","dateModified":"2025-09-04T13:35:28+00:00","breadcrumb":{"@id":"https:\/\/seubert-fruechte.de\/index.php\/produkt\/gurke-mini-kg\/#breadcrumb"},"inLanguage":"de","potentialAction":[{"@type":"ReadAction","target":["https:\/\/seubert-fruechte.de\/index.php\/produkt\/gurke-mini-kg\/"]}]},{"@type":"ImageObject","inLanguage":"de","@id":"https:\/\/seubert-fruechte.de\/index.php\/produkt\/gurke-mini-kg\/#primaryimage","url":"https:\/\/seubert-fruechte.de\/wp-content\/uploads\/2025\/09\/Minigurke.jpg","contentUrl":"https:\/\/seubert-fruechte.de\/wp-content\/uploads\/2025\/09\/Minigurke.jpg","width":1280,"height":853},{"@type":"BreadcrumbList","@id":"https:\/\/seubert-fruechte.de\/index.php\/produkt\/gurke-mini-kg\/#breadcrumb","itemListElement":[{"@type":"ListItem","position":1,"name":"Startseite","item":"https:\/\/seubert-fruechte.de\/"},{"@type":"ListItem","position":2,"name":"Shop","item":"https:\/\/seubert-fruechte.de\/index.php\/shop\/"},{"@type":"ListItem","position":3,"name":"Gurke-Mini kg"}]},{"@type":"WebSite","@id":"https:\/\/seubert-fruechte.de\/#website","url":"https:\/\/seubert-fruechte.de\/","name":"Seubert Fr\u00fcchte","description":"","potentialAction":[{"@type":"SearchAction","target":{"@type":"EntryPoint","urlTemplate":"https:\/\/seubert-fruechte.de\/?s={search_term_string}"},"query-input":{"@type":"PropertyValueSpecification","valueRequired":true,"valueName":"search_term_string"}}],"inLanguage":"de"}]}},"_links":{"self":[{"href":"https:\/\/seubert-fruechte.de\/index.php\/wp-json\/wp\/v2\/product\/299","targetHints":{"allow":["GET"]}}],"collection":[{"href":"https:\/\/seubert-fruechte.de\/index.php\/wp-json\/wp\/v2\/product"}],"about":[{"href":"https:\/\/seubert-fruechte.de\/index.php\/wp-json\/wp\/v2\/types\/product"}],"replies":[{"embeddable":true,"href":"https:\/\/seubert-fruechte.de\/index.php\/wp-json\/wp\/v2\/comments?post=299"}],"wp:featuredmedia":[{"embeddable":true,"href":"https:\/\/seubert-fruechte.de\/index.php\/wp-json\/wp\/v2\/media\/298"}],"wp:attachment":[{"href":"https:\/\/seubert-fruechte.de\/index.php\/wp-json\/wp\/v2\/media?parent=299"}],"wp:term":[{"taxonomy":"product_brand","embeddable":true,"href":"https:\/\/seubert-fruechte.de\/index.php\/wp-json\/wp\/v2\/product_brand?post=299"},{"taxonomy":"product_cat","embeddable":true,"href":"https:\/\/seubert-fruechte.de\/index.php\/wp-json\/wp\/v2\/product_cat?post=299"},{"taxonomy":"product_tag","embeddable":true,"href":"https:\/\/seubert-fruechte.de\/index.php\/wp-json\/wp\/v2\/product_tag?post=299"}],"curies":[{"name":"wp","href":"https:\/\/api.w.org\/{rel}","templated":true}]}}