{"id":285,"date":"2025-09-04T14:56:14","date_gmt":"2025-09-04T12:56:14","guid":{"rendered":"https:\/\/seubert-fruechte.de\/?post_type=product&#038;p=285"},"modified":"2025-09-04T14:56:14","modified_gmt":"2025-09-04T12:56:14","slug":"paprika-rot-kiste","status":"publish","type":"product","link":"https:\/\/seubert-fruechte.de\/index.php\/produkt\/paprika-rot-kiste\/","title":{"rendered":"Paprika rot Kiste"},"content":{"rendered":"<p data-start=\"170\" data-end=\"532\">Unsere <strong data-start=\"168\" data-end=\"185\">roten Paprika<\/strong> \u00fcberzeugen durch ihre leuchtend rote Farbe, die dickwandige, knackige Schale und den angenehm s\u00fc\u00dflichen Geschmack. Sie sind reich an Vitamin C und Antioxidantien, vielseitig einsetzbar und ein echter Klassiker in der professionellen K\u00fcche. Ob roh, gebraten, gegrillt oder gef\u00fcllt \u2013 rote Paprika sind sowohl geschmacklich als auch optisch ein Highlight.<\/p>\n<p data-start=\"136\" data-end=\"366\"><strong>Verpackung:\u00a0\u00a0<\/strong>5kg je Kiste<\/p>\n<p data-start=\"136\" data-end=\"366\"><strong>Hinweis zur Menge:\u00a0<\/strong><\/p>\n<p data-start=\"136\" data-end=\"366\">Menge 1 entspricht einer Kiste<\/p>\n","protected":false},"excerpt":{"rendered":"<p>Unsere roten Paprika \u00fcberzeugen durch ihre leuchtend rote Farbe, die dickwandige, knackige Schale und den angenehm s\u00fc\u00dflichen Geschmack. Sie sind reich an Vitamin C und Antioxidantien, vielseitig einsetzbar und ein echter Klassiker in der professionellen K\u00fcche. Ob roh, gebraten, gegrillt oder gef\u00fcllt \u2013 rote Paprika sind sowohl geschmacklich als auch optisch ein Highlight. Verpackung:\u00a0\u00a05kg je [&hellip;]<\/p>\n","protected":false},"featured_media":286,"comment_status":"closed","ping_status":"closed","template":"","meta":[],"product_brand":[],"product_cat":[18],"product_tag":[],"class_list":{"0":"post-285","1":"product","2":"type-product","3":"status-publish","4":"has-post-thumbnail","6":"product_cat-gemuese","8":"first","9":"instock","10":"shipping-taxable","11":"purchasable","12":"product-type-simple"},"yoast_head":"<!-- This site is optimized with the Yoast SEO plugin v26.1.1 - https:\/\/yoast.com\/wordpress\/plugins\/seo\/ -->\n<title>Paprika rot Kiste - Seubert Fr\u00fcchte<\/title>\n<meta name=\"robots\" content=\"index, follow, max-snippet:-1, max-image-preview:large, max-video-preview:-1\" \/>\n<link rel=\"canonical\" href=\"https:\/\/seubert-fruechte.de\/index.php\/produkt\/paprika-rot-kiste\/\" \/>\n<meta property=\"og:locale\" content=\"de_DE\" \/>\n<meta property=\"og:type\" content=\"article\" \/>\n<meta property=\"og:title\" content=\"Paprika rot Kiste - Seubert Fr\u00fcchte\" \/>\n<meta property=\"og:description\" content=\"Unsere roten Paprika \u00fcberzeugen durch ihre leuchtend rote Farbe, die dickwandige, knackige Schale und den angenehm s\u00fc\u00dflichen Geschmack. Sie sind reich an Vitamin C und Antioxidantien, vielseitig einsetzbar und ein echter Klassiker in der professionellen K\u00fcche. Ob roh, gebraten, gegrillt oder gef\u00fcllt \u2013 rote Paprika sind sowohl geschmacklich als auch optisch ein Highlight. Verpackung:\u00a0\u00a05kg je [&hellip;]\" \/>\n<meta property=\"og:url\" content=\"https:\/\/seubert-fruechte.de\/index.php\/produkt\/paprika-rot-kiste\/\" \/>\n<meta property=\"og:site_name\" content=\"Seubert Fr\u00fcchte\" \/>\n<meta property=\"og:image\" content=\"https:\/\/seubert-fruechte.de\/wp-content\/uploads\/2025\/09\/Paprika-rot.jpg\" \/>\n\t<meta property=\"og:image:width\" content=\"1144\" \/>\n\t<meta property=\"og:image:height\" content=\"1280\" \/>\n\t<meta property=\"og:image:type\" content=\"image\/jpeg\" \/>\n<meta name=\"twitter:card\" content=\"summary_large_image\" \/>\n<meta name=\"twitter:label1\" content=\"Gesch\u00e4tzte Lesezeit\" \/>\n\t<meta name=\"twitter:data1\" content=\"1\u00a0Minute\" \/>\n<script type=\"application\/ld+json\" class=\"yoast-schema-graph\">{\"@context\":\"https:\/\/schema.org\",\"@graph\":[{\"@type\":\"WebPage\",\"@id\":\"https:\/\/seubert-fruechte.de\/index.php\/produkt\/paprika-rot-kiste\/\",\"url\":\"https:\/\/seubert-fruechte.de\/index.php\/produkt\/paprika-rot-kiste\/\",\"name\":\"Paprika rot Kiste - Seubert Fr\u00fcchte\",\"isPartOf\":{\"@id\":\"https:\/\/seubert-fruechte.de\/#website\"},\"primaryImageOfPage\":{\"@id\":\"https:\/\/seubert-fruechte.de\/index.php\/produkt\/paprika-rot-kiste\/#primaryimage\"},\"image\":{\"@id\":\"https:\/\/seubert-fruechte.de\/index.php\/produkt\/paprika-rot-kiste\/#primaryimage\"},\"thumbnailUrl\":\"https:\/\/seubert-fruechte.de\/wp-content\/uploads\/2025\/09\/Paprika-rot.jpg\",\"datePublished\":\"2025-09-04T12:56:14+00:00\",\"breadcrumb\":{\"@id\":\"https:\/\/seubert-fruechte.de\/index.php\/produkt\/paprika-rot-kiste\/#breadcrumb\"},\"inLanguage\":\"de\",\"potentialAction\":[{\"@type\":\"ReadAction\",\"target\":[\"https:\/\/seubert-fruechte.de\/index.php\/produkt\/paprika-rot-kiste\/\"]}]},{\"@type\":\"ImageObject\",\"inLanguage\":\"de\",\"@id\":\"https:\/\/seubert-fruechte.de\/index.php\/produkt\/paprika-rot-kiste\/#primaryimage\",\"url\":\"https:\/\/seubert-fruechte.de\/wp-content\/uploads\/2025\/09\/Paprika-rot.jpg\",\"contentUrl\":\"https:\/\/seubert-fruechte.de\/wp-content\/uploads\/2025\/09\/Paprika-rot.jpg\",\"width\":1144,\"height\":1280},{\"@type\":\"BreadcrumbList\",\"@id\":\"https:\/\/seubert-fruechte.de\/index.php\/produkt\/paprika-rot-kiste\/#breadcrumb\",\"itemListElement\":[{\"@type\":\"ListItem\",\"position\":1,\"name\":\"Startseite\",\"item\":\"https:\/\/seubert-fruechte.de\/\"},{\"@type\":\"ListItem\",\"position\":2,\"name\":\"Shop\",\"item\":\"https:\/\/seubert-fruechte.de\/index.php\/shop\/\"},{\"@type\":\"ListItem\",\"position\":3,\"name\":\"Paprika rot Kiste\"}]},{\"@type\":\"WebSite\",\"@id\":\"https:\/\/seubert-fruechte.de\/#website\",\"url\":\"https:\/\/seubert-fruechte.de\/\",\"name\":\"Seubert Fr\u00fcchte\",\"description\":\"\",\"potentialAction\":[{\"@type\":\"SearchAction\",\"target\":{\"@type\":\"EntryPoint\",\"urlTemplate\":\"https:\/\/seubert-fruechte.de\/?s={search_term_string}\"},\"query-input\":{\"@type\":\"PropertyValueSpecification\",\"valueRequired\":true,\"valueName\":\"search_term_string\"}}],\"inLanguage\":\"de\"}]}<\/script>\n<!-- \/ Yoast SEO plugin. -->","yoast_head_json":{"title":"Paprika rot Kiste - Seubert Fr\u00fcchte","robots":{"index":"index","follow":"follow","max-snippet":"max-snippet:-1","max-image-preview":"max-image-preview:large","max-video-preview":"max-video-preview:-1"},"canonical":"https:\/\/seubert-fruechte.de\/index.php\/produkt\/paprika-rot-kiste\/","og_locale":"de_DE","og_type":"article","og_title":"Paprika rot Kiste - Seubert Fr\u00fcchte","og_description":"Unsere roten Paprika \u00fcberzeugen durch ihre leuchtend rote Farbe, die dickwandige, knackige Schale und den angenehm s\u00fc\u00dflichen Geschmack. Sie sind reich an Vitamin C und Antioxidantien, vielseitig einsetzbar und ein echter Klassiker in der professionellen K\u00fcche. Ob roh, gebraten, gegrillt oder gef\u00fcllt \u2013 rote Paprika sind sowohl geschmacklich als auch optisch ein Highlight. Verpackung:\u00a0\u00a05kg je [&hellip;]","og_url":"https:\/\/seubert-fruechte.de\/index.php\/produkt\/paprika-rot-kiste\/","og_site_name":"Seubert Fr\u00fcchte","og_image":[{"width":1144,"height":1280,"url":"https:\/\/seubert-fruechte.de\/wp-content\/uploads\/2025\/09\/Paprika-rot.jpg","type":"image\/jpeg"}],"twitter_card":"summary_large_image","twitter_misc":{"Gesch\u00e4tzte Lesezeit":"1\u00a0Minute"},"schema":{"@context":"https:\/\/schema.org","@graph":[{"@type":"WebPage","@id":"https:\/\/seubert-fruechte.de\/index.php\/produkt\/paprika-rot-kiste\/","url":"https:\/\/seubert-fruechte.de\/index.php\/produkt\/paprika-rot-kiste\/","name":"Paprika rot Kiste - Seubert Fr\u00fcchte","isPartOf":{"@id":"https:\/\/seubert-fruechte.de\/#website"},"primaryImageOfPage":{"@id":"https:\/\/seubert-fruechte.de\/index.php\/produkt\/paprika-rot-kiste\/#primaryimage"},"image":{"@id":"https:\/\/seubert-fruechte.de\/index.php\/produkt\/paprika-rot-kiste\/#primaryimage"},"thumbnailUrl":"https:\/\/seubert-fruechte.de\/wp-content\/uploads\/2025\/09\/Paprika-rot.jpg","datePublished":"2025-09-04T12:56:14+00:00","breadcrumb":{"@id":"https:\/\/seubert-fruechte.de\/index.php\/produkt\/paprika-rot-kiste\/#breadcrumb"},"inLanguage":"de","potentialAction":[{"@type":"ReadAction","target":["https:\/\/seubert-fruechte.de\/index.php\/produkt\/paprika-rot-kiste\/"]}]},{"@type":"ImageObject","inLanguage":"de","@id":"https:\/\/seubert-fruechte.de\/index.php\/produkt\/paprika-rot-kiste\/#primaryimage","url":"https:\/\/seubert-fruechte.de\/wp-content\/uploads\/2025\/09\/Paprika-rot.jpg","contentUrl":"https:\/\/seubert-fruechte.de\/wp-content\/uploads\/2025\/09\/Paprika-rot.jpg","width":1144,"height":1280},{"@type":"BreadcrumbList","@id":"https:\/\/seubert-fruechte.de\/index.php\/produkt\/paprika-rot-kiste\/#breadcrumb","itemListElement":[{"@type":"ListItem","position":1,"name":"Startseite","item":"https:\/\/seubert-fruechte.de\/"},{"@type":"ListItem","position":2,"name":"Shop","item":"https:\/\/seubert-fruechte.de\/index.php\/shop\/"},{"@type":"ListItem","position":3,"name":"Paprika rot Kiste"}]},{"@type":"WebSite","@id":"https:\/\/seubert-fruechte.de\/#website","url":"https:\/\/seubert-fruechte.de\/","name":"Seubert Fr\u00fcchte","description":"","potentialAction":[{"@type":"SearchAction","target":{"@type":"EntryPoint","urlTemplate":"https:\/\/seubert-fruechte.de\/?s={search_term_string}"},"query-input":{"@type":"PropertyValueSpecification","valueRequired":true,"valueName":"search_term_string"}}],"inLanguage":"de"}]}},"_links":{"self":[{"href":"https:\/\/seubert-fruechte.de\/index.php\/wp-json\/wp\/v2\/product\/285","targetHints":{"allow":["GET"]}}],"collection":[{"href":"https:\/\/seubert-fruechte.de\/index.php\/wp-json\/wp\/v2\/product"}],"about":[{"href":"https:\/\/seubert-fruechte.de\/index.php\/wp-json\/wp\/v2\/types\/product"}],"replies":[{"embeddable":true,"href":"https:\/\/seubert-fruechte.de\/index.php\/wp-json\/wp\/v2\/comments?post=285"}],"wp:featuredmedia":[{"embeddable":true,"href":"https:\/\/seubert-fruechte.de\/index.php\/wp-json\/wp\/v2\/media\/286"}],"wp:attachment":[{"href":"https:\/\/seubert-fruechte.de\/index.php\/wp-json\/wp\/v2\/media?parent=285"}],"wp:term":[{"taxonomy":"product_brand","embeddable":true,"href":"https:\/\/seubert-fruechte.de\/index.php\/wp-json\/wp\/v2\/product_brand?post=285"},{"taxonomy":"product_cat","embeddable":true,"href":"https:\/\/seubert-fruechte.de\/index.php\/wp-json\/wp\/v2\/product_cat?post=285"},{"taxonomy":"product_tag","embeddable":true,"href":"https:\/\/seubert-fruechte.de\/index.php\/wp-json\/wp\/v2\/product_tag?post=285"}],"curies":[{"name":"wp","href":"https:\/\/api.w.org\/{rel}","templated":true}]}}