{"id":265,"date":"2025-09-04T10:12:37","date_gmt":"2025-09-04T08:12:37","guid":{"rendered":"https:\/\/seubert-fruechte.de\/?post_type=product&#038;p=265"},"modified":"2025-09-04T10:13:30","modified_gmt":"2025-09-04T08:13:30","slug":"rotkraut-kiste","status":"publish","type":"product","link":"https:\/\/seubert-fruechte.de\/index.php\/produkt\/rotkraut-kiste\/","title":{"rendered":"Rotkraut Kiste"},"content":{"rendered":"<p data-start=\"170\" data-end=\"532\">Unser frisches <strong data-start=\"173\" data-end=\"185\">Rotkraut<\/strong> \u00fcberzeugt durch seine feste Struktur, die tiefviolette Farbe und den feinw\u00fcrzigen Geschmack. Es ist ein klassisches Winter- und Lagergem\u00fcse, das sowohl in der traditionellen als auch in der modernen K\u00fcche vielseitig einsetzbar ist \u2013 ob als Beilage, in Salaten oder f\u00fcr kreative vegetarische Gerichte. Dank seiner langen Haltbarkeit und hohen Qualit\u00e4t eignet sich Rotkraut ideal f\u00fcr Gastronomie, Catering und den Weiterverkauf.<\/p>\n<p data-start=\"136\" data-end=\"366\"><strong>Verpackung:\u00a0 <\/strong>10kg je Kiste<\/p>\n<p data-start=\"136\" data-end=\"366\"><strong>Hinweis zur Menge:\u00a0<\/strong><\/p>\n<p data-start=\"136\" data-end=\"366\">Menge 1 entspricht einer Kiste<\/p>\n","protected":false},"excerpt":{"rendered":"<p>Unser frisches Rotkraut \u00fcberzeugt durch seine feste Struktur, die tiefviolette Farbe und den feinw\u00fcrzigen Geschmack. Es ist ein klassisches Winter- und Lagergem\u00fcse, das sowohl in der traditionellen als auch in der modernen K\u00fcche vielseitig einsetzbar ist \u2013 ob als Beilage, in Salaten oder f\u00fcr kreative vegetarische Gerichte. Dank seiner langen Haltbarkeit und hohen Qualit\u00e4t eignet [&hellip;]<\/p>\n","protected":false},"featured_media":263,"comment_status":"closed","ping_status":"closed","template":"","meta":[],"product_brand":[],"product_cat":[18],"product_tag":[],"class_list":{"0":"post-265","1":"product","2":"type-product","3":"status-publish","4":"has-post-thumbnail","6":"product_cat-gemuese","8":"first","9":"instock","10":"shipping-taxable","11":"purchasable","12":"product-type-simple"},"yoast_head":"<!-- This site is optimized with the Yoast SEO plugin v26.1.1 - https:\/\/yoast.com\/wordpress\/plugins\/seo\/ -->\n<title>Rotkraut Kiste - Seubert Fr\u00fcchte<\/title>\n<meta name=\"robots\" content=\"index, follow, max-snippet:-1, max-image-preview:large, max-video-preview:-1\" \/>\n<link rel=\"canonical\" href=\"https:\/\/seubert-fruechte.de\/index.php\/produkt\/rotkraut-kiste\/\" \/>\n<meta property=\"og:locale\" content=\"de_DE\" \/>\n<meta property=\"og:type\" content=\"article\" \/>\n<meta property=\"og:title\" content=\"Rotkraut Kiste - Seubert Fr\u00fcchte\" \/>\n<meta property=\"og:description\" content=\"Unser frisches Rotkraut \u00fcberzeugt durch seine feste Struktur, die tiefviolette Farbe und den feinw\u00fcrzigen Geschmack. Es ist ein klassisches Winter- und Lagergem\u00fcse, das sowohl in der traditionellen als auch in der modernen K\u00fcche vielseitig einsetzbar ist \u2013 ob als Beilage, in Salaten oder f\u00fcr kreative vegetarische Gerichte. Dank seiner langen Haltbarkeit und hohen Qualit\u00e4t eignet [&hellip;]\" \/>\n<meta property=\"og:url\" content=\"https:\/\/seubert-fruechte.de\/index.php\/produkt\/rotkraut-kiste\/\" \/>\n<meta property=\"og:site_name\" content=\"Seubert Fr\u00fcchte\" \/>\n<meta property=\"article:modified_time\" content=\"2025-09-04T08:13:30+00:00\" \/>\n<meta property=\"og:image\" content=\"https:\/\/seubert-fruechte.de\/wp-content\/uploads\/2025\/09\/Rotkohl.jpg\" \/>\n\t<meta property=\"og:image:width\" content=\"1280\" \/>\n\t<meta property=\"og:image:height\" content=\"729\" \/>\n\t<meta property=\"og:image:type\" content=\"image\/jpeg\" \/>\n<meta name=\"twitter:card\" content=\"summary_large_image\" \/>\n<meta name=\"twitter:label1\" content=\"Gesch\u00e4tzte Lesezeit\" \/>\n\t<meta name=\"twitter:data1\" content=\"1\u00a0Minute\" \/>\n<script type=\"application\/ld+json\" class=\"yoast-schema-graph\">{\"@context\":\"https:\/\/schema.org\",\"@graph\":[{\"@type\":\"WebPage\",\"@id\":\"https:\/\/seubert-fruechte.de\/index.php\/produkt\/rotkraut-kiste\/\",\"url\":\"https:\/\/seubert-fruechte.de\/index.php\/produkt\/rotkraut-kiste\/\",\"name\":\"Rotkraut Kiste - Seubert Fr\u00fcchte\",\"isPartOf\":{\"@id\":\"https:\/\/seubert-fruechte.de\/#website\"},\"primaryImageOfPage\":{\"@id\":\"https:\/\/seubert-fruechte.de\/index.php\/produkt\/rotkraut-kiste\/#primaryimage\"},\"image\":{\"@id\":\"https:\/\/seubert-fruechte.de\/index.php\/produkt\/rotkraut-kiste\/#primaryimage\"},\"thumbnailUrl\":\"https:\/\/seubert-fruechte.de\/wp-content\/uploads\/2025\/09\/Rotkohl.jpg\",\"datePublished\":\"2025-09-04T08:12:37+00:00\",\"dateModified\":\"2025-09-04T08:13:30+00:00\",\"breadcrumb\":{\"@id\":\"https:\/\/seubert-fruechte.de\/index.php\/produkt\/rotkraut-kiste\/#breadcrumb\"},\"inLanguage\":\"de\",\"potentialAction\":[{\"@type\":\"ReadAction\",\"target\":[\"https:\/\/seubert-fruechte.de\/index.php\/produkt\/rotkraut-kiste\/\"]}]},{\"@type\":\"ImageObject\",\"inLanguage\":\"de\",\"@id\":\"https:\/\/seubert-fruechte.de\/index.php\/produkt\/rotkraut-kiste\/#primaryimage\",\"url\":\"https:\/\/seubert-fruechte.de\/wp-content\/uploads\/2025\/09\/Rotkohl.jpg\",\"contentUrl\":\"https:\/\/seubert-fruechte.de\/wp-content\/uploads\/2025\/09\/Rotkohl.jpg\",\"width\":1280,\"height\":729},{\"@type\":\"BreadcrumbList\",\"@id\":\"https:\/\/seubert-fruechte.de\/index.php\/produkt\/rotkraut-kiste\/#breadcrumb\",\"itemListElement\":[{\"@type\":\"ListItem\",\"position\":1,\"name\":\"Startseite\",\"item\":\"https:\/\/seubert-fruechte.de\/\"},{\"@type\":\"ListItem\",\"position\":2,\"name\":\"Shop\",\"item\":\"https:\/\/seubert-fruechte.de\/index.php\/shop\/\"},{\"@type\":\"ListItem\",\"position\":3,\"name\":\"Rotkraut Kiste\"}]},{\"@type\":\"WebSite\",\"@id\":\"https:\/\/seubert-fruechte.de\/#website\",\"url\":\"https:\/\/seubert-fruechte.de\/\",\"name\":\"Seubert Fr\u00fcchte\",\"description\":\"\",\"potentialAction\":[{\"@type\":\"SearchAction\",\"target\":{\"@type\":\"EntryPoint\",\"urlTemplate\":\"https:\/\/seubert-fruechte.de\/?s={search_term_string}\"},\"query-input\":{\"@type\":\"PropertyValueSpecification\",\"valueRequired\":true,\"valueName\":\"search_term_string\"}}],\"inLanguage\":\"de\"}]}<\/script>\n<!-- \/ Yoast SEO plugin. -->","yoast_head_json":{"title":"Rotkraut Kiste - Seubert Fr\u00fcchte","robots":{"index":"index","follow":"follow","max-snippet":"max-snippet:-1","max-image-preview":"max-image-preview:large","max-video-preview":"max-video-preview:-1"},"canonical":"https:\/\/seubert-fruechte.de\/index.php\/produkt\/rotkraut-kiste\/","og_locale":"de_DE","og_type":"article","og_title":"Rotkraut Kiste - Seubert Fr\u00fcchte","og_description":"Unser frisches Rotkraut \u00fcberzeugt durch seine feste Struktur, die tiefviolette Farbe und den feinw\u00fcrzigen Geschmack. Es ist ein klassisches Winter- und Lagergem\u00fcse, das sowohl in der traditionellen als auch in der modernen K\u00fcche vielseitig einsetzbar ist \u2013 ob als Beilage, in Salaten oder f\u00fcr kreative vegetarische Gerichte. Dank seiner langen Haltbarkeit und hohen Qualit\u00e4t eignet [&hellip;]","og_url":"https:\/\/seubert-fruechte.de\/index.php\/produkt\/rotkraut-kiste\/","og_site_name":"Seubert Fr\u00fcchte","article_modified_time":"2025-09-04T08:13:30+00:00","og_image":[{"width":1280,"height":729,"url":"https:\/\/seubert-fruechte.de\/wp-content\/uploads\/2025\/09\/Rotkohl.jpg","type":"image\/jpeg"}],"twitter_card":"summary_large_image","twitter_misc":{"Gesch\u00e4tzte Lesezeit":"1\u00a0Minute"},"schema":{"@context":"https:\/\/schema.org","@graph":[{"@type":"WebPage","@id":"https:\/\/seubert-fruechte.de\/index.php\/produkt\/rotkraut-kiste\/","url":"https:\/\/seubert-fruechte.de\/index.php\/produkt\/rotkraut-kiste\/","name":"Rotkraut Kiste - Seubert Fr\u00fcchte","isPartOf":{"@id":"https:\/\/seubert-fruechte.de\/#website"},"primaryImageOfPage":{"@id":"https:\/\/seubert-fruechte.de\/index.php\/produkt\/rotkraut-kiste\/#primaryimage"},"image":{"@id":"https:\/\/seubert-fruechte.de\/index.php\/produkt\/rotkraut-kiste\/#primaryimage"},"thumbnailUrl":"https:\/\/seubert-fruechte.de\/wp-content\/uploads\/2025\/09\/Rotkohl.jpg","datePublished":"2025-09-04T08:12:37+00:00","dateModified":"2025-09-04T08:13:30+00:00","breadcrumb":{"@id":"https:\/\/seubert-fruechte.de\/index.php\/produkt\/rotkraut-kiste\/#breadcrumb"},"inLanguage":"de","potentialAction":[{"@type":"ReadAction","target":["https:\/\/seubert-fruechte.de\/index.php\/produkt\/rotkraut-kiste\/"]}]},{"@type":"ImageObject","inLanguage":"de","@id":"https:\/\/seubert-fruechte.de\/index.php\/produkt\/rotkraut-kiste\/#primaryimage","url":"https:\/\/seubert-fruechte.de\/wp-content\/uploads\/2025\/09\/Rotkohl.jpg","contentUrl":"https:\/\/seubert-fruechte.de\/wp-content\/uploads\/2025\/09\/Rotkohl.jpg","width":1280,"height":729},{"@type":"BreadcrumbList","@id":"https:\/\/seubert-fruechte.de\/index.php\/produkt\/rotkraut-kiste\/#breadcrumb","itemListElement":[{"@type":"ListItem","position":1,"name":"Startseite","item":"https:\/\/seubert-fruechte.de\/"},{"@type":"ListItem","position":2,"name":"Shop","item":"https:\/\/seubert-fruechte.de\/index.php\/shop\/"},{"@type":"ListItem","position":3,"name":"Rotkraut Kiste"}]},{"@type":"WebSite","@id":"https:\/\/seubert-fruechte.de\/#website","url":"https:\/\/seubert-fruechte.de\/","name":"Seubert Fr\u00fcchte","description":"","potentialAction":[{"@type":"SearchAction","target":{"@type":"EntryPoint","urlTemplate":"https:\/\/seubert-fruechte.de\/?s={search_term_string}"},"query-input":{"@type":"PropertyValueSpecification","valueRequired":true,"valueName":"search_term_string"}}],"inLanguage":"de"}]}},"_links":{"self":[{"href":"https:\/\/seubert-fruechte.de\/index.php\/wp-json\/wp\/v2\/product\/265","targetHints":{"allow":["GET"]}}],"collection":[{"href":"https:\/\/seubert-fruechte.de\/index.php\/wp-json\/wp\/v2\/product"}],"about":[{"href":"https:\/\/seubert-fruechte.de\/index.php\/wp-json\/wp\/v2\/types\/product"}],"replies":[{"embeddable":true,"href":"https:\/\/seubert-fruechte.de\/index.php\/wp-json\/wp\/v2\/comments?post=265"}],"wp:featuredmedia":[{"embeddable":true,"href":"https:\/\/seubert-fruechte.de\/index.php\/wp-json\/wp\/v2\/media\/263"}],"wp:attachment":[{"href":"https:\/\/seubert-fruechte.de\/index.php\/wp-json\/wp\/v2\/media?parent=265"}],"wp:term":[{"taxonomy":"product_brand","embeddable":true,"href":"https:\/\/seubert-fruechte.de\/index.php\/wp-json\/wp\/v2\/product_brand?post=265"},{"taxonomy":"product_cat","embeddable":true,"href":"https:\/\/seubert-fruechte.de\/index.php\/wp-json\/wp\/v2\/product_cat?post=265"},{"taxonomy":"product_tag","embeddable":true,"href":"https:\/\/seubert-fruechte.de\/index.php\/wp-json\/wp\/v2\/product_tag?post=265"}],"curies":[{"name":"wp","href":"https:\/\/api.w.org\/{rel}","templated":true}]}}