{"id":250,"date":"2025-09-04T09:27:22","date_gmt":"2025-09-04T07:27:22","guid":{"rendered":"https:\/\/seubert-fruechte.de\/?post_type=product&#038;p=250"},"modified":"2025-09-04T09:27:55","modified_gmt":"2025-09-04T07:27:55","slug":"erdkohlraben-kg","status":"publish","type":"product","link":"https:\/\/seubert-fruechte.de\/index.php\/produkt\/erdkohlraben-kg\/","title":{"rendered":"Erdkohlraben kg"},"content":{"rendered":"<p data-start=\"169\" data-end=\"611\">Unsere frische <strong data-start=\"203\" data-end=\"218\">Erdkohlraben<\/strong>\u00a0 sind ein klassisches Lager- und Wintergem\u00fcse, das sich durch seinen kr\u00e4ftig-w\u00fcrzigen Geschmack und die gute Haltbarkeit auszeichnet. Mit seiner rundlichen Form und den hellgr\u00fcnen bis gelblichen Knollen ist er besonders in der deftigen K\u00fcche beliebt und eignet sich hervorragend f\u00fcr Suppen, Eint\u00f6pfe oder Schmorgerichte.<\/p>\n<p data-start=\"112\" data-end=\"290\"><strong>Hinweis zur Menge:<\/strong><\/p>\n<p data-start=\"112\" data-end=\"290\">Menge 1 entspricht einem Kilogramm<\/p>\n","protected":false},"excerpt":{"rendered":"<p>Unsere frische Erdkohlraben\u00a0 sind ein klassisches Lager- und Wintergem\u00fcse, das sich durch seinen kr\u00e4ftig-w\u00fcrzigen Geschmack und die gute Haltbarkeit auszeichnet. Mit seiner rundlichen Form und den hellgr\u00fcnen bis gelblichen Knollen ist er besonders in der deftigen K\u00fcche beliebt und eignet sich hervorragend f\u00fcr Suppen, Eint\u00f6pfe oder Schmorgerichte. Hinweis zur Menge: Menge 1 entspricht einem Kilogramm<\/p>\n","protected":false},"featured_media":249,"comment_status":"closed","ping_status":"closed","template":"","meta":[],"product_brand":[],"product_cat":[18],"product_tag":[],"class_list":{"0":"post-250","1":"product","2":"type-product","3":"status-publish","4":"has-post-thumbnail","6":"product_cat-gemuese","8":"first","9":"instock","10":"shipping-taxable","11":"purchasable","12":"product-type-simple"},"yoast_head":"<!-- This site is optimized with the Yoast SEO plugin v26.1.1 - https:\/\/yoast.com\/wordpress\/plugins\/seo\/ -->\n<title>Erdkohlraben kg - Seubert Fr\u00fcchte<\/title>\n<meta name=\"robots\" content=\"index, follow, max-snippet:-1, max-image-preview:large, max-video-preview:-1\" \/>\n<link rel=\"canonical\" href=\"https:\/\/seubert-fruechte.de\/index.php\/produkt\/erdkohlraben-kg\/\" \/>\n<meta property=\"og:locale\" content=\"de_DE\" \/>\n<meta property=\"og:type\" content=\"article\" \/>\n<meta property=\"og:title\" content=\"Erdkohlraben kg - Seubert Fr\u00fcchte\" \/>\n<meta property=\"og:description\" content=\"Unsere frische Erdkohlraben\u00a0 sind ein klassisches Lager- und Wintergem\u00fcse, das sich durch seinen kr\u00e4ftig-w\u00fcrzigen Geschmack und die gute Haltbarkeit auszeichnet. Mit seiner rundlichen Form und den hellgr\u00fcnen bis gelblichen Knollen ist er besonders in der deftigen K\u00fcche beliebt und eignet sich hervorragend f\u00fcr Suppen, Eint\u00f6pfe oder Schmorgerichte. Hinweis zur Menge: Menge 1 entspricht einem Kilogramm\" \/>\n<meta property=\"og:url\" content=\"https:\/\/seubert-fruechte.de\/index.php\/produkt\/erdkohlraben-kg\/\" \/>\n<meta property=\"og:site_name\" content=\"Seubert Fr\u00fcchte\" \/>\n<meta property=\"article:modified_time\" content=\"2025-09-04T07:27:55+00:00\" \/>\n<meta property=\"og:image\" content=\"https:\/\/seubert-fruechte.de\/wp-content\/uploads\/2025\/09\/Steckrueben.jpg\" \/>\n\t<meta property=\"og:image:width\" content=\"1280\" \/>\n\t<meta property=\"og:image:height\" content=\"852\" \/>\n\t<meta property=\"og:image:type\" content=\"image\/jpeg\" \/>\n<meta name=\"twitter:card\" content=\"summary_large_image\" \/>\n<meta name=\"twitter:label1\" content=\"Gesch\u00e4tzte Lesezeit\" \/>\n\t<meta name=\"twitter:data1\" content=\"1\u00a0Minute\" \/>\n<script type=\"application\/ld+json\" class=\"yoast-schema-graph\">{\"@context\":\"https:\/\/schema.org\",\"@graph\":[{\"@type\":\"WebPage\",\"@id\":\"https:\/\/seubert-fruechte.de\/index.php\/produkt\/erdkohlraben-kg\/\",\"url\":\"https:\/\/seubert-fruechte.de\/index.php\/produkt\/erdkohlraben-kg\/\",\"name\":\"Erdkohlraben kg - Seubert Fr\u00fcchte\",\"isPartOf\":{\"@id\":\"https:\/\/seubert-fruechte.de\/#website\"},\"primaryImageOfPage\":{\"@id\":\"https:\/\/seubert-fruechte.de\/index.php\/produkt\/erdkohlraben-kg\/#primaryimage\"},\"image\":{\"@id\":\"https:\/\/seubert-fruechte.de\/index.php\/produkt\/erdkohlraben-kg\/#primaryimage\"},\"thumbnailUrl\":\"https:\/\/seubert-fruechte.de\/wp-content\/uploads\/2025\/09\/Steckrueben.jpg\",\"datePublished\":\"2025-09-04T07:27:22+00:00\",\"dateModified\":\"2025-09-04T07:27:55+00:00\",\"breadcrumb\":{\"@id\":\"https:\/\/seubert-fruechte.de\/index.php\/produkt\/erdkohlraben-kg\/#breadcrumb\"},\"inLanguage\":\"de\",\"potentialAction\":[{\"@type\":\"ReadAction\",\"target\":[\"https:\/\/seubert-fruechte.de\/index.php\/produkt\/erdkohlraben-kg\/\"]}]},{\"@type\":\"ImageObject\",\"inLanguage\":\"de\",\"@id\":\"https:\/\/seubert-fruechte.de\/index.php\/produkt\/erdkohlraben-kg\/#primaryimage\",\"url\":\"https:\/\/seubert-fruechte.de\/wp-content\/uploads\/2025\/09\/Steckrueben.jpg\",\"contentUrl\":\"https:\/\/seubert-fruechte.de\/wp-content\/uploads\/2025\/09\/Steckrueben.jpg\",\"width\":1280,\"height\":852},{\"@type\":\"BreadcrumbList\",\"@id\":\"https:\/\/seubert-fruechte.de\/index.php\/produkt\/erdkohlraben-kg\/#breadcrumb\",\"itemListElement\":[{\"@type\":\"ListItem\",\"position\":1,\"name\":\"Startseite\",\"item\":\"https:\/\/seubert-fruechte.de\/\"},{\"@type\":\"ListItem\",\"position\":2,\"name\":\"Shop\",\"item\":\"https:\/\/seubert-fruechte.de\/index.php\/shop\/\"},{\"@type\":\"ListItem\",\"position\":3,\"name\":\"Erdkohlraben kg\"}]},{\"@type\":\"WebSite\",\"@id\":\"https:\/\/seubert-fruechte.de\/#website\",\"url\":\"https:\/\/seubert-fruechte.de\/\",\"name\":\"Seubert Fr\u00fcchte\",\"description\":\"\",\"potentialAction\":[{\"@type\":\"SearchAction\",\"target\":{\"@type\":\"EntryPoint\",\"urlTemplate\":\"https:\/\/seubert-fruechte.de\/?s={search_term_string}\"},\"query-input\":{\"@type\":\"PropertyValueSpecification\",\"valueRequired\":true,\"valueName\":\"search_term_string\"}}],\"inLanguage\":\"de\"}]}<\/script>\n<!-- \/ Yoast SEO plugin. -->","yoast_head_json":{"title":"Erdkohlraben kg - Seubert Fr\u00fcchte","robots":{"index":"index","follow":"follow","max-snippet":"max-snippet:-1","max-image-preview":"max-image-preview:large","max-video-preview":"max-video-preview:-1"},"canonical":"https:\/\/seubert-fruechte.de\/index.php\/produkt\/erdkohlraben-kg\/","og_locale":"de_DE","og_type":"article","og_title":"Erdkohlraben kg - Seubert Fr\u00fcchte","og_description":"Unsere frische Erdkohlraben\u00a0 sind ein klassisches Lager- und Wintergem\u00fcse, das sich durch seinen kr\u00e4ftig-w\u00fcrzigen Geschmack und die gute Haltbarkeit auszeichnet. Mit seiner rundlichen Form und den hellgr\u00fcnen bis gelblichen Knollen ist er besonders in der deftigen K\u00fcche beliebt und eignet sich hervorragend f\u00fcr Suppen, Eint\u00f6pfe oder Schmorgerichte. Hinweis zur Menge: Menge 1 entspricht einem Kilogramm","og_url":"https:\/\/seubert-fruechte.de\/index.php\/produkt\/erdkohlraben-kg\/","og_site_name":"Seubert Fr\u00fcchte","article_modified_time":"2025-09-04T07:27:55+00:00","og_image":[{"width":1280,"height":852,"url":"https:\/\/seubert-fruechte.de\/wp-content\/uploads\/2025\/09\/Steckrueben.jpg","type":"image\/jpeg"}],"twitter_card":"summary_large_image","twitter_misc":{"Gesch\u00e4tzte Lesezeit":"1\u00a0Minute"},"schema":{"@context":"https:\/\/schema.org","@graph":[{"@type":"WebPage","@id":"https:\/\/seubert-fruechte.de\/index.php\/produkt\/erdkohlraben-kg\/","url":"https:\/\/seubert-fruechte.de\/index.php\/produkt\/erdkohlraben-kg\/","name":"Erdkohlraben kg - Seubert Fr\u00fcchte","isPartOf":{"@id":"https:\/\/seubert-fruechte.de\/#website"},"primaryImageOfPage":{"@id":"https:\/\/seubert-fruechte.de\/index.php\/produkt\/erdkohlraben-kg\/#primaryimage"},"image":{"@id":"https:\/\/seubert-fruechte.de\/index.php\/produkt\/erdkohlraben-kg\/#primaryimage"},"thumbnailUrl":"https:\/\/seubert-fruechte.de\/wp-content\/uploads\/2025\/09\/Steckrueben.jpg","datePublished":"2025-09-04T07:27:22+00:00","dateModified":"2025-09-04T07:27:55+00:00","breadcrumb":{"@id":"https:\/\/seubert-fruechte.de\/index.php\/produkt\/erdkohlraben-kg\/#breadcrumb"},"inLanguage":"de","potentialAction":[{"@type":"ReadAction","target":["https:\/\/seubert-fruechte.de\/index.php\/produkt\/erdkohlraben-kg\/"]}]},{"@type":"ImageObject","inLanguage":"de","@id":"https:\/\/seubert-fruechte.de\/index.php\/produkt\/erdkohlraben-kg\/#primaryimage","url":"https:\/\/seubert-fruechte.de\/wp-content\/uploads\/2025\/09\/Steckrueben.jpg","contentUrl":"https:\/\/seubert-fruechte.de\/wp-content\/uploads\/2025\/09\/Steckrueben.jpg","width":1280,"height":852},{"@type":"BreadcrumbList","@id":"https:\/\/seubert-fruechte.de\/index.php\/produkt\/erdkohlraben-kg\/#breadcrumb","itemListElement":[{"@type":"ListItem","position":1,"name":"Startseite","item":"https:\/\/seubert-fruechte.de\/"},{"@type":"ListItem","position":2,"name":"Shop","item":"https:\/\/seubert-fruechte.de\/index.php\/shop\/"},{"@type":"ListItem","position":3,"name":"Erdkohlraben kg"}]},{"@type":"WebSite","@id":"https:\/\/seubert-fruechte.de\/#website","url":"https:\/\/seubert-fruechte.de\/","name":"Seubert Fr\u00fcchte","description":"","potentialAction":[{"@type":"SearchAction","target":{"@type":"EntryPoint","urlTemplate":"https:\/\/seubert-fruechte.de\/?s={search_term_string}"},"query-input":{"@type":"PropertyValueSpecification","valueRequired":true,"valueName":"search_term_string"}}],"inLanguage":"de"}]}},"_links":{"self":[{"href":"https:\/\/seubert-fruechte.de\/index.php\/wp-json\/wp\/v2\/product\/250","targetHints":{"allow":["GET"]}}],"collection":[{"href":"https:\/\/seubert-fruechte.de\/index.php\/wp-json\/wp\/v2\/product"}],"about":[{"href":"https:\/\/seubert-fruechte.de\/index.php\/wp-json\/wp\/v2\/types\/product"}],"replies":[{"embeddable":true,"href":"https:\/\/seubert-fruechte.de\/index.php\/wp-json\/wp\/v2\/comments?post=250"}],"wp:featuredmedia":[{"embeddable":true,"href":"https:\/\/seubert-fruechte.de\/index.php\/wp-json\/wp\/v2\/media\/249"}],"wp:attachment":[{"href":"https:\/\/seubert-fruechte.de\/index.php\/wp-json\/wp\/v2\/media?parent=250"}],"wp:term":[{"taxonomy":"product_brand","embeddable":true,"href":"https:\/\/seubert-fruechte.de\/index.php\/wp-json\/wp\/v2\/product_brand?post=250"},{"taxonomy":"product_cat","embeddable":true,"href":"https:\/\/seubert-fruechte.de\/index.php\/wp-json\/wp\/v2\/product_cat?post=250"},{"taxonomy":"product_tag","embeddable":true,"href":"https:\/\/seubert-fruechte.de\/index.php\/wp-json\/wp\/v2\/product_tag?post=250"}],"curies":[{"name":"wp","href":"https:\/\/api.w.org\/{rel}","templated":true}]}}