{"id":248,"date":"2025-09-04T09:26:25","date_gmt":"2025-09-04T07:26:25","guid":{"rendered":"https:\/\/seubert-fruechte.de\/?post_type=product&#038;p=248"},"modified":"2025-09-04T09:26:25","modified_gmt":"2025-09-04T07:26:25","slug":"erdkohlraben-kiste","status":"publish","type":"product","link":"https:\/\/seubert-fruechte.de\/index.php\/produkt\/erdkohlraben-kiste\/","title":{"rendered":"Erdkohlraben Kiste"},"content":{"rendered":"<p data-start=\"169\" data-end=\"611\">Unsere frische <strong data-start=\"203\" data-end=\"218\">Erdkohlraben<\/strong>\u00a0 sind ein klassisches Lager- und Wintergem\u00fcse, das sich durch seinen kr\u00e4ftig-w\u00fcrzigen Geschmack und die gute Haltbarkeit auszeichnet. Mit seiner rundlichen Form und den hellgr\u00fcnen bis gelblichen Knollen ist er besonders in der deftigen K\u00fcche beliebt und eignet sich hervorragend f\u00fcr Suppen, Eint\u00f6pfe oder Schmorgerichte.<\/p>\n<p data-start=\"169\" data-end=\"611\"><strong>Verpackung:<\/strong> 15kg pro Kiste<\/p>\n<p data-start=\"112\" data-end=\"290\"><strong>Hinweis zur Menge:<\/strong><\/p>\n<p data-start=\"112\" data-end=\"290\">Menge 1 entspricht einer Kiste<\/p>\n","protected":false},"excerpt":{"rendered":"<p>Unsere frische Erdkohlraben\u00a0 sind ein klassisches Lager- und Wintergem\u00fcse, das sich durch seinen kr\u00e4ftig-w\u00fcrzigen Geschmack und die gute Haltbarkeit auszeichnet. Mit seiner rundlichen Form und den hellgr\u00fcnen bis gelblichen Knollen ist er besonders in der deftigen K\u00fcche beliebt und eignet sich hervorragend f\u00fcr Suppen, Eint\u00f6pfe oder Schmorgerichte. Verpackung: 15kg pro Kiste Hinweis zur Menge: Menge [&hellip;]<\/p>\n","protected":false},"featured_media":249,"comment_status":"closed","ping_status":"closed","template":"","meta":[],"product_brand":[],"product_cat":[18],"product_tag":[],"class_list":{"0":"post-248","1":"product","2":"type-product","3":"status-publish","4":"has-post-thumbnail","6":"product_cat-gemuese","8":"first","9":"instock","10":"shipping-taxable","11":"purchasable","12":"product-type-simple"},"yoast_head":"<!-- This site is optimized with the Yoast SEO plugin v26.1.1 - https:\/\/yoast.com\/wordpress\/plugins\/seo\/ -->\n<title>Erdkohlraben Kiste - Seubert Fr\u00fcchte<\/title>\n<meta name=\"robots\" content=\"index, follow, max-snippet:-1, max-image-preview:large, max-video-preview:-1\" \/>\n<link rel=\"canonical\" href=\"https:\/\/seubert-fruechte.de\/index.php\/produkt\/erdkohlraben-kiste\/\" \/>\n<meta property=\"og:locale\" content=\"de_DE\" \/>\n<meta property=\"og:type\" content=\"article\" \/>\n<meta property=\"og:title\" content=\"Erdkohlraben Kiste - Seubert Fr\u00fcchte\" \/>\n<meta property=\"og:description\" content=\"Unsere frische Erdkohlraben\u00a0 sind ein klassisches Lager- und Wintergem\u00fcse, das sich durch seinen kr\u00e4ftig-w\u00fcrzigen Geschmack und die gute Haltbarkeit auszeichnet. Mit seiner rundlichen Form und den hellgr\u00fcnen bis gelblichen Knollen ist er besonders in der deftigen K\u00fcche beliebt und eignet sich hervorragend f\u00fcr Suppen, Eint\u00f6pfe oder Schmorgerichte. Verpackung: 15kg pro Kiste Hinweis zur Menge: Menge [&hellip;]\" \/>\n<meta property=\"og:url\" content=\"https:\/\/seubert-fruechte.de\/index.php\/produkt\/erdkohlraben-kiste\/\" \/>\n<meta property=\"og:site_name\" content=\"Seubert Fr\u00fcchte\" \/>\n<meta property=\"og:image\" content=\"https:\/\/seubert-fruechte.de\/wp-content\/uploads\/2025\/09\/Steckrueben.jpg\" \/>\n\t<meta property=\"og:image:width\" content=\"1280\" \/>\n\t<meta property=\"og:image:height\" content=\"852\" \/>\n\t<meta property=\"og:image:type\" content=\"image\/jpeg\" \/>\n<meta name=\"twitter:card\" content=\"summary_large_image\" \/>\n<meta name=\"twitter:label1\" content=\"Gesch\u00e4tzte Lesezeit\" \/>\n\t<meta name=\"twitter:data1\" content=\"1\u00a0Minute\" \/>\n<script type=\"application\/ld+json\" class=\"yoast-schema-graph\">{\"@context\":\"https:\/\/schema.org\",\"@graph\":[{\"@type\":\"WebPage\",\"@id\":\"https:\/\/seubert-fruechte.de\/index.php\/produkt\/erdkohlraben-kiste\/\",\"url\":\"https:\/\/seubert-fruechte.de\/index.php\/produkt\/erdkohlraben-kiste\/\",\"name\":\"Erdkohlraben Kiste - Seubert Fr\u00fcchte\",\"isPartOf\":{\"@id\":\"https:\/\/seubert-fruechte.de\/#website\"},\"primaryImageOfPage\":{\"@id\":\"https:\/\/seubert-fruechte.de\/index.php\/produkt\/erdkohlraben-kiste\/#primaryimage\"},\"image\":{\"@id\":\"https:\/\/seubert-fruechte.de\/index.php\/produkt\/erdkohlraben-kiste\/#primaryimage\"},\"thumbnailUrl\":\"https:\/\/seubert-fruechte.de\/wp-content\/uploads\/2025\/09\/Steckrueben.jpg\",\"datePublished\":\"2025-09-04T07:26:25+00:00\",\"breadcrumb\":{\"@id\":\"https:\/\/seubert-fruechte.de\/index.php\/produkt\/erdkohlraben-kiste\/#breadcrumb\"},\"inLanguage\":\"de\",\"potentialAction\":[{\"@type\":\"ReadAction\",\"target\":[\"https:\/\/seubert-fruechte.de\/index.php\/produkt\/erdkohlraben-kiste\/\"]}]},{\"@type\":\"ImageObject\",\"inLanguage\":\"de\",\"@id\":\"https:\/\/seubert-fruechte.de\/index.php\/produkt\/erdkohlraben-kiste\/#primaryimage\",\"url\":\"https:\/\/seubert-fruechte.de\/wp-content\/uploads\/2025\/09\/Steckrueben.jpg\",\"contentUrl\":\"https:\/\/seubert-fruechte.de\/wp-content\/uploads\/2025\/09\/Steckrueben.jpg\",\"width\":1280,\"height\":852},{\"@type\":\"BreadcrumbList\",\"@id\":\"https:\/\/seubert-fruechte.de\/index.php\/produkt\/erdkohlraben-kiste\/#breadcrumb\",\"itemListElement\":[{\"@type\":\"ListItem\",\"position\":1,\"name\":\"Startseite\",\"item\":\"https:\/\/seubert-fruechte.de\/\"},{\"@type\":\"ListItem\",\"position\":2,\"name\":\"Shop\",\"item\":\"https:\/\/seubert-fruechte.de\/index.php\/shop\/\"},{\"@type\":\"ListItem\",\"position\":3,\"name\":\"Erdkohlraben Kiste\"}]},{\"@type\":\"WebSite\",\"@id\":\"https:\/\/seubert-fruechte.de\/#website\",\"url\":\"https:\/\/seubert-fruechte.de\/\",\"name\":\"Seubert Fr\u00fcchte\",\"description\":\"\",\"potentialAction\":[{\"@type\":\"SearchAction\",\"target\":{\"@type\":\"EntryPoint\",\"urlTemplate\":\"https:\/\/seubert-fruechte.de\/?s={search_term_string}\"},\"query-input\":{\"@type\":\"PropertyValueSpecification\",\"valueRequired\":true,\"valueName\":\"search_term_string\"}}],\"inLanguage\":\"de\"}]}<\/script>\n<!-- \/ Yoast SEO plugin. -->","yoast_head_json":{"title":"Erdkohlraben Kiste - Seubert Fr\u00fcchte","robots":{"index":"index","follow":"follow","max-snippet":"max-snippet:-1","max-image-preview":"max-image-preview:large","max-video-preview":"max-video-preview:-1"},"canonical":"https:\/\/seubert-fruechte.de\/index.php\/produkt\/erdkohlraben-kiste\/","og_locale":"de_DE","og_type":"article","og_title":"Erdkohlraben Kiste - Seubert Fr\u00fcchte","og_description":"Unsere frische Erdkohlraben\u00a0 sind ein klassisches Lager- und Wintergem\u00fcse, das sich durch seinen kr\u00e4ftig-w\u00fcrzigen Geschmack und die gute Haltbarkeit auszeichnet. Mit seiner rundlichen Form und den hellgr\u00fcnen bis gelblichen Knollen ist er besonders in der deftigen K\u00fcche beliebt und eignet sich hervorragend f\u00fcr Suppen, Eint\u00f6pfe oder Schmorgerichte. Verpackung: 15kg pro Kiste Hinweis zur Menge: Menge [&hellip;]","og_url":"https:\/\/seubert-fruechte.de\/index.php\/produkt\/erdkohlraben-kiste\/","og_site_name":"Seubert Fr\u00fcchte","og_image":[{"width":1280,"height":852,"url":"https:\/\/seubert-fruechte.de\/wp-content\/uploads\/2025\/09\/Steckrueben.jpg","type":"image\/jpeg"}],"twitter_card":"summary_large_image","twitter_misc":{"Gesch\u00e4tzte Lesezeit":"1\u00a0Minute"},"schema":{"@context":"https:\/\/schema.org","@graph":[{"@type":"WebPage","@id":"https:\/\/seubert-fruechte.de\/index.php\/produkt\/erdkohlraben-kiste\/","url":"https:\/\/seubert-fruechte.de\/index.php\/produkt\/erdkohlraben-kiste\/","name":"Erdkohlraben Kiste - Seubert Fr\u00fcchte","isPartOf":{"@id":"https:\/\/seubert-fruechte.de\/#website"},"primaryImageOfPage":{"@id":"https:\/\/seubert-fruechte.de\/index.php\/produkt\/erdkohlraben-kiste\/#primaryimage"},"image":{"@id":"https:\/\/seubert-fruechte.de\/index.php\/produkt\/erdkohlraben-kiste\/#primaryimage"},"thumbnailUrl":"https:\/\/seubert-fruechte.de\/wp-content\/uploads\/2025\/09\/Steckrueben.jpg","datePublished":"2025-09-04T07:26:25+00:00","breadcrumb":{"@id":"https:\/\/seubert-fruechte.de\/index.php\/produkt\/erdkohlraben-kiste\/#breadcrumb"},"inLanguage":"de","potentialAction":[{"@type":"ReadAction","target":["https:\/\/seubert-fruechte.de\/index.php\/produkt\/erdkohlraben-kiste\/"]}]},{"@type":"ImageObject","inLanguage":"de","@id":"https:\/\/seubert-fruechte.de\/index.php\/produkt\/erdkohlraben-kiste\/#primaryimage","url":"https:\/\/seubert-fruechte.de\/wp-content\/uploads\/2025\/09\/Steckrueben.jpg","contentUrl":"https:\/\/seubert-fruechte.de\/wp-content\/uploads\/2025\/09\/Steckrueben.jpg","width":1280,"height":852},{"@type":"BreadcrumbList","@id":"https:\/\/seubert-fruechte.de\/index.php\/produkt\/erdkohlraben-kiste\/#breadcrumb","itemListElement":[{"@type":"ListItem","position":1,"name":"Startseite","item":"https:\/\/seubert-fruechte.de\/"},{"@type":"ListItem","position":2,"name":"Shop","item":"https:\/\/seubert-fruechte.de\/index.php\/shop\/"},{"@type":"ListItem","position":3,"name":"Erdkohlraben Kiste"}]},{"@type":"WebSite","@id":"https:\/\/seubert-fruechte.de\/#website","url":"https:\/\/seubert-fruechte.de\/","name":"Seubert Fr\u00fcchte","description":"","potentialAction":[{"@type":"SearchAction","target":{"@type":"EntryPoint","urlTemplate":"https:\/\/seubert-fruechte.de\/?s={search_term_string}"},"query-input":{"@type":"PropertyValueSpecification","valueRequired":true,"valueName":"search_term_string"}}],"inLanguage":"de"}]}},"_links":{"self":[{"href":"https:\/\/seubert-fruechte.de\/index.php\/wp-json\/wp\/v2\/product\/248","targetHints":{"allow":["GET"]}}],"collection":[{"href":"https:\/\/seubert-fruechte.de\/index.php\/wp-json\/wp\/v2\/product"}],"about":[{"href":"https:\/\/seubert-fruechte.de\/index.php\/wp-json\/wp\/v2\/types\/product"}],"replies":[{"embeddable":true,"href":"https:\/\/seubert-fruechte.de\/index.php\/wp-json\/wp\/v2\/comments?post=248"}],"wp:featuredmedia":[{"embeddable":true,"href":"https:\/\/seubert-fruechte.de\/index.php\/wp-json\/wp\/v2\/media\/249"}],"wp:attachment":[{"href":"https:\/\/seubert-fruechte.de\/index.php\/wp-json\/wp\/v2\/media?parent=248"}],"wp:term":[{"taxonomy":"product_brand","embeddable":true,"href":"https:\/\/seubert-fruechte.de\/index.php\/wp-json\/wp\/v2\/product_brand?post=248"},{"taxonomy":"product_cat","embeddable":true,"href":"https:\/\/seubert-fruechte.de\/index.php\/wp-json\/wp\/v2\/product_cat?post=248"},{"taxonomy":"product_tag","embeddable":true,"href":"https:\/\/seubert-fruechte.de\/index.php\/wp-json\/wp\/v2\/product_tag?post=248"}],"curies":[{"name":"wp","href":"https:\/\/api.w.org\/{rel}","templated":true}]}}