{"id":244,"date":"2025-09-03T17:07:12","date_gmt":"2025-09-03T15:07:12","guid":{"rendered":"https:\/\/seubert-fruechte.de\/?post_type=product&#038;p=244"},"modified":"2025-09-03T17:08:27","modified_gmt":"2025-09-03T15:08:27","slug":"weisskraut-kg","status":"publish","type":"product","link":"https:\/\/seubert-fruechte.de\/index.php\/produkt\/weisskraut-kg\/","title":{"rendered":"Wei\u00dfkraut kg"},"content":{"rendered":"<p data-start=\"169\" data-end=\"611\">Unser frisches <strong data-start=\"195\" data-end=\"208\">Wei\u00dfkraut<\/strong> \u00fcberzeugt durch seine kompakte Form, die hellgr\u00fcnen bis wei\u00dfen Bl\u00e4tter und den knackigen Biss. Mit seinem mild-w\u00fcrzigen Geschmack ist es eine der beliebtesten Kohlsorten und bildet die Basis f\u00fcr zahlreiche traditionelle und moderne Gerichte. Ob als Rohkost, in Salaten, als Beilage oder gekocht \u2013 Wei\u00dfkraut ist in der Gastronomie und im Handel gleicherma\u00dfen gefragt.<\/p>\n<p data-start=\"112\" data-end=\"290\"><strong>Hinweis zur Menge:<\/strong><\/p>\n<p data-start=\"112\" data-end=\"290\">Menge 1 entspricht einem Kilogramm<\/p>\n","protected":false},"excerpt":{"rendered":"<p>Unser frisches Wei\u00dfkraut \u00fcberzeugt durch seine kompakte Form, die hellgr\u00fcnen bis wei\u00dfen Bl\u00e4tter und den knackigen Biss. Mit seinem mild-w\u00fcrzigen Geschmack ist es eine der beliebtesten Kohlsorten und bildet die Basis f\u00fcr zahlreiche traditionelle und moderne Gerichte. Ob als Rohkost, in Salaten, als Beilage oder gekocht \u2013 Wei\u00dfkraut ist in der Gastronomie und im Handel [&hellip;]<\/p>\n","protected":false},"featured_media":243,"comment_status":"closed","ping_status":"closed","template":"","meta":[],"product_brand":[],"product_cat":[18],"product_tag":[],"class_list":{"0":"post-244","1":"product","2":"type-product","3":"status-publish","4":"has-post-thumbnail","6":"product_cat-gemuese","8":"first","9":"instock","10":"shipping-taxable","11":"purchasable","12":"product-type-simple"},"yoast_head":"<!-- This site is optimized with the Yoast SEO plugin v26.1.1 - https:\/\/yoast.com\/wordpress\/plugins\/seo\/ -->\n<title>Wei\u00dfkraut kg - Seubert Fr\u00fcchte<\/title>\n<meta name=\"robots\" content=\"index, follow, max-snippet:-1, max-image-preview:large, max-video-preview:-1\" \/>\n<link rel=\"canonical\" href=\"https:\/\/seubert-fruechte.de\/index.php\/produkt\/weisskraut-kg\/\" \/>\n<meta property=\"og:locale\" content=\"de_DE\" \/>\n<meta property=\"og:type\" content=\"article\" \/>\n<meta property=\"og:title\" content=\"Wei\u00dfkraut kg - Seubert Fr\u00fcchte\" \/>\n<meta property=\"og:description\" content=\"Unser frisches Wei\u00dfkraut \u00fcberzeugt durch seine kompakte Form, die hellgr\u00fcnen bis wei\u00dfen Bl\u00e4tter und den knackigen Biss. Mit seinem mild-w\u00fcrzigen Geschmack ist es eine der beliebtesten Kohlsorten und bildet die Basis f\u00fcr zahlreiche traditionelle und moderne Gerichte. Ob als Rohkost, in Salaten, als Beilage oder gekocht \u2013 Wei\u00dfkraut ist in der Gastronomie und im Handel [&hellip;]\" \/>\n<meta property=\"og:url\" content=\"https:\/\/seubert-fruechte.de\/index.php\/produkt\/weisskraut-kg\/\" \/>\n<meta property=\"og:site_name\" content=\"Seubert Fr\u00fcchte\" \/>\n<meta property=\"article:modified_time\" content=\"2025-09-03T15:08:27+00:00\" \/>\n<meta property=\"og:image\" content=\"https:\/\/seubert-fruechte.de\/wp-content\/uploads\/2025\/09\/Weiskohl.jpg\" \/>\n\t<meta property=\"og:image:width\" content=\"1280\" \/>\n\t<meta property=\"og:image:height\" content=\"853\" \/>\n\t<meta property=\"og:image:type\" content=\"image\/jpeg\" \/>\n<meta name=\"twitter:card\" content=\"summary_large_image\" \/>\n<meta name=\"twitter:label1\" content=\"Gesch\u00e4tzte Lesezeit\" \/>\n\t<meta name=\"twitter:data1\" content=\"1\u00a0Minute\" \/>\n<script type=\"application\/ld+json\" class=\"yoast-schema-graph\">{\"@context\":\"https:\/\/schema.org\",\"@graph\":[{\"@type\":\"WebPage\",\"@id\":\"https:\/\/seubert-fruechte.de\/index.php\/produkt\/weisskraut-kg\/\",\"url\":\"https:\/\/seubert-fruechte.de\/index.php\/produkt\/weisskraut-kg\/\",\"name\":\"Wei\u00dfkraut kg - Seubert Fr\u00fcchte\",\"isPartOf\":{\"@id\":\"https:\/\/seubert-fruechte.de\/#website\"},\"primaryImageOfPage\":{\"@id\":\"https:\/\/seubert-fruechte.de\/index.php\/produkt\/weisskraut-kg\/#primaryimage\"},\"image\":{\"@id\":\"https:\/\/seubert-fruechte.de\/index.php\/produkt\/weisskraut-kg\/#primaryimage\"},\"thumbnailUrl\":\"https:\/\/seubert-fruechte.de\/wp-content\/uploads\/2025\/09\/Weiskohl.jpg\",\"datePublished\":\"2025-09-03T15:07:12+00:00\",\"dateModified\":\"2025-09-03T15:08:27+00:00\",\"breadcrumb\":{\"@id\":\"https:\/\/seubert-fruechte.de\/index.php\/produkt\/weisskraut-kg\/#breadcrumb\"},\"inLanguage\":\"de\",\"potentialAction\":[{\"@type\":\"ReadAction\",\"target\":[\"https:\/\/seubert-fruechte.de\/index.php\/produkt\/weisskraut-kg\/\"]}]},{\"@type\":\"ImageObject\",\"inLanguage\":\"de\",\"@id\":\"https:\/\/seubert-fruechte.de\/index.php\/produkt\/weisskraut-kg\/#primaryimage\",\"url\":\"https:\/\/seubert-fruechte.de\/wp-content\/uploads\/2025\/09\/Weiskohl.jpg\",\"contentUrl\":\"https:\/\/seubert-fruechte.de\/wp-content\/uploads\/2025\/09\/Weiskohl.jpg\",\"width\":1280,\"height\":853},{\"@type\":\"BreadcrumbList\",\"@id\":\"https:\/\/seubert-fruechte.de\/index.php\/produkt\/weisskraut-kg\/#breadcrumb\",\"itemListElement\":[{\"@type\":\"ListItem\",\"position\":1,\"name\":\"Startseite\",\"item\":\"https:\/\/seubert-fruechte.de\/\"},{\"@type\":\"ListItem\",\"position\":2,\"name\":\"Shop\",\"item\":\"https:\/\/seubert-fruechte.de\/index.php\/shop\/\"},{\"@type\":\"ListItem\",\"position\":3,\"name\":\"Wei\u00dfkraut kg\"}]},{\"@type\":\"WebSite\",\"@id\":\"https:\/\/seubert-fruechte.de\/#website\",\"url\":\"https:\/\/seubert-fruechte.de\/\",\"name\":\"Seubert Fr\u00fcchte\",\"description\":\"\",\"potentialAction\":[{\"@type\":\"SearchAction\",\"target\":{\"@type\":\"EntryPoint\",\"urlTemplate\":\"https:\/\/seubert-fruechte.de\/?s={search_term_string}\"},\"query-input\":{\"@type\":\"PropertyValueSpecification\",\"valueRequired\":true,\"valueName\":\"search_term_string\"}}],\"inLanguage\":\"de\"}]}<\/script>\n<!-- \/ Yoast SEO plugin. -->","yoast_head_json":{"title":"Wei\u00dfkraut kg - Seubert Fr\u00fcchte","robots":{"index":"index","follow":"follow","max-snippet":"max-snippet:-1","max-image-preview":"max-image-preview:large","max-video-preview":"max-video-preview:-1"},"canonical":"https:\/\/seubert-fruechte.de\/index.php\/produkt\/weisskraut-kg\/","og_locale":"de_DE","og_type":"article","og_title":"Wei\u00dfkraut kg - Seubert Fr\u00fcchte","og_description":"Unser frisches Wei\u00dfkraut \u00fcberzeugt durch seine kompakte Form, die hellgr\u00fcnen bis wei\u00dfen Bl\u00e4tter und den knackigen Biss. Mit seinem mild-w\u00fcrzigen Geschmack ist es eine der beliebtesten Kohlsorten und bildet die Basis f\u00fcr zahlreiche traditionelle und moderne Gerichte. Ob als Rohkost, in Salaten, als Beilage oder gekocht \u2013 Wei\u00dfkraut ist in der Gastronomie und im Handel [&hellip;]","og_url":"https:\/\/seubert-fruechte.de\/index.php\/produkt\/weisskraut-kg\/","og_site_name":"Seubert Fr\u00fcchte","article_modified_time":"2025-09-03T15:08:27+00:00","og_image":[{"width":1280,"height":853,"url":"https:\/\/seubert-fruechte.de\/wp-content\/uploads\/2025\/09\/Weiskohl.jpg","type":"image\/jpeg"}],"twitter_card":"summary_large_image","twitter_misc":{"Gesch\u00e4tzte Lesezeit":"1\u00a0Minute"},"schema":{"@context":"https:\/\/schema.org","@graph":[{"@type":"WebPage","@id":"https:\/\/seubert-fruechte.de\/index.php\/produkt\/weisskraut-kg\/","url":"https:\/\/seubert-fruechte.de\/index.php\/produkt\/weisskraut-kg\/","name":"Wei\u00dfkraut kg - Seubert Fr\u00fcchte","isPartOf":{"@id":"https:\/\/seubert-fruechte.de\/#website"},"primaryImageOfPage":{"@id":"https:\/\/seubert-fruechte.de\/index.php\/produkt\/weisskraut-kg\/#primaryimage"},"image":{"@id":"https:\/\/seubert-fruechte.de\/index.php\/produkt\/weisskraut-kg\/#primaryimage"},"thumbnailUrl":"https:\/\/seubert-fruechte.de\/wp-content\/uploads\/2025\/09\/Weiskohl.jpg","datePublished":"2025-09-03T15:07:12+00:00","dateModified":"2025-09-03T15:08:27+00:00","breadcrumb":{"@id":"https:\/\/seubert-fruechte.de\/index.php\/produkt\/weisskraut-kg\/#breadcrumb"},"inLanguage":"de","potentialAction":[{"@type":"ReadAction","target":["https:\/\/seubert-fruechte.de\/index.php\/produkt\/weisskraut-kg\/"]}]},{"@type":"ImageObject","inLanguage":"de","@id":"https:\/\/seubert-fruechte.de\/index.php\/produkt\/weisskraut-kg\/#primaryimage","url":"https:\/\/seubert-fruechte.de\/wp-content\/uploads\/2025\/09\/Weiskohl.jpg","contentUrl":"https:\/\/seubert-fruechte.de\/wp-content\/uploads\/2025\/09\/Weiskohl.jpg","width":1280,"height":853},{"@type":"BreadcrumbList","@id":"https:\/\/seubert-fruechte.de\/index.php\/produkt\/weisskraut-kg\/#breadcrumb","itemListElement":[{"@type":"ListItem","position":1,"name":"Startseite","item":"https:\/\/seubert-fruechte.de\/"},{"@type":"ListItem","position":2,"name":"Shop","item":"https:\/\/seubert-fruechte.de\/index.php\/shop\/"},{"@type":"ListItem","position":3,"name":"Wei\u00dfkraut kg"}]},{"@type":"WebSite","@id":"https:\/\/seubert-fruechte.de\/#website","url":"https:\/\/seubert-fruechte.de\/","name":"Seubert Fr\u00fcchte","description":"","potentialAction":[{"@type":"SearchAction","target":{"@type":"EntryPoint","urlTemplate":"https:\/\/seubert-fruechte.de\/?s={search_term_string}"},"query-input":{"@type":"PropertyValueSpecification","valueRequired":true,"valueName":"search_term_string"}}],"inLanguage":"de"}]}},"_links":{"self":[{"href":"https:\/\/seubert-fruechte.de\/index.php\/wp-json\/wp\/v2\/product\/244","targetHints":{"allow":["GET"]}}],"collection":[{"href":"https:\/\/seubert-fruechte.de\/index.php\/wp-json\/wp\/v2\/product"}],"about":[{"href":"https:\/\/seubert-fruechte.de\/index.php\/wp-json\/wp\/v2\/types\/product"}],"replies":[{"embeddable":true,"href":"https:\/\/seubert-fruechte.de\/index.php\/wp-json\/wp\/v2\/comments?post=244"}],"wp:featuredmedia":[{"embeddable":true,"href":"https:\/\/seubert-fruechte.de\/index.php\/wp-json\/wp\/v2\/media\/243"}],"wp:attachment":[{"href":"https:\/\/seubert-fruechte.de\/index.php\/wp-json\/wp\/v2\/media?parent=244"}],"wp:term":[{"taxonomy":"product_brand","embeddable":true,"href":"https:\/\/seubert-fruechte.de\/index.php\/wp-json\/wp\/v2\/product_brand?post=244"},{"taxonomy":"product_cat","embeddable":true,"href":"https:\/\/seubert-fruechte.de\/index.php\/wp-json\/wp\/v2\/product_cat?post=244"},{"taxonomy":"product_tag","embeddable":true,"href":"https:\/\/seubert-fruechte.de\/index.php\/wp-json\/wp\/v2\/product_tag?post=244"}],"curies":[{"name":"wp","href":"https:\/\/api.w.org\/{rel}","templated":true}]}}