{"id":239,"date":"2025-09-03T17:00:29","date_gmt":"2025-09-03T15:00:29","guid":{"rendered":"https:\/\/seubert-fruechte.de\/?post_type=product&#038;p=239"},"modified":"2025-09-03T17:00:29","modified_gmt":"2025-09-03T15:00:29","slug":"wirsing-kiste","status":"publish","type":"product","link":"https:\/\/seubert-fruechte.de\/index.php\/produkt\/wirsing-kiste\/","title":{"rendered":"Wirsing Kiste"},"content":{"rendered":"<p data-start=\"169\" data-end=\"611\">Unser frischer <strong data-start=\"184\" data-end=\"195\">Wirsing<\/strong> \u00fcberzeugt durch seine typisch gekrausten, sattgr\u00fcnen Bl\u00e4tter und den kr\u00e4ftig-aromatischen Geschmack. Er ist ein Klassiker der deutschen und europ\u00e4ischen K\u00fcche und eignet sich hervorragend f\u00fcr deftige Eint\u00f6pfe, feine Kohlrouladen oder als vitaminreiche Beilage. Dank seiner guten Haltbarkeit und einfachen Verarbeitung ist Wirsing sowohl in der Gastronomie als auch im Handel ein fester Bestandteil des Sortiments.<\/p>\n<p data-start=\"112\" data-end=\"290\"><strong data-start=\"585\" data-end=\"600\">Verpackung:<\/strong>\u00a0 je Kiste 7,5kg<\/p>\n<p data-start=\"112\" data-end=\"290\"><strong>Hinweis zur Menge:<\/strong><\/p>\n<p data-start=\"112\" data-end=\"290\">Menge 1 entspricht einer Kiste<\/p>\n","protected":false},"excerpt":{"rendered":"<p>Unser frischer Wirsing \u00fcberzeugt durch seine typisch gekrausten, sattgr\u00fcnen Bl\u00e4tter und den kr\u00e4ftig-aromatischen Geschmack. Er ist ein Klassiker der deutschen und europ\u00e4ischen K\u00fcche und eignet sich hervorragend f\u00fcr deftige Eint\u00f6pfe, feine Kohlrouladen oder als vitaminreiche Beilage. Dank seiner guten Haltbarkeit und einfachen Verarbeitung ist Wirsing sowohl in der Gastronomie als auch im Handel ein fester [&hellip;]<\/p>\n","protected":false},"featured_media":240,"comment_status":"closed","ping_status":"closed","template":"","meta":[],"product_brand":[],"product_cat":[18],"product_tag":[],"class_list":{"0":"post-239","1":"product","2":"type-product","3":"status-publish","4":"has-post-thumbnail","6":"product_cat-gemuese","8":"first","9":"instock","10":"shipping-taxable","11":"purchasable","12":"product-type-simple"},"yoast_head":"<!-- This site is optimized with the Yoast SEO plugin v26.1.1 - https:\/\/yoast.com\/wordpress\/plugins\/seo\/ -->\n<title>Wirsing Kiste - Seubert Fr\u00fcchte<\/title>\n<meta name=\"robots\" content=\"index, follow, max-snippet:-1, max-image-preview:large, max-video-preview:-1\" \/>\n<link rel=\"canonical\" href=\"https:\/\/seubert-fruechte.de\/index.php\/produkt\/wirsing-kiste\/\" \/>\n<meta property=\"og:locale\" content=\"de_DE\" \/>\n<meta property=\"og:type\" content=\"article\" \/>\n<meta property=\"og:title\" content=\"Wirsing Kiste - Seubert Fr\u00fcchte\" \/>\n<meta property=\"og:description\" content=\"Unser frischer Wirsing \u00fcberzeugt durch seine typisch gekrausten, sattgr\u00fcnen Bl\u00e4tter und den kr\u00e4ftig-aromatischen Geschmack. Er ist ein Klassiker der deutschen und europ\u00e4ischen K\u00fcche und eignet sich hervorragend f\u00fcr deftige Eint\u00f6pfe, feine Kohlrouladen oder als vitaminreiche Beilage. Dank seiner guten Haltbarkeit und einfachen Verarbeitung ist Wirsing sowohl in der Gastronomie als auch im Handel ein fester [&hellip;]\" \/>\n<meta property=\"og:url\" content=\"https:\/\/seubert-fruechte.de\/index.php\/produkt\/wirsing-kiste\/\" \/>\n<meta property=\"og:site_name\" content=\"Seubert Fr\u00fcchte\" \/>\n<meta property=\"og:image\" content=\"https:\/\/seubert-fruechte.de\/wp-content\/uploads\/2025\/09\/Wirsing.jpg\" \/>\n\t<meta property=\"og:image:width\" content=\"857\" \/>\n\t<meta property=\"og:image:height\" content=\"1280\" \/>\n\t<meta property=\"og:image:type\" content=\"image\/jpeg\" \/>\n<meta name=\"twitter:card\" content=\"summary_large_image\" \/>\n<meta name=\"twitter:label1\" content=\"Gesch\u00e4tzte Lesezeit\" \/>\n\t<meta name=\"twitter:data1\" content=\"1\u00a0Minute\" \/>\n<script type=\"application\/ld+json\" class=\"yoast-schema-graph\">{\"@context\":\"https:\/\/schema.org\",\"@graph\":[{\"@type\":\"WebPage\",\"@id\":\"https:\/\/seubert-fruechte.de\/index.php\/produkt\/wirsing-kiste\/\",\"url\":\"https:\/\/seubert-fruechte.de\/index.php\/produkt\/wirsing-kiste\/\",\"name\":\"Wirsing Kiste - Seubert Fr\u00fcchte\",\"isPartOf\":{\"@id\":\"https:\/\/seubert-fruechte.de\/#website\"},\"primaryImageOfPage\":{\"@id\":\"https:\/\/seubert-fruechte.de\/index.php\/produkt\/wirsing-kiste\/#primaryimage\"},\"image\":{\"@id\":\"https:\/\/seubert-fruechte.de\/index.php\/produkt\/wirsing-kiste\/#primaryimage\"},\"thumbnailUrl\":\"https:\/\/seubert-fruechte.de\/wp-content\/uploads\/2025\/09\/Wirsing.jpg\",\"datePublished\":\"2025-09-03T15:00:29+00:00\",\"breadcrumb\":{\"@id\":\"https:\/\/seubert-fruechte.de\/index.php\/produkt\/wirsing-kiste\/#breadcrumb\"},\"inLanguage\":\"de\",\"potentialAction\":[{\"@type\":\"ReadAction\",\"target\":[\"https:\/\/seubert-fruechte.de\/index.php\/produkt\/wirsing-kiste\/\"]}]},{\"@type\":\"ImageObject\",\"inLanguage\":\"de\",\"@id\":\"https:\/\/seubert-fruechte.de\/index.php\/produkt\/wirsing-kiste\/#primaryimage\",\"url\":\"https:\/\/seubert-fruechte.de\/wp-content\/uploads\/2025\/09\/Wirsing.jpg\",\"contentUrl\":\"https:\/\/seubert-fruechte.de\/wp-content\/uploads\/2025\/09\/Wirsing.jpg\",\"width\":857,\"height\":1280},{\"@type\":\"BreadcrumbList\",\"@id\":\"https:\/\/seubert-fruechte.de\/index.php\/produkt\/wirsing-kiste\/#breadcrumb\",\"itemListElement\":[{\"@type\":\"ListItem\",\"position\":1,\"name\":\"Startseite\",\"item\":\"https:\/\/seubert-fruechte.de\/\"},{\"@type\":\"ListItem\",\"position\":2,\"name\":\"Shop\",\"item\":\"https:\/\/seubert-fruechte.de\/index.php\/shop\/\"},{\"@type\":\"ListItem\",\"position\":3,\"name\":\"Wirsing Kiste\"}]},{\"@type\":\"WebSite\",\"@id\":\"https:\/\/seubert-fruechte.de\/#website\",\"url\":\"https:\/\/seubert-fruechte.de\/\",\"name\":\"Seubert Fr\u00fcchte\",\"description\":\"\",\"potentialAction\":[{\"@type\":\"SearchAction\",\"target\":{\"@type\":\"EntryPoint\",\"urlTemplate\":\"https:\/\/seubert-fruechte.de\/?s={search_term_string}\"},\"query-input\":{\"@type\":\"PropertyValueSpecification\",\"valueRequired\":true,\"valueName\":\"search_term_string\"}}],\"inLanguage\":\"de\"}]}<\/script>\n<!-- \/ Yoast SEO plugin. -->","yoast_head_json":{"title":"Wirsing Kiste - Seubert Fr\u00fcchte","robots":{"index":"index","follow":"follow","max-snippet":"max-snippet:-1","max-image-preview":"max-image-preview:large","max-video-preview":"max-video-preview:-1"},"canonical":"https:\/\/seubert-fruechte.de\/index.php\/produkt\/wirsing-kiste\/","og_locale":"de_DE","og_type":"article","og_title":"Wirsing Kiste - Seubert Fr\u00fcchte","og_description":"Unser frischer Wirsing \u00fcberzeugt durch seine typisch gekrausten, sattgr\u00fcnen Bl\u00e4tter und den kr\u00e4ftig-aromatischen Geschmack. Er ist ein Klassiker der deutschen und europ\u00e4ischen K\u00fcche und eignet sich hervorragend f\u00fcr deftige Eint\u00f6pfe, feine Kohlrouladen oder als vitaminreiche Beilage. Dank seiner guten Haltbarkeit und einfachen Verarbeitung ist Wirsing sowohl in der Gastronomie als auch im Handel ein fester [&hellip;]","og_url":"https:\/\/seubert-fruechte.de\/index.php\/produkt\/wirsing-kiste\/","og_site_name":"Seubert Fr\u00fcchte","og_image":[{"width":857,"height":1280,"url":"https:\/\/seubert-fruechte.de\/wp-content\/uploads\/2025\/09\/Wirsing.jpg","type":"image\/jpeg"}],"twitter_card":"summary_large_image","twitter_misc":{"Gesch\u00e4tzte Lesezeit":"1\u00a0Minute"},"schema":{"@context":"https:\/\/schema.org","@graph":[{"@type":"WebPage","@id":"https:\/\/seubert-fruechte.de\/index.php\/produkt\/wirsing-kiste\/","url":"https:\/\/seubert-fruechte.de\/index.php\/produkt\/wirsing-kiste\/","name":"Wirsing Kiste - Seubert Fr\u00fcchte","isPartOf":{"@id":"https:\/\/seubert-fruechte.de\/#website"},"primaryImageOfPage":{"@id":"https:\/\/seubert-fruechte.de\/index.php\/produkt\/wirsing-kiste\/#primaryimage"},"image":{"@id":"https:\/\/seubert-fruechte.de\/index.php\/produkt\/wirsing-kiste\/#primaryimage"},"thumbnailUrl":"https:\/\/seubert-fruechte.de\/wp-content\/uploads\/2025\/09\/Wirsing.jpg","datePublished":"2025-09-03T15:00:29+00:00","breadcrumb":{"@id":"https:\/\/seubert-fruechte.de\/index.php\/produkt\/wirsing-kiste\/#breadcrumb"},"inLanguage":"de","potentialAction":[{"@type":"ReadAction","target":["https:\/\/seubert-fruechte.de\/index.php\/produkt\/wirsing-kiste\/"]}]},{"@type":"ImageObject","inLanguage":"de","@id":"https:\/\/seubert-fruechte.de\/index.php\/produkt\/wirsing-kiste\/#primaryimage","url":"https:\/\/seubert-fruechte.de\/wp-content\/uploads\/2025\/09\/Wirsing.jpg","contentUrl":"https:\/\/seubert-fruechte.de\/wp-content\/uploads\/2025\/09\/Wirsing.jpg","width":857,"height":1280},{"@type":"BreadcrumbList","@id":"https:\/\/seubert-fruechte.de\/index.php\/produkt\/wirsing-kiste\/#breadcrumb","itemListElement":[{"@type":"ListItem","position":1,"name":"Startseite","item":"https:\/\/seubert-fruechte.de\/"},{"@type":"ListItem","position":2,"name":"Shop","item":"https:\/\/seubert-fruechte.de\/index.php\/shop\/"},{"@type":"ListItem","position":3,"name":"Wirsing Kiste"}]},{"@type":"WebSite","@id":"https:\/\/seubert-fruechte.de\/#website","url":"https:\/\/seubert-fruechte.de\/","name":"Seubert Fr\u00fcchte","description":"","potentialAction":[{"@type":"SearchAction","target":{"@type":"EntryPoint","urlTemplate":"https:\/\/seubert-fruechte.de\/?s={search_term_string}"},"query-input":{"@type":"PropertyValueSpecification","valueRequired":true,"valueName":"search_term_string"}}],"inLanguage":"de"}]}},"_links":{"self":[{"href":"https:\/\/seubert-fruechte.de\/index.php\/wp-json\/wp\/v2\/product\/239","targetHints":{"allow":["GET"]}}],"collection":[{"href":"https:\/\/seubert-fruechte.de\/index.php\/wp-json\/wp\/v2\/product"}],"about":[{"href":"https:\/\/seubert-fruechte.de\/index.php\/wp-json\/wp\/v2\/types\/product"}],"replies":[{"embeddable":true,"href":"https:\/\/seubert-fruechte.de\/index.php\/wp-json\/wp\/v2\/comments?post=239"}],"wp:featuredmedia":[{"embeddable":true,"href":"https:\/\/seubert-fruechte.de\/index.php\/wp-json\/wp\/v2\/media\/240"}],"wp:attachment":[{"href":"https:\/\/seubert-fruechte.de\/index.php\/wp-json\/wp\/v2\/media?parent=239"}],"wp:term":[{"taxonomy":"product_brand","embeddable":true,"href":"https:\/\/seubert-fruechte.de\/index.php\/wp-json\/wp\/v2\/product_brand?post=239"},{"taxonomy":"product_cat","embeddable":true,"href":"https:\/\/seubert-fruechte.de\/index.php\/wp-json\/wp\/v2\/product_cat?post=239"},{"taxonomy":"product_tag","embeddable":true,"href":"https:\/\/seubert-fruechte.de\/index.php\/wp-json\/wp\/v2\/product_tag?post=239"}],"curies":[{"name":"wp","href":"https:\/\/api.w.org\/{rel}","templated":true}]}}