{"id":235,"date":"2025-09-03T16:50:56","date_gmt":"2025-09-03T14:50:56","guid":{"rendered":"https:\/\/seubert-fruechte.de\/?post_type=product&#038;p=235"},"modified":"2025-09-03T16:52:00","modified_gmt":"2025-09-03T14:52:00","slug":"zucchini-kg","status":"publish","type":"product","link":"https:\/\/seubert-fruechte.de\/index.php\/produkt\/zucchini-kg\/","title":{"rendered":"Zucchini kg"},"content":{"rendered":"<p data-start=\"183\" data-end=\"597\">Unsere <strong data-start=\"190\" data-end=\"202\">Zucchini<\/strong> \u00fcberzeugen durch ihre gleichm\u00e4\u00dfige Form, die glatte dunkelgr\u00fcne Schale und das zarte, aromatische Fruchtfleisch. Sie sind ein echtes Multitalent in der K\u00fcche \u2013 mild im Geschmack, kalorienarm und reich an wertvollen N\u00e4hrstoffen. Ob gebraten, gegrillt, ged\u00fcnstet oder roh: Zucchini passen zu einer Vielzahl von Gerichten und sind in der modernen wie auch in der klassischen K\u00fcche unverzichtbar.<\/p>\n<p data-start=\"112\" data-end=\"290\"><strong>Hinweis zur Menge:<\/strong><\/p>\n<p data-start=\"112\" data-end=\"290\">Menge 1 entspricht einem Kilogramm<\/p>\n","protected":false},"excerpt":{"rendered":"<p>Unsere Zucchini \u00fcberzeugen durch ihre gleichm\u00e4\u00dfige Form, die glatte dunkelgr\u00fcne Schale und das zarte, aromatische Fruchtfleisch. Sie sind ein echtes Multitalent in der K\u00fcche \u2013 mild im Geschmack, kalorienarm und reich an wertvollen N\u00e4hrstoffen. Ob gebraten, gegrillt, ged\u00fcnstet oder roh: Zucchini passen zu einer Vielzahl von Gerichten und sind in der modernen wie auch in [&hellip;]<\/p>\n","protected":false},"featured_media":234,"comment_status":"closed","ping_status":"closed","template":"","meta":[],"product_brand":[],"product_cat":[18],"product_tag":[],"class_list":{"0":"post-235","1":"product","2":"type-product","3":"status-publish","4":"has-post-thumbnail","6":"product_cat-gemuese","8":"first","9":"instock","10":"shipping-taxable","11":"purchasable","12":"product-type-simple"},"yoast_head":"<!-- This site is optimized with the Yoast SEO plugin v26.1.1 - https:\/\/yoast.com\/wordpress\/plugins\/seo\/ -->\n<title>Zucchini kg - Seubert Fr\u00fcchte<\/title>\n<meta name=\"robots\" content=\"index, follow, max-snippet:-1, max-image-preview:large, max-video-preview:-1\" \/>\n<link rel=\"canonical\" href=\"https:\/\/seubert-fruechte.de\/index.php\/produkt\/zucchini-kg\/\" \/>\n<meta property=\"og:locale\" content=\"de_DE\" \/>\n<meta property=\"og:type\" content=\"article\" \/>\n<meta property=\"og:title\" content=\"Zucchini kg - Seubert Fr\u00fcchte\" \/>\n<meta property=\"og:description\" content=\"Unsere Zucchini \u00fcberzeugen durch ihre gleichm\u00e4\u00dfige Form, die glatte dunkelgr\u00fcne Schale und das zarte, aromatische Fruchtfleisch. Sie sind ein echtes Multitalent in der K\u00fcche \u2013 mild im Geschmack, kalorienarm und reich an wertvollen N\u00e4hrstoffen. Ob gebraten, gegrillt, ged\u00fcnstet oder roh: Zucchini passen zu einer Vielzahl von Gerichten und sind in der modernen wie auch in [&hellip;]\" \/>\n<meta property=\"og:url\" content=\"https:\/\/seubert-fruechte.de\/index.php\/produkt\/zucchini-kg\/\" \/>\n<meta property=\"og:site_name\" content=\"Seubert Fr\u00fcchte\" \/>\n<meta property=\"article:modified_time\" content=\"2025-09-03T14:52:00+00:00\" \/>\n<meta property=\"og:image\" content=\"https:\/\/seubert-fruechte.de\/wp-content\/uploads\/2025\/09\/Zucchini.jpg\" \/>\n\t<meta property=\"og:image:width\" content=\"1280\" \/>\n\t<meta property=\"og:image:height\" content=\"960\" \/>\n\t<meta property=\"og:image:type\" content=\"image\/jpeg\" \/>\n<meta name=\"twitter:card\" content=\"summary_large_image\" \/>\n<meta name=\"twitter:label1\" content=\"Gesch\u00e4tzte Lesezeit\" \/>\n\t<meta name=\"twitter:data1\" content=\"1\u00a0Minute\" \/>\n<script type=\"application\/ld+json\" class=\"yoast-schema-graph\">{\"@context\":\"https:\/\/schema.org\",\"@graph\":[{\"@type\":\"WebPage\",\"@id\":\"https:\/\/seubert-fruechte.de\/index.php\/produkt\/zucchini-kg\/\",\"url\":\"https:\/\/seubert-fruechte.de\/index.php\/produkt\/zucchini-kg\/\",\"name\":\"Zucchini kg - Seubert Fr\u00fcchte\",\"isPartOf\":{\"@id\":\"https:\/\/seubert-fruechte.de\/#website\"},\"primaryImageOfPage\":{\"@id\":\"https:\/\/seubert-fruechte.de\/index.php\/produkt\/zucchini-kg\/#primaryimage\"},\"image\":{\"@id\":\"https:\/\/seubert-fruechte.de\/index.php\/produkt\/zucchini-kg\/#primaryimage\"},\"thumbnailUrl\":\"https:\/\/seubert-fruechte.de\/wp-content\/uploads\/2025\/09\/Zucchini.jpg\",\"datePublished\":\"2025-09-03T14:50:56+00:00\",\"dateModified\":\"2025-09-03T14:52:00+00:00\",\"breadcrumb\":{\"@id\":\"https:\/\/seubert-fruechte.de\/index.php\/produkt\/zucchini-kg\/#breadcrumb\"},\"inLanguage\":\"de\",\"potentialAction\":[{\"@type\":\"ReadAction\",\"target\":[\"https:\/\/seubert-fruechte.de\/index.php\/produkt\/zucchini-kg\/\"]}]},{\"@type\":\"ImageObject\",\"inLanguage\":\"de\",\"@id\":\"https:\/\/seubert-fruechte.de\/index.php\/produkt\/zucchini-kg\/#primaryimage\",\"url\":\"https:\/\/seubert-fruechte.de\/wp-content\/uploads\/2025\/09\/Zucchini.jpg\",\"contentUrl\":\"https:\/\/seubert-fruechte.de\/wp-content\/uploads\/2025\/09\/Zucchini.jpg\",\"width\":1280,\"height\":960},{\"@type\":\"BreadcrumbList\",\"@id\":\"https:\/\/seubert-fruechte.de\/index.php\/produkt\/zucchini-kg\/#breadcrumb\",\"itemListElement\":[{\"@type\":\"ListItem\",\"position\":1,\"name\":\"Startseite\",\"item\":\"https:\/\/seubert-fruechte.de\/\"},{\"@type\":\"ListItem\",\"position\":2,\"name\":\"Shop\",\"item\":\"https:\/\/seubert-fruechte.de\/index.php\/shop\/\"},{\"@type\":\"ListItem\",\"position\":3,\"name\":\"Zucchini kg\"}]},{\"@type\":\"WebSite\",\"@id\":\"https:\/\/seubert-fruechte.de\/#website\",\"url\":\"https:\/\/seubert-fruechte.de\/\",\"name\":\"Seubert Fr\u00fcchte\",\"description\":\"\",\"potentialAction\":[{\"@type\":\"SearchAction\",\"target\":{\"@type\":\"EntryPoint\",\"urlTemplate\":\"https:\/\/seubert-fruechte.de\/?s={search_term_string}\"},\"query-input\":{\"@type\":\"PropertyValueSpecification\",\"valueRequired\":true,\"valueName\":\"search_term_string\"}}],\"inLanguage\":\"de\"}]}<\/script>\n<!-- \/ Yoast SEO plugin. -->","yoast_head_json":{"title":"Zucchini kg - Seubert Fr\u00fcchte","robots":{"index":"index","follow":"follow","max-snippet":"max-snippet:-1","max-image-preview":"max-image-preview:large","max-video-preview":"max-video-preview:-1"},"canonical":"https:\/\/seubert-fruechte.de\/index.php\/produkt\/zucchini-kg\/","og_locale":"de_DE","og_type":"article","og_title":"Zucchini kg - Seubert Fr\u00fcchte","og_description":"Unsere Zucchini \u00fcberzeugen durch ihre gleichm\u00e4\u00dfige Form, die glatte dunkelgr\u00fcne Schale und das zarte, aromatische Fruchtfleisch. Sie sind ein echtes Multitalent in der K\u00fcche \u2013 mild im Geschmack, kalorienarm und reich an wertvollen N\u00e4hrstoffen. Ob gebraten, gegrillt, ged\u00fcnstet oder roh: Zucchini passen zu einer Vielzahl von Gerichten und sind in der modernen wie auch in [&hellip;]","og_url":"https:\/\/seubert-fruechte.de\/index.php\/produkt\/zucchini-kg\/","og_site_name":"Seubert Fr\u00fcchte","article_modified_time":"2025-09-03T14:52:00+00:00","og_image":[{"width":1280,"height":960,"url":"https:\/\/seubert-fruechte.de\/wp-content\/uploads\/2025\/09\/Zucchini.jpg","type":"image\/jpeg"}],"twitter_card":"summary_large_image","twitter_misc":{"Gesch\u00e4tzte Lesezeit":"1\u00a0Minute"},"schema":{"@context":"https:\/\/schema.org","@graph":[{"@type":"WebPage","@id":"https:\/\/seubert-fruechte.de\/index.php\/produkt\/zucchini-kg\/","url":"https:\/\/seubert-fruechte.de\/index.php\/produkt\/zucchini-kg\/","name":"Zucchini kg - Seubert Fr\u00fcchte","isPartOf":{"@id":"https:\/\/seubert-fruechte.de\/#website"},"primaryImageOfPage":{"@id":"https:\/\/seubert-fruechte.de\/index.php\/produkt\/zucchini-kg\/#primaryimage"},"image":{"@id":"https:\/\/seubert-fruechte.de\/index.php\/produkt\/zucchini-kg\/#primaryimage"},"thumbnailUrl":"https:\/\/seubert-fruechte.de\/wp-content\/uploads\/2025\/09\/Zucchini.jpg","datePublished":"2025-09-03T14:50:56+00:00","dateModified":"2025-09-03T14:52:00+00:00","breadcrumb":{"@id":"https:\/\/seubert-fruechte.de\/index.php\/produkt\/zucchini-kg\/#breadcrumb"},"inLanguage":"de","potentialAction":[{"@type":"ReadAction","target":["https:\/\/seubert-fruechte.de\/index.php\/produkt\/zucchini-kg\/"]}]},{"@type":"ImageObject","inLanguage":"de","@id":"https:\/\/seubert-fruechte.de\/index.php\/produkt\/zucchini-kg\/#primaryimage","url":"https:\/\/seubert-fruechte.de\/wp-content\/uploads\/2025\/09\/Zucchini.jpg","contentUrl":"https:\/\/seubert-fruechte.de\/wp-content\/uploads\/2025\/09\/Zucchini.jpg","width":1280,"height":960},{"@type":"BreadcrumbList","@id":"https:\/\/seubert-fruechte.de\/index.php\/produkt\/zucchini-kg\/#breadcrumb","itemListElement":[{"@type":"ListItem","position":1,"name":"Startseite","item":"https:\/\/seubert-fruechte.de\/"},{"@type":"ListItem","position":2,"name":"Shop","item":"https:\/\/seubert-fruechte.de\/index.php\/shop\/"},{"@type":"ListItem","position":3,"name":"Zucchini kg"}]},{"@type":"WebSite","@id":"https:\/\/seubert-fruechte.de\/#website","url":"https:\/\/seubert-fruechte.de\/","name":"Seubert Fr\u00fcchte","description":"","potentialAction":[{"@type":"SearchAction","target":{"@type":"EntryPoint","urlTemplate":"https:\/\/seubert-fruechte.de\/?s={search_term_string}"},"query-input":{"@type":"PropertyValueSpecification","valueRequired":true,"valueName":"search_term_string"}}],"inLanguage":"de"}]}},"_links":{"self":[{"href":"https:\/\/seubert-fruechte.de\/index.php\/wp-json\/wp\/v2\/product\/235","targetHints":{"allow":["GET"]}}],"collection":[{"href":"https:\/\/seubert-fruechte.de\/index.php\/wp-json\/wp\/v2\/product"}],"about":[{"href":"https:\/\/seubert-fruechte.de\/index.php\/wp-json\/wp\/v2\/types\/product"}],"replies":[{"embeddable":true,"href":"https:\/\/seubert-fruechte.de\/index.php\/wp-json\/wp\/v2\/comments?post=235"}],"wp:featuredmedia":[{"embeddable":true,"href":"https:\/\/seubert-fruechte.de\/index.php\/wp-json\/wp\/v2\/media\/234"}],"wp:attachment":[{"href":"https:\/\/seubert-fruechte.de\/index.php\/wp-json\/wp\/v2\/media?parent=235"}],"wp:term":[{"taxonomy":"product_brand","embeddable":true,"href":"https:\/\/seubert-fruechte.de\/index.php\/wp-json\/wp\/v2\/product_brand?post=235"},{"taxonomy":"product_cat","embeddable":true,"href":"https:\/\/seubert-fruechte.de\/index.php\/wp-json\/wp\/v2\/product_cat?post=235"},{"taxonomy":"product_tag","embeddable":true,"href":"https:\/\/seubert-fruechte.de\/index.php\/wp-json\/wp\/v2\/product_tag?post=235"}],"curies":[{"name":"wp","href":"https:\/\/api.w.org\/{rel}","templated":true}]}}