{"id":229,"date":"2025-09-03T16:28:03","date_gmt":"2025-09-03T14:28:03","guid":{"rendered":"https:\/\/seubert-fruechte.de\/?post_type=product&#038;p=229"},"modified":"2025-09-03T16:29:40","modified_gmt":"2025-09-03T14:29:40","slug":"zwiebel-hell-gepackt","status":"publish","type":"product","link":"https:\/\/seubert-fruechte.de\/index.php\/produkt\/zwiebel-hell-gepackt\/","title":{"rendered":"Zwiebel hell gepackt"},"content":{"rendered":"<p data-start=\"202\" data-end=\"575\">Unsere <strong data-start=\"176\" data-end=\"194\">Speisezwiebeln<\/strong> sind von gleichbleibend hoher Qualit\u00e4t und unverzichtbar in jeder professionellen K\u00fcche. Mit ihrem kr\u00e4ftig-w\u00fcrzigen Geschmack bilden sie die Basis f\u00fcr unz\u00e4hlige Gerichte \u2013 ob als aromatische Grundlage beim Anbraten, zum Verfeinern von Saucen und Suppen oder als Zutat in frischen und herzhaften Speisen.<\/p>\n<p data-start=\"112\" data-end=\"290\"><strong data-start=\"585\" data-end=\"600\">Verpackung:<\/strong>\u00a0 je Netz 1kg<\/p>\n<p data-start=\"112\" data-end=\"290\"><strong>Hinweis zur Menge:<\/strong><\/p>\n<p data-start=\"112\" data-end=\"290\">Menge 1 entspricht einem Netz<\/p>\n","protected":false},"excerpt":{"rendered":"<p>Unsere Speisezwiebeln sind von gleichbleibend hoher Qualit\u00e4t und unverzichtbar in jeder professionellen K\u00fcche. Mit ihrem kr\u00e4ftig-w\u00fcrzigen Geschmack bilden sie die Basis f\u00fcr unz\u00e4hlige Gerichte \u2013 ob als aromatische Grundlage beim Anbraten, zum Verfeinern von Saucen und Suppen oder als Zutat in frischen und herzhaften Speisen. Verpackung:\u00a0 je Netz 1kg Hinweis zur Menge: Menge 1 entspricht [&hellip;]<\/p>\n","protected":false},"featured_media":224,"comment_status":"closed","ping_status":"closed","template":"","meta":[],"product_brand":[],"product_cat":[18],"product_tag":[],"class_list":{"0":"post-229","1":"product","2":"type-product","3":"status-publish","4":"has-post-thumbnail","6":"product_cat-gemuese","8":"first","9":"instock","10":"shipping-taxable","11":"purchasable","12":"product-type-simple"},"yoast_head":"<!-- This site is optimized with the Yoast SEO plugin v26.1.1 - https:\/\/yoast.com\/wordpress\/plugins\/seo\/ -->\n<title>Zwiebel hell gepackt - Seubert Fr\u00fcchte<\/title>\n<meta name=\"robots\" content=\"index, follow, max-snippet:-1, max-image-preview:large, max-video-preview:-1\" \/>\n<link rel=\"canonical\" href=\"https:\/\/seubert-fruechte.de\/index.php\/produkt\/zwiebel-hell-gepackt\/\" \/>\n<meta property=\"og:locale\" content=\"de_DE\" \/>\n<meta property=\"og:type\" content=\"article\" \/>\n<meta property=\"og:title\" content=\"Zwiebel hell gepackt - Seubert Fr\u00fcchte\" \/>\n<meta property=\"og:description\" content=\"Unsere Speisezwiebeln sind von gleichbleibend hoher Qualit\u00e4t und unverzichtbar in jeder professionellen K\u00fcche. Mit ihrem kr\u00e4ftig-w\u00fcrzigen Geschmack bilden sie die Basis f\u00fcr unz\u00e4hlige Gerichte \u2013 ob als aromatische Grundlage beim Anbraten, zum Verfeinern von Saucen und Suppen oder als Zutat in frischen und herzhaften Speisen. Verpackung:\u00a0 je Netz 1kg Hinweis zur Menge: Menge 1 entspricht [&hellip;]\" \/>\n<meta property=\"og:url\" content=\"https:\/\/seubert-fruechte.de\/index.php\/produkt\/zwiebel-hell-gepackt\/\" \/>\n<meta property=\"og:site_name\" content=\"Seubert Fr\u00fcchte\" \/>\n<meta property=\"article:modified_time\" content=\"2025-09-03T14:29:40+00:00\" \/>\n<meta property=\"og:image\" content=\"https:\/\/seubert-fruechte.de\/wp-content\/uploads\/2025\/09\/Metzgerzwiebel.jpg\" \/>\n\t<meta property=\"og:image:width\" content=\"1280\" \/>\n\t<meta property=\"og:image:height\" content=\"782\" \/>\n\t<meta property=\"og:image:type\" content=\"image\/jpeg\" \/>\n<meta name=\"twitter:card\" content=\"summary_large_image\" \/>\n<meta name=\"twitter:label1\" content=\"Gesch\u00e4tzte Lesezeit\" \/>\n\t<meta name=\"twitter:data1\" content=\"1\u00a0Minute\" \/>\n<script type=\"application\/ld+json\" class=\"yoast-schema-graph\">{\"@context\":\"https:\/\/schema.org\",\"@graph\":[{\"@type\":\"WebPage\",\"@id\":\"https:\/\/seubert-fruechte.de\/index.php\/produkt\/zwiebel-hell-gepackt\/\",\"url\":\"https:\/\/seubert-fruechte.de\/index.php\/produkt\/zwiebel-hell-gepackt\/\",\"name\":\"Zwiebel hell gepackt - Seubert Fr\u00fcchte\",\"isPartOf\":{\"@id\":\"https:\/\/seubert-fruechte.de\/#website\"},\"primaryImageOfPage\":{\"@id\":\"https:\/\/seubert-fruechte.de\/index.php\/produkt\/zwiebel-hell-gepackt\/#primaryimage\"},\"image\":{\"@id\":\"https:\/\/seubert-fruechte.de\/index.php\/produkt\/zwiebel-hell-gepackt\/#primaryimage\"},\"thumbnailUrl\":\"https:\/\/seubert-fruechte.de\/wp-content\/uploads\/2025\/09\/Metzgerzwiebel.jpg\",\"datePublished\":\"2025-09-03T14:28:03+00:00\",\"dateModified\":\"2025-09-03T14:29:40+00:00\",\"breadcrumb\":{\"@id\":\"https:\/\/seubert-fruechte.de\/index.php\/produkt\/zwiebel-hell-gepackt\/#breadcrumb\"},\"inLanguage\":\"de\",\"potentialAction\":[{\"@type\":\"ReadAction\",\"target\":[\"https:\/\/seubert-fruechte.de\/index.php\/produkt\/zwiebel-hell-gepackt\/\"]}]},{\"@type\":\"ImageObject\",\"inLanguage\":\"de\",\"@id\":\"https:\/\/seubert-fruechte.de\/index.php\/produkt\/zwiebel-hell-gepackt\/#primaryimage\",\"url\":\"https:\/\/seubert-fruechte.de\/wp-content\/uploads\/2025\/09\/Metzgerzwiebel.jpg\",\"contentUrl\":\"https:\/\/seubert-fruechte.de\/wp-content\/uploads\/2025\/09\/Metzgerzwiebel.jpg\",\"width\":1280,\"height\":782},{\"@type\":\"BreadcrumbList\",\"@id\":\"https:\/\/seubert-fruechte.de\/index.php\/produkt\/zwiebel-hell-gepackt\/#breadcrumb\",\"itemListElement\":[{\"@type\":\"ListItem\",\"position\":1,\"name\":\"Startseite\",\"item\":\"https:\/\/seubert-fruechte.de\/\"},{\"@type\":\"ListItem\",\"position\":2,\"name\":\"Shop\",\"item\":\"https:\/\/seubert-fruechte.de\/index.php\/shop\/\"},{\"@type\":\"ListItem\",\"position\":3,\"name\":\"Zwiebel hell gepackt\"}]},{\"@type\":\"WebSite\",\"@id\":\"https:\/\/seubert-fruechte.de\/#website\",\"url\":\"https:\/\/seubert-fruechte.de\/\",\"name\":\"Seubert Fr\u00fcchte\",\"description\":\"\",\"potentialAction\":[{\"@type\":\"SearchAction\",\"target\":{\"@type\":\"EntryPoint\",\"urlTemplate\":\"https:\/\/seubert-fruechte.de\/?s={search_term_string}\"},\"query-input\":{\"@type\":\"PropertyValueSpecification\",\"valueRequired\":true,\"valueName\":\"search_term_string\"}}],\"inLanguage\":\"de\"}]}<\/script>\n<!-- \/ Yoast SEO plugin. -->","yoast_head_json":{"title":"Zwiebel hell gepackt - Seubert Fr\u00fcchte","robots":{"index":"index","follow":"follow","max-snippet":"max-snippet:-1","max-image-preview":"max-image-preview:large","max-video-preview":"max-video-preview:-1"},"canonical":"https:\/\/seubert-fruechte.de\/index.php\/produkt\/zwiebel-hell-gepackt\/","og_locale":"de_DE","og_type":"article","og_title":"Zwiebel hell gepackt - Seubert Fr\u00fcchte","og_description":"Unsere Speisezwiebeln sind von gleichbleibend hoher Qualit\u00e4t und unverzichtbar in jeder professionellen K\u00fcche. Mit ihrem kr\u00e4ftig-w\u00fcrzigen Geschmack bilden sie die Basis f\u00fcr unz\u00e4hlige Gerichte \u2013 ob als aromatische Grundlage beim Anbraten, zum Verfeinern von Saucen und Suppen oder als Zutat in frischen und herzhaften Speisen. Verpackung:\u00a0 je Netz 1kg Hinweis zur Menge: Menge 1 entspricht [&hellip;]","og_url":"https:\/\/seubert-fruechte.de\/index.php\/produkt\/zwiebel-hell-gepackt\/","og_site_name":"Seubert Fr\u00fcchte","article_modified_time":"2025-09-03T14:29:40+00:00","og_image":[{"width":1280,"height":782,"url":"https:\/\/seubert-fruechte.de\/wp-content\/uploads\/2025\/09\/Metzgerzwiebel.jpg","type":"image\/jpeg"}],"twitter_card":"summary_large_image","twitter_misc":{"Gesch\u00e4tzte Lesezeit":"1\u00a0Minute"},"schema":{"@context":"https:\/\/schema.org","@graph":[{"@type":"WebPage","@id":"https:\/\/seubert-fruechte.de\/index.php\/produkt\/zwiebel-hell-gepackt\/","url":"https:\/\/seubert-fruechte.de\/index.php\/produkt\/zwiebel-hell-gepackt\/","name":"Zwiebel hell gepackt - Seubert Fr\u00fcchte","isPartOf":{"@id":"https:\/\/seubert-fruechte.de\/#website"},"primaryImageOfPage":{"@id":"https:\/\/seubert-fruechte.de\/index.php\/produkt\/zwiebel-hell-gepackt\/#primaryimage"},"image":{"@id":"https:\/\/seubert-fruechte.de\/index.php\/produkt\/zwiebel-hell-gepackt\/#primaryimage"},"thumbnailUrl":"https:\/\/seubert-fruechte.de\/wp-content\/uploads\/2025\/09\/Metzgerzwiebel.jpg","datePublished":"2025-09-03T14:28:03+00:00","dateModified":"2025-09-03T14:29:40+00:00","breadcrumb":{"@id":"https:\/\/seubert-fruechte.de\/index.php\/produkt\/zwiebel-hell-gepackt\/#breadcrumb"},"inLanguage":"de","potentialAction":[{"@type":"ReadAction","target":["https:\/\/seubert-fruechte.de\/index.php\/produkt\/zwiebel-hell-gepackt\/"]}]},{"@type":"ImageObject","inLanguage":"de","@id":"https:\/\/seubert-fruechte.de\/index.php\/produkt\/zwiebel-hell-gepackt\/#primaryimage","url":"https:\/\/seubert-fruechte.de\/wp-content\/uploads\/2025\/09\/Metzgerzwiebel.jpg","contentUrl":"https:\/\/seubert-fruechte.de\/wp-content\/uploads\/2025\/09\/Metzgerzwiebel.jpg","width":1280,"height":782},{"@type":"BreadcrumbList","@id":"https:\/\/seubert-fruechte.de\/index.php\/produkt\/zwiebel-hell-gepackt\/#breadcrumb","itemListElement":[{"@type":"ListItem","position":1,"name":"Startseite","item":"https:\/\/seubert-fruechte.de\/"},{"@type":"ListItem","position":2,"name":"Shop","item":"https:\/\/seubert-fruechte.de\/index.php\/shop\/"},{"@type":"ListItem","position":3,"name":"Zwiebel hell gepackt"}]},{"@type":"WebSite","@id":"https:\/\/seubert-fruechte.de\/#website","url":"https:\/\/seubert-fruechte.de\/","name":"Seubert Fr\u00fcchte","description":"","potentialAction":[{"@type":"SearchAction","target":{"@type":"EntryPoint","urlTemplate":"https:\/\/seubert-fruechte.de\/?s={search_term_string}"},"query-input":{"@type":"PropertyValueSpecification","valueRequired":true,"valueName":"search_term_string"}}],"inLanguage":"de"}]}},"_links":{"self":[{"href":"https:\/\/seubert-fruechte.de\/index.php\/wp-json\/wp\/v2\/product\/229","targetHints":{"allow":["GET"]}}],"collection":[{"href":"https:\/\/seubert-fruechte.de\/index.php\/wp-json\/wp\/v2\/product"}],"about":[{"href":"https:\/\/seubert-fruechte.de\/index.php\/wp-json\/wp\/v2\/types\/product"}],"replies":[{"embeddable":true,"href":"https:\/\/seubert-fruechte.de\/index.php\/wp-json\/wp\/v2\/comments?post=229"}],"wp:featuredmedia":[{"embeddable":true,"href":"https:\/\/seubert-fruechte.de\/index.php\/wp-json\/wp\/v2\/media\/224"}],"wp:attachment":[{"href":"https:\/\/seubert-fruechte.de\/index.php\/wp-json\/wp\/v2\/media?parent=229"}],"wp:term":[{"taxonomy":"product_brand","embeddable":true,"href":"https:\/\/seubert-fruechte.de\/index.php\/wp-json\/wp\/v2\/product_brand?post=229"},{"taxonomy":"product_cat","embeddable":true,"href":"https:\/\/seubert-fruechte.de\/index.php\/wp-json\/wp\/v2\/product_cat?post=229"},{"taxonomy":"product_tag","embeddable":true,"href":"https:\/\/seubert-fruechte.de\/index.php\/wp-json\/wp\/v2\/product_tag?post=229"}],"curies":[{"name":"wp","href":"https:\/\/api.w.org\/{rel}","templated":true}]}}