{"id":228,"date":"2025-09-03T16:23:19","date_gmt":"2025-09-03T14:23:19","guid":{"rendered":"https:\/\/seubert-fruechte.de\/?post_type=product&#038;p=228"},"modified":"2025-09-03T16:24:56","modified_gmt":"2025-09-03T14:24:56","slug":"zwiebel-blau-gepackt","status":"publish","type":"product","link":"https:\/\/seubert-fruechte.de\/index.php\/produkt\/zwiebel-blau-gepackt\/","title":{"rendered":"Zwiebel Blau gepackt"},"content":{"rendered":"<p data-start=\"202\" data-end=\"575\">Unsere <strong data-start=\"209\" data-end=\"228\">blauen Zwiebeln<\/strong> \u00fcberzeugen durch ihre leuchtend violett-blaue Schale und das fein-w\u00fcrzige Aroma. Sie sind milder als herk\u00f6mmliche Speisezwiebeln und eignen sich daher ideal f\u00fcr frische Zubereitungen wie Salate, Marinaden oder als farbenfrohes Topping. Auch beim Kochen und Schmoren entfalten sie ihre angenehme S\u00fc\u00dfe und verleihen Gerichten eine besondere Note.<\/p>\n<p data-start=\"112\" data-end=\"290\"><strong data-start=\"585\" data-end=\"600\">Verpackung:<\/strong>\u00a0 je Netz 1kg<\/p>\n<p data-start=\"112\" data-end=\"290\"><strong>Hinweis zur Menge:<\/strong><\/p>\n<p data-start=\"112\" data-end=\"290\">Menge 1 entspricht einem Netz<\/p>\n","protected":false},"excerpt":{"rendered":"<p>Unsere blauen Zwiebeln \u00fcberzeugen durch ihre leuchtend violett-blaue Schale und das fein-w\u00fcrzige Aroma. Sie sind milder als herk\u00f6mmliche Speisezwiebeln und eignen sich daher ideal f\u00fcr frische Zubereitungen wie Salate, Marinaden oder als farbenfrohes Topping. Auch beim Kochen und Schmoren entfalten sie ihre angenehme S\u00fc\u00dfe und verleihen Gerichten eine besondere Note. Verpackung:\u00a0 je Netz 1kg Hinweis [&hellip;]<\/p>\n","protected":false},"featured_media":227,"comment_status":"closed","ping_status":"closed","template":"","meta":[],"product_brand":[],"product_cat":[18],"product_tag":[],"class_list":{"0":"post-228","1":"product","2":"type-product","3":"status-publish","4":"has-post-thumbnail","6":"product_cat-gemuese","8":"first","9":"instock","10":"shipping-taxable","11":"purchasable","12":"product-type-simple"},"yoast_head":"<!-- This site is optimized with the Yoast SEO plugin v26.1.1 - https:\/\/yoast.com\/wordpress\/plugins\/seo\/ -->\n<title>Zwiebel Blau gepackt - Seubert Fr\u00fcchte<\/title>\n<meta name=\"robots\" content=\"index, follow, max-snippet:-1, max-image-preview:large, max-video-preview:-1\" \/>\n<link rel=\"canonical\" href=\"https:\/\/seubert-fruechte.de\/index.php\/produkt\/zwiebel-blau-gepackt\/\" \/>\n<meta property=\"og:locale\" content=\"de_DE\" \/>\n<meta property=\"og:type\" content=\"article\" \/>\n<meta property=\"og:title\" content=\"Zwiebel Blau gepackt - Seubert Fr\u00fcchte\" \/>\n<meta property=\"og:description\" content=\"Unsere blauen Zwiebeln \u00fcberzeugen durch ihre leuchtend violett-blaue Schale und das fein-w\u00fcrzige Aroma. Sie sind milder als herk\u00f6mmliche Speisezwiebeln und eignen sich daher ideal f\u00fcr frische Zubereitungen wie Salate, Marinaden oder als farbenfrohes Topping. Auch beim Kochen und Schmoren entfalten sie ihre angenehme S\u00fc\u00dfe und verleihen Gerichten eine besondere Note. Verpackung:\u00a0 je Netz 1kg Hinweis [&hellip;]\" \/>\n<meta property=\"og:url\" content=\"https:\/\/seubert-fruechte.de\/index.php\/produkt\/zwiebel-blau-gepackt\/\" \/>\n<meta property=\"og:site_name\" content=\"Seubert Fr\u00fcchte\" \/>\n<meta property=\"article:modified_time\" content=\"2025-09-03T14:24:56+00:00\" \/>\n<meta property=\"og:image\" content=\"https:\/\/seubert-fruechte.de\/wp-content\/uploads\/2025\/09\/Zwiebel-rot.jpg\" \/>\n\t<meta property=\"og:image:width\" content=\"1280\" \/>\n\t<meta property=\"og:image:height\" content=\"853\" \/>\n\t<meta property=\"og:image:type\" content=\"image\/jpeg\" \/>\n<meta name=\"twitter:card\" content=\"summary_large_image\" \/>\n<meta name=\"twitter:label1\" content=\"Gesch\u00e4tzte Lesezeit\" \/>\n\t<meta name=\"twitter:data1\" content=\"1\u00a0Minute\" \/>\n<script type=\"application\/ld+json\" class=\"yoast-schema-graph\">{\"@context\":\"https:\/\/schema.org\",\"@graph\":[{\"@type\":\"WebPage\",\"@id\":\"https:\/\/seubert-fruechte.de\/index.php\/produkt\/zwiebel-blau-gepackt\/\",\"url\":\"https:\/\/seubert-fruechte.de\/index.php\/produkt\/zwiebel-blau-gepackt\/\",\"name\":\"Zwiebel Blau gepackt - Seubert Fr\u00fcchte\",\"isPartOf\":{\"@id\":\"https:\/\/seubert-fruechte.de\/#website\"},\"primaryImageOfPage\":{\"@id\":\"https:\/\/seubert-fruechte.de\/index.php\/produkt\/zwiebel-blau-gepackt\/#primaryimage\"},\"image\":{\"@id\":\"https:\/\/seubert-fruechte.de\/index.php\/produkt\/zwiebel-blau-gepackt\/#primaryimage\"},\"thumbnailUrl\":\"https:\/\/seubert-fruechte.de\/wp-content\/uploads\/2025\/09\/Zwiebel-rot.jpg\",\"datePublished\":\"2025-09-03T14:23:19+00:00\",\"dateModified\":\"2025-09-03T14:24:56+00:00\",\"breadcrumb\":{\"@id\":\"https:\/\/seubert-fruechte.de\/index.php\/produkt\/zwiebel-blau-gepackt\/#breadcrumb\"},\"inLanguage\":\"de\",\"potentialAction\":[{\"@type\":\"ReadAction\",\"target\":[\"https:\/\/seubert-fruechte.de\/index.php\/produkt\/zwiebel-blau-gepackt\/\"]}]},{\"@type\":\"ImageObject\",\"inLanguage\":\"de\",\"@id\":\"https:\/\/seubert-fruechte.de\/index.php\/produkt\/zwiebel-blau-gepackt\/#primaryimage\",\"url\":\"https:\/\/seubert-fruechte.de\/wp-content\/uploads\/2025\/09\/Zwiebel-rot.jpg\",\"contentUrl\":\"https:\/\/seubert-fruechte.de\/wp-content\/uploads\/2025\/09\/Zwiebel-rot.jpg\",\"width\":1280,\"height\":853},{\"@type\":\"BreadcrumbList\",\"@id\":\"https:\/\/seubert-fruechte.de\/index.php\/produkt\/zwiebel-blau-gepackt\/#breadcrumb\",\"itemListElement\":[{\"@type\":\"ListItem\",\"position\":1,\"name\":\"Startseite\",\"item\":\"https:\/\/seubert-fruechte.de\/\"},{\"@type\":\"ListItem\",\"position\":2,\"name\":\"Shop\",\"item\":\"https:\/\/seubert-fruechte.de\/index.php\/shop\/\"},{\"@type\":\"ListItem\",\"position\":3,\"name\":\"Zwiebel Blau gepackt\"}]},{\"@type\":\"WebSite\",\"@id\":\"https:\/\/seubert-fruechte.de\/#website\",\"url\":\"https:\/\/seubert-fruechte.de\/\",\"name\":\"Seubert Fr\u00fcchte\",\"description\":\"\",\"potentialAction\":[{\"@type\":\"SearchAction\",\"target\":{\"@type\":\"EntryPoint\",\"urlTemplate\":\"https:\/\/seubert-fruechte.de\/?s={search_term_string}\"},\"query-input\":{\"@type\":\"PropertyValueSpecification\",\"valueRequired\":true,\"valueName\":\"search_term_string\"}}],\"inLanguage\":\"de\"}]}<\/script>\n<!-- \/ Yoast SEO plugin. -->","yoast_head_json":{"title":"Zwiebel Blau gepackt - Seubert Fr\u00fcchte","robots":{"index":"index","follow":"follow","max-snippet":"max-snippet:-1","max-image-preview":"max-image-preview:large","max-video-preview":"max-video-preview:-1"},"canonical":"https:\/\/seubert-fruechte.de\/index.php\/produkt\/zwiebel-blau-gepackt\/","og_locale":"de_DE","og_type":"article","og_title":"Zwiebel Blau gepackt - Seubert Fr\u00fcchte","og_description":"Unsere blauen Zwiebeln \u00fcberzeugen durch ihre leuchtend violett-blaue Schale und das fein-w\u00fcrzige Aroma. Sie sind milder als herk\u00f6mmliche Speisezwiebeln und eignen sich daher ideal f\u00fcr frische Zubereitungen wie Salate, Marinaden oder als farbenfrohes Topping. Auch beim Kochen und Schmoren entfalten sie ihre angenehme S\u00fc\u00dfe und verleihen Gerichten eine besondere Note. Verpackung:\u00a0 je Netz 1kg Hinweis [&hellip;]","og_url":"https:\/\/seubert-fruechte.de\/index.php\/produkt\/zwiebel-blau-gepackt\/","og_site_name":"Seubert Fr\u00fcchte","article_modified_time":"2025-09-03T14:24:56+00:00","og_image":[{"width":1280,"height":853,"url":"https:\/\/seubert-fruechte.de\/wp-content\/uploads\/2025\/09\/Zwiebel-rot.jpg","type":"image\/jpeg"}],"twitter_card":"summary_large_image","twitter_misc":{"Gesch\u00e4tzte Lesezeit":"1\u00a0Minute"},"schema":{"@context":"https:\/\/schema.org","@graph":[{"@type":"WebPage","@id":"https:\/\/seubert-fruechte.de\/index.php\/produkt\/zwiebel-blau-gepackt\/","url":"https:\/\/seubert-fruechte.de\/index.php\/produkt\/zwiebel-blau-gepackt\/","name":"Zwiebel Blau gepackt - Seubert Fr\u00fcchte","isPartOf":{"@id":"https:\/\/seubert-fruechte.de\/#website"},"primaryImageOfPage":{"@id":"https:\/\/seubert-fruechte.de\/index.php\/produkt\/zwiebel-blau-gepackt\/#primaryimage"},"image":{"@id":"https:\/\/seubert-fruechte.de\/index.php\/produkt\/zwiebel-blau-gepackt\/#primaryimage"},"thumbnailUrl":"https:\/\/seubert-fruechte.de\/wp-content\/uploads\/2025\/09\/Zwiebel-rot.jpg","datePublished":"2025-09-03T14:23:19+00:00","dateModified":"2025-09-03T14:24:56+00:00","breadcrumb":{"@id":"https:\/\/seubert-fruechte.de\/index.php\/produkt\/zwiebel-blau-gepackt\/#breadcrumb"},"inLanguage":"de","potentialAction":[{"@type":"ReadAction","target":["https:\/\/seubert-fruechte.de\/index.php\/produkt\/zwiebel-blau-gepackt\/"]}]},{"@type":"ImageObject","inLanguage":"de","@id":"https:\/\/seubert-fruechte.de\/index.php\/produkt\/zwiebel-blau-gepackt\/#primaryimage","url":"https:\/\/seubert-fruechte.de\/wp-content\/uploads\/2025\/09\/Zwiebel-rot.jpg","contentUrl":"https:\/\/seubert-fruechte.de\/wp-content\/uploads\/2025\/09\/Zwiebel-rot.jpg","width":1280,"height":853},{"@type":"BreadcrumbList","@id":"https:\/\/seubert-fruechte.de\/index.php\/produkt\/zwiebel-blau-gepackt\/#breadcrumb","itemListElement":[{"@type":"ListItem","position":1,"name":"Startseite","item":"https:\/\/seubert-fruechte.de\/"},{"@type":"ListItem","position":2,"name":"Shop","item":"https:\/\/seubert-fruechte.de\/index.php\/shop\/"},{"@type":"ListItem","position":3,"name":"Zwiebel Blau gepackt"}]},{"@type":"WebSite","@id":"https:\/\/seubert-fruechte.de\/#website","url":"https:\/\/seubert-fruechte.de\/","name":"Seubert Fr\u00fcchte","description":"","potentialAction":[{"@type":"SearchAction","target":{"@type":"EntryPoint","urlTemplate":"https:\/\/seubert-fruechte.de\/?s={search_term_string}"},"query-input":{"@type":"PropertyValueSpecification","valueRequired":true,"valueName":"search_term_string"}}],"inLanguage":"de"}]}},"_links":{"self":[{"href":"https:\/\/seubert-fruechte.de\/index.php\/wp-json\/wp\/v2\/product\/228","targetHints":{"allow":["GET"]}}],"collection":[{"href":"https:\/\/seubert-fruechte.de\/index.php\/wp-json\/wp\/v2\/product"}],"about":[{"href":"https:\/\/seubert-fruechte.de\/index.php\/wp-json\/wp\/v2\/types\/product"}],"replies":[{"embeddable":true,"href":"https:\/\/seubert-fruechte.de\/index.php\/wp-json\/wp\/v2\/comments?post=228"}],"wp:featuredmedia":[{"embeddable":true,"href":"https:\/\/seubert-fruechte.de\/index.php\/wp-json\/wp\/v2\/media\/227"}],"wp:attachment":[{"href":"https:\/\/seubert-fruechte.de\/index.php\/wp-json\/wp\/v2\/media?parent=228"}],"wp:term":[{"taxonomy":"product_brand","embeddable":true,"href":"https:\/\/seubert-fruechte.de\/index.php\/wp-json\/wp\/v2\/product_brand?post=228"},{"taxonomy":"product_cat","embeddable":true,"href":"https:\/\/seubert-fruechte.de\/index.php\/wp-json\/wp\/v2\/product_cat?post=228"},{"taxonomy":"product_tag","embeddable":true,"href":"https:\/\/seubert-fruechte.de\/index.php\/wp-json\/wp\/v2\/product_tag?post=228"}],"curies":[{"name":"wp","href":"https:\/\/api.w.org\/{rel}","templated":true}]}}