{"id":223,"date":"2025-09-03T12:26:41","date_gmt":"2025-09-03T10:26:41","guid":{"rendered":"https:\/\/seubert-fruechte.de\/?post_type=product&#038;p=223"},"modified":"2025-09-03T12:26:41","modified_gmt":"2025-09-03T10:26:41","slug":"metzgerzwiebel-25kg","status":"publish","type":"product","link":"https:\/\/seubert-fruechte.de\/index.php\/produkt\/metzgerzwiebel-25kg\/","title":{"rendered":"Metzgerzwiebel 25kg"},"content":{"rendered":"<p data-start=\"859\" data-end=\"1103\">Die <strong>Metzgerzwiebel<\/strong> zeichnet sich durch ihre kompakte Kopfform, eine glatte, hellbraune bis bernsteinfarbene Schale und ein festes, saftiges Inneres aus.<\/p>\n<p data-start=\"859\" data-end=\"1103\">Sie bietet ein ausgewogenes, milde bis vollmundige Zwiebelaroma mit leichter W\u00fcrze, die sich sowohl roh als auch gegart hervorragend entfaltet. Die Zwiebel ist robust, lange lagerf\u00e4hig und eignet sich besonders gut f\u00fcr den professionellen Einsatz in Metzgereien, Gro\u00dfk\u00fcchen, Gastronomie und im Lebensmitteleinzelhandel. Durch ihre stabile Textur bleibt sie beim Schneiden und Verarbeiten frisch, ohne \u00fcberm\u00e4\u00dfig auszutreten.<\/p>\n<p data-start=\"112\" data-end=\"290\"><strong data-start=\"585\" data-end=\"600\">Verpackung:<\/strong>\u00a0 je Sack 25kg<\/p>\n<p data-start=\"112\" data-end=\"290\"><strong>Hinweis zur Menge:<\/strong><\/p>\n<p data-start=\"112\" data-end=\"290\">Menge 1 entspricht einem Sack<\/p>\n","protected":false},"excerpt":{"rendered":"<p>Die Metzgerzwiebel zeichnet sich durch ihre kompakte Kopfform, eine glatte, hellbraune bis bernsteinfarbene Schale und ein festes, saftiges Inneres aus. Sie bietet ein ausgewogenes, milde bis vollmundige Zwiebelaroma mit leichter W\u00fcrze, die sich sowohl roh als auch gegart hervorragend entfaltet. Die Zwiebel ist robust, lange lagerf\u00e4hig und eignet sich besonders gut f\u00fcr den professionellen Einsatz [&hellip;]<\/p>\n","protected":false},"featured_media":224,"comment_status":"closed","ping_status":"closed","template":"","meta":[],"product_brand":[],"product_cat":[18],"product_tag":[],"class_list":{"0":"post-223","1":"product","2":"type-product","3":"status-publish","4":"has-post-thumbnail","6":"product_cat-gemuese","8":"first","9":"instock","10":"shipping-taxable","11":"purchasable","12":"product-type-simple"},"yoast_head":"<!-- This site is optimized with the Yoast SEO plugin v26.1.1 - https:\/\/yoast.com\/wordpress\/plugins\/seo\/ -->\n<title>Metzgerzwiebel 25kg - Seubert Fr\u00fcchte<\/title>\n<meta name=\"robots\" content=\"index, follow, max-snippet:-1, max-image-preview:large, max-video-preview:-1\" \/>\n<link rel=\"canonical\" href=\"https:\/\/seubert-fruechte.de\/index.php\/produkt\/metzgerzwiebel-25kg\/\" \/>\n<meta property=\"og:locale\" content=\"de_DE\" \/>\n<meta property=\"og:type\" content=\"article\" \/>\n<meta property=\"og:title\" content=\"Metzgerzwiebel 25kg - Seubert Fr\u00fcchte\" \/>\n<meta property=\"og:description\" content=\"Die Metzgerzwiebel zeichnet sich durch ihre kompakte Kopfform, eine glatte, hellbraune bis bernsteinfarbene Schale und ein festes, saftiges Inneres aus. Sie bietet ein ausgewogenes, milde bis vollmundige Zwiebelaroma mit leichter W\u00fcrze, die sich sowohl roh als auch gegart hervorragend entfaltet. Die Zwiebel ist robust, lange lagerf\u00e4hig und eignet sich besonders gut f\u00fcr den professionellen Einsatz [&hellip;]\" \/>\n<meta property=\"og:url\" content=\"https:\/\/seubert-fruechte.de\/index.php\/produkt\/metzgerzwiebel-25kg\/\" \/>\n<meta property=\"og:site_name\" content=\"Seubert Fr\u00fcchte\" \/>\n<meta property=\"og:image\" content=\"https:\/\/seubert-fruechte.de\/wp-content\/uploads\/2025\/09\/Metzgerzwiebel.jpg\" \/>\n\t<meta property=\"og:image:width\" content=\"1280\" \/>\n\t<meta property=\"og:image:height\" content=\"782\" \/>\n\t<meta property=\"og:image:type\" content=\"image\/jpeg\" \/>\n<meta name=\"twitter:card\" content=\"summary_large_image\" \/>\n<meta name=\"twitter:label1\" content=\"Gesch\u00e4tzte Lesezeit\" \/>\n\t<meta name=\"twitter:data1\" content=\"1\u00a0Minute\" \/>\n<script type=\"application\/ld+json\" class=\"yoast-schema-graph\">{\"@context\":\"https:\/\/schema.org\",\"@graph\":[{\"@type\":\"WebPage\",\"@id\":\"https:\/\/seubert-fruechte.de\/index.php\/produkt\/metzgerzwiebel-25kg\/\",\"url\":\"https:\/\/seubert-fruechte.de\/index.php\/produkt\/metzgerzwiebel-25kg\/\",\"name\":\"Metzgerzwiebel 25kg - Seubert Fr\u00fcchte\",\"isPartOf\":{\"@id\":\"https:\/\/seubert-fruechte.de\/#website\"},\"primaryImageOfPage\":{\"@id\":\"https:\/\/seubert-fruechte.de\/index.php\/produkt\/metzgerzwiebel-25kg\/#primaryimage\"},\"image\":{\"@id\":\"https:\/\/seubert-fruechte.de\/index.php\/produkt\/metzgerzwiebel-25kg\/#primaryimage\"},\"thumbnailUrl\":\"https:\/\/seubert-fruechte.de\/wp-content\/uploads\/2025\/09\/Metzgerzwiebel.jpg\",\"datePublished\":\"2025-09-03T10:26:41+00:00\",\"breadcrumb\":{\"@id\":\"https:\/\/seubert-fruechte.de\/index.php\/produkt\/metzgerzwiebel-25kg\/#breadcrumb\"},\"inLanguage\":\"de\",\"potentialAction\":[{\"@type\":\"ReadAction\",\"target\":[\"https:\/\/seubert-fruechte.de\/index.php\/produkt\/metzgerzwiebel-25kg\/\"]}]},{\"@type\":\"ImageObject\",\"inLanguage\":\"de\",\"@id\":\"https:\/\/seubert-fruechte.de\/index.php\/produkt\/metzgerzwiebel-25kg\/#primaryimage\",\"url\":\"https:\/\/seubert-fruechte.de\/wp-content\/uploads\/2025\/09\/Metzgerzwiebel.jpg\",\"contentUrl\":\"https:\/\/seubert-fruechte.de\/wp-content\/uploads\/2025\/09\/Metzgerzwiebel.jpg\",\"width\":1280,\"height\":782},{\"@type\":\"BreadcrumbList\",\"@id\":\"https:\/\/seubert-fruechte.de\/index.php\/produkt\/metzgerzwiebel-25kg\/#breadcrumb\",\"itemListElement\":[{\"@type\":\"ListItem\",\"position\":1,\"name\":\"Startseite\",\"item\":\"https:\/\/seubert-fruechte.de\/\"},{\"@type\":\"ListItem\",\"position\":2,\"name\":\"Shop\",\"item\":\"https:\/\/seubert-fruechte.de\/index.php\/shop\/\"},{\"@type\":\"ListItem\",\"position\":3,\"name\":\"Metzgerzwiebel 25kg\"}]},{\"@type\":\"WebSite\",\"@id\":\"https:\/\/seubert-fruechte.de\/#website\",\"url\":\"https:\/\/seubert-fruechte.de\/\",\"name\":\"Seubert Fr\u00fcchte\",\"description\":\"\",\"potentialAction\":[{\"@type\":\"SearchAction\",\"target\":{\"@type\":\"EntryPoint\",\"urlTemplate\":\"https:\/\/seubert-fruechte.de\/?s={search_term_string}\"},\"query-input\":{\"@type\":\"PropertyValueSpecification\",\"valueRequired\":true,\"valueName\":\"search_term_string\"}}],\"inLanguage\":\"de\"}]}<\/script>\n<!-- \/ Yoast SEO plugin. -->","yoast_head_json":{"title":"Metzgerzwiebel 25kg - Seubert Fr\u00fcchte","robots":{"index":"index","follow":"follow","max-snippet":"max-snippet:-1","max-image-preview":"max-image-preview:large","max-video-preview":"max-video-preview:-1"},"canonical":"https:\/\/seubert-fruechte.de\/index.php\/produkt\/metzgerzwiebel-25kg\/","og_locale":"de_DE","og_type":"article","og_title":"Metzgerzwiebel 25kg - Seubert Fr\u00fcchte","og_description":"Die Metzgerzwiebel zeichnet sich durch ihre kompakte Kopfform, eine glatte, hellbraune bis bernsteinfarbene Schale und ein festes, saftiges Inneres aus. Sie bietet ein ausgewogenes, milde bis vollmundige Zwiebelaroma mit leichter W\u00fcrze, die sich sowohl roh als auch gegart hervorragend entfaltet. Die Zwiebel ist robust, lange lagerf\u00e4hig und eignet sich besonders gut f\u00fcr den professionellen Einsatz [&hellip;]","og_url":"https:\/\/seubert-fruechte.de\/index.php\/produkt\/metzgerzwiebel-25kg\/","og_site_name":"Seubert Fr\u00fcchte","og_image":[{"width":1280,"height":782,"url":"https:\/\/seubert-fruechte.de\/wp-content\/uploads\/2025\/09\/Metzgerzwiebel.jpg","type":"image\/jpeg"}],"twitter_card":"summary_large_image","twitter_misc":{"Gesch\u00e4tzte Lesezeit":"1\u00a0Minute"},"schema":{"@context":"https:\/\/schema.org","@graph":[{"@type":"WebPage","@id":"https:\/\/seubert-fruechte.de\/index.php\/produkt\/metzgerzwiebel-25kg\/","url":"https:\/\/seubert-fruechte.de\/index.php\/produkt\/metzgerzwiebel-25kg\/","name":"Metzgerzwiebel 25kg - Seubert Fr\u00fcchte","isPartOf":{"@id":"https:\/\/seubert-fruechte.de\/#website"},"primaryImageOfPage":{"@id":"https:\/\/seubert-fruechte.de\/index.php\/produkt\/metzgerzwiebel-25kg\/#primaryimage"},"image":{"@id":"https:\/\/seubert-fruechte.de\/index.php\/produkt\/metzgerzwiebel-25kg\/#primaryimage"},"thumbnailUrl":"https:\/\/seubert-fruechte.de\/wp-content\/uploads\/2025\/09\/Metzgerzwiebel.jpg","datePublished":"2025-09-03T10:26:41+00:00","breadcrumb":{"@id":"https:\/\/seubert-fruechte.de\/index.php\/produkt\/metzgerzwiebel-25kg\/#breadcrumb"},"inLanguage":"de","potentialAction":[{"@type":"ReadAction","target":["https:\/\/seubert-fruechte.de\/index.php\/produkt\/metzgerzwiebel-25kg\/"]}]},{"@type":"ImageObject","inLanguage":"de","@id":"https:\/\/seubert-fruechte.de\/index.php\/produkt\/metzgerzwiebel-25kg\/#primaryimage","url":"https:\/\/seubert-fruechte.de\/wp-content\/uploads\/2025\/09\/Metzgerzwiebel.jpg","contentUrl":"https:\/\/seubert-fruechte.de\/wp-content\/uploads\/2025\/09\/Metzgerzwiebel.jpg","width":1280,"height":782},{"@type":"BreadcrumbList","@id":"https:\/\/seubert-fruechte.de\/index.php\/produkt\/metzgerzwiebel-25kg\/#breadcrumb","itemListElement":[{"@type":"ListItem","position":1,"name":"Startseite","item":"https:\/\/seubert-fruechte.de\/"},{"@type":"ListItem","position":2,"name":"Shop","item":"https:\/\/seubert-fruechte.de\/index.php\/shop\/"},{"@type":"ListItem","position":3,"name":"Metzgerzwiebel 25kg"}]},{"@type":"WebSite","@id":"https:\/\/seubert-fruechte.de\/#website","url":"https:\/\/seubert-fruechte.de\/","name":"Seubert Fr\u00fcchte","description":"","potentialAction":[{"@type":"SearchAction","target":{"@type":"EntryPoint","urlTemplate":"https:\/\/seubert-fruechte.de\/?s={search_term_string}"},"query-input":{"@type":"PropertyValueSpecification","valueRequired":true,"valueName":"search_term_string"}}],"inLanguage":"de"}]}},"_links":{"self":[{"href":"https:\/\/seubert-fruechte.de\/index.php\/wp-json\/wp\/v2\/product\/223","targetHints":{"allow":["GET"]}}],"collection":[{"href":"https:\/\/seubert-fruechte.de\/index.php\/wp-json\/wp\/v2\/product"}],"about":[{"href":"https:\/\/seubert-fruechte.de\/index.php\/wp-json\/wp\/v2\/types\/product"}],"replies":[{"embeddable":true,"href":"https:\/\/seubert-fruechte.de\/index.php\/wp-json\/wp\/v2\/comments?post=223"}],"wp:featuredmedia":[{"embeddable":true,"href":"https:\/\/seubert-fruechte.de\/index.php\/wp-json\/wp\/v2\/media\/224"}],"wp:attachment":[{"href":"https:\/\/seubert-fruechte.de\/index.php\/wp-json\/wp\/v2\/media?parent=223"}],"wp:term":[{"taxonomy":"product_brand","embeddable":true,"href":"https:\/\/seubert-fruechte.de\/index.php\/wp-json\/wp\/v2\/product_brand?post=223"},{"taxonomy":"product_cat","embeddable":true,"href":"https:\/\/seubert-fruechte.de\/index.php\/wp-json\/wp\/v2\/product_cat?post=223"},{"taxonomy":"product_tag","embeddable":true,"href":"https:\/\/seubert-fruechte.de\/index.php\/wp-json\/wp\/v2\/product_tag?post=223"}],"curies":[{"name":"wp","href":"https:\/\/api.w.org\/{rel}","templated":true}]}}