{"id":221,"date":"2025-09-03T12:15:46","date_gmt":"2025-09-03T10:15:46","guid":{"rendered":"https:\/\/seubert-fruechte.de\/?post_type=product&#038;p=221"},"modified":"2025-09-03T12:16:14","modified_gmt":"2025-09-03T10:16:14","slug":"lollo-biondo-kiste","status":"publish","type":"product","link":"https:\/\/seubert-fruechte.de\/index.php\/produkt\/lollo-biondo-kiste\/","title":{"rendered":"Lollo Biondo Kiste"},"content":{"rendered":"<p data-start=\"859\" data-end=\"1103\"><strong>Lollo Biondo<\/strong> besticht durch seine helle, creme- bis hellergr\u00fcne Blattfarbe mit fein gewellten, lockigen Bl\u00e4ttern.\u00a0 Der Geschmack pr\u00e4sentiert sich mild-aromatisch mit einer feinen, leicht s\u00fc\u00dflichen Note, ohne dominante Bitterkeit.<\/p>\n<p data-start=\"859\" data-end=\"1103\">Er eignet sich hervorragend als basisnahe Salatkomponente oder als farbiges, frisches Highlight in Mix-Salaten, Sushi-Bowls, B\u00f6den f\u00fcr belegte Croissants sowie als frische Garnitur f\u00fcr warme Gerichte. Durch seine milde Intensit\u00e4t \u00fcberlagert es keine st\u00e4rkeren Aromen in der Speise und harmoniert besonders gut mit K\u00e4se, Zitrusfr\u00fcchten, N\u00fcssen, Obstkomponenten und cremigen Dressings.<\/p>\n<p data-start=\"112\" data-end=\"290\"><strong data-start=\"585\" data-end=\"600\">Verpackung:<\/strong>\u00a0 9 St\u00fcck je Kiste<\/p>\n<p data-start=\"112\" data-end=\"290\"><strong>Hinweis zur Menge:<\/strong><\/p>\n<p data-start=\"112\" data-end=\"290\">Menge 1 entspricht einer Kiste<\/p>\n<p data-start=\"136\" data-end=\"366\">\n","protected":false},"excerpt":{"rendered":"<p>Lollo Biondo besticht durch seine helle, creme- bis hellergr\u00fcne Blattfarbe mit fein gewellten, lockigen Bl\u00e4ttern.\u00a0 Der Geschmack pr\u00e4sentiert sich mild-aromatisch mit einer feinen, leicht s\u00fc\u00dflichen Note, ohne dominante Bitterkeit. Er eignet sich hervorragend als basisnahe Salatkomponente oder als farbiges, frisches Highlight in Mix-Salaten, Sushi-Bowls, B\u00f6den f\u00fcr belegte Croissants sowie als frische Garnitur f\u00fcr warme Gerichte. [&hellip;]<\/p>\n","protected":false},"featured_media":222,"comment_status":"closed","ping_status":"closed","template":"","meta":[],"product_brand":[],"product_cat":[16],"product_tag":[],"class_list":{"0":"post-221","1":"product","2":"type-product","3":"status-publish","4":"has-post-thumbnail","6":"product_cat-salate","8":"first","9":"instock","10":"shipping-taxable","11":"purchasable","12":"product-type-simple"},"yoast_head":"<!-- This site is optimized with the Yoast SEO plugin v26.1.1 - https:\/\/yoast.com\/wordpress\/plugins\/seo\/ -->\n<title>Lollo Biondo Kiste - Seubert Fr\u00fcchte<\/title>\n<meta name=\"robots\" content=\"index, follow, max-snippet:-1, max-image-preview:large, max-video-preview:-1\" \/>\n<link rel=\"canonical\" href=\"https:\/\/seubert-fruechte.de\/index.php\/produkt\/lollo-biondo-kiste\/\" \/>\n<meta property=\"og:locale\" content=\"de_DE\" \/>\n<meta property=\"og:type\" content=\"article\" \/>\n<meta property=\"og:title\" content=\"Lollo Biondo Kiste - Seubert Fr\u00fcchte\" \/>\n<meta property=\"og:description\" content=\"Lollo Biondo besticht durch seine helle, creme- bis hellergr\u00fcne Blattfarbe mit fein gewellten, lockigen Bl\u00e4ttern.\u00a0 Der Geschmack pr\u00e4sentiert sich mild-aromatisch mit einer feinen, leicht s\u00fc\u00dflichen Note, ohne dominante Bitterkeit. Er eignet sich hervorragend als basisnahe Salatkomponente oder als farbiges, frisches Highlight in Mix-Salaten, Sushi-Bowls, B\u00f6den f\u00fcr belegte Croissants sowie als frische Garnitur f\u00fcr warme Gerichte. [&hellip;]\" \/>\n<meta property=\"og:url\" content=\"https:\/\/seubert-fruechte.de\/index.php\/produkt\/lollo-biondo-kiste\/\" \/>\n<meta property=\"og:site_name\" content=\"Seubert Fr\u00fcchte\" \/>\n<meta property=\"article:modified_time\" content=\"2025-09-03T10:16:14+00:00\" \/>\n<meta property=\"og:image\" content=\"https:\/\/seubert-fruechte.de\/wp-content\/uploads\/2025\/09\/Lollo-Biondo.jpg\" \/>\n\t<meta property=\"og:image:width\" content=\"1280\" \/>\n\t<meta property=\"og:image:height\" content=\"853\" \/>\n\t<meta property=\"og:image:type\" content=\"image\/jpeg\" \/>\n<meta name=\"twitter:card\" content=\"summary_large_image\" \/>\n<meta name=\"twitter:label1\" content=\"Gesch\u00e4tzte Lesezeit\" \/>\n\t<meta name=\"twitter:data1\" content=\"1\u00a0Minute\" \/>\n<script type=\"application\/ld+json\" class=\"yoast-schema-graph\">{\"@context\":\"https:\/\/schema.org\",\"@graph\":[{\"@type\":\"WebPage\",\"@id\":\"https:\/\/seubert-fruechte.de\/index.php\/produkt\/lollo-biondo-kiste\/\",\"url\":\"https:\/\/seubert-fruechte.de\/index.php\/produkt\/lollo-biondo-kiste\/\",\"name\":\"Lollo Biondo Kiste - Seubert Fr\u00fcchte\",\"isPartOf\":{\"@id\":\"https:\/\/seubert-fruechte.de\/#website\"},\"primaryImageOfPage\":{\"@id\":\"https:\/\/seubert-fruechte.de\/index.php\/produkt\/lollo-biondo-kiste\/#primaryimage\"},\"image\":{\"@id\":\"https:\/\/seubert-fruechte.de\/index.php\/produkt\/lollo-biondo-kiste\/#primaryimage\"},\"thumbnailUrl\":\"https:\/\/seubert-fruechte.de\/wp-content\/uploads\/2025\/09\/Lollo-Biondo.jpg\",\"datePublished\":\"2025-09-03T10:15:46+00:00\",\"dateModified\":\"2025-09-03T10:16:14+00:00\",\"breadcrumb\":{\"@id\":\"https:\/\/seubert-fruechte.de\/index.php\/produkt\/lollo-biondo-kiste\/#breadcrumb\"},\"inLanguage\":\"de\",\"potentialAction\":[{\"@type\":\"ReadAction\",\"target\":[\"https:\/\/seubert-fruechte.de\/index.php\/produkt\/lollo-biondo-kiste\/\"]}]},{\"@type\":\"ImageObject\",\"inLanguage\":\"de\",\"@id\":\"https:\/\/seubert-fruechte.de\/index.php\/produkt\/lollo-biondo-kiste\/#primaryimage\",\"url\":\"https:\/\/seubert-fruechte.de\/wp-content\/uploads\/2025\/09\/Lollo-Biondo.jpg\",\"contentUrl\":\"https:\/\/seubert-fruechte.de\/wp-content\/uploads\/2025\/09\/Lollo-Biondo.jpg\",\"width\":1280,\"height\":853},{\"@type\":\"BreadcrumbList\",\"@id\":\"https:\/\/seubert-fruechte.de\/index.php\/produkt\/lollo-biondo-kiste\/#breadcrumb\",\"itemListElement\":[{\"@type\":\"ListItem\",\"position\":1,\"name\":\"Startseite\",\"item\":\"https:\/\/seubert-fruechte.de\/\"},{\"@type\":\"ListItem\",\"position\":2,\"name\":\"Shop\",\"item\":\"https:\/\/seubert-fruechte.de\/index.php\/shop\/\"},{\"@type\":\"ListItem\",\"position\":3,\"name\":\"Lollo Biondo Kiste\"}]},{\"@type\":\"WebSite\",\"@id\":\"https:\/\/seubert-fruechte.de\/#website\",\"url\":\"https:\/\/seubert-fruechte.de\/\",\"name\":\"Seubert Fr\u00fcchte\",\"description\":\"\",\"potentialAction\":[{\"@type\":\"SearchAction\",\"target\":{\"@type\":\"EntryPoint\",\"urlTemplate\":\"https:\/\/seubert-fruechte.de\/?s={search_term_string}\"},\"query-input\":{\"@type\":\"PropertyValueSpecification\",\"valueRequired\":true,\"valueName\":\"search_term_string\"}}],\"inLanguage\":\"de\"}]}<\/script>\n<!-- \/ Yoast SEO plugin. -->","yoast_head_json":{"title":"Lollo Biondo Kiste - Seubert Fr\u00fcchte","robots":{"index":"index","follow":"follow","max-snippet":"max-snippet:-1","max-image-preview":"max-image-preview:large","max-video-preview":"max-video-preview:-1"},"canonical":"https:\/\/seubert-fruechte.de\/index.php\/produkt\/lollo-biondo-kiste\/","og_locale":"de_DE","og_type":"article","og_title":"Lollo Biondo Kiste - Seubert Fr\u00fcchte","og_description":"Lollo Biondo besticht durch seine helle, creme- bis hellergr\u00fcne Blattfarbe mit fein gewellten, lockigen Bl\u00e4ttern.\u00a0 Der Geschmack pr\u00e4sentiert sich mild-aromatisch mit einer feinen, leicht s\u00fc\u00dflichen Note, ohne dominante Bitterkeit. Er eignet sich hervorragend als basisnahe Salatkomponente oder als farbiges, frisches Highlight in Mix-Salaten, Sushi-Bowls, B\u00f6den f\u00fcr belegte Croissants sowie als frische Garnitur f\u00fcr warme Gerichte. [&hellip;]","og_url":"https:\/\/seubert-fruechte.de\/index.php\/produkt\/lollo-biondo-kiste\/","og_site_name":"Seubert Fr\u00fcchte","article_modified_time":"2025-09-03T10:16:14+00:00","og_image":[{"width":1280,"height":853,"url":"https:\/\/seubert-fruechte.de\/wp-content\/uploads\/2025\/09\/Lollo-Biondo.jpg","type":"image\/jpeg"}],"twitter_card":"summary_large_image","twitter_misc":{"Gesch\u00e4tzte Lesezeit":"1\u00a0Minute"},"schema":{"@context":"https:\/\/schema.org","@graph":[{"@type":"WebPage","@id":"https:\/\/seubert-fruechte.de\/index.php\/produkt\/lollo-biondo-kiste\/","url":"https:\/\/seubert-fruechte.de\/index.php\/produkt\/lollo-biondo-kiste\/","name":"Lollo Biondo Kiste - Seubert Fr\u00fcchte","isPartOf":{"@id":"https:\/\/seubert-fruechte.de\/#website"},"primaryImageOfPage":{"@id":"https:\/\/seubert-fruechte.de\/index.php\/produkt\/lollo-biondo-kiste\/#primaryimage"},"image":{"@id":"https:\/\/seubert-fruechte.de\/index.php\/produkt\/lollo-biondo-kiste\/#primaryimage"},"thumbnailUrl":"https:\/\/seubert-fruechte.de\/wp-content\/uploads\/2025\/09\/Lollo-Biondo.jpg","datePublished":"2025-09-03T10:15:46+00:00","dateModified":"2025-09-03T10:16:14+00:00","breadcrumb":{"@id":"https:\/\/seubert-fruechte.de\/index.php\/produkt\/lollo-biondo-kiste\/#breadcrumb"},"inLanguage":"de","potentialAction":[{"@type":"ReadAction","target":["https:\/\/seubert-fruechte.de\/index.php\/produkt\/lollo-biondo-kiste\/"]}]},{"@type":"ImageObject","inLanguage":"de","@id":"https:\/\/seubert-fruechte.de\/index.php\/produkt\/lollo-biondo-kiste\/#primaryimage","url":"https:\/\/seubert-fruechte.de\/wp-content\/uploads\/2025\/09\/Lollo-Biondo.jpg","contentUrl":"https:\/\/seubert-fruechte.de\/wp-content\/uploads\/2025\/09\/Lollo-Biondo.jpg","width":1280,"height":853},{"@type":"BreadcrumbList","@id":"https:\/\/seubert-fruechte.de\/index.php\/produkt\/lollo-biondo-kiste\/#breadcrumb","itemListElement":[{"@type":"ListItem","position":1,"name":"Startseite","item":"https:\/\/seubert-fruechte.de\/"},{"@type":"ListItem","position":2,"name":"Shop","item":"https:\/\/seubert-fruechte.de\/index.php\/shop\/"},{"@type":"ListItem","position":3,"name":"Lollo Biondo Kiste"}]},{"@type":"WebSite","@id":"https:\/\/seubert-fruechte.de\/#website","url":"https:\/\/seubert-fruechte.de\/","name":"Seubert Fr\u00fcchte","description":"","potentialAction":[{"@type":"SearchAction","target":{"@type":"EntryPoint","urlTemplate":"https:\/\/seubert-fruechte.de\/?s={search_term_string}"},"query-input":{"@type":"PropertyValueSpecification","valueRequired":true,"valueName":"search_term_string"}}],"inLanguage":"de"}]}},"_links":{"self":[{"href":"https:\/\/seubert-fruechte.de\/index.php\/wp-json\/wp\/v2\/product\/221","targetHints":{"allow":["GET"]}}],"collection":[{"href":"https:\/\/seubert-fruechte.de\/index.php\/wp-json\/wp\/v2\/product"}],"about":[{"href":"https:\/\/seubert-fruechte.de\/index.php\/wp-json\/wp\/v2\/types\/product"}],"replies":[{"embeddable":true,"href":"https:\/\/seubert-fruechte.de\/index.php\/wp-json\/wp\/v2\/comments?post=221"}],"wp:featuredmedia":[{"embeddable":true,"href":"https:\/\/seubert-fruechte.de\/index.php\/wp-json\/wp\/v2\/media\/222"}],"wp:attachment":[{"href":"https:\/\/seubert-fruechte.de\/index.php\/wp-json\/wp\/v2\/media?parent=221"}],"wp:term":[{"taxonomy":"product_brand","embeddable":true,"href":"https:\/\/seubert-fruechte.de\/index.php\/wp-json\/wp\/v2\/product_brand?post=221"},{"taxonomy":"product_cat","embeddable":true,"href":"https:\/\/seubert-fruechte.de\/index.php\/wp-json\/wp\/v2\/product_cat?post=221"},{"taxonomy":"product_tag","embeddable":true,"href":"https:\/\/seubert-fruechte.de\/index.php\/wp-json\/wp\/v2\/product_tag?post=221"}],"curies":[{"name":"wp","href":"https:\/\/api.w.org\/{rel}","templated":true}]}}