{"id":219,"date":"2025-09-03T11:50:37","date_gmt":"2025-09-03T09:50:37","guid":{"rendered":"https:\/\/seubert-fruechte.de\/?post_type=product&#038;p=219"},"modified":"2025-09-03T11:52:59","modified_gmt":"2025-09-03T09:52:59","slug":"lollo-rosso-kiste","status":"publish","type":"product","link":"https:\/\/seubert-fruechte.de\/index.php\/produkt\/lollo-rosso-kiste\/","title":{"rendered":"Lollo Rosso Kiste"},"content":{"rendered":"<p data-start=\"859\" data-end=\"1103\"><strong>Lollo Rosso<\/strong> \u00fcberzeugt durch seine charakteristisch feine, rote bis violett-Rotinfarben gelockte Bl\u00e4tterstruktur.<\/p>\n<p data-start=\"859\" data-end=\"1103\">Er eignet sich hervorragend als farbenfrohe Salatbasis oder als dekorative, geschmacklich milde Komponente in gemischten Salaten, Wraps, Sandwiches sowie als frische Garnitur f\u00fcr warme Gerichte. Durch seine milde Intensit\u00e4t \u00fcberlagert er keine dominanten Aromen und erg\u00e4nzt K\u00e4se, N\u00fcsse, Obst und cremige Dressings mit einer angenehmen, knackigen Textur.<\/p>\n<p data-start=\"112\" data-end=\"290\"><strong data-start=\"585\" data-end=\"600\">Verpackung:<\/strong>\u00a0 9 St\u00fcck je Kiste<\/p>\n<p data-start=\"112\" data-end=\"290\"><strong>Hinweis zur Menge:<\/strong><\/p>\n<p data-start=\"112\" data-end=\"290\">Menge 1 entspricht einer Kiste<\/p>\n<p data-start=\"136\" data-end=\"366\">\n","protected":false},"excerpt":{"rendered":"<p>Lollo Rosso \u00fcberzeugt durch seine charakteristisch feine, rote bis violett-Rotinfarben gelockte Bl\u00e4tterstruktur. Er eignet sich hervorragend als farbenfrohe Salatbasis oder als dekorative, geschmacklich milde Komponente in gemischten Salaten, Wraps, Sandwiches sowie als frische Garnitur f\u00fcr warme Gerichte. Durch seine milde Intensit\u00e4t \u00fcberlagert er keine dominanten Aromen und erg\u00e4nzt K\u00e4se, N\u00fcsse, Obst und cremige Dressings mit [&hellip;]<\/p>\n","protected":false},"featured_media":220,"comment_status":"closed","ping_status":"closed","template":"","meta":[],"product_brand":[],"product_cat":[16],"product_tag":[],"class_list":{"0":"post-219","1":"product","2":"type-product","3":"status-publish","4":"has-post-thumbnail","6":"product_cat-salate","8":"first","9":"instock","10":"shipping-taxable","11":"purchasable","12":"product-type-simple"},"yoast_head":"<!-- This site is optimized with the Yoast SEO plugin v26.1.1 - https:\/\/yoast.com\/wordpress\/plugins\/seo\/ -->\n<title>Lollo Rosso Kiste - Seubert Fr\u00fcchte<\/title>\n<meta name=\"robots\" content=\"index, follow, max-snippet:-1, max-image-preview:large, max-video-preview:-1\" \/>\n<link rel=\"canonical\" href=\"https:\/\/seubert-fruechte.de\/index.php\/produkt\/lollo-rosso-kiste\/\" \/>\n<meta property=\"og:locale\" content=\"de_DE\" \/>\n<meta property=\"og:type\" content=\"article\" \/>\n<meta property=\"og:title\" content=\"Lollo Rosso Kiste - Seubert Fr\u00fcchte\" \/>\n<meta property=\"og:description\" content=\"Lollo Rosso \u00fcberzeugt durch seine charakteristisch feine, rote bis violett-Rotinfarben gelockte Bl\u00e4tterstruktur. Er eignet sich hervorragend als farbenfrohe Salatbasis oder als dekorative, geschmacklich milde Komponente in gemischten Salaten, Wraps, Sandwiches sowie als frische Garnitur f\u00fcr warme Gerichte. Durch seine milde Intensit\u00e4t \u00fcberlagert er keine dominanten Aromen und erg\u00e4nzt K\u00e4se, N\u00fcsse, Obst und cremige Dressings mit [&hellip;]\" \/>\n<meta property=\"og:url\" content=\"https:\/\/seubert-fruechte.de\/index.php\/produkt\/lollo-rosso-kiste\/\" \/>\n<meta property=\"og:site_name\" content=\"Seubert Fr\u00fcchte\" \/>\n<meta property=\"article:modified_time\" content=\"2025-09-03T09:52:59+00:00\" \/>\n<meta property=\"og:image\" content=\"https:\/\/seubert-fruechte.de\/wp-content\/uploads\/2025\/09\/Lollo-Rosso.jpg\" \/>\n\t<meta property=\"og:image:width\" content=\"1280\" \/>\n\t<meta property=\"og:image:height\" content=\"853\" \/>\n\t<meta property=\"og:image:type\" content=\"image\/jpeg\" \/>\n<meta name=\"twitter:card\" content=\"summary_large_image\" \/>\n<meta name=\"twitter:label1\" content=\"Gesch\u00e4tzte Lesezeit\" \/>\n\t<meta name=\"twitter:data1\" content=\"1\u00a0Minute\" \/>\n<script type=\"application\/ld+json\" class=\"yoast-schema-graph\">{\"@context\":\"https:\/\/schema.org\",\"@graph\":[{\"@type\":\"WebPage\",\"@id\":\"https:\/\/seubert-fruechte.de\/index.php\/produkt\/lollo-rosso-kiste\/\",\"url\":\"https:\/\/seubert-fruechte.de\/index.php\/produkt\/lollo-rosso-kiste\/\",\"name\":\"Lollo Rosso Kiste - Seubert Fr\u00fcchte\",\"isPartOf\":{\"@id\":\"https:\/\/seubert-fruechte.de\/#website\"},\"primaryImageOfPage\":{\"@id\":\"https:\/\/seubert-fruechte.de\/index.php\/produkt\/lollo-rosso-kiste\/#primaryimage\"},\"image\":{\"@id\":\"https:\/\/seubert-fruechte.de\/index.php\/produkt\/lollo-rosso-kiste\/#primaryimage\"},\"thumbnailUrl\":\"https:\/\/seubert-fruechte.de\/wp-content\/uploads\/2025\/09\/Lollo-Rosso.jpg\",\"datePublished\":\"2025-09-03T09:50:37+00:00\",\"dateModified\":\"2025-09-03T09:52:59+00:00\",\"breadcrumb\":{\"@id\":\"https:\/\/seubert-fruechte.de\/index.php\/produkt\/lollo-rosso-kiste\/#breadcrumb\"},\"inLanguage\":\"de\",\"potentialAction\":[{\"@type\":\"ReadAction\",\"target\":[\"https:\/\/seubert-fruechte.de\/index.php\/produkt\/lollo-rosso-kiste\/\"]}]},{\"@type\":\"ImageObject\",\"inLanguage\":\"de\",\"@id\":\"https:\/\/seubert-fruechte.de\/index.php\/produkt\/lollo-rosso-kiste\/#primaryimage\",\"url\":\"https:\/\/seubert-fruechte.de\/wp-content\/uploads\/2025\/09\/Lollo-Rosso.jpg\",\"contentUrl\":\"https:\/\/seubert-fruechte.de\/wp-content\/uploads\/2025\/09\/Lollo-Rosso.jpg\",\"width\":1280,\"height\":853},{\"@type\":\"BreadcrumbList\",\"@id\":\"https:\/\/seubert-fruechte.de\/index.php\/produkt\/lollo-rosso-kiste\/#breadcrumb\",\"itemListElement\":[{\"@type\":\"ListItem\",\"position\":1,\"name\":\"Startseite\",\"item\":\"https:\/\/seubert-fruechte.de\/\"},{\"@type\":\"ListItem\",\"position\":2,\"name\":\"Shop\",\"item\":\"https:\/\/seubert-fruechte.de\/index.php\/shop\/\"},{\"@type\":\"ListItem\",\"position\":3,\"name\":\"Lollo Rosso Kiste\"}]},{\"@type\":\"WebSite\",\"@id\":\"https:\/\/seubert-fruechte.de\/#website\",\"url\":\"https:\/\/seubert-fruechte.de\/\",\"name\":\"Seubert Fr\u00fcchte\",\"description\":\"\",\"potentialAction\":[{\"@type\":\"SearchAction\",\"target\":{\"@type\":\"EntryPoint\",\"urlTemplate\":\"https:\/\/seubert-fruechte.de\/?s={search_term_string}\"},\"query-input\":{\"@type\":\"PropertyValueSpecification\",\"valueRequired\":true,\"valueName\":\"search_term_string\"}}],\"inLanguage\":\"de\"}]}<\/script>\n<!-- \/ Yoast SEO plugin. -->","yoast_head_json":{"title":"Lollo Rosso Kiste - Seubert Fr\u00fcchte","robots":{"index":"index","follow":"follow","max-snippet":"max-snippet:-1","max-image-preview":"max-image-preview:large","max-video-preview":"max-video-preview:-1"},"canonical":"https:\/\/seubert-fruechte.de\/index.php\/produkt\/lollo-rosso-kiste\/","og_locale":"de_DE","og_type":"article","og_title":"Lollo Rosso Kiste - Seubert Fr\u00fcchte","og_description":"Lollo Rosso \u00fcberzeugt durch seine charakteristisch feine, rote bis violett-Rotinfarben gelockte Bl\u00e4tterstruktur. Er eignet sich hervorragend als farbenfrohe Salatbasis oder als dekorative, geschmacklich milde Komponente in gemischten Salaten, Wraps, Sandwiches sowie als frische Garnitur f\u00fcr warme Gerichte. Durch seine milde Intensit\u00e4t \u00fcberlagert er keine dominanten Aromen und erg\u00e4nzt K\u00e4se, N\u00fcsse, Obst und cremige Dressings mit [&hellip;]","og_url":"https:\/\/seubert-fruechte.de\/index.php\/produkt\/lollo-rosso-kiste\/","og_site_name":"Seubert Fr\u00fcchte","article_modified_time":"2025-09-03T09:52:59+00:00","og_image":[{"width":1280,"height":853,"url":"https:\/\/seubert-fruechte.de\/wp-content\/uploads\/2025\/09\/Lollo-Rosso.jpg","type":"image\/jpeg"}],"twitter_card":"summary_large_image","twitter_misc":{"Gesch\u00e4tzte Lesezeit":"1\u00a0Minute"},"schema":{"@context":"https:\/\/schema.org","@graph":[{"@type":"WebPage","@id":"https:\/\/seubert-fruechte.de\/index.php\/produkt\/lollo-rosso-kiste\/","url":"https:\/\/seubert-fruechte.de\/index.php\/produkt\/lollo-rosso-kiste\/","name":"Lollo Rosso Kiste - Seubert Fr\u00fcchte","isPartOf":{"@id":"https:\/\/seubert-fruechte.de\/#website"},"primaryImageOfPage":{"@id":"https:\/\/seubert-fruechte.de\/index.php\/produkt\/lollo-rosso-kiste\/#primaryimage"},"image":{"@id":"https:\/\/seubert-fruechte.de\/index.php\/produkt\/lollo-rosso-kiste\/#primaryimage"},"thumbnailUrl":"https:\/\/seubert-fruechte.de\/wp-content\/uploads\/2025\/09\/Lollo-Rosso.jpg","datePublished":"2025-09-03T09:50:37+00:00","dateModified":"2025-09-03T09:52:59+00:00","breadcrumb":{"@id":"https:\/\/seubert-fruechte.de\/index.php\/produkt\/lollo-rosso-kiste\/#breadcrumb"},"inLanguage":"de","potentialAction":[{"@type":"ReadAction","target":["https:\/\/seubert-fruechte.de\/index.php\/produkt\/lollo-rosso-kiste\/"]}]},{"@type":"ImageObject","inLanguage":"de","@id":"https:\/\/seubert-fruechte.de\/index.php\/produkt\/lollo-rosso-kiste\/#primaryimage","url":"https:\/\/seubert-fruechte.de\/wp-content\/uploads\/2025\/09\/Lollo-Rosso.jpg","contentUrl":"https:\/\/seubert-fruechte.de\/wp-content\/uploads\/2025\/09\/Lollo-Rosso.jpg","width":1280,"height":853},{"@type":"BreadcrumbList","@id":"https:\/\/seubert-fruechte.de\/index.php\/produkt\/lollo-rosso-kiste\/#breadcrumb","itemListElement":[{"@type":"ListItem","position":1,"name":"Startseite","item":"https:\/\/seubert-fruechte.de\/"},{"@type":"ListItem","position":2,"name":"Shop","item":"https:\/\/seubert-fruechte.de\/index.php\/shop\/"},{"@type":"ListItem","position":3,"name":"Lollo Rosso Kiste"}]},{"@type":"WebSite","@id":"https:\/\/seubert-fruechte.de\/#website","url":"https:\/\/seubert-fruechte.de\/","name":"Seubert Fr\u00fcchte","description":"","potentialAction":[{"@type":"SearchAction","target":{"@type":"EntryPoint","urlTemplate":"https:\/\/seubert-fruechte.de\/?s={search_term_string}"},"query-input":{"@type":"PropertyValueSpecification","valueRequired":true,"valueName":"search_term_string"}}],"inLanguage":"de"}]}},"_links":{"self":[{"href":"https:\/\/seubert-fruechte.de\/index.php\/wp-json\/wp\/v2\/product\/219","targetHints":{"allow":["GET"]}}],"collection":[{"href":"https:\/\/seubert-fruechte.de\/index.php\/wp-json\/wp\/v2\/product"}],"about":[{"href":"https:\/\/seubert-fruechte.de\/index.php\/wp-json\/wp\/v2\/types\/product"}],"replies":[{"embeddable":true,"href":"https:\/\/seubert-fruechte.de\/index.php\/wp-json\/wp\/v2\/comments?post=219"}],"wp:featuredmedia":[{"embeddable":true,"href":"https:\/\/seubert-fruechte.de\/index.php\/wp-json\/wp\/v2\/media\/220"}],"wp:attachment":[{"href":"https:\/\/seubert-fruechte.de\/index.php\/wp-json\/wp\/v2\/media?parent=219"}],"wp:term":[{"taxonomy":"product_brand","embeddable":true,"href":"https:\/\/seubert-fruechte.de\/index.php\/wp-json\/wp\/v2\/product_brand?post=219"},{"taxonomy":"product_cat","embeddable":true,"href":"https:\/\/seubert-fruechte.de\/index.php\/wp-json\/wp\/v2\/product_cat?post=219"},{"taxonomy":"product_tag","embeddable":true,"href":"https:\/\/seubert-fruechte.de\/index.php\/wp-json\/wp\/v2\/product_tag?post=219"}],"curies":[{"name":"wp","href":"https:\/\/api.w.org\/{rel}","templated":true}]}}