{"id":216,"date":"2025-09-03T11:38:46","date_gmt":"2025-09-03T09:38:46","guid":{"rendered":"https:\/\/seubert-fruechte.de\/?post_type=product&#038;p=216"},"modified":"2025-09-03T11:38:46","modified_gmt":"2025-09-03T09:38:46","slug":"lauch-kiste","status":"publish","type":"product","link":"https:\/\/seubert-fruechte.de\/index.php\/produkt\/lauch-kiste\/","title":{"rendered":"Lauch Kiste"},"content":{"rendered":"<p data-start=\"859\" data-end=\"1103\">Unser <strong>Lauch<\/strong> \u00fcberzeugt durch seine gleichm\u00e4\u00dfige L\u00e4nge, kompakte K\u00f6pfe und eine zarte, fein strukturierte St\u00e4ngelhaut. Sein milder, leicht s\u00fc\u00dflicher Geschmack entfaltet sich besonders gut, wenn der Lauch sanft erhitzt wird, bleibt aber auch in Rohformen angenehm aromatisch.<\/p>\n<p data-start=\"859\" data-end=\"1103\">Lauch eignet sich hervorragend f\u00fcr Suppen, Eint\u00f6pfe, Gratins, Pfannen- und Ofengerichte, Risottos sowie leichte Salatkreationen. Durch seine Vielseitigkeit ist er gleicherma\u00dfen als Zwiebelalternative in klassischen Rezepten verwendbar und verleiht jedem Gericht eine feine, aromatische Note ohne dominierende Sch\u00e4rfe.<\/p>\n<p data-start=\"112\" data-end=\"290\"><strong data-start=\"585\" data-end=\"600\">Verpackung:<\/strong>\u00a0 10kg je Kiste<\/p>\n<p data-start=\"136\" data-end=\"366\"><strong>Hinweis zur Menge:\u00a0<\/strong><\/p>\n<p data-start=\"136\" data-end=\"366\">Menge 1 entspricht einer Kiste<\/p>\n","protected":false},"excerpt":{"rendered":"<p>Unser Lauch \u00fcberzeugt durch seine gleichm\u00e4\u00dfige L\u00e4nge, kompakte K\u00f6pfe und eine zarte, fein strukturierte St\u00e4ngelhaut. Sein milder, leicht s\u00fc\u00dflicher Geschmack entfaltet sich besonders gut, wenn der Lauch sanft erhitzt wird, bleibt aber auch in Rohformen angenehm aromatisch. Lauch eignet sich hervorragend f\u00fcr Suppen, Eint\u00f6pfe, Gratins, Pfannen- und Ofengerichte, Risottos sowie leichte Salatkreationen. Durch seine Vielseitigkeit [&hellip;]<\/p>\n","protected":false},"featured_media":217,"comment_status":"closed","ping_status":"closed","template":"","meta":[],"product_brand":[],"product_cat":[18],"product_tag":[],"class_list":{"0":"post-216","1":"product","2":"type-product","3":"status-publish","4":"has-post-thumbnail","6":"product_cat-gemuese","8":"first","9":"instock","10":"shipping-taxable","11":"purchasable","12":"product-type-simple"},"yoast_head":"<!-- This site is optimized with the Yoast SEO plugin v26.1.1 - https:\/\/yoast.com\/wordpress\/plugins\/seo\/ -->\n<title>Lauch Kiste - Seubert Fr\u00fcchte<\/title>\n<meta name=\"robots\" content=\"index, follow, max-snippet:-1, max-image-preview:large, max-video-preview:-1\" \/>\n<link rel=\"canonical\" href=\"https:\/\/seubert-fruechte.de\/index.php\/produkt\/lauch-kiste\/\" \/>\n<meta property=\"og:locale\" content=\"de_DE\" \/>\n<meta property=\"og:type\" content=\"article\" \/>\n<meta property=\"og:title\" content=\"Lauch Kiste - Seubert Fr\u00fcchte\" \/>\n<meta property=\"og:description\" content=\"Unser Lauch \u00fcberzeugt durch seine gleichm\u00e4\u00dfige L\u00e4nge, kompakte K\u00f6pfe und eine zarte, fein strukturierte St\u00e4ngelhaut. Sein milder, leicht s\u00fc\u00dflicher Geschmack entfaltet sich besonders gut, wenn der Lauch sanft erhitzt wird, bleibt aber auch in Rohformen angenehm aromatisch. Lauch eignet sich hervorragend f\u00fcr Suppen, Eint\u00f6pfe, Gratins, Pfannen- und Ofengerichte, Risottos sowie leichte Salatkreationen. Durch seine Vielseitigkeit [&hellip;]\" \/>\n<meta property=\"og:url\" content=\"https:\/\/seubert-fruechte.de\/index.php\/produkt\/lauch-kiste\/\" \/>\n<meta property=\"og:site_name\" content=\"Seubert Fr\u00fcchte\" \/>\n<meta property=\"og:image\" content=\"https:\/\/seubert-fruechte.de\/wp-content\/uploads\/2025\/09\/Lauch.jpg\" \/>\n\t<meta property=\"og:image:width\" content=\"1280\" \/>\n\t<meta property=\"og:image:height\" content=\"851\" \/>\n\t<meta property=\"og:image:type\" content=\"image\/jpeg\" \/>\n<meta name=\"twitter:card\" content=\"summary_large_image\" \/>\n<meta name=\"twitter:label1\" content=\"Gesch\u00e4tzte Lesezeit\" \/>\n\t<meta name=\"twitter:data1\" content=\"1\u00a0Minute\" \/>\n<script type=\"application\/ld+json\" class=\"yoast-schema-graph\">{\"@context\":\"https:\/\/schema.org\",\"@graph\":[{\"@type\":\"WebPage\",\"@id\":\"https:\/\/seubert-fruechte.de\/index.php\/produkt\/lauch-kiste\/\",\"url\":\"https:\/\/seubert-fruechte.de\/index.php\/produkt\/lauch-kiste\/\",\"name\":\"Lauch Kiste - Seubert Fr\u00fcchte\",\"isPartOf\":{\"@id\":\"https:\/\/seubert-fruechte.de\/#website\"},\"primaryImageOfPage\":{\"@id\":\"https:\/\/seubert-fruechte.de\/index.php\/produkt\/lauch-kiste\/#primaryimage\"},\"image\":{\"@id\":\"https:\/\/seubert-fruechte.de\/index.php\/produkt\/lauch-kiste\/#primaryimage\"},\"thumbnailUrl\":\"https:\/\/seubert-fruechte.de\/wp-content\/uploads\/2025\/09\/Lauch.jpg\",\"datePublished\":\"2025-09-03T09:38:46+00:00\",\"breadcrumb\":{\"@id\":\"https:\/\/seubert-fruechte.de\/index.php\/produkt\/lauch-kiste\/#breadcrumb\"},\"inLanguage\":\"de\",\"potentialAction\":[{\"@type\":\"ReadAction\",\"target\":[\"https:\/\/seubert-fruechte.de\/index.php\/produkt\/lauch-kiste\/\"]}]},{\"@type\":\"ImageObject\",\"inLanguage\":\"de\",\"@id\":\"https:\/\/seubert-fruechte.de\/index.php\/produkt\/lauch-kiste\/#primaryimage\",\"url\":\"https:\/\/seubert-fruechte.de\/wp-content\/uploads\/2025\/09\/Lauch.jpg\",\"contentUrl\":\"https:\/\/seubert-fruechte.de\/wp-content\/uploads\/2025\/09\/Lauch.jpg\",\"width\":1280,\"height\":851},{\"@type\":\"BreadcrumbList\",\"@id\":\"https:\/\/seubert-fruechte.de\/index.php\/produkt\/lauch-kiste\/#breadcrumb\",\"itemListElement\":[{\"@type\":\"ListItem\",\"position\":1,\"name\":\"Startseite\",\"item\":\"https:\/\/seubert-fruechte.de\/\"},{\"@type\":\"ListItem\",\"position\":2,\"name\":\"Shop\",\"item\":\"https:\/\/seubert-fruechte.de\/index.php\/shop\/\"},{\"@type\":\"ListItem\",\"position\":3,\"name\":\"Lauch Kiste\"}]},{\"@type\":\"WebSite\",\"@id\":\"https:\/\/seubert-fruechte.de\/#website\",\"url\":\"https:\/\/seubert-fruechte.de\/\",\"name\":\"Seubert Fr\u00fcchte\",\"description\":\"\",\"potentialAction\":[{\"@type\":\"SearchAction\",\"target\":{\"@type\":\"EntryPoint\",\"urlTemplate\":\"https:\/\/seubert-fruechte.de\/?s={search_term_string}\"},\"query-input\":{\"@type\":\"PropertyValueSpecification\",\"valueRequired\":true,\"valueName\":\"search_term_string\"}}],\"inLanguage\":\"de\"}]}<\/script>\n<!-- \/ Yoast SEO plugin. -->","yoast_head_json":{"title":"Lauch Kiste - Seubert Fr\u00fcchte","robots":{"index":"index","follow":"follow","max-snippet":"max-snippet:-1","max-image-preview":"max-image-preview:large","max-video-preview":"max-video-preview:-1"},"canonical":"https:\/\/seubert-fruechte.de\/index.php\/produkt\/lauch-kiste\/","og_locale":"de_DE","og_type":"article","og_title":"Lauch Kiste - Seubert Fr\u00fcchte","og_description":"Unser Lauch \u00fcberzeugt durch seine gleichm\u00e4\u00dfige L\u00e4nge, kompakte K\u00f6pfe und eine zarte, fein strukturierte St\u00e4ngelhaut. Sein milder, leicht s\u00fc\u00dflicher Geschmack entfaltet sich besonders gut, wenn der Lauch sanft erhitzt wird, bleibt aber auch in Rohformen angenehm aromatisch. Lauch eignet sich hervorragend f\u00fcr Suppen, Eint\u00f6pfe, Gratins, Pfannen- und Ofengerichte, Risottos sowie leichte Salatkreationen. Durch seine Vielseitigkeit [&hellip;]","og_url":"https:\/\/seubert-fruechte.de\/index.php\/produkt\/lauch-kiste\/","og_site_name":"Seubert Fr\u00fcchte","og_image":[{"width":1280,"height":851,"url":"https:\/\/seubert-fruechte.de\/wp-content\/uploads\/2025\/09\/Lauch.jpg","type":"image\/jpeg"}],"twitter_card":"summary_large_image","twitter_misc":{"Gesch\u00e4tzte Lesezeit":"1\u00a0Minute"},"schema":{"@context":"https:\/\/schema.org","@graph":[{"@type":"WebPage","@id":"https:\/\/seubert-fruechte.de\/index.php\/produkt\/lauch-kiste\/","url":"https:\/\/seubert-fruechte.de\/index.php\/produkt\/lauch-kiste\/","name":"Lauch Kiste - Seubert Fr\u00fcchte","isPartOf":{"@id":"https:\/\/seubert-fruechte.de\/#website"},"primaryImageOfPage":{"@id":"https:\/\/seubert-fruechte.de\/index.php\/produkt\/lauch-kiste\/#primaryimage"},"image":{"@id":"https:\/\/seubert-fruechte.de\/index.php\/produkt\/lauch-kiste\/#primaryimage"},"thumbnailUrl":"https:\/\/seubert-fruechte.de\/wp-content\/uploads\/2025\/09\/Lauch.jpg","datePublished":"2025-09-03T09:38:46+00:00","breadcrumb":{"@id":"https:\/\/seubert-fruechte.de\/index.php\/produkt\/lauch-kiste\/#breadcrumb"},"inLanguage":"de","potentialAction":[{"@type":"ReadAction","target":["https:\/\/seubert-fruechte.de\/index.php\/produkt\/lauch-kiste\/"]}]},{"@type":"ImageObject","inLanguage":"de","@id":"https:\/\/seubert-fruechte.de\/index.php\/produkt\/lauch-kiste\/#primaryimage","url":"https:\/\/seubert-fruechte.de\/wp-content\/uploads\/2025\/09\/Lauch.jpg","contentUrl":"https:\/\/seubert-fruechte.de\/wp-content\/uploads\/2025\/09\/Lauch.jpg","width":1280,"height":851},{"@type":"BreadcrumbList","@id":"https:\/\/seubert-fruechte.de\/index.php\/produkt\/lauch-kiste\/#breadcrumb","itemListElement":[{"@type":"ListItem","position":1,"name":"Startseite","item":"https:\/\/seubert-fruechte.de\/"},{"@type":"ListItem","position":2,"name":"Shop","item":"https:\/\/seubert-fruechte.de\/index.php\/shop\/"},{"@type":"ListItem","position":3,"name":"Lauch Kiste"}]},{"@type":"WebSite","@id":"https:\/\/seubert-fruechte.de\/#website","url":"https:\/\/seubert-fruechte.de\/","name":"Seubert Fr\u00fcchte","description":"","potentialAction":[{"@type":"SearchAction","target":{"@type":"EntryPoint","urlTemplate":"https:\/\/seubert-fruechte.de\/?s={search_term_string}"},"query-input":{"@type":"PropertyValueSpecification","valueRequired":true,"valueName":"search_term_string"}}],"inLanguage":"de"}]}},"_links":{"self":[{"href":"https:\/\/seubert-fruechte.de\/index.php\/wp-json\/wp\/v2\/product\/216","targetHints":{"allow":["GET"]}}],"collection":[{"href":"https:\/\/seubert-fruechte.de\/index.php\/wp-json\/wp\/v2\/product"}],"about":[{"href":"https:\/\/seubert-fruechte.de\/index.php\/wp-json\/wp\/v2\/types\/product"}],"replies":[{"embeddable":true,"href":"https:\/\/seubert-fruechte.de\/index.php\/wp-json\/wp\/v2\/comments?post=216"}],"wp:featuredmedia":[{"embeddable":true,"href":"https:\/\/seubert-fruechte.de\/index.php\/wp-json\/wp\/v2\/media\/217"}],"wp:attachment":[{"href":"https:\/\/seubert-fruechte.de\/index.php\/wp-json\/wp\/v2\/media?parent=216"}],"wp:term":[{"taxonomy":"product_brand","embeddable":true,"href":"https:\/\/seubert-fruechte.de\/index.php\/wp-json\/wp\/v2\/product_brand?post=216"},{"taxonomy":"product_cat","embeddable":true,"href":"https:\/\/seubert-fruechte.de\/index.php\/wp-json\/wp\/v2\/product_cat?post=216"},{"taxonomy":"product_tag","embeddable":true,"href":"https:\/\/seubert-fruechte.de\/index.php\/wp-json\/wp\/v2\/product_tag?post=216"}],"curies":[{"name":"wp","href":"https:\/\/api.w.org\/{rel}","templated":true}]}}