{"id":210,"date":"2025-09-03T11:19:58","date_gmt":"2025-09-03T09:19:58","guid":{"rendered":"https:\/\/seubert-fruechte.de\/?post_type=product&#038;p=210"},"modified":"2025-09-03T11:24:49","modified_gmt":"2025-09-03T09:24:49","slug":"kopfsalat-kiste","status":"publish","type":"product","link":"https:\/\/seubert-fruechte.de\/index.php\/produkt\/kopfsalat-kiste\/","title":{"rendered":"Kopfsalat Kiste"},"content":{"rendered":"<p data-start=\"936\" data-end=\"1086\">Unser <strong>Kopfsalat<\/strong> \u00fcberzeugt durch ausgesuchte Spitzenqualit\u00e4t aus regionalem Anbau (je nach Verf\u00fcgbarkeit auch saisonal \u00fcberregional).<\/p>\n<p data-start=\"936\" data-end=\"1086\">Je nach Sorte bietet der Gr\u00fcnkopf eine milde, aromatische Note mit feiner S\u00fc\u00dfe. Die Bl\u00e4tter sind angenehm fest, frisch und saftig \u2013 ideal f\u00fcr eine Vielzahl von Anwendungen in der kalten K\u00fcche.<\/p>\n<p data-start=\"936\" data-end=\"1086\"><strong data-start=\"585\" data-end=\"600\">Verpackung:<\/strong>\u00a0 je 12 St\u00fcck pro Kiste<\/p>\n<p data-start=\"136\" data-end=\"366\"><strong>Hinweis zur Menge:\u00a0<\/strong><\/p>\n<p data-start=\"136\" data-end=\"366\">Menge 1 entspricht einer Kiste<\/p>\n","protected":false},"excerpt":{"rendered":"<p>Unser Kopfsalat \u00fcberzeugt durch ausgesuchte Spitzenqualit\u00e4t aus regionalem Anbau (je nach Verf\u00fcgbarkeit auch saisonal \u00fcberregional). Je nach Sorte bietet der Gr\u00fcnkopf eine milde, aromatische Note mit feiner S\u00fc\u00dfe. Die Bl\u00e4tter sind angenehm fest, frisch und saftig \u2013 ideal f\u00fcr eine Vielzahl von Anwendungen in der kalten K\u00fcche. Verpackung:\u00a0 je 12 St\u00fcck pro Kiste Hinweis zur [&hellip;]<\/p>\n","protected":false},"featured_media":211,"comment_status":"closed","ping_status":"closed","template":"","meta":[],"product_brand":[],"product_cat":[16],"product_tag":[],"class_list":{"0":"post-210","1":"product","2":"type-product","3":"status-publish","4":"has-post-thumbnail","6":"product_cat-salate","8":"first","9":"instock","10":"shipping-taxable","11":"purchasable","12":"product-type-simple"},"yoast_head":"<!-- This site is optimized with the Yoast SEO plugin v26.1.1 - https:\/\/yoast.com\/wordpress\/plugins\/seo\/ -->\n<title>Kopfsalat Kiste - Seubert Fr\u00fcchte<\/title>\n<meta name=\"robots\" content=\"index, follow, max-snippet:-1, max-image-preview:large, max-video-preview:-1\" \/>\n<link rel=\"canonical\" href=\"https:\/\/seubert-fruechte.de\/index.php\/produkt\/kopfsalat-kiste\/\" \/>\n<meta property=\"og:locale\" content=\"de_DE\" \/>\n<meta property=\"og:type\" content=\"article\" \/>\n<meta property=\"og:title\" content=\"Kopfsalat Kiste - Seubert Fr\u00fcchte\" \/>\n<meta property=\"og:description\" content=\"Unser Kopfsalat \u00fcberzeugt durch ausgesuchte Spitzenqualit\u00e4t aus regionalem Anbau (je nach Verf\u00fcgbarkeit auch saisonal \u00fcberregional). Je nach Sorte bietet der Gr\u00fcnkopf eine milde, aromatische Note mit feiner S\u00fc\u00dfe. Die Bl\u00e4tter sind angenehm fest, frisch und saftig \u2013 ideal f\u00fcr eine Vielzahl von Anwendungen in der kalten K\u00fcche. Verpackung:\u00a0 je 12 St\u00fcck pro Kiste Hinweis zur [&hellip;]\" \/>\n<meta property=\"og:url\" content=\"https:\/\/seubert-fruechte.de\/index.php\/produkt\/kopfsalat-kiste\/\" \/>\n<meta property=\"og:site_name\" content=\"Seubert Fr\u00fcchte\" \/>\n<meta property=\"article:modified_time\" content=\"2025-09-03T09:24:49+00:00\" \/>\n<meta property=\"og:image\" content=\"https:\/\/seubert-fruechte.de\/wp-content\/uploads\/2025\/09\/Kopfsalat.jpg\" \/>\n\t<meta property=\"og:image:width\" content=\"1280\" \/>\n\t<meta property=\"og:image:height\" content=\"912\" \/>\n\t<meta property=\"og:image:type\" content=\"image\/jpeg\" \/>\n<meta name=\"twitter:card\" content=\"summary_large_image\" \/>\n<meta name=\"twitter:label1\" content=\"Gesch\u00e4tzte Lesezeit\" \/>\n\t<meta name=\"twitter:data1\" content=\"1\u00a0Minute\" \/>\n<script type=\"application\/ld+json\" class=\"yoast-schema-graph\">{\"@context\":\"https:\/\/schema.org\",\"@graph\":[{\"@type\":\"WebPage\",\"@id\":\"https:\/\/seubert-fruechte.de\/index.php\/produkt\/kopfsalat-kiste\/\",\"url\":\"https:\/\/seubert-fruechte.de\/index.php\/produkt\/kopfsalat-kiste\/\",\"name\":\"Kopfsalat Kiste - Seubert Fr\u00fcchte\",\"isPartOf\":{\"@id\":\"https:\/\/seubert-fruechte.de\/#website\"},\"primaryImageOfPage\":{\"@id\":\"https:\/\/seubert-fruechte.de\/index.php\/produkt\/kopfsalat-kiste\/#primaryimage\"},\"image\":{\"@id\":\"https:\/\/seubert-fruechte.de\/index.php\/produkt\/kopfsalat-kiste\/#primaryimage\"},\"thumbnailUrl\":\"https:\/\/seubert-fruechte.de\/wp-content\/uploads\/2025\/09\/Kopfsalat.jpg\",\"datePublished\":\"2025-09-03T09:19:58+00:00\",\"dateModified\":\"2025-09-03T09:24:49+00:00\",\"breadcrumb\":{\"@id\":\"https:\/\/seubert-fruechte.de\/index.php\/produkt\/kopfsalat-kiste\/#breadcrumb\"},\"inLanguage\":\"de\",\"potentialAction\":[{\"@type\":\"ReadAction\",\"target\":[\"https:\/\/seubert-fruechte.de\/index.php\/produkt\/kopfsalat-kiste\/\"]}]},{\"@type\":\"ImageObject\",\"inLanguage\":\"de\",\"@id\":\"https:\/\/seubert-fruechte.de\/index.php\/produkt\/kopfsalat-kiste\/#primaryimage\",\"url\":\"https:\/\/seubert-fruechte.de\/wp-content\/uploads\/2025\/09\/Kopfsalat.jpg\",\"contentUrl\":\"https:\/\/seubert-fruechte.de\/wp-content\/uploads\/2025\/09\/Kopfsalat.jpg\",\"width\":1280,\"height\":912},{\"@type\":\"BreadcrumbList\",\"@id\":\"https:\/\/seubert-fruechte.de\/index.php\/produkt\/kopfsalat-kiste\/#breadcrumb\",\"itemListElement\":[{\"@type\":\"ListItem\",\"position\":1,\"name\":\"Startseite\",\"item\":\"https:\/\/seubert-fruechte.de\/\"},{\"@type\":\"ListItem\",\"position\":2,\"name\":\"Shop\",\"item\":\"https:\/\/seubert-fruechte.de\/index.php\/shop\/\"},{\"@type\":\"ListItem\",\"position\":3,\"name\":\"Kopfsalat Kiste\"}]},{\"@type\":\"WebSite\",\"@id\":\"https:\/\/seubert-fruechte.de\/#website\",\"url\":\"https:\/\/seubert-fruechte.de\/\",\"name\":\"Seubert Fr\u00fcchte\",\"description\":\"\",\"potentialAction\":[{\"@type\":\"SearchAction\",\"target\":{\"@type\":\"EntryPoint\",\"urlTemplate\":\"https:\/\/seubert-fruechte.de\/?s={search_term_string}\"},\"query-input\":{\"@type\":\"PropertyValueSpecification\",\"valueRequired\":true,\"valueName\":\"search_term_string\"}}],\"inLanguage\":\"de\"}]}<\/script>\n<!-- \/ Yoast SEO plugin. -->","yoast_head_json":{"title":"Kopfsalat Kiste - Seubert Fr\u00fcchte","robots":{"index":"index","follow":"follow","max-snippet":"max-snippet:-1","max-image-preview":"max-image-preview:large","max-video-preview":"max-video-preview:-1"},"canonical":"https:\/\/seubert-fruechte.de\/index.php\/produkt\/kopfsalat-kiste\/","og_locale":"de_DE","og_type":"article","og_title":"Kopfsalat Kiste - Seubert Fr\u00fcchte","og_description":"Unser Kopfsalat \u00fcberzeugt durch ausgesuchte Spitzenqualit\u00e4t aus regionalem Anbau (je nach Verf\u00fcgbarkeit auch saisonal \u00fcberregional). Je nach Sorte bietet der Gr\u00fcnkopf eine milde, aromatische Note mit feiner S\u00fc\u00dfe. Die Bl\u00e4tter sind angenehm fest, frisch und saftig \u2013 ideal f\u00fcr eine Vielzahl von Anwendungen in der kalten K\u00fcche. Verpackung:\u00a0 je 12 St\u00fcck pro Kiste Hinweis zur [&hellip;]","og_url":"https:\/\/seubert-fruechte.de\/index.php\/produkt\/kopfsalat-kiste\/","og_site_name":"Seubert Fr\u00fcchte","article_modified_time":"2025-09-03T09:24:49+00:00","og_image":[{"width":1280,"height":912,"url":"https:\/\/seubert-fruechte.de\/wp-content\/uploads\/2025\/09\/Kopfsalat.jpg","type":"image\/jpeg"}],"twitter_card":"summary_large_image","twitter_misc":{"Gesch\u00e4tzte Lesezeit":"1\u00a0Minute"},"schema":{"@context":"https:\/\/schema.org","@graph":[{"@type":"WebPage","@id":"https:\/\/seubert-fruechte.de\/index.php\/produkt\/kopfsalat-kiste\/","url":"https:\/\/seubert-fruechte.de\/index.php\/produkt\/kopfsalat-kiste\/","name":"Kopfsalat Kiste - Seubert Fr\u00fcchte","isPartOf":{"@id":"https:\/\/seubert-fruechte.de\/#website"},"primaryImageOfPage":{"@id":"https:\/\/seubert-fruechte.de\/index.php\/produkt\/kopfsalat-kiste\/#primaryimage"},"image":{"@id":"https:\/\/seubert-fruechte.de\/index.php\/produkt\/kopfsalat-kiste\/#primaryimage"},"thumbnailUrl":"https:\/\/seubert-fruechte.de\/wp-content\/uploads\/2025\/09\/Kopfsalat.jpg","datePublished":"2025-09-03T09:19:58+00:00","dateModified":"2025-09-03T09:24:49+00:00","breadcrumb":{"@id":"https:\/\/seubert-fruechte.de\/index.php\/produkt\/kopfsalat-kiste\/#breadcrumb"},"inLanguage":"de","potentialAction":[{"@type":"ReadAction","target":["https:\/\/seubert-fruechte.de\/index.php\/produkt\/kopfsalat-kiste\/"]}]},{"@type":"ImageObject","inLanguage":"de","@id":"https:\/\/seubert-fruechte.de\/index.php\/produkt\/kopfsalat-kiste\/#primaryimage","url":"https:\/\/seubert-fruechte.de\/wp-content\/uploads\/2025\/09\/Kopfsalat.jpg","contentUrl":"https:\/\/seubert-fruechte.de\/wp-content\/uploads\/2025\/09\/Kopfsalat.jpg","width":1280,"height":912},{"@type":"BreadcrumbList","@id":"https:\/\/seubert-fruechte.de\/index.php\/produkt\/kopfsalat-kiste\/#breadcrumb","itemListElement":[{"@type":"ListItem","position":1,"name":"Startseite","item":"https:\/\/seubert-fruechte.de\/"},{"@type":"ListItem","position":2,"name":"Shop","item":"https:\/\/seubert-fruechte.de\/index.php\/shop\/"},{"@type":"ListItem","position":3,"name":"Kopfsalat Kiste"}]},{"@type":"WebSite","@id":"https:\/\/seubert-fruechte.de\/#website","url":"https:\/\/seubert-fruechte.de\/","name":"Seubert Fr\u00fcchte","description":"","potentialAction":[{"@type":"SearchAction","target":{"@type":"EntryPoint","urlTemplate":"https:\/\/seubert-fruechte.de\/?s={search_term_string}"},"query-input":{"@type":"PropertyValueSpecification","valueRequired":true,"valueName":"search_term_string"}}],"inLanguage":"de"}]}},"_links":{"self":[{"href":"https:\/\/seubert-fruechte.de\/index.php\/wp-json\/wp\/v2\/product\/210","targetHints":{"allow":["GET"]}}],"collection":[{"href":"https:\/\/seubert-fruechte.de\/index.php\/wp-json\/wp\/v2\/product"}],"about":[{"href":"https:\/\/seubert-fruechte.de\/index.php\/wp-json\/wp\/v2\/types\/product"}],"replies":[{"embeddable":true,"href":"https:\/\/seubert-fruechte.de\/index.php\/wp-json\/wp\/v2\/comments?post=210"}],"wp:featuredmedia":[{"embeddable":true,"href":"https:\/\/seubert-fruechte.de\/index.php\/wp-json\/wp\/v2\/media\/211"}],"wp:attachment":[{"href":"https:\/\/seubert-fruechte.de\/index.php\/wp-json\/wp\/v2\/media?parent=210"}],"wp:term":[{"taxonomy":"product_brand","embeddable":true,"href":"https:\/\/seubert-fruechte.de\/index.php\/wp-json\/wp\/v2\/product_brand?post=210"},{"taxonomy":"product_cat","embeddable":true,"href":"https:\/\/seubert-fruechte.de\/index.php\/wp-json\/wp\/v2\/product_cat?post=210"},{"taxonomy":"product_tag","embeddable":true,"href":"https:\/\/seubert-fruechte.de\/index.php\/wp-json\/wp\/v2\/product_tag?post=210"}],"curies":[{"name":"wp","href":"https:\/\/api.w.org\/{rel}","templated":true}]}}