{"id":203,"date":"2025-09-02T12:25:08","date_gmt":"2025-09-02T10:25:08","guid":{"rendered":"https:\/\/seubert-fruechte.de\/?post_type=product&#038;p=203"},"modified":"2025-09-02T12:27:12","modified_gmt":"2025-09-02T10:27:12","slug":"kartoffeln-vorw-festk-kiste","status":"publish","type":"product","link":"https:\/\/seubert-fruechte.de\/index.php\/produkt\/kartoffeln-vorw-festk-kiste\/","title":{"rendered":"Kartoffeln vorw. festk. Kiste"},"content":{"rendered":"<p data-start=\"859\" data-end=\"1103\">Unsere <strong data-start=\"652\" data-end=\"697\">vorwiegend festkochenden Speisekartoffeln<\/strong> zeichnen sich durch ein ausgewogenes Verh\u00e4ltnis von Festigkeit und St\u00e4rkegehalt aus. Sie behalten beim Kochen gut ihre Form, sind jedoch weich genug f\u00fcr P\u00fcrees oder Aufl\u00e4ufe. Damit eignen sie sich ideal f\u00fcr eine Vielzahl klassischer Gerichte und gelten als echter Allrounder in der professionellen K\u00fcche.<\/p>\n<p data-start=\"112\" data-end=\"290\"><strong data-start=\"585\" data-end=\"600\">Verpackung:<\/strong>\u00a0 25kg je Kiste<\/p>\n<p data-start=\"136\" data-end=\"366\"><strong>Hinweis zur Menge:\u00a0<\/strong><\/p>\n<p data-start=\"136\" data-end=\"366\">Menge 1 entspricht einer Kiste<\/p>\n","protected":false},"excerpt":{"rendered":"<p>Unsere vorwiegend festkochenden Speisekartoffeln zeichnen sich durch ein ausgewogenes Verh\u00e4ltnis von Festigkeit und St\u00e4rkegehalt aus. Sie behalten beim Kochen gut ihre Form, sind jedoch weich genug f\u00fcr P\u00fcrees oder Aufl\u00e4ufe. Damit eignen sie sich ideal f\u00fcr eine Vielzahl klassischer Gerichte und gelten als echter Allrounder in der professionellen K\u00fcche. Verpackung:\u00a0 25kg je Kiste Hinweis zur [&hellip;]<\/p>\n","protected":false},"featured_media":194,"comment_status":"closed","ping_status":"closed","template":"","meta":[],"product_brand":[],"product_cat":[22],"product_tag":[],"class_list":{"0":"post-203","1":"product","2":"type-product","3":"status-publish","4":"has-post-thumbnail","6":"product_cat-kartoffeln","8":"first","9":"instock","10":"shipping-taxable","11":"purchasable","12":"product-type-simple"},"yoast_head":"<!-- This site is optimized with the Yoast SEO plugin v26.1.1 - https:\/\/yoast.com\/wordpress\/plugins\/seo\/ -->\n<title>Kartoffeln vorw. festk. Kiste - Seubert Fr\u00fcchte<\/title>\n<meta name=\"robots\" content=\"index, follow, max-snippet:-1, max-image-preview:large, max-video-preview:-1\" \/>\n<link rel=\"canonical\" href=\"https:\/\/seubert-fruechte.de\/index.php\/produkt\/kartoffeln-vorw-festk-kiste\/\" \/>\n<meta property=\"og:locale\" content=\"de_DE\" \/>\n<meta property=\"og:type\" content=\"article\" \/>\n<meta property=\"og:title\" content=\"Kartoffeln vorw. festk. Kiste - Seubert Fr\u00fcchte\" \/>\n<meta property=\"og:description\" content=\"Unsere vorwiegend festkochenden Speisekartoffeln zeichnen sich durch ein ausgewogenes Verh\u00e4ltnis von Festigkeit und St\u00e4rkegehalt aus. Sie behalten beim Kochen gut ihre Form, sind jedoch weich genug f\u00fcr P\u00fcrees oder Aufl\u00e4ufe. Damit eignen sie sich ideal f\u00fcr eine Vielzahl klassischer Gerichte und gelten als echter Allrounder in der professionellen K\u00fcche. Verpackung:\u00a0 25kg je Kiste Hinweis zur [&hellip;]\" \/>\n<meta property=\"og:url\" content=\"https:\/\/seubert-fruechte.de\/index.php\/produkt\/kartoffeln-vorw-festk-kiste\/\" \/>\n<meta property=\"og:site_name\" content=\"Seubert Fr\u00fcchte\" \/>\n<meta property=\"article:modified_time\" content=\"2025-09-02T10:27:12+00:00\" \/>\n<meta property=\"og:image\" content=\"https:\/\/seubert-fruechte.de\/wp-content\/uploads\/2025\/09\/Kartoffeln.jpg\" \/>\n\t<meta property=\"og:image:width\" content=\"1280\" \/>\n\t<meta property=\"og:image:height\" content=\"853\" \/>\n\t<meta property=\"og:image:type\" content=\"image\/jpeg\" \/>\n<meta name=\"twitter:card\" content=\"summary_large_image\" \/>\n<meta name=\"twitter:label1\" content=\"Gesch\u00e4tzte Lesezeit\" \/>\n\t<meta name=\"twitter:data1\" content=\"1\u00a0Minute\" \/>\n<script type=\"application\/ld+json\" class=\"yoast-schema-graph\">{\"@context\":\"https:\/\/schema.org\",\"@graph\":[{\"@type\":\"WebPage\",\"@id\":\"https:\/\/seubert-fruechte.de\/index.php\/produkt\/kartoffeln-vorw-festk-kiste\/\",\"url\":\"https:\/\/seubert-fruechte.de\/index.php\/produkt\/kartoffeln-vorw-festk-kiste\/\",\"name\":\"Kartoffeln vorw. festk. Kiste - Seubert Fr\u00fcchte\",\"isPartOf\":{\"@id\":\"https:\/\/seubert-fruechte.de\/#website\"},\"primaryImageOfPage\":{\"@id\":\"https:\/\/seubert-fruechte.de\/index.php\/produkt\/kartoffeln-vorw-festk-kiste\/#primaryimage\"},\"image\":{\"@id\":\"https:\/\/seubert-fruechte.de\/index.php\/produkt\/kartoffeln-vorw-festk-kiste\/#primaryimage\"},\"thumbnailUrl\":\"https:\/\/seubert-fruechte.de\/wp-content\/uploads\/2025\/09\/Kartoffeln.jpg\",\"datePublished\":\"2025-09-02T10:25:08+00:00\",\"dateModified\":\"2025-09-02T10:27:12+00:00\",\"breadcrumb\":{\"@id\":\"https:\/\/seubert-fruechte.de\/index.php\/produkt\/kartoffeln-vorw-festk-kiste\/#breadcrumb\"},\"inLanguage\":\"de\",\"potentialAction\":[{\"@type\":\"ReadAction\",\"target\":[\"https:\/\/seubert-fruechte.de\/index.php\/produkt\/kartoffeln-vorw-festk-kiste\/\"]}]},{\"@type\":\"ImageObject\",\"inLanguage\":\"de\",\"@id\":\"https:\/\/seubert-fruechte.de\/index.php\/produkt\/kartoffeln-vorw-festk-kiste\/#primaryimage\",\"url\":\"https:\/\/seubert-fruechte.de\/wp-content\/uploads\/2025\/09\/Kartoffeln.jpg\",\"contentUrl\":\"https:\/\/seubert-fruechte.de\/wp-content\/uploads\/2025\/09\/Kartoffeln.jpg\",\"width\":1280,\"height\":853},{\"@type\":\"BreadcrumbList\",\"@id\":\"https:\/\/seubert-fruechte.de\/index.php\/produkt\/kartoffeln-vorw-festk-kiste\/#breadcrumb\",\"itemListElement\":[{\"@type\":\"ListItem\",\"position\":1,\"name\":\"Startseite\",\"item\":\"https:\/\/seubert-fruechte.de\/\"},{\"@type\":\"ListItem\",\"position\":2,\"name\":\"Shop\",\"item\":\"https:\/\/seubert-fruechte.de\/index.php\/shop\/\"},{\"@type\":\"ListItem\",\"position\":3,\"name\":\"Kartoffeln vorw. festk. Kiste\"}]},{\"@type\":\"WebSite\",\"@id\":\"https:\/\/seubert-fruechte.de\/#website\",\"url\":\"https:\/\/seubert-fruechte.de\/\",\"name\":\"Seubert Fr\u00fcchte\",\"description\":\"\",\"potentialAction\":[{\"@type\":\"SearchAction\",\"target\":{\"@type\":\"EntryPoint\",\"urlTemplate\":\"https:\/\/seubert-fruechte.de\/?s={search_term_string}\"},\"query-input\":{\"@type\":\"PropertyValueSpecification\",\"valueRequired\":true,\"valueName\":\"search_term_string\"}}],\"inLanguage\":\"de\"}]}<\/script>\n<!-- \/ Yoast SEO plugin. -->","yoast_head_json":{"title":"Kartoffeln vorw. festk. Kiste - Seubert Fr\u00fcchte","robots":{"index":"index","follow":"follow","max-snippet":"max-snippet:-1","max-image-preview":"max-image-preview:large","max-video-preview":"max-video-preview:-1"},"canonical":"https:\/\/seubert-fruechte.de\/index.php\/produkt\/kartoffeln-vorw-festk-kiste\/","og_locale":"de_DE","og_type":"article","og_title":"Kartoffeln vorw. festk. Kiste - Seubert Fr\u00fcchte","og_description":"Unsere vorwiegend festkochenden Speisekartoffeln zeichnen sich durch ein ausgewogenes Verh\u00e4ltnis von Festigkeit und St\u00e4rkegehalt aus. Sie behalten beim Kochen gut ihre Form, sind jedoch weich genug f\u00fcr P\u00fcrees oder Aufl\u00e4ufe. Damit eignen sie sich ideal f\u00fcr eine Vielzahl klassischer Gerichte und gelten als echter Allrounder in der professionellen K\u00fcche. Verpackung:\u00a0 25kg je Kiste Hinweis zur [&hellip;]","og_url":"https:\/\/seubert-fruechte.de\/index.php\/produkt\/kartoffeln-vorw-festk-kiste\/","og_site_name":"Seubert Fr\u00fcchte","article_modified_time":"2025-09-02T10:27:12+00:00","og_image":[{"width":1280,"height":853,"url":"https:\/\/seubert-fruechte.de\/wp-content\/uploads\/2025\/09\/Kartoffeln.jpg","type":"image\/jpeg"}],"twitter_card":"summary_large_image","twitter_misc":{"Gesch\u00e4tzte Lesezeit":"1\u00a0Minute"},"schema":{"@context":"https:\/\/schema.org","@graph":[{"@type":"WebPage","@id":"https:\/\/seubert-fruechte.de\/index.php\/produkt\/kartoffeln-vorw-festk-kiste\/","url":"https:\/\/seubert-fruechte.de\/index.php\/produkt\/kartoffeln-vorw-festk-kiste\/","name":"Kartoffeln vorw. festk. Kiste - Seubert Fr\u00fcchte","isPartOf":{"@id":"https:\/\/seubert-fruechte.de\/#website"},"primaryImageOfPage":{"@id":"https:\/\/seubert-fruechte.de\/index.php\/produkt\/kartoffeln-vorw-festk-kiste\/#primaryimage"},"image":{"@id":"https:\/\/seubert-fruechte.de\/index.php\/produkt\/kartoffeln-vorw-festk-kiste\/#primaryimage"},"thumbnailUrl":"https:\/\/seubert-fruechte.de\/wp-content\/uploads\/2025\/09\/Kartoffeln.jpg","datePublished":"2025-09-02T10:25:08+00:00","dateModified":"2025-09-02T10:27:12+00:00","breadcrumb":{"@id":"https:\/\/seubert-fruechte.de\/index.php\/produkt\/kartoffeln-vorw-festk-kiste\/#breadcrumb"},"inLanguage":"de","potentialAction":[{"@type":"ReadAction","target":["https:\/\/seubert-fruechte.de\/index.php\/produkt\/kartoffeln-vorw-festk-kiste\/"]}]},{"@type":"ImageObject","inLanguage":"de","@id":"https:\/\/seubert-fruechte.de\/index.php\/produkt\/kartoffeln-vorw-festk-kiste\/#primaryimage","url":"https:\/\/seubert-fruechte.de\/wp-content\/uploads\/2025\/09\/Kartoffeln.jpg","contentUrl":"https:\/\/seubert-fruechte.de\/wp-content\/uploads\/2025\/09\/Kartoffeln.jpg","width":1280,"height":853},{"@type":"BreadcrumbList","@id":"https:\/\/seubert-fruechte.de\/index.php\/produkt\/kartoffeln-vorw-festk-kiste\/#breadcrumb","itemListElement":[{"@type":"ListItem","position":1,"name":"Startseite","item":"https:\/\/seubert-fruechte.de\/"},{"@type":"ListItem","position":2,"name":"Shop","item":"https:\/\/seubert-fruechte.de\/index.php\/shop\/"},{"@type":"ListItem","position":3,"name":"Kartoffeln vorw. festk. Kiste"}]},{"@type":"WebSite","@id":"https:\/\/seubert-fruechte.de\/#website","url":"https:\/\/seubert-fruechte.de\/","name":"Seubert Fr\u00fcchte","description":"","potentialAction":[{"@type":"SearchAction","target":{"@type":"EntryPoint","urlTemplate":"https:\/\/seubert-fruechte.de\/?s={search_term_string}"},"query-input":{"@type":"PropertyValueSpecification","valueRequired":true,"valueName":"search_term_string"}}],"inLanguage":"de"}]}},"_links":{"self":[{"href":"https:\/\/seubert-fruechte.de\/index.php\/wp-json\/wp\/v2\/product\/203","targetHints":{"allow":["GET"]}}],"collection":[{"href":"https:\/\/seubert-fruechte.de\/index.php\/wp-json\/wp\/v2\/product"}],"about":[{"href":"https:\/\/seubert-fruechte.de\/index.php\/wp-json\/wp\/v2\/types\/product"}],"replies":[{"embeddable":true,"href":"https:\/\/seubert-fruechte.de\/index.php\/wp-json\/wp\/v2\/comments?post=203"}],"wp:featuredmedia":[{"embeddable":true,"href":"https:\/\/seubert-fruechte.de\/index.php\/wp-json\/wp\/v2\/media\/194"}],"wp:attachment":[{"href":"https:\/\/seubert-fruechte.de\/index.php\/wp-json\/wp\/v2\/media?parent=203"}],"wp:term":[{"taxonomy":"product_brand","embeddable":true,"href":"https:\/\/seubert-fruechte.de\/index.php\/wp-json\/wp\/v2\/product_brand?post=203"},{"taxonomy":"product_cat","embeddable":true,"href":"https:\/\/seubert-fruechte.de\/index.php\/wp-json\/wp\/v2\/product_cat?post=203"},{"taxonomy":"product_tag","embeddable":true,"href":"https:\/\/seubert-fruechte.de\/index.php\/wp-json\/wp\/v2\/product_tag?post=203"}],"curies":[{"name":"wp","href":"https:\/\/api.w.org\/{rel}","templated":true}]}}