{"id":197,"date":"2025-09-02T11:16:44","date_gmt":"2025-09-02T09:16:44","guid":{"rendered":"https:\/\/seubert-fruechte.de\/?post_type=product&#038;p=197"},"modified":"2025-09-02T11:21:21","modified_gmt":"2025-09-02T09:21:21","slug":"kartoffeln-mehlig-gepackt","status":"publish","type":"product","link":"https:\/\/seubert-fruechte.de\/index.php\/produkt\/kartoffeln-mehlig-gepackt\/","title":{"rendered":"Kartoffeln mehlig gepackt"},"content":{"rendered":"<p data-start=\"859\" data-end=\"1103\">Unsere <strong data-start=\"626\" data-end=\"656\">mehligkochenden Kartoffeln<\/strong> eignen sich ideal f\u00fcr alle Gerichte, bei denen eine lockere, s\u00e4mige Konsistenz gew\u00fcnscht ist. Sie zerfallen beim Kochen leicht und entwickeln dabei ihr volles Aroma. Perfekt f\u00fcr Kartoffelp\u00fcree, Suppen, Eint\u00f6pfe, Kl\u00f6\u00dfe oder als Backkartoffeln. Eine unverzichtbare Wahl in der professionellen K\u00fcche.<\/p>\n<p data-start=\"112\" data-end=\"290\"><strong data-start=\"585\" data-end=\"600\">Verpackung:<\/strong>\u00a0 2,5kg je Pack<\/p>\n<p data-start=\"136\" data-end=\"366\"><strong>Hinweis zur Menge:\u00a0<\/strong><\/p>\n<p data-start=\"136\" data-end=\"366\">Menge 1 entspricht einer Packung<\/p>\n","protected":false},"excerpt":{"rendered":"<p>Unsere mehligkochenden Kartoffeln eignen sich ideal f\u00fcr alle Gerichte, bei denen eine lockere, s\u00e4mige Konsistenz gew\u00fcnscht ist. Sie zerfallen beim Kochen leicht und entwickeln dabei ihr volles Aroma. Perfekt f\u00fcr Kartoffelp\u00fcree, Suppen, Eint\u00f6pfe, Kl\u00f6\u00dfe oder als Backkartoffeln. Eine unverzichtbare Wahl in der professionellen K\u00fcche. Verpackung:\u00a0 2,5kg je Pack Hinweis zur Menge:\u00a0 Menge 1 entspricht einer [&hellip;]<\/p>\n","protected":false},"featured_media":194,"comment_status":"closed","ping_status":"closed","template":"","meta":[],"product_brand":[],"product_cat":[22],"product_tag":[],"class_list":{"0":"post-197","1":"product","2":"type-product","3":"status-publish","4":"has-post-thumbnail","6":"product_cat-kartoffeln","8":"first","9":"instock","10":"shipping-taxable","11":"purchasable","12":"product-type-simple"},"yoast_head":"<!-- This site is optimized with the Yoast SEO plugin v26.1.1 - https:\/\/yoast.com\/wordpress\/plugins\/seo\/ -->\n<title>Kartoffeln mehlig gepackt - Seubert Fr\u00fcchte<\/title>\n<meta name=\"robots\" content=\"index, follow, max-snippet:-1, max-image-preview:large, max-video-preview:-1\" \/>\n<link rel=\"canonical\" href=\"https:\/\/seubert-fruechte.de\/index.php\/produkt\/kartoffeln-mehlig-gepackt\/\" \/>\n<meta property=\"og:locale\" content=\"de_DE\" \/>\n<meta property=\"og:type\" content=\"article\" \/>\n<meta property=\"og:title\" content=\"Kartoffeln mehlig gepackt - Seubert Fr\u00fcchte\" \/>\n<meta property=\"og:description\" content=\"Unsere mehligkochenden Kartoffeln eignen sich ideal f\u00fcr alle Gerichte, bei denen eine lockere, s\u00e4mige Konsistenz gew\u00fcnscht ist. Sie zerfallen beim Kochen leicht und entwickeln dabei ihr volles Aroma. Perfekt f\u00fcr Kartoffelp\u00fcree, Suppen, Eint\u00f6pfe, Kl\u00f6\u00dfe oder als Backkartoffeln. Eine unverzichtbare Wahl in der professionellen K\u00fcche. Verpackung:\u00a0 2,5kg je Pack Hinweis zur Menge:\u00a0 Menge 1 entspricht einer [&hellip;]\" \/>\n<meta property=\"og:url\" content=\"https:\/\/seubert-fruechte.de\/index.php\/produkt\/kartoffeln-mehlig-gepackt\/\" \/>\n<meta property=\"og:site_name\" content=\"Seubert Fr\u00fcchte\" \/>\n<meta property=\"article:modified_time\" content=\"2025-09-02T09:21:21+00:00\" \/>\n<meta property=\"og:image\" content=\"https:\/\/seubert-fruechte.de\/wp-content\/uploads\/2025\/09\/Kartoffeln.jpg\" \/>\n\t<meta property=\"og:image:width\" content=\"1280\" \/>\n\t<meta property=\"og:image:height\" content=\"853\" \/>\n\t<meta property=\"og:image:type\" content=\"image\/jpeg\" \/>\n<meta name=\"twitter:card\" content=\"summary_large_image\" \/>\n<meta name=\"twitter:label1\" content=\"Gesch\u00e4tzte Lesezeit\" \/>\n\t<meta name=\"twitter:data1\" content=\"1\u00a0Minute\" \/>\n<script type=\"application\/ld+json\" class=\"yoast-schema-graph\">{\"@context\":\"https:\/\/schema.org\",\"@graph\":[{\"@type\":\"WebPage\",\"@id\":\"https:\/\/seubert-fruechte.de\/index.php\/produkt\/kartoffeln-mehlig-gepackt\/\",\"url\":\"https:\/\/seubert-fruechte.de\/index.php\/produkt\/kartoffeln-mehlig-gepackt\/\",\"name\":\"Kartoffeln mehlig gepackt - Seubert Fr\u00fcchte\",\"isPartOf\":{\"@id\":\"https:\/\/seubert-fruechte.de\/#website\"},\"primaryImageOfPage\":{\"@id\":\"https:\/\/seubert-fruechte.de\/index.php\/produkt\/kartoffeln-mehlig-gepackt\/#primaryimage\"},\"image\":{\"@id\":\"https:\/\/seubert-fruechte.de\/index.php\/produkt\/kartoffeln-mehlig-gepackt\/#primaryimage\"},\"thumbnailUrl\":\"https:\/\/seubert-fruechte.de\/wp-content\/uploads\/2025\/09\/Kartoffeln.jpg\",\"datePublished\":\"2025-09-02T09:16:44+00:00\",\"dateModified\":\"2025-09-02T09:21:21+00:00\",\"breadcrumb\":{\"@id\":\"https:\/\/seubert-fruechte.de\/index.php\/produkt\/kartoffeln-mehlig-gepackt\/#breadcrumb\"},\"inLanguage\":\"de\",\"potentialAction\":[{\"@type\":\"ReadAction\",\"target\":[\"https:\/\/seubert-fruechte.de\/index.php\/produkt\/kartoffeln-mehlig-gepackt\/\"]}]},{\"@type\":\"ImageObject\",\"inLanguage\":\"de\",\"@id\":\"https:\/\/seubert-fruechte.de\/index.php\/produkt\/kartoffeln-mehlig-gepackt\/#primaryimage\",\"url\":\"https:\/\/seubert-fruechte.de\/wp-content\/uploads\/2025\/09\/Kartoffeln.jpg\",\"contentUrl\":\"https:\/\/seubert-fruechte.de\/wp-content\/uploads\/2025\/09\/Kartoffeln.jpg\",\"width\":1280,\"height\":853},{\"@type\":\"BreadcrumbList\",\"@id\":\"https:\/\/seubert-fruechte.de\/index.php\/produkt\/kartoffeln-mehlig-gepackt\/#breadcrumb\",\"itemListElement\":[{\"@type\":\"ListItem\",\"position\":1,\"name\":\"Startseite\",\"item\":\"https:\/\/seubert-fruechte.de\/\"},{\"@type\":\"ListItem\",\"position\":2,\"name\":\"Shop\",\"item\":\"https:\/\/seubert-fruechte.de\/index.php\/shop\/\"},{\"@type\":\"ListItem\",\"position\":3,\"name\":\"Kartoffeln mehlig gepackt\"}]},{\"@type\":\"WebSite\",\"@id\":\"https:\/\/seubert-fruechte.de\/#website\",\"url\":\"https:\/\/seubert-fruechte.de\/\",\"name\":\"Seubert Fr\u00fcchte\",\"description\":\"\",\"potentialAction\":[{\"@type\":\"SearchAction\",\"target\":{\"@type\":\"EntryPoint\",\"urlTemplate\":\"https:\/\/seubert-fruechte.de\/?s={search_term_string}\"},\"query-input\":{\"@type\":\"PropertyValueSpecification\",\"valueRequired\":true,\"valueName\":\"search_term_string\"}}],\"inLanguage\":\"de\"}]}<\/script>\n<!-- \/ Yoast SEO plugin. -->","yoast_head_json":{"title":"Kartoffeln mehlig gepackt - Seubert Fr\u00fcchte","robots":{"index":"index","follow":"follow","max-snippet":"max-snippet:-1","max-image-preview":"max-image-preview:large","max-video-preview":"max-video-preview:-1"},"canonical":"https:\/\/seubert-fruechte.de\/index.php\/produkt\/kartoffeln-mehlig-gepackt\/","og_locale":"de_DE","og_type":"article","og_title":"Kartoffeln mehlig gepackt - Seubert Fr\u00fcchte","og_description":"Unsere mehligkochenden Kartoffeln eignen sich ideal f\u00fcr alle Gerichte, bei denen eine lockere, s\u00e4mige Konsistenz gew\u00fcnscht ist. Sie zerfallen beim Kochen leicht und entwickeln dabei ihr volles Aroma. Perfekt f\u00fcr Kartoffelp\u00fcree, Suppen, Eint\u00f6pfe, Kl\u00f6\u00dfe oder als Backkartoffeln. Eine unverzichtbare Wahl in der professionellen K\u00fcche. Verpackung:\u00a0 2,5kg je Pack Hinweis zur Menge:\u00a0 Menge 1 entspricht einer [&hellip;]","og_url":"https:\/\/seubert-fruechte.de\/index.php\/produkt\/kartoffeln-mehlig-gepackt\/","og_site_name":"Seubert Fr\u00fcchte","article_modified_time":"2025-09-02T09:21:21+00:00","og_image":[{"width":1280,"height":853,"url":"https:\/\/seubert-fruechte.de\/wp-content\/uploads\/2025\/09\/Kartoffeln.jpg","type":"image\/jpeg"}],"twitter_card":"summary_large_image","twitter_misc":{"Gesch\u00e4tzte Lesezeit":"1\u00a0Minute"},"schema":{"@context":"https:\/\/schema.org","@graph":[{"@type":"WebPage","@id":"https:\/\/seubert-fruechte.de\/index.php\/produkt\/kartoffeln-mehlig-gepackt\/","url":"https:\/\/seubert-fruechte.de\/index.php\/produkt\/kartoffeln-mehlig-gepackt\/","name":"Kartoffeln mehlig gepackt - Seubert Fr\u00fcchte","isPartOf":{"@id":"https:\/\/seubert-fruechte.de\/#website"},"primaryImageOfPage":{"@id":"https:\/\/seubert-fruechte.de\/index.php\/produkt\/kartoffeln-mehlig-gepackt\/#primaryimage"},"image":{"@id":"https:\/\/seubert-fruechte.de\/index.php\/produkt\/kartoffeln-mehlig-gepackt\/#primaryimage"},"thumbnailUrl":"https:\/\/seubert-fruechte.de\/wp-content\/uploads\/2025\/09\/Kartoffeln.jpg","datePublished":"2025-09-02T09:16:44+00:00","dateModified":"2025-09-02T09:21:21+00:00","breadcrumb":{"@id":"https:\/\/seubert-fruechte.de\/index.php\/produkt\/kartoffeln-mehlig-gepackt\/#breadcrumb"},"inLanguage":"de","potentialAction":[{"@type":"ReadAction","target":["https:\/\/seubert-fruechte.de\/index.php\/produkt\/kartoffeln-mehlig-gepackt\/"]}]},{"@type":"ImageObject","inLanguage":"de","@id":"https:\/\/seubert-fruechte.de\/index.php\/produkt\/kartoffeln-mehlig-gepackt\/#primaryimage","url":"https:\/\/seubert-fruechte.de\/wp-content\/uploads\/2025\/09\/Kartoffeln.jpg","contentUrl":"https:\/\/seubert-fruechte.de\/wp-content\/uploads\/2025\/09\/Kartoffeln.jpg","width":1280,"height":853},{"@type":"BreadcrumbList","@id":"https:\/\/seubert-fruechte.de\/index.php\/produkt\/kartoffeln-mehlig-gepackt\/#breadcrumb","itemListElement":[{"@type":"ListItem","position":1,"name":"Startseite","item":"https:\/\/seubert-fruechte.de\/"},{"@type":"ListItem","position":2,"name":"Shop","item":"https:\/\/seubert-fruechte.de\/index.php\/shop\/"},{"@type":"ListItem","position":3,"name":"Kartoffeln mehlig gepackt"}]},{"@type":"WebSite","@id":"https:\/\/seubert-fruechte.de\/#website","url":"https:\/\/seubert-fruechte.de\/","name":"Seubert Fr\u00fcchte","description":"","potentialAction":[{"@type":"SearchAction","target":{"@type":"EntryPoint","urlTemplate":"https:\/\/seubert-fruechte.de\/?s={search_term_string}"},"query-input":{"@type":"PropertyValueSpecification","valueRequired":true,"valueName":"search_term_string"}}],"inLanguage":"de"}]}},"_links":{"self":[{"href":"https:\/\/seubert-fruechte.de\/index.php\/wp-json\/wp\/v2\/product\/197","targetHints":{"allow":["GET"]}}],"collection":[{"href":"https:\/\/seubert-fruechte.de\/index.php\/wp-json\/wp\/v2\/product"}],"about":[{"href":"https:\/\/seubert-fruechte.de\/index.php\/wp-json\/wp\/v2\/types\/product"}],"replies":[{"embeddable":true,"href":"https:\/\/seubert-fruechte.de\/index.php\/wp-json\/wp\/v2\/comments?post=197"}],"wp:featuredmedia":[{"embeddable":true,"href":"https:\/\/seubert-fruechte.de\/index.php\/wp-json\/wp\/v2\/media\/194"}],"wp:attachment":[{"href":"https:\/\/seubert-fruechte.de\/index.php\/wp-json\/wp\/v2\/media?parent=197"}],"wp:term":[{"taxonomy":"product_brand","embeddable":true,"href":"https:\/\/seubert-fruechte.de\/index.php\/wp-json\/wp\/v2\/product_brand?post=197"},{"taxonomy":"product_cat","embeddable":true,"href":"https:\/\/seubert-fruechte.de\/index.php\/wp-json\/wp\/v2\/product_cat?post=197"},{"taxonomy":"product_tag","embeddable":true,"href":"https:\/\/seubert-fruechte.de\/index.php\/wp-json\/wp\/v2\/product_tag?post=197"}],"curies":[{"name":"wp","href":"https:\/\/api.w.org\/{rel}","templated":true}]}}