{"id":167,"date":"2025-09-01T16:38:47","date_gmt":"2025-09-01T14:38:47","guid":{"rendered":"https:\/\/seubert-fruechte.de\/?post_type=product&#038;p=167"},"modified":"2025-09-02T11:13:57","modified_gmt":"2025-09-02T09:13:57","slug":"blumenkohl-kiste","status":"publish","type":"product","link":"https:\/\/seubert-fruechte.de\/index.php\/produkt\/blumenkohl-kiste\/","title":{"rendered":"Blumenkohl Kiste"},"content":{"rendered":"<p data-start=\"611\" data-end=\"885\">Unser frischer <strong>Blumenkohl<\/strong> besticht durch seine kompakte, schneewei\u00dfe R\u00f6schenstruktur, ein zartes Aroma und vielseitige Einsatzm\u00f6glichkeiten.<\/p>\n<p data-start=\"887\" data-end=\"1134\">Blumenkohl ist eine beliebte Zutat in der modernen und klassischen K\u00fcche \u2013 ob gekocht, gebacken, p\u00fcriert, als Low-Carb-Alternative oder roh im Salat. Besonders gesch\u00e4tzt in Gro\u00dfk\u00fcchen, bei Caterern, im Einzelhandel sowie in der Weiterverarbeitung.<\/p>\n<p data-start=\"112\" data-end=\"290\"><strong data-start=\"585\" data-end=\"600\">Verpackung:<\/strong>\u00a0 6 St\u00fcck je Kiste<\/p>\n<p data-start=\"136\" data-end=\"366\"><strong>Hinweis zur Menge:\u00a0<\/strong><\/p>\n<p data-start=\"136\" data-end=\"366\">Menge 1 entspricht einer Kiste<\/p>\n","protected":false},"excerpt":{"rendered":"<p>Unser frischer Blumenkohl besticht durch seine kompakte, schneewei\u00dfe R\u00f6schenstruktur, ein zartes Aroma und vielseitige Einsatzm\u00f6glichkeiten. Blumenkohl ist eine beliebte Zutat in der modernen und klassischen K\u00fcche \u2013 ob gekocht, gebacken, p\u00fcriert, als Low-Carb-Alternative oder roh im Salat. Besonders gesch\u00e4tzt in Gro\u00dfk\u00fcchen, bei Caterern, im Einzelhandel sowie in der Weiterverarbeitung. Verpackung:\u00a0 6 St\u00fcck je Kiste Hinweis [&hellip;]<\/p>\n","protected":false},"featured_media":196,"comment_status":"closed","ping_status":"closed","template":"","meta":[],"product_brand":[],"product_cat":[18],"product_tag":[],"class_list":{"0":"post-167","1":"product","2":"type-product","3":"status-publish","4":"has-post-thumbnail","6":"product_cat-gemuese","8":"first","9":"instock","10":"shipping-taxable","11":"purchasable","12":"product-type-simple"},"yoast_head":"<!-- This site is optimized with the Yoast SEO plugin v26.1.1 - https:\/\/yoast.com\/wordpress\/plugins\/seo\/ -->\n<title>Blumenkohl Kiste - Seubert Fr\u00fcchte<\/title>\n<meta name=\"robots\" content=\"index, follow, max-snippet:-1, max-image-preview:large, max-video-preview:-1\" \/>\n<link rel=\"canonical\" href=\"https:\/\/seubert-fruechte.de\/index.php\/produkt\/blumenkohl-kiste\/\" \/>\n<meta property=\"og:locale\" content=\"de_DE\" \/>\n<meta property=\"og:type\" content=\"article\" \/>\n<meta property=\"og:title\" content=\"Blumenkohl Kiste - Seubert Fr\u00fcchte\" \/>\n<meta property=\"og:description\" content=\"Unser frischer Blumenkohl besticht durch seine kompakte, schneewei\u00dfe R\u00f6schenstruktur, ein zartes Aroma und vielseitige Einsatzm\u00f6glichkeiten. Blumenkohl ist eine beliebte Zutat in der modernen und klassischen K\u00fcche \u2013 ob gekocht, gebacken, p\u00fcriert, als Low-Carb-Alternative oder roh im Salat. Besonders gesch\u00e4tzt in Gro\u00dfk\u00fcchen, bei Caterern, im Einzelhandel sowie in der Weiterverarbeitung. Verpackung:\u00a0 6 St\u00fcck je Kiste Hinweis [&hellip;]\" \/>\n<meta property=\"og:url\" content=\"https:\/\/seubert-fruechte.de\/index.php\/produkt\/blumenkohl-kiste\/\" \/>\n<meta property=\"og:site_name\" content=\"Seubert Fr\u00fcchte\" \/>\n<meta property=\"article:modified_time\" content=\"2025-09-02T09:13:57+00:00\" \/>\n<meta property=\"og:image\" content=\"https:\/\/seubert-fruechte.de\/wp-content\/uploads\/2025\/09\/cauliflower-7126220_1280.jpg\" \/>\n\t<meta property=\"og:image:width\" content=\"1280\" \/>\n\t<meta property=\"og:image:height\" content=\"1082\" \/>\n\t<meta property=\"og:image:type\" content=\"image\/jpeg\" \/>\n<meta name=\"twitter:card\" content=\"summary_large_image\" \/>\n<meta name=\"twitter:label1\" content=\"Gesch\u00e4tzte Lesezeit\" \/>\n\t<meta name=\"twitter:data1\" content=\"1\u00a0Minute\" \/>\n<script type=\"application\/ld+json\" class=\"yoast-schema-graph\">{\"@context\":\"https:\/\/schema.org\",\"@graph\":[{\"@type\":\"WebPage\",\"@id\":\"https:\/\/seubert-fruechte.de\/index.php\/produkt\/blumenkohl-kiste\/\",\"url\":\"https:\/\/seubert-fruechte.de\/index.php\/produkt\/blumenkohl-kiste\/\",\"name\":\"Blumenkohl Kiste - Seubert Fr\u00fcchte\",\"isPartOf\":{\"@id\":\"https:\/\/seubert-fruechte.de\/#website\"},\"primaryImageOfPage\":{\"@id\":\"https:\/\/seubert-fruechte.de\/index.php\/produkt\/blumenkohl-kiste\/#primaryimage\"},\"image\":{\"@id\":\"https:\/\/seubert-fruechte.de\/index.php\/produkt\/blumenkohl-kiste\/#primaryimage\"},\"thumbnailUrl\":\"https:\/\/seubert-fruechte.de\/wp-content\/uploads\/2025\/09\/cauliflower-7126220_1280.jpg\",\"datePublished\":\"2025-09-01T14:38:47+00:00\",\"dateModified\":\"2025-09-02T09:13:57+00:00\",\"breadcrumb\":{\"@id\":\"https:\/\/seubert-fruechte.de\/index.php\/produkt\/blumenkohl-kiste\/#breadcrumb\"},\"inLanguage\":\"de\",\"potentialAction\":[{\"@type\":\"ReadAction\",\"target\":[\"https:\/\/seubert-fruechte.de\/index.php\/produkt\/blumenkohl-kiste\/\"]}]},{\"@type\":\"ImageObject\",\"inLanguage\":\"de\",\"@id\":\"https:\/\/seubert-fruechte.de\/index.php\/produkt\/blumenkohl-kiste\/#primaryimage\",\"url\":\"https:\/\/seubert-fruechte.de\/wp-content\/uploads\/2025\/09\/cauliflower-7126220_1280.jpg\",\"contentUrl\":\"https:\/\/seubert-fruechte.de\/wp-content\/uploads\/2025\/09\/cauliflower-7126220_1280.jpg\",\"width\":1280,\"height\":1082},{\"@type\":\"BreadcrumbList\",\"@id\":\"https:\/\/seubert-fruechte.de\/index.php\/produkt\/blumenkohl-kiste\/#breadcrumb\",\"itemListElement\":[{\"@type\":\"ListItem\",\"position\":1,\"name\":\"Startseite\",\"item\":\"https:\/\/seubert-fruechte.de\/\"},{\"@type\":\"ListItem\",\"position\":2,\"name\":\"Shop\",\"item\":\"https:\/\/seubert-fruechte.de\/index.php\/shop\/\"},{\"@type\":\"ListItem\",\"position\":3,\"name\":\"Blumenkohl Kiste\"}]},{\"@type\":\"WebSite\",\"@id\":\"https:\/\/seubert-fruechte.de\/#website\",\"url\":\"https:\/\/seubert-fruechte.de\/\",\"name\":\"Seubert Fr\u00fcchte\",\"description\":\"\",\"potentialAction\":[{\"@type\":\"SearchAction\",\"target\":{\"@type\":\"EntryPoint\",\"urlTemplate\":\"https:\/\/seubert-fruechte.de\/?s={search_term_string}\"},\"query-input\":{\"@type\":\"PropertyValueSpecification\",\"valueRequired\":true,\"valueName\":\"search_term_string\"}}],\"inLanguage\":\"de\"}]}<\/script>\n<!-- \/ Yoast SEO plugin. -->","yoast_head_json":{"title":"Blumenkohl Kiste - Seubert Fr\u00fcchte","robots":{"index":"index","follow":"follow","max-snippet":"max-snippet:-1","max-image-preview":"max-image-preview:large","max-video-preview":"max-video-preview:-1"},"canonical":"https:\/\/seubert-fruechte.de\/index.php\/produkt\/blumenkohl-kiste\/","og_locale":"de_DE","og_type":"article","og_title":"Blumenkohl Kiste - Seubert Fr\u00fcchte","og_description":"Unser frischer Blumenkohl besticht durch seine kompakte, schneewei\u00dfe R\u00f6schenstruktur, ein zartes Aroma und vielseitige Einsatzm\u00f6glichkeiten. Blumenkohl ist eine beliebte Zutat in der modernen und klassischen K\u00fcche \u2013 ob gekocht, gebacken, p\u00fcriert, als Low-Carb-Alternative oder roh im Salat. Besonders gesch\u00e4tzt in Gro\u00dfk\u00fcchen, bei Caterern, im Einzelhandel sowie in der Weiterverarbeitung. Verpackung:\u00a0 6 St\u00fcck je Kiste Hinweis [&hellip;]","og_url":"https:\/\/seubert-fruechte.de\/index.php\/produkt\/blumenkohl-kiste\/","og_site_name":"Seubert Fr\u00fcchte","article_modified_time":"2025-09-02T09:13:57+00:00","og_image":[{"width":1280,"height":1082,"url":"https:\/\/seubert-fruechte.de\/wp-content\/uploads\/2025\/09\/cauliflower-7126220_1280.jpg","type":"image\/jpeg"}],"twitter_card":"summary_large_image","twitter_misc":{"Gesch\u00e4tzte Lesezeit":"1\u00a0Minute"},"schema":{"@context":"https:\/\/schema.org","@graph":[{"@type":"WebPage","@id":"https:\/\/seubert-fruechte.de\/index.php\/produkt\/blumenkohl-kiste\/","url":"https:\/\/seubert-fruechte.de\/index.php\/produkt\/blumenkohl-kiste\/","name":"Blumenkohl Kiste - Seubert Fr\u00fcchte","isPartOf":{"@id":"https:\/\/seubert-fruechte.de\/#website"},"primaryImageOfPage":{"@id":"https:\/\/seubert-fruechte.de\/index.php\/produkt\/blumenkohl-kiste\/#primaryimage"},"image":{"@id":"https:\/\/seubert-fruechte.de\/index.php\/produkt\/blumenkohl-kiste\/#primaryimage"},"thumbnailUrl":"https:\/\/seubert-fruechte.de\/wp-content\/uploads\/2025\/09\/cauliflower-7126220_1280.jpg","datePublished":"2025-09-01T14:38:47+00:00","dateModified":"2025-09-02T09:13:57+00:00","breadcrumb":{"@id":"https:\/\/seubert-fruechte.de\/index.php\/produkt\/blumenkohl-kiste\/#breadcrumb"},"inLanguage":"de","potentialAction":[{"@type":"ReadAction","target":["https:\/\/seubert-fruechte.de\/index.php\/produkt\/blumenkohl-kiste\/"]}]},{"@type":"ImageObject","inLanguage":"de","@id":"https:\/\/seubert-fruechte.de\/index.php\/produkt\/blumenkohl-kiste\/#primaryimage","url":"https:\/\/seubert-fruechte.de\/wp-content\/uploads\/2025\/09\/cauliflower-7126220_1280.jpg","contentUrl":"https:\/\/seubert-fruechte.de\/wp-content\/uploads\/2025\/09\/cauliflower-7126220_1280.jpg","width":1280,"height":1082},{"@type":"BreadcrumbList","@id":"https:\/\/seubert-fruechte.de\/index.php\/produkt\/blumenkohl-kiste\/#breadcrumb","itemListElement":[{"@type":"ListItem","position":1,"name":"Startseite","item":"https:\/\/seubert-fruechte.de\/"},{"@type":"ListItem","position":2,"name":"Shop","item":"https:\/\/seubert-fruechte.de\/index.php\/shop\/"},{"@type":"ListItem","position":3,"name":"Blumenkohl Kiste"}]},{"@type":"WebSite","@id":"https:\/\/seubert-fruechte.de\/#website","url":"https:\/\/seubert-fruechte.de\/","name":"Seubert Fr\u00fcchte","description":"","potentialAction":[{"@type":"SearchAction","target":{"@type":"EntryPoint","urlTemplate":"https:\/\/seubert-fruechte.de\/?s={search_term_string}"},"query-input":{"@type":"PropertyValueSpecification","valueRequired":true,"valueName":"search_term_string"}}],"inLanguage":"de"}]}},"_links":{"self":[{"href":"https:\/\/seubert-fruechte.de\/index.php\/wp-json\/wp\/v2\/product\/167","targetHints":{"allow":["GET"]}}],"collection":[{"href":"https:\/\/seubert-fruechte.de\/index.php\/wp-json\/wp\/v2\/product"}],"about":[{"href":"https:\/\/seubert-fruechte.de\/index.php\/wp-json\/wp\/v2\/types\/product"}],"replies":[{"embeddable":true,"href":"https:\/\/seubert-fruechte.de\/index.php\/wp-json\/wp\/v2\/comments?post=167"}],"wp:featuredmedia":[{"embeddable":true,"href":"https:\/\/seubert-fruechte.de\/index.php\/wp-json\/wp\/v2\/media\/196"}],"wp:attachment":[{"href":"https:\/\/seubert-fruechte.de\/index.php\/wp-json\/wp\/v2\/media?parent=167"}],"wp:term":[{"taxonomy":"product_brand","embeddable":true,"href":"https:\/\/seubert-fruechte.de\/index.php\/wp-json\/wp\/v2\/product_brand?post=167"},{"taxonomy":"product_cat","embeddable":true,"href":"https:\/\/seubert-fruechte.de\/index.php\/wp-json\/wp\/v2\/product_cat?post=167"},{"taxonomy":"product_tag","embeddable":true,"href":"https:\/\/seubert-fruechte.de\/index.php\/wp-json\/wp\/v2\/product_tag?post=167"}],"curies":[{"name":"wp","href":"https:\/\/api.w.org\/{rel}","templated":true}]}}