{"id":155,"date":"2025-08-31T17:17:58","date_gmt":"2025-08-31T15:17:58","guid":{"rendered":"https:\/\/seubert-fruechte.de\/?post_type=product&#038;p=155"},"modified":"2025-09-04T16:14:06","modified_gmt":"2025-09-04T14:14:06","slug":"zitronen","status":"publish","type":"product","link":"https:\/\/seubert-fruechte.de\/index.php\/produkt\/zitronen\/","title":{"rendered":"Zitronen"},"content":{"rendered":"<p data-start=\"136\" data-end=\"366\">Unsere <strong data-start=\"566\" data-end=\"587\">frischen Zitronen<\/strong> \u00fcberzeugen durch ihre leuchtend gelbe Schale, den hohen Saftgehalt und ihr intensives Aroma. Ob konventionell oder unbehandelt \u2013 Zitronen sind ein unverzichtbares Produkt f\u00fcr Gastronomie, Handel und Verarbeitung. Sie eignen sich hervorragend zum W\u00fcrzen, Verfeinern, Garnieren oder zur Herstellung von S\u00e4ften, Desserts und Dressings.<\/p>\n<p data-start=\"136\" data-end=\"366\"><strong>Hinweis zur Menge:\u00a0<\/strong><\/p>\n<p data-start=\"136\" data-end=\"366\">Menge 1 entspricht einem St\u00fcck<\/p>\n","protected":false},"excerpt":{"rendered":"<p>Unsere frischen Zitronen \u00fcberzeugen durch ihre leuchtend gelbe Schale, den hohen Saftgehalt und ihr intensives Aroma. Ob konventionell oder unbehandelt \u2013 Zitronen sind ein unverzichtbares Produkt f\u00fcr Gastronomie, Handel und Verarbeitung. Sie eignen sich hervorragend zum W\u00fcrzen, Verfeinern, Garnieren oder zur Herstellung von S\u00e4ften, Desserts und Dressings. Hinweis zur Menge:\u00a0 Menge 1 entspricht einem St\u00fcck<\/p>\n","protected":false},"featured_media":156,"comment_status":"closed","ping_status":"closed","template":"","meta":[],"product_brand":[],"product_cat":[19],"product_tag":[],"class_list":{"0":"post-155","1":"product","2":"type-product","3":"status-publish","4":"has-post-thumbnail","6":"product_cat-obst","8":"first","9":"instock","10":"shipping-taxable","11":"purchasable","12":"product-type-simple"},"yoast_head":"<!-- This site is optimized with the Yoast SEO plugin v26.1.1 - https:\/\/yoast.com\/wordpress\/plugins\/seo\/ -->\n<title>Zitronen - Seubert Fr\u00fcchte<\/title>\n<meta name=\"robots\" content=\"index, follow, max-snippet:-1, max-image-preview:large, max-video-preview:-1\" \/>\n<link rel=\"canonical\" href=\"https:\/\/seubert-fruechte.de\/index.php\/produkt\/zitronen\/\" \/>\n<meta property=\"og:locale\" content=\"de_DE\" \/>\n<meta property=\"og:type\" content=\"article\" \/>\n<meta property=\"og:title\" content=\"Zitronen - Seubert Fr\u00fcchte\" \/>\n<meta property=\"og:description\" content=\"Unsere frischen Zitronen \u00fcberzeugen durch ihre leuchtend gelbe Schale, den hohen Saftgehalt und ihr intensives Aroma. Ob konventionell oder unbehandelt \u2013 Zitronen sind ein unverzichtbares Produkt f\u00fcr Gastronomie, Handel und Verarbeitung. Sie eignen sich hervorragend zum W\u00fcrzen, Verfeinern, Garnieren oder zur Herstellung von S\u00e4ften, Desserts und Dressings. Hinweis zur Menge:\u00a0 Menge 1 entspricht einem St\u00fcck\" \/>\n<meta property=\"og:url\" content=\"https:\/\/seubert-fruechte.de\/index.php\/produkt\/zitronen\/\" \/>\n<meta property=\"og:site_name\" content=\"Seubert Fr\u00fcchte\" \/>\n<meta property=\"article:modified_time\" content=\"2025-09-04T14:14:06+00:00\" \/>\n<meta property=\"og:image\" content=\"https:\/\/seubert-fruechte.de\/wp-content\/uploads\/2025\/08\/Zitrone.jpg\" \/>\n\t<meta property=\"og:image:width\" content=\"1280\" \/>\n\t<meta property=\"og:image:height\" content=\"853\" \/>\n\t<meta property=\"og:image:type\" content=\"image\/jpeg\" \/>\n<meta name=\"twitter:card\" content=\"summary_large_image\" \/>\n<meta name=\"twitter:label1\" content=\"Gesch\u00e4tzte Lesezeit\" \/>\n\t<meta name=\"twitter:data1\" content=\"1\u00a0Minute\" \/>\n<script type=\"application\/ld+json\" class=\"yoast-schema-graph\">{\"@context\":\"https:\/\/schema.org\",\"@graph\":[{\"@type\":\"WebPage\",\"@id\":\"https:\/\/seubert-fruechte.de\/index.php\/produkt\/zitronen\/\",\"url\":\"https:\/\/seubert-fruechte.de\/index.php\/produkt\/zitronen\/\",\"name\":\"Zitronen - Seubert Fr\u00fcchte\",\"isPartOf\":{\"@id\":\"https:\/\/seubert-fruechte.de\/#website\"},\"primaryImageOfPage\":{\"@id\":\"https:\/\/seubert-fruechte.de\/index.php\/produkt\/zitronen\/#primaryimage\"},\"image\":{\"@id\":\"https:\/\/seubert-fruechte.de\/index.php\/produkt\/zitronen\/#primaryimage\"},\"thumbnailUrl\":\"https:\/\/seubert-fruechte.de\/wp-content\/uploads\/2025\/08\/Zitrone.jpg\",\"datePublished\":\"2025-08-31T15:17:58+00:00\",\"dateModified\":\"2025-09-04T14:14:06+00:00\",\"breadcrumb\":{\"@id\":\"https:\/\/seubert-fruechte.de\/index.php\/produkt\/zitronen\/#breadcrumb\"},\"inLanguage\":\"de\",\"potentialAction\":[{\"@type\":\"ReadAction\",\"target\":[\"https:\/\/seubert-fruechte.de\/index.php\/produkt\/zitronen\/\"]}]},{\"@type\":\"ImageObject\",\"inLanguage\":\"de\",\"@id\":\"https:\/\/seubert-fruechte.de\/index.php\/produkt\/zitronen\/#primaryimage\",\"url\":\"https:\/\/seubert-fruechte.de\/wp-content\/uploads\/2025\/08\/Zitrone.jpg\",\"contentUrl\":\"https:\/\/seubert-fruechte.de\/wp-content\/uploads\/2025\/08\/Zitrone.jpg\",\"width\":1280,\"height\":853},{\"@type\":\"BreadcrumbList\",\"@id\":\"https:\/\/seubert-fruechte.de\/index.php\/produkt\/zitronen\/#breadcrumb\",\"itemListElement\":[{\"@type\":\"ListItem\",\"position\":1,\"name\":\"Startseite\",\"item\":\"https:\/\/seubert-fruechte.de\/\"},{\"@type\":\"ListItem\",\"position\":2,\"name\":\"Shop\",\"item\":\"https:\/\/seubert-fruechte.de\/index.php\/shop\/\"},{\"@type\":\"ListItem\",\"position\":3,\"name\":\"Zitronen\"}]},{\"@type\":\"WebSite\",\"@id\":\"https:\/\/seubert-fruechte.de\/#website\",\"url\":\"https:\/\/seubert-fruechte.de\/\",\"name\":\"Seubert Fr\u00fcchte\",\"description\":\"\",\"potentialAction\":[{\"@type\":\"SearchAction\",\"target\":{\"@type\":\"EntryPoint\",\"urlTemplate\":\"https:\/\/seubert-fruechte.de\/?s={search_term_string}\"},\"query-input\":{\"@type\":\"PropertyValueSpecification\",\"valueRequired\":true,\"valueName\":\"search_term_string\"}}],\"inLanguage\":\"de\"}]}<\/script>\n<!-- \/ Yoast SEO plugin. -->","yoast_head_json":{"title":"Zitronen - Seubert Fr\u00fcchte","robots":{"index":"index","follow":"follow","max-snippet":"max-snippet:-1","max-image-preview":"max-image-preview:large","max-video-preview":"max-video-preview:-1"},"canonical":"https:\/\/seubert-fruechte.de\/index.php\/produkt\/zitronen\/","og_locale":"de_DE","og_type":"article","og_title":"Zitronen - Seubert Fr\u00fcchte","og_description":"Unsere frischen Zitronen \u00fcberzeugen durch ihre leuchtend gelbe Schale, den hohen Saftgehalt und ihr intensives Aroma. Ob konventionell oder unbehandelt \u2013 Zitronen sind ein unverzichtbares Produkt f\u00fcr Gastronomie, Handel und Verarbeitung. Sie eignen sich hervorragend zum W\u00fcrzen, Verfeinern, Garnieren oder zur Herstellung von S\u00e4ften, Desserts und Dressings. Hinweis zur Menge:\u00a0 Menge 1 entspricht einem St\u00fcck","og_url":"https:\/\/seubert-fruechte.de\/index.php\/produkt\/zitronen\/","og_site_name":"Seubert Fr\u00fcchte","article_modified_time":"2025-09-04T14:14:06+00:00","og_image":[{"width":1280,"height":853,"url":"https:\/\/seubert-fruechte.de\/wp-content\/uploads\/2025\/08\/Zitrone.jpg","type":"image\/jpeg"}],"twitter_card":"summary_large_image","twitter_misc":{"Gesch\u00e4tzte Lesezeit":"1\u00a0Minute"},"schema":{"@context":"https:\/\/schema.org","@graph":[{"@type":"WebPage","@id":"https:\/\/seubert-fruechte.de\/index.php\/produkt\/zitronen\/","url":"https:\/\/seubert-fruechte.de\/index.php\/produkt\/zitronen\/","name":"Zitronen - Seubert Fr\u00fcchte","isPartOf":{"@id":"https:\/\/seubert-fruechte.de\/#website"},"primaryImageOfPage":{"@id":"https:\/\/seubert-fruechte.de\/index.php\/produkt\/zitronen\/#primaryimage"},"image":{"@id":"https:\/\/seubert-fruechte.de\/index.php\/produkt\/zitronen\/#primaryimage"},"thumbnailUrl":"https:\/\/seubert-fruechte.de\/wp-content\/uploads\/2025\/08\/Zitrone.jpg","datePublished":"2025-08-31T15:17:58+00:00","dateModified":"2025-09-04T14:14:06+00:00","breadcrumb":{"@id":"https:\/\/seubert-fruechte.de\/index.php\/produkt\/zitronen\/#breadcrumb"},"inLanguage":"de","potentialAction":[{"@type":"ReadAction","target":["https:\/\/seubert-fruechte.de\/index.php\/produkt\/zitronen\/"]}]},{"@type":"ImageObject","inLanguage":"de","@id":"https:\/\/seubert-fruechte.de\/index.php\/produkt\/zitronen\/#primaryimage","url":"https:\/\/seubert-fruechte.de\/wp-content\/uploads\/2025\/08\/Zitrone.jpg","contentUrl":"https:\/\/seubert-fruechte.de\/wp-content\/uploads\/2025\/08\/Zitrone.jpg","width":1280,"height":853},{"@type":"BreadcrumbList","@id":"https:\/\/seubert-fruechte.de\/index.php\/produkt\/zitronen\/#breadcrumb","itemListElement":[{"@type":"ListItem","position":1,"name":"Startseite","item":"https:\/\/seubert-fruechte.de\/"},{"@type":"ListItem","position":2,"name":"Shop","item":"https:\/\/seubert-fruechte.de\/index.php\/shop\/"},{"@type":"ListItem","position":3,"name":"Zitronen"}]},{"@type":"WebSite","@id":"https:\/\/seubert-fruechte.de\/#website","url":"https:\/\/seubert-fruechte.de\/","name":"Seubert Fr\u00fcchte","description":"","potentialAction":[{"@type":"SearchAction","target":{"@type":"EntryPoint","urlTemplate":"https:\/\/seubert-fruechte.de\/?s={search_term_string}"},"query-input":{"@type":"PropertyValueSpecification","valueRequired":true,"valueName":"search_term_string"}}],"inLanguage":"de"}]}},"_links":{"self":[{"href":"https:\/\/seubert-fruechte.de\/index.php\/wp-json\/wp\/v2\/product\/155","targetHints":{"allow":["GET"]}}],"collection":[{"href":"https:\/\/seubert-fruechte.de\/index.php\/wp-json\/wp\/v2\/product"}],"about":[{"href":"https:\/\/seubert-fruechte.de\/index.php\/wp-json\/wp\/v2\/types\/product"}],"replies":[{"embeddable":true,"href":"https:\/\/seubert-fruechte.de\/index.php\/wp-json\/wp\/v2\/comments?post=155"}],"wp:featuredmedia":[{"embeddable":true,"href":"https:\/\/seubert-fruechte.de\/index.php\/wp-json\/wp\/v2\/media\/156"}],"wp:attachment":[{"href":"https:\/\/seubert-fruechte.de\/index.php\/wp-json\/wp\/v2\/media?parent=155"}],"wp:term":[{"taxonomy":"product_brand","embeddable":true,"href":"https:\/\/seubert-fruechte.de\/index.php\/wp-json\/wp\/v2\/product_brand?post=155"},{"taxonomy":"product_cat","embeddable":true,"href":"https:\/\/seubert-fruechte.de\/index.php\/wp-json\/wp\/v2\/product_cat?post=155"},{"taxonomy":"product_tag","embeddable":true,"href":"https:\/\/seubert-fruechte.de\/index.php\/wp-json\/wp\/v2\/product_tag?post=155"}],"curies":[{"name":"wp","href":"https:\/\/api.w.org\/{rel}","templated":true}]}}