{"id":147,"date":"2025-08-31T16:58:09","date_gmt":"2025-08-31T14:58:09","guid":{"rendered":"https:\/\/seubert-fruechte.de\/?post_type=product&#038;p=147"},"modified":"2025-09-04T16:15:32","modified_gmt":"2025-09-04T14:15:32","slug":"sternfrucht","status":"publish","type":"product","link":"https:\/\/seubert-fruechte.de\/index.php\/produkt\/sternfrucht\/","title":{"rendered":"Sternfrucht"},"content":{"rendered":"<p data-start=\"136\" data-end=\"366\">Die <strong data-start=\"547\" data-end=\"562\">Sternfrucht<\/strong>, auch bekannt als <strong data-start=\"581\" data-end=\"594\">Karambole<\/strong>, ist eine exotische Frucht mit hohem Wiedererkennungswert. In Scheiben geschnitten zeigt sie ihre charakteristische sternf\u00f6rmige Form \u2013 ein echter Blickfang auf jedem Teller! Sie besitzt ein leicht s\u00fc\u00df-s\u00e4uerliches Aroma, eine d\u00fcnne essbare Schale und ist reich an Vitamin C. Ideal f\u00fcr den Frischeverkauf, als Dekoration oder f\u00fcr exotische Gerichte in Gastronomie und Hotellerie.<\/p>\n<p data-start=\"136\" data-end=\"366\"><strong>Hinweis zur Menge:\u00a0<\/strong><\/p>\n<p data-start=\"136\" data-end=\"366\">Menge 1 entspricht einem St\u00fcck<\/p>\n","protected":false},"excerpt":{"rendered":"<p>Die Sternfrucht, auch bekannt als Karambole, ist eine exotische Frucht mit hohem Wiedererkennungswert. In Scheiben geschnitten zeigt sie ihre charakteristische sternf\u00f6rmige Form \u2013 ein echter Blickfang auf jedem Teller! Sie besitzt ein leicht s\u00fc\u00df-s\u00e4uerliches Aroma, eine d\u00fcnne essbare Schale und ist reich an Vitamin C. Ideal f\u00fcr den Frischeverkauf, als Dekoration oder f\u00fcr exotische Gerichte [&hellip;]<\/p>\n","protected":false},"featured_media":148,"comment_status":"closed","ping_status":"closed","template":"","meta":[],"product_brand":[],"product_cat":[19],"product_tag":[],"class_list":{"0":"post-147","1":"product","2":"type-product","3":"status-publish","4":"has-post-thumbnail","6":"product_cat-obst","8":"first","9":"instock","10":"shipping-taxable","11":"purchasable","12":"product-type-simple"},"yoast_head":"<!-- This site is optimized with the Yoast SEO plugin v26.1.1 - https:\/\/yoast.com\/wordpress\/plugins\/seo\/ -->\n<title>Sternfrucht - Seubert Fr\u00fcchte<\/title>\n<meta name=\"robots\" content=\"index, follow, max-snippet:-1, max-image-preview:large, max-video-preview:-1\" \/>\n<link rel=\"canonical\" href=\"https:\/\/seubert-fruechte.de\/index.php\/produkt\/sternfrucht\/\" \/>\n<meta property=\"og:locale\" content=\"de_DE\" \/>\n<meta property=\"og:type\" content=\"article\" \/>\n<meta property=\"og:title\" content=\"Sternfrucht - Seubert Fr\u00fcchte\" \/>\n<meta property=\"og:description\" content=\"Die Sternfrucht, auch bekannt als Karambole, ist eine exotische Frucht mit hohem Wiedererkennungswert. In Scheiben geschnitten zeigt sie ihre charakteristische sternf\u00f6rmige Form \u2013 ein echter Blickfang auf jedem Teller! Sie besitzt ein leicht s\u00fc\u00df-s\u00e4uerliches Aroma, eine d\u00fcnne essbare Schale und ist reich an Vitamin C. Ideal f\u00fcr den Frischeverkauf, als Dekoration oder f\u00fcr exotische Gerichte [&hellip;]\" \/>\n<meta property=\"og:url\" content=\"https:\/\/seubert-fruechte.de\/index.php\/produkt\/sternfrucht\/\" \/>\n<meta property=\"og:site_name\" content=\"Seubert Fr\u00fcchte\" \/>\n<meta property=\"article:modified_time\" content=\"2025-09-04T14:15:32+00:00\" \/>\n<meta property=\"og:image\" content=\"https:\/\/seubert-fruechte.de\/wp-content\/uploads\/2025\/08\/Sternfrucht.jpg\" \/>\n\t<meta property=\"og:image:width\" content=\"1280\" \/>\n\t<meta property=\"og:image:height\" content=\"1112\" \/>\n\t<meta property=\"og:image:type\" content=\"image\/jpeg\" \/>\n<meta name=\"twitter:card\" content=\"summary_large_image\" \/>\n<meta name=\"twitter:label1\" content=\"Gesch\u00e4tzte Lesezeit\" \/>\n\t<meta name=\"twitter:data1\" content=\"1\u00a0Minute\" \/>\n<script type=\"application\/ld+json\" class=\"yoast-schema-graph\">{\"@context\":\"https:\/\/schema.org\",\"@graph\":[{\"@type\":\"WebPage\",\"@id\":\"https:\/\/seubert-fruechte.de\/index.php\/produkt\/sternfrucht\/\",\"url\":\"https:\/\/seubert-fruechte.de\/index.php\/produkt\/sternfrucht\/\",\"name\":\"Sternfrucht - Seubert Fr\u00fcchte\",\"isPartOf\":{\"@id\":\"https:\/\/seubert-fruechte.de\/#website\"},\"primaryImageOfPage\":{\"@id\":\"https:\/\/seubert-fruechte.de\/index.php\/produkt\/sternfrucht\/#primaryimage\"},\"image\":{\"@id\":\"https:\/\/seubert-fruechte.de\/index.php\/produkt\/sternfrucht\/#primaryimage\"},\"thumbnailUrl\":\"https:\/\/seubert-fruechte.de\/wp-content\/uploads\/2025\/08\/Sternfrucht.jpg\",\"datePublished\":\"2025-08-31T14:58:09+00:00\",\"dateModified\":\"2025-09-04T14:15:32+00:00\",\"breadcrumb\":{\"@id\":\"https:\/\/seubert-fruechte.de\/index.php\/produkt\/sternfrucht\/#breadcrumb\"},\"inLanguage\":\"de\",\"potentialAction\":[{\"@type\":\"ReadAction\",\"target\":[\"https:\/\/seubert-fruechte.de\/index.php\/produkt\/sternfrucht\/\"]}]},{\"@type\":\"ImageObject\",\"inLanguage\":\"de\",\"@id\":\"https:\/\/seubert-fruechte.de\/index.php\/produkt\/sternfrucht\/#primaryimage\",\"url\":\"https:\/\/seubert-fruechte.de\/wp-content\/uploads\/2025\/08\/Sternfrucht.jpg\",\"contentUrl\":\"https:\/\/seubert-fruechte.de\/wp-content\/uploads\/2025\/08\/Sternfrucht.jpg\",\"width\":1280,\"height\":1112},{\"@type\":\"BreadcrumbList\",\"@id\":\"https:\/\/seubert-fruechte.de\/index.php\/produkt\/sternfrucht\/#breadcrumb\",\"itemListElement\":[{\"@type\":\"ListItem\",\"position\":1,\"name\":\"Startseite\",\"item\":\"https:\/\/seubert-fruechte.de\/\"},{\"@type\":\"ListItem\",\"position\":2,\"name\":\"Shop\",\"item\":\"https:\/\/seubert-fruechte.de\/index.php\/shop\/\"},{\"@type\":\"ListItem\",\"position\":3,\"name\":\"Sternfrucht\"}]},{\"@type\":\"WebSite\",\"@id\":\"https:\/\/seubert-fruechte.de\/#website\",\"url\":\"https:\/\/seubert-fruechte.de\/\",\"name\":\"Seubert Fr\u00fcchte\",\"description\":\"\",\"potentialAction\":[{\"@type\":\"SearchAction\",\"target\":{\"@type\":\"EntryPoint\",\"urlTemplate\":\"https:\/\/seubert-fruechte.de\/?s={search_term_string}\"},\"query-input\":{\"@type\":\"PropertyValueSpecification\",\"valueRequired\":true,\"valueName\":\"search_term_string\"}}],\"inLanguage\":\"de\"}]}<\/script>\n<!-- \/ Yoast SEO plugin. -->","yoast_head_json":{"title":"Sternfrucht - Seubert Fr\u00fcchte","robots":{"index":"index","follow":"follow","max-snippet":"max-snippet:-1","max-image-preview":"max-image-preview:large","max-video-preview":"max-video-preview:-1"},"canonical":"https:\/\/seubert-fruechte.de\/index.php\/produkt\/sternfrucht\/","og_locale":"de_DE","og_type":"article","og_title":"Sternfrucht - Seubert Fr\u00fcchte","og_description":"Die Sternfrucht, auch bekannt als Karambole, ist eine exotische Frucht mit hohem Wiedererkennungswert. In Scheiben geschnitten zeigt sie ihre charakteristische sternf\u00f6rmige Form \u2013 ein echter Blickfang auf jedem Teller! Sie besitzt ein leicht s\u00fc\u00df-s\u00e4uerliches Aroma, eine d\u00fcnne essbare Schale und ist reich an Vitamin C. Ideal f\u00fcr den Frischeverkauf, als Dekoration oder f\u00fcr exotische Gerichte [&hellip;]","og_url":"https:\/\/seubert-fruechte.de\/index.php\/produkt\/sternfrucht\/","og_site_name":"Seubert Fr\u00fcchte","article_modified_time":"2025-09-04T14:15:32+00:00","og_image":[{"width":1280,"height":1112,"url":"https:\/\/seubert-fruechte.de\/wp-content\/uploads\/2025\/08\/Sternfrucht.jpg","type":"image\/jpeg"}],"twitter_card":"summary_large_image","twitter_misc":{"Gesch\u00e4tzte Lesezeit":"1\u00a0Minute"},"schema":{"@context":"https:\/\/schema.org","@graph":[{"@type":"WebPage","@id":"https:\/\/seubert-fruechte.de\/index.php\/produkt\/sternfrucht\/","url":"https:\/\/seubert-fruechte.de\/index.php\/produkt\/sternfrucht\/","name":"Sternfrucht - Seubert Fr\u00fcchte","isPartOf":{"@id":"https:\/\/seubert-fruechte.de\/#website"},"primaryImageOfPage":{"@id":"https:\/\/seubert-fruechte.de\/index.php\/produkt\/sternfrucht\/#primaryimage"},"image":{"@id":"https:\/\/seubert-fruechte.de\/index.php\/produkt\/sternfrucht\/#primaryimage"},"thumbnailUrl":"https:\/\/seubert-fruechte.de\/wp-content\/uploads\/2025\/08\/Sternfrucht.jpg","datePublished":"2025-08-31T14:58:09+00:00","dateModified":"2025-09-04T14:15:32+00:00","breadcrumb":{"@id":"https:\/\/seubert-fruechte.de\/index.php\/produkt\/sternfrucht\/#breadcrumb"},"inLanguage":"de","potentialAction":[{"@type":"ReadAction","target":["https:\/\/seubert-fruechte.de\/index.php\/produkt\/sternfrucht\/"]}]},{"@type":"ImageObject","inLanguage":"de","@id":"https:\/\/seubert-fruechte.de\/index.php\/produkt\/sternfrucht\/#primaryimage","url":"https:\/\/seubert-fruechte.de\/wp-content\/uploads\/2025\/08\/Sternfrucht.jpg","contentUrl":"https:\/\/seubert-fruechte.de\/wp-content\/uploads\/2025\/08\/Sternfrucht.jpg","width":1280,"height":1112},{"@type":"BreadcrumbList","@id":"https:\/\/seubert-fruechte.de\/index.php\/produkt\/sternfrucht\/#breadcrumb","itemListElement":[{"@type":"ListItem","position":1,"name":"Startseite","item":"https:\/\/seubert-fruechte.de\/"},{"@type":"ListItem","position":2,"name":"Shop","item":"https:\/\/seubert-fruechte.de\/index.php\/shop\/"},{"@type":"ListItem","position":3,"name":"Sternfrucht"}]},{"@type":"WebSite","@id":"https:\/\/seubert-fruechte.de\/#website","url":"https:\/\/seubert-fruechte.de\/","name":"Seubert Fr\u00fcchte","description":"","potentialAction":[{"@type":"SearchAction","target":{"@type":"EntryPoint","urlTemplate":"https:\/\/seubert-fruechte.de\/?s={search_term_string}"},"query-input":{"@type":"PropertyValueSpecification","valueRequired":true,"valueName":"search_term_string"}}],"inLanguage":"de"}]}},"_links":{"self":[{"href":"https:\/\/seubert-fruechte.de\/index.php\/wp-json\/wp\/v2\/product\/147","targetHints":{"allow":["GET"]}}],"collection":[{"href":"https:\/\/seubert-fruechte.de\/index.php\/wp-json\/wp\/v2\/product"}],"about":[{"href":"https:\/\/seubert-fruechte.de\/index.php\/wp-json\/wp\/v2\/types\/product"}],"replies":[{"embeddable":true,"href":"https:\/\/seubert-fruechte.de\/index.php\/wp-json\/wp\/v2\/comments?post=147"}],"wp:featuredmedia":[{"embeddable":true,"href":"https:\/\/seubert-fruechte.de\/index.php\/wp-json\/wp\/v2\/media\/148"}],"wp:attachment":[{"href":"https:\/\/seubert-fruechte.de\/index.php\/wp-json\/wp\/v2\/media?parent=147"}],"wp:term":[{"taxonomy":"product_brand","embeddable":true,"href":"https:\/\/seubert-fruechte.de\/index.php\/wp-json\/wp\/v2\/product_brand?post=147"},{"taxonomy":"product_cat","embeddable":true,"href":"https:\/\/seubert-fruechte.de\/index.php\/wp-json\/wp\/v2\/product_cat?post=147"},{"taxonomy":"product_tag","embeddable":true,"href":"https:\/\/seubert-fruechte.de\/index.php\/wp-json\/wp\/v2\/product_tag?post=147"}],"curies":[{"name":"wp","href":"https:\/\/api.w.org\/{rel}","templated":true}]}}