{"id":146,"date":"2025-08-31T16:49:33","date_gmt":"2025-08-31T14:49:33","guid":{"rendered":"https:\/\/seubert-fruechte.de\/?post_type=product&#038;p=146"},"modified":"2025-09-04T16:15:54","modified_gmt":"2025-09-04T14:15:54","slug":"pflaumen-kg","status":"publish","type":"product","link":"https:\/\/seubert-fruechte.de\/index.php\/produkt\/pflaumen-kg\/","title":{"rendered":"Pflaumen kg"},"content":{"rendered":"<p data-start=\"136\" data-end=\"366\">Unsere <strong data-start=\"573\" data-end=\"594\">frischen Pflaumen<\/strong> zeichnen sich durch ihr saftiges Fruchtfleisch, das feine Aroma und ihre nat\u00fcrliche S\u00fc\u00dfe mit leicht s\u00e4uerlicher Note aus. Ob rund oder oval, dunkelviolett oder r\u00f6tlich \u2013 wir bieten eine Auswahl hochwertiger Sorten, ideal f\u00fcr den Frischverzehr, den Handel und die Weiterverarbeitung in der Gastronomie.<\/p>\n<p data-start=\"136\" data-end=\"366\"><strong>Hinweis zur Menge:\u00a0<\/strong><\/p>\n<p data-start=\"136\" data-end=\"366\">Menge 1 entspricht einem Kilogramm<\/p>\n","protected":false},"excerpt":{"rendered":"<p>Unsere frischen Pflaumen zeichnen sich durch ihr saftiges Fruchtfleisch, das feine Aroma und ihre nat\u00fcrliche S\u00fc\u00dfe mit leicht s\u00e4uerlicher Note aus. Ob rund oder oval, dunkelviolett oder r\u00f6tlich \u2013 wir bieten eine Auswahl hochwertiger Sorten, ideal f\u00fcr den Frischverzehr, den Handel und die Weiterverarbeitung in der Gastronomie. Hinweis zur Menge:\u00a0 Menge 1 entspricht einem Kilogramm<\/p>\n","protected":false},"featured_media":144,"comment_status":"closed","ping_status":"closed","template":"","meta":[],"product_brand":[],"product_cat":[19],"product_tag":[],"class_list":{"0":"post-146","1":"product","2":"type-product","3":"status-publish","4":"has-post-thumbnail","6":"product_cat-obst","8":"first","9":"instock","10":"shipping-taxable","11":"purchasable","12":"product-type-simple"},"yoast_head":"<!-- This site is optimized with the Yoast SEO plugin v26.1.1 - https:\/\/yoast.com\/wordpress\/plugins\/seo\/ -->\n<title>Pflaumen kg - Seubert Fr\u00fcchte<\/title>\n<meta name=\"robots\" content=\"index, follow, max-snippet:-1, max-image-preview:large, max-video-preview:-1\" \/>\n<link rel=\"canonical\" href=\"https:\/\/seubert-fruechte.de\/index.php\/produkt\/pflaumen-kg\/\" \/>\n<meta property=\"og:locale\" content=\"de_DE\" \/>\n<meta property=\"og:type\" content=\"article\" \/>\n<meta property=\"og:title\" content=\"Pflaumen kg - Seubert Fr\u00fcchte\" \/>\n<meta property=\"og:description\" content=\"Unsere frischen Pflaumen zeichnen sich durch ihr saftiges Fruchtfleisch, das feine Aroma und ihre nat\u00fcrliche S\u00fc\u00dfe mit leicht s\u00e4uerlicher Note aus. Ob rund oder oval, dunkelviolett oder r\u00f6tlich \u2013 wir bieten eine Auswahl hochwertiger Sorten, ideal f\u00fcr den Frischverzehr, den Handel und die Weiterverarbeitung in der Gastronomie. Hinweis zur Menge:\u00a0 Menge 1 entspricht einem Kilogramm\" \/>\n<meta property=\"og:url\" content=\"https:\/\/seubert-fruechte.de\/index.php\/produkt\/pflaumen-kg\/\" \/>\n<meta property=\"og:site_name\" content=\"Seubert Fr\u00fcchte\" \/>\n<meta property=\"article:modified_time\" content=\"2025-09-04T14:15:54+00:00\" \/>\n<meta property=\"og:image\" content=\"https:\/\/seubert-fruechte.de\/wp-content\/uploads\/2025\/08\/Pflaumen.jpg\" \/>\n\t<meta property=\"og:image:width\" content=\"1280\" \/>\n\t<meta property=\"og:image:height\" content=\"852\" \/>\n\t<meta property=\"og:image:type\" content=\"image\/jpeg\" \/>\n<meta name=\"twitter:card\" content=\"summary_large_image\" \/>\n<meta name=\"twitter:label1\" content=\"Gesch\u00e4tzte Lesezeit\" \/>\n\t<meta name=\"twitter:data1\" content=\"1\u00a0Minute\" \/>\n<script type=\"application\/ld+json\" class=\"yoast-schema-graph\">{\"@context\":\"https:\/\/schema.org\",\"@graph\":[{\"@type\":\"WebPage\",\"@id\":\"https:\/\/seubert-fruechte.de\/index.php\/produkt\/pflaumen-kg\/\",\"url\":\"https:\/\/seubert-fruechte.de\/index.php\/produkt\/pflaumen-kg\/\",\"name\":\"Pflaumen kg - Seubert Fr\u00fcchte\",\"isPartOf\":{\"@id\":\"https:\/\/seubert-fruechte.de\/#website\"},\"primaryImageOfPage\":{\"@id\":\"https:\/\/seubert-fruechte.de\/index.php\/produkt\/pflaumen-kg\/#primaryimage\"},\"image\":{\"@id\":\"https:\/\/seubert-fruechte.de\/index.php\/produkt\/pflaumen-kg\/#primaryimage\"},\"thumbnailUrl\":\"https:\/\/seubert-fruechte.de\/wp-content\/uploads\/2025\/08\/Pflaumen.jpg\",\"datePublished\":\"2025-08-31T14:49:33+00:00\",\"dateModified\":\"2025-09-04T14:15:54+00:00\",\"breadcrumb\":{\"@id\":\"https:\/\/seubert-fruechte.de\/index.php\/produkt\/pflaumen-kg\/#breadcrumb\"},\"inLanguage\":\"de\",\"potentialAction\":[{\"@type\":\"ReadAction\",\"target\":[\"https:\/\/seubert-fruechte.de\/index.php\/produkt\/pflaumen-kg\/\"]}]},{\"@type\":\"ImageObject\",\"inLanguage\":\"de\",\"@id\":\"https:\/\/seubert-fruechte.de\/index.php\/produkt\/pflaumen-kg\/#primaryimage\",\"url\":\"https:\/\/seubert-fruechte.de\/wp-content\/uploads\/2025\/08\/Pflaumen.jpg\",\"contentUrl\":\"https:\/\/seubert-fruechte.de\/wp-content\/uploads\/2025\/08\/Pflaumen.jpg\",\"width\":1280,\"height\":852},{\"@type\":\"BreadcrumbList\",\"@id\":\"https:\/\/seubert-fruechte.de\/index.php\/produkt\/pflaumen-kg\/#breadcrumb\",\"itemListElement\":[{\"@type\":\"ListItem\",\"position\":1,\"name\":\"Startseite\",\"item\":\"https:\/\/seubert-fruechte.de\/\"},{\"@type\":\"ListItem\",\"position\":2,\"name\":\"Shop\",\"item\":\"https:\/\/seubert-fruechte.de\/index.php\/shop\/\"},{\"@type\":\"ListItem\",\"position\":3,\"name\":\"Pflaumen kg\"}]},{\"@type\":\"WebSite\",\"@id\":\"https:\/\/seubert-fruechte.de\/#website\",\"url\":\"https:\/\/seubert-fruechte.de\/\",\"name\":\"Seubert Fr\u00fcchte\",\"description\":\"\",\"potentialAction\":[{\"@type\":\"SearchAction\",\"target\":{\"@type\":\"EntryPoint\",\"urlTemplate\":\"https:\/\/seubert-fruechte.de\/?s={search_term_string}\"},\"query-input\":{\"@type\":\"PropertyValueSpecification\",\"valueRequired\":true,\"valueName\":\"search_term_string\"}}],\"inLanguage\":\"de\"}]}<\/script>\n<!-- \/ Yoast SEO plugin. -->","yoast_head_json":{"title":"Pflaumen kg - Seubert Fr\u00fcchte","robots":{"index":"index","follow":"follow","max-snippet":"max-snippet:-1","max-image-preview":"max-image-preview:large","max-video-preview":"max-video-preview:-1"},"canonical":"https:\/\/seubert-fruechte.de\/index.php\/produkt\/pflaumen-kg\/","og_locale":"de_DE","og_type":"article","og_title":"Pflaumen kg - Seubert Fr\u00fcchte","og_description":"Unsere frischen Pflaumen zeichnen sich durch ihr saftiges Fruchtfleisch, das feine Aroma und ihre nat\u00fcrliche S\u00fc\u00dfe mit leicht s\u00e4uerlicher Note aus. Ob rund oder oval, dunkelviolett oder r\u00f6tlich \u2013 wir bieten eine Auswahl hochwertiger Sorten, ideal f\u00fcr den Frischverzehr, den Handel und die Weiterverarbeitung in der Gastronomie. Hinweis zur Menge:\u00a0 Menge 1 entspricht einem Kilogramm","og_url":"https:\/\/seubert-fruechte.de\/index.php\/produkt\/pflaumen-kg\/","og_site_name":"Seubert Fr\u00fcchte","article_modified_time":"2025-09-04T14:15:54+00:00","og_image":[{"width":1280,"height":852,"url":"https:\/\/seubert-fruechte.de\/wp-content\/uploads\/2025\/08\/Pflaumen.jpg","type":"image\/jpeg"}],"twitter_card":"summary_large_image","twitter_misc":{"Gesch\u00e4tzte Lesezeit":"1\u00a0Minute"},"schema":{"@context":"https:\/\/schema.org","@graph":[{"@type":"WebPage","@id":"https:\/\/seubert-fruechte.de\/index.php\/produkt\/pflaumen-kg\/","url":"https:\/\/seubert-fruechte.de\/index.php\/produkt\/pflaumen-kg\/","name":"Pflaumen kg - Seubert Fr\u00fcchte","isPartOf":{"@id":"https:\/\/seubert-fruechte.de\/#website"},"primaryImageOfPage":{"@id":"https:\/\/seubert-fruechte.de\/index.php\/produkt\/pflaumen-kg\/#primaryimage"},"image":{"@id":"https:\/\/seubert-fruechte.de\/index.php\/produkt\/pflaumen-kg\/#primaryimage"},"thumbnailUrl":"https:\/\/seubert-fruechte.de\/wp-content\/uploads\/2025\/08\/Pflaumen.jpg","datePublished":"2025-08-31T14:49:33+00:00","dateModified":"2025-09-04T14:15:54+00:00","breadcrumb":{"@id":"https:\/\/seubert-fruechte.de\/index.php\/produkt\/pflaumen-kg\/#breadcrumb"},"inLanguage":"de","potentialAction":[{"@type":"ReadAction","target":["https:\/\/seubert-fruechte.de\/index.php\/produkt\/pflaumen-kg\/"]}]},{"@type":"ImageObject","inLanguage":"de","@id":"https:\/\/seubert-fruechte.de\/index.php\/produkt\/pflaumen-kg\/#primaryimage","url":"https:\/\/seubert-fruechte.de\/wp-content\/uploads\/2025\/08\/Pflaumen.jpg","contentUrl":"https:\/\/seubert-fruechte.de\/wp-content\/uploads\/2025\/08\/Pflaumen.jpg","width":1280,"height":852},{"@type":"BreadcrumbList","@id":"https:\/\/seubert-fruechte.de\/index.php\/produkt\/pflaumen-kg\/#breadcrumb","itemListElement":[{"@type":"ListItem","position":1,"name":"Startseite","item":"https:\/\/seubert-fruechte.de\/"},{"@type":"ListItem","position":2,"name":"Shop","item":"https:\/\/seubert-fruechte.de\/index.php\/shop\/"},{"@type":"ListItem","position":3,"name":"Pflaumen kg"}]},{"@type":"WebSite","@id":"https:\/\/seubert-fruechte.de\/#website","url":"https:\/\/seubert-fruechte.de\/","name":"Seubert Fr\u00fcchte","description":"","potentialAction":[{"@type":"SearchAction","target":{"@type":"EntryPoint","urlTemplate":"https:\/\/seubert-fruechte.de\/?s={search_term_string}"},"query-input":{"@type":"PropertyValueSpecification","valueRequired":true,"valueName":"search_term_string"}}],"inLanguage":"de"}]}},"_links":{"self":[{"href":"https:\/\/seubert-fruechte.de\/index.php\/wp-json\/wp\/v2\/product\/146","targetHints":{"allow":["GET"]}}],"collection":[{"href":"https:\/\/seubert-fruechte.de\/index.php\/wp-json\/wp\/v2\/product"}],"about":[{"href":"https:\/\/seubert-fruechte.de\/index.php\/wp-json\/wp\/v2\/types\/product"}],"replies":[{"embeddable":true,"href":"https:\/\/seubert-fruechte.de\/index.php\/wp-json\/wp\/v2\/comments?post=146"}],"wp:featuredmedia":[{"embeddable":true,"href":"https:\/\/seubert-fruechte.de\/index.php\/wp-json\/wp\/v2\/media\/144"}],"wp:attachment":[{"href":"https:\/\/seubert-fruechte.de\/index.php\/wp-json\/wp\/v2\/media?parent=146"}],"wp:term":[{"taxonomy":"product_brand","embeddable":true,"href":"https:\/\/seubert-fruechte.de\/index.php\/wp-json\/wp\/v2\/product_brand?post=146"},{"taxonomy":"product_cat","embeddable":true,"href":"https:\/\/seubert-fruechte.de\/index.php\/wp-json\/wp\/v2\/product_cat?post=146"},{"taxonomy":"product_tag","embeddable":true,"href":"https:\/\/seubert-fruechte.de\/index.php\/wp-json\/wp\/v2\/product_tag?post=146"}],"curies":[{"name":"wp","href":"https:\/\/api.w.org\/{rel}","templated":true}]}}